{"id":73131,"date":"2025-07-29T00:09:19","date_gmt":"2025-07-29T00:09:19","guid":{"rendered":"https:\/\/fv6qoy3ls0.wpdns.site\/produto\/lowepro-adventura-bp-150-iii\/"},"modified":"2025-07-29T00:09:19","modified_gmt":"2025-07-29T00:09:19","slug":"lowepro-adventura-bp-150-iii","status":"publish","type":"product","link":"https:\/\/hi-techwonder.com\/es\/producto\/lowepro-adventura-bp-150-iii\/","title":{"rendered":"LOWEPRO Adventura BP 150 III"},"content":{"rendered":"<p><span style=\"font-family: arial, helvetica, sans-serif;\"><strong>MOCHILA Lowepro ADVENTURA BP 150 III<\/strong><\/span><\/p>\n<p><strong>Descripci\u00f3n:<\/strong><\/p>\n<p>Esta mochila para c\u00e1mara est\u00e1 perfectamente dise\u00f1ada para adaptarse a c\u00e1maras sin espejo, como la Fujifilm XT200, Canon M50 MII, EOS R10 o Nikon Z50, con lentes acoplados, as\u00ed como de 2 a 3 lentes peque\u00f1os o un cargador y bater\u00eda. Tambi\u00e9n puedes llevar contigo un dron plegable, como el Mavic Air. Nunca dejes nada de lo que necesites, ya que esta mochila tambi\u00e9n tiene espacio para una tableta de 10&#8243;, el Gorillapod 3K o Befree Advanced y cualquier extra que puedas necesitar, incluidos, entre otros, chaquetas, bocadillos, gafas de sol y botellas de agua.  <\/p>\n<p>BP 150 incluye un 82% de telas recicladas y te\u00f1idas en soluci\u00f3n para reducir el desperdicio de agua y el impacto negativo en el medio ambiente. Este porcentaje se compone de un 59% de telas recicladas, incluidas todas las telas, correas, cinturones, cinta de cierre, cordones y tejidos, y un 23% de telas te\u00f1idas en masa utilizadas para construir cada bolsa. <\/p>\n<p>(Esta puntuaci\u00f3n de la L\u00ednea Verde se mide de acuerdo con GRI 301-2 como un porcentaje de hilo reciclado\/dopado utilizado, en comparaci\u00f3n con el peso total del hilo).<\/p>\n<p>El BP 150 proporciona una protecci\u00f3n robusta para la c\u00e1mara y los objetivos, con un acceso r\u00e1pido al compartimento de la c\u00e1mara y divisores flexibles. El compartimento superior es espacioso para guardar todos tus objetos personales, con un bolsillo acolchado de 10\u00bb, y el espacioso bolsillo frontal para los esenciales del d\u00eda a d\u00eda, te permite organizar y llevar todo lo que necesitas. Los bolsillos laterales dobles pueden llevar una botella de agua y\/o un tr\u00edpode compacto.  <\/p>\n<p><strong>Especificaciones t\u00e9cnicas:<\/strong><\/p>\n<p>Color: Negro<\/p>\n<p>Se adapta al equipo: Tr\u00edpode peque\u00f1o; Tableta\/iPad de 10&#8243;; Dron plegable\/Mavic Drone; Dron peque\u00f1o plegable \/ Mavic Air<\/p>\n<p>Color principal: Negro<\/p>\n<p>Dispositivo principal: C\u00e1mara<\/p>\n<p>Dimensiones del compartimento de la c\u00e1mara: 22x12x20 (LxWxH)cm<\/p>\n<p>Dimensiones externas: 26x18x42 (LxWxH)cm<\/p>\n<p>Dimensiones del compartimento delantero: 21x1x17 (LxWxH)cm<\/p>\n<p>Dimensiones internas: 22x12x38 (LxWxH)cm<\/p>\n<p>Dimensiones del compartimento superior: 24x12x15 (LxWxH)cm<\/p>\n<p>Volumen interno: 6L<\/p>\n<p>Volumen total: 11L<\/p>\n<p>Material exterior: poli\u00e9ster bal\u00edstico 1680D; Poli\u00e9ster 600D<\/p>\n<p>Material interior; Poli\u00e9ster 200D<\/p>\n<p>Dimensiones del compartimento de la tableta: 22x1x30 (LxWxH)cm<\/p>\n<p>Caracter\u00edsticas: Compatible con equipaje de mano; Resistente al agua; Ajuste de cuna<\/p>\n","protected":false},"excerpt":{"rendered":"<p>MOCHILA Lowepro ADVENTURA BP 150 III Descripci\u00f3n: Esta mochila para c\u00e1mara est\u00e1 perfectamente dise\u00f1ada para adaptarse a c\u00e1maras sin espejo,<\/p>\n","protected":false},"featured_media":34414,"comment_status":"closed","ping_status":"open","template":"","meta":{"_acf_changed":false},"product_brand":[2641],"product_cat":[907],"product_tag":[],"class_list":{"0":"post-73131","1":"product","2":"type-product","3":"status-publish","4":"has-post-thumbnail","6":"product_brand-lowepro-es","7":"product_cat-mochilas-es","9":"first","10":"onbackorder","11":"taxable","12":"shipping-taxable","13":"purchasable","14":"product-type-simple"},"bundled_by":[],"bundle_stock_status":"onbackorder","bundle_stock_quantity":0,"bundle_virtual":false,"bundle_layout":"","bundle_add_to_cart_form_location":"","bundle_editable_in_cart":false,"bundle_sold_individually_context":"","bundle_item_grouping":"","bundle_min_size":"","bundle_max_size":"","bundle_price":[],"bundled_items":[],"bundle_sell_ids":[],"acf":[],"_links":{"self":[{"href":"https:\/\/hi-techwonder.com\/es\/wp-json\/wp\/v2\/product\/73131","targetHints":{"allow":["GET"]}}],"collection":[{"href":"https:\/\/hi-techwonder.com\/es\/wp-json\/wp\/v2\/product"}],"about":[{"href":"https:\/\/hi-techwonder.com\/es\/wp-json\/wp\/v2\/types\/product"}],"replies":[{"embeddable":true,"href":"https:\/\/hi-techwonder.com\/es\/wp-json\/wp\/v2\/comments?post=73131"}],"wp:featuredmedia":[{"embeddable":true,"href":"https:\/\/hi-techwonder.com\/es\/wp-json\/wp\/v2\/media\/34414"}],"wp:attachment":[{"href":"https:\/\/hi-techwonder.com\/es\/wp-json\/wp\/v2\/media?parent=73131"}],"wp:term":[{"taxonomy":"product_brand","embeddable":true,"href":"https:\/\/hi-techwonder.com\/es\/wp-json\/wp\/v2\/product_brand?post=73131"},{"taxonomy":"product_cat","embeddable":true,"href":"https:\/\/hi-techwonder.com\/es\/wp-json\/wp\/v2\/product_cat?post=73131"},{"taxonomy":"product_tag","embeddable":true,"href":"https:\/\/hi-techwonder.com\/es\/wp-json\/wp\/v2\/product_tag?post=73131"}],"curies":[{"name":"wp","href":"https:\/\/api.w.org\/{rel}","templated":true}]}}