{"id":73138,"date":"2025-07-29T10:29:17","date_gmt":"2025-07-29T10:29:17","guid":{"rendered":"https:\/\/fv6qoy3ls0.wpdns.site\/produto\/litufoto-y8-soporte-multifuncional\/"},"modified":"2025-07-29T10:29:17","modified_gmt":"2025-07-29T10:29:17","slug":"litufoto-y8-soporte-multifuncional","status":"publish","type":"product","link":"https:\/\/hi-techwonder.com\/es\/producto\/litufoto-y8-soporte-multifuncional\/","title":{"rendered":"LITUFOTO Y8 Soporte multifuncional"},"content":{"rendered":"<p>El soporte\/soporte multifuncional Y8 de LituFoto se compone de m\u00faltiples puntos de montaje para fijar diferentes accesorios de foto y v\u00eddeo. El soporte tiene tres enchufes de montaje de 1\/4&#8243;-20, tres roscas de montaje de c\u00e1mara de 1\/4&#8243;-20 y dos zapatas de &#8220;zapata fr\u00eda&#8221; para accesorios. El Y8 tiene una capacidad de carga de 3 kg y es adecuado para acomodar c\u00e1maras peque\u00f1as, micr\u00f3fonos, luces de video port\u00e1tiles o tel\u00e9fonos inteligentes (soporte para tel\u00e9fono inteligente no incluido). Con todas estas funciones, el soporte\/soporte multifuncional Y8 es \u00fatil para entrevistas en video o vlogs.   <\/p>\n","protected":false},"excerpt":{"rendered":"<p>El soporte\/soporte multifuncional Y8 de LituFoto se compone de m\u00faltiples puntos de montaje para fijar diferentes accesorios de foto y<\/p>\n","protected":false},"featured_media":64009,"comment_status":"closed","ping_status":"open","template":"","meta":{"_acf_changed":false},"product_brand":[2694],"product_cat":[1085],"product_tag":[],"class_list":{"0":"post-73138","1":"product","2":"type-product","3":"status-publish","4":"has-post-thumbnail","6":"product_brand-litufoto-es","7":"product_cat-para-smartphones-es","9":"first","10":"instock","11":"taxable","12":"shipping-taxable","13":"purchasable","14":"product-type-simple"},"bundled_by":[],"bundle_stock_status":"instock","bundle_stock_quantity":3,"bundle_virtual":false,"bundle_layout":"","bundle_add_to_cart_form_location":"","bundle_editable_in_cart":false,"bundle_sold_individually_context":"","bundle_item_grouping":"","bundle_min_size":"","bundle_max_size":"","bundle_price":[],"bundled_items":[],"bundle_sell_ids":[],"acf":[],"_links":{"self":[{"href":"https:\/\/hi-techwonder.com\/es\/wp-json\/wp\/v2\/product\/73138","targetHints":{"allow":["GET"]}}],"collection":[{"href":"https:\/\/hi-techwonder.com\/es\/wp-json\/wp\/v2\/product"}],"about":[{"href":"https:\/\/hi-techwonder.com\/es\/wp-json\/wp\/v2\/types\/product"}],"replies":[{"embeddable":true,"href":"https:\/\/hi-techwonder.com\/es\/wp-json\/wp\/v2\/comments?post=73138"}],"wp:featuredmedia":[{"embeddable":true,"href":"https:\/\/hi-techwonder.com\/es\/wp-json\/wp\/v2\/media\/64009"}],"wp:attachment":[{"href":"https:\/\/hi-techwonder.com\/es\/wp-json\/wp\/v2\/media?parent=73138"}],"wp:term":[{"taxonomy":"product_brand","embeddable":true,"href":"https:\/\/hi-techwonder.com\/es\/wp-json\/wp\/v2\/product_brand?post=73138"},{"taxonomy":"product_cat","embeddable":true,"href":"https:\/\/hi-techwonder.com\/es\/wp-json\/wp\/v2\/product_cat?post=73138"},{"taxonomy":"product_tag","embeddable":true,"href":"https:\/\/hi-techwonder.com\/es\/wp-json\/wp\/v2\/product_tag?post=73138"}],"curies":[{"name":"wp","href":"https:\/\/api.w.org\/{rel}","templated":true}]}}