{"id":73139,"date":"2025-07-29T00:09:19","date_gmt":"2025-07-29T00:09:19","guid":{"rendered":"https:\/\/fv6qoy3ls0.wpdns.site\/produto\/lowepro-adventura-bp-300-iii-negro\/"},"modified":"2025-11-17T16:43:30","modified_gmt":"2025-11-17T16:43:30","slug":"lowepro-adventura-bp-300-iii-negro","status":"publish","type":"product","link":"https:\/\/hi-techwonder.com\/es\/producto\/lowepro-adventura-bp-300-iii-negro\/","title":{"rendered":"LOWEPRO Adventura BP 300 III Negro"},"content":{"rendered":"<p><strong>LOWEPRO Adventura BP 300 III Negro<\/strong><\/p>\n<p>La mochila Adventura BP 300 III negra de Lowepro es una mochila fotogr\u00e1fica cl\u00e1sica, \u00fatil para transportar, organizar y proteger todo tu equipo. La Adventura BP 300 tiene mucho espacio para organizar un cuerpo de c\u00e1mara con un kit completo de lentes. Ofrece un c\u00f3modo acceso frontal y tiene un bolsillo para port\u00e1til de 13&#8243; y m\u00e1s espacio para peque\u00f1os accesorios. Un gran bolsillo lateral tiene capacidad para un tr\u00edpode compacto. En la parte delantera de la mochila puedes llevar un tr\u00edpode m\u00e1s grande.    <\/p>\n<p><iframe loading=\"lazy\" style=\"width: 100%;\" src=\"https:\/\/www.youtube.com\/embed\/mg8Q0CMC6JY?t=5s\" width=\"560\" height=\"314\" allowfullscreen=\"allowfullscreen\"><\/iframe><\/p>\n<p>Con hasta el 88% de las telas Green Line utilizadas, Lowepro tiene como objetivo lograr los objetivos ambientales mediante el uso de telas recicladas y te\u00f1idas en soluci\u00f3n, lo que ahorra agua, reduce las emisiones de GEI y, en \u00faltima instancia, es mejor para el medio ambiente.<\/p>\n<p><strong>Otras caracter\u00edsticas:<\/strong><\/p>\n<p>Amplio bolsillo frontal para los elementos esenciales del d\u00eda a d\u00eda.<\/p>\n<p>Dos bolsillos laterales para botella de agua y tr\u00edpode compacto.<\/p>\n<p>Opciones de transporte: Correas de mochila, trabilla para cintur\u00f3n, correa.<\/p>\n<p><strong>Caracter\u00edsticas t\u00e9cnicas:<\/strong><\/p>\n<p>Dimensiones externas: 46 x 31,5 x 20,1 cm<\/p>\n<p>Dimensiones internas: 37,1 x 23,9 x 13 cm<\/p>\n<p>Tipo de material exterior: poli\u00e9ster bal\u00edstico 1680D, poli\u00e9ster 600D<\/p>\n<p>Tipo de material Interior: Poli\u00e9ster 200D<\/p>\n","protected":false},"excerpt":{"rendered":"<p>LOWEPRO Adventura BP 300 III Negro La mochila Adventura BP 300 III negra de Lowepro es una mochila fotogr\u00e1fica cl\u00e1sica,<\/p>\n","protected":false},"featured_media":34439,"comment_status":"closed","ping_status":"open","template":"","meta":{"_acf_changed":false},"product_brand":[2641],"product_cat":[907],"product_tag":[],"class_list":{"0":"post-73139","1":"product","2":"type-product","3":"status-publish","4":"has-post-thumbnail","6":"product_brand-lowepro-es","7":"product_cat-mochilas-es","9":"first","10":"instock","11":"taxable","12":"shipping-taxable","13":"purchasable","14":"product-type-simple"},"bundled_by":[],"bundle_stock_status":"instock","bundle_stock_quantity":1,"bundle_virtual":false,"bundle_layout":"","bundle_add_to_cart_form_location":"","bundle_editable_in_cart":false,"bundle_sold_individually_context":"","bundle_item_grouping":"","bundle_min_size":"","bundle_max_size":"","bundle_price":[],"bundled_items":[],"bundle_sell_ids":[],"acf":[],"_links":{"self":[{"href":"https:\/\/hi-techwonder.com\/es\/wp-json\/wp\/v2\/product\/73139","targetHints":{"allow":["GET"]}}],"collection":[{"href":"https:\/\/hi-techwonder.com\/es\/wp-json\/wp\/v2\/product"}],"about":[{"href":"https:\/\/hi-techwonder.com\/es\/wp-json\/wp\/v2\/types\/product"}],"replies":[{"embeddable":true,"href":"https:\/\/hi-techwonder.com\/es\/wp-json\/wp\/v2\/comments?post=73139"}],"wp:featuredmedia":[{"embeddable":true,"href":"https:\/\/hi-techwonder.com\/es\/wp-json\/wp\/v2\/media\/34439"}],"wp:attachment":[{"href":"https:\/\/hi-techwonder.com\/es\/wp-json\/wp\/v2\/media?parent=73139"}],"wp:term":[{"taxonomy":"product_brand","embeddable":true,"href":"https:\/\/hi-techwonder.com\/es\/wp-json\/wp\/v2\/product_brand?post=73139"},{"taxonomy":"product_cat","embeddable":true,"href":"https:\/\/hi-techwonder.com\/es\/wp-json\/wp\/v2\/product_cat?post=73139"},{"taxonomy":"product_tag","embeddable":true,"href":"https:\/\/hi-techwonder.com\/es\/wp-json\/wp\/v2\/product_tag?post=73139"}],"curies":[{"name":"wp","href":"https:\/\/api.w.org\/{rel}","templated":true}]}}