{"id":73151,"date":"2025-07-29T10:14:46","date_gmt":"2025-07-29T10:14:46","guid":{"rendered":"https:\/\/fv6qoy3ls0.wpdns.site\/produto\/soporte-de-barra-litra-para-litratorch-litratorch-2-0\/"},"modified":"2026-01-31T01:45:23","modified_gmt":"2026-01-31T01:45:23","slug":"litra-soporte-de-barra-litra-para-litratorch-litratorch-2-0","status":"publish","type":"product","link":"https:\/\/hi-techwonder.com\/es\/producto\/litra-soporte-de-barra-litra-para-litratorch-litratorch-2-0\/","title":{"rendered":"Soporte de barra LITRA para LitraTorch\/LitraTorch 2.0"},"content":{"rendered":"<p><strong>Caracter\u00edsticas principales<\/strong><\/p>\n<ul>\n<li>Para LitraTorch \/ LitraTorch 2.0 luz LED<\/li>\n<li>Se adapta a tubos de 0,75 a 1,5&#8243; de di\u00e1metro<\/li>\n<li>Utiliza cu\u00f1as para adaptarse a tuber\u00edas &lt; de 0.75 \u00ab<\/li>\n<li>Montaje de tornillo moleteado de 1\/4&#8243;-20<\/li>\n<\/ul>\n<p>Fije de forma segura su luz LED LitraTorch o LitraTorch 2.0 a un tubo de dron, manillar, tija de sill\u00edn u otro tubo utilizando el soporte de barra\/dron de LITRA. Compatible con tubos de 0,75 a 1,5&#8243; de di\u00e1metro, este soporte viene con dos tornillos y una llave Allen para el montaje. <\/p>\n<p>El soporte de barra\/dron utiliza un tornillo moleteado de 1\/4&#8243;-20 para conectarse a su luz e incluye m\u00faltiples cu\u00f1as para garantizar un ajuste seguro. El \u00e1ngulo y la direcci\u00f3n de este soporte de aluminio se pueden ajustar para un posicionamiento \u00f3ptimo. <\/p>\n<p><strong>Compatibilidad<\/strong><\/p>\n<ul>\n<li>Se adapta a tuber\u00edas de 0,75 a 1,5&#8243;<\/li>\n<li>Se adapta a tubos m\u00e1s peque\u00f1os seleccionados utilizando las cu\u00f1as incluidas<\/li>\n<\/ul>\n<p><strong>En la caja<\/strong><\/p>\n<ul>\n<li>Soporte de barra\/dron LITRA para LitraTorch\/LitraTorch 2.0<\/li>\n<li>Cu\u00f1as<\/li>\n<li>Tornillo de mariposa dentado de 1\/4&#8243;-20<\/li>\n<li>Tornillos<\/li>\n<li>Llave Allen<\/li>\n<\/ul>\n<table class=\"table_o418fscimQZEg1oshu4aX\" style=\"width: 613px;font-family: OpenSans, 'Segoe UI', Helvetica, Roboto, Arial, sans-serif;font-size: 16px;background-color: #ffffff\" data-selenium=\"specsItemGroupTable\">\n<tbody>\n<tr class=\"pair_3u9fnESIQrtuEu6ye_zM4k\" style=\"border-bottom: 0.0625rem solid #e7e7e7\" data-selenium=\"specsItemGroupTableRow\">\n<td class=\"label_3bLwbW8ibvYc5tUwpKVQsL firstSpecWhenNoGroupName_2L9ob5rxYHNpmiwoNrY0FE\" style=\"width: 232px;padding: 0px 0px 1.25rem;border-top: none;vertical-align: baseline;font-size: 1.125rem;color: #666666;line-height: 1.375rem\" data-selenium=\"specsItemGroupTableColumnLabel\">Montaje superior<\/td>\n<td class=\"value_11Av1yGkVYn9TX48mQeu9v firstSpecWhenNoGroupName_2L9ob5rxYHNpmiwoNrY0FE\" style=\"padding: 0px 0px 1.25rem 2.5rem;vertical-align: baseline;font-size: 1.125rem;color: #666666;line-height: 1.375rem\" data-selenium=\"specsItemGroupTableColumnValue\"><span style=\"font-weight: bolder\">1 x 1\/4&#8243;-20 macho<\/span><\/td>\n<\/tr>\n<tr class=\"pair_3u9fnESIQrtuEu6ye_zM4k\" style=\"border-bottom: 0.0625rem solid #e7e7e7\" data-selenium=\"specsItemGroupTableRow\">\n<td class=\"label_3bLwbW8ibvYc5tUwpKVQsL\" style=\"width: 232px;padding: 1.25rem 0px;border-top: none;vertical-align: baseline;font-size: 1.125rem;color: #666666;line-height: 1.375rem\" data-selenium=\"specsItemGroupTableColumnLabel\">Material<\/td>\n<td class=\"value_11Av1yGkVYn9TX48mQeu9v\" style=\"padding: 1.25rem 0px 1.25rem 2.5rem;vertical-align: baseline;font-size: 1.125rem;color: #666666;line-height: 1.375rem\" data-selenium=\"specsItemGroupTableColumnValue\">Aluminio<\/td>\n<\/tr>\n<\/tbody>\n<\/table>\n","protected":false},"excerpt":{"rendered":"<p>Caracter\u00edsticas principales Para LitraTorch \/ LitraTorch 2.0 luz LED Se adapta a tubos de 0,75 a 1,5&#8243; de di\u00e1metro Utiliza<\/p>\n","protected":false},"featured_media":60710,"comment_status":"closed","ping_status":"open","template":"","meta":{"_acf_changed":false},"product_brand":[2698],"product_cat":[992],"product_tag":[],"class_list":{"0":"post-73151","1":"product","2":"type-product","3":"status-publish","4":"has-post-thumbnail","6":"product_brand-litra-es","7":"product_cat-accesorios-luz-continua","9":"first","10":"instock","11":"taxable","12":"shipping-taxable","13":"purchasable","14":"product-type-simple"},"bundled_by":[],"bundle_stock_status":"instock","bundle_stock_quantity":1,"bundle_virtual":false,"bundle_layout":"","bundle_add_to_cart_form_location":"","bundle_editable_in_cart":false,"bundle_sold_individually_context":"","bundle_item_grouping":"","bundle_min_size":"","bundle_max_size":"","bundle_price":[],"bundled_items":[],"bundle_sell_ids":[],"acf":[],"_links":{"self":[{"href":"https:\/\/hi-techwonder.com\/es\/wp-json\/wp\/v2\/product\/73151","targetHints":{"allow":["GET"]}}],"collection":[{"href":"https:\/\/hi-techwonder.com\/es\/wp-json\/wp\/v2\/product"}],"about":[{"href":"https:\/\/hi-techwonder.com\/es\/wp-json\/wp\/v2\/types\/product"}],"replies":[{"embeddable":true,"href":"https:\/\/hi-techwonder.com\/es\/wp-json\/wp\/v2\/comments?post=73151"}],"wp:featuredmedia":[{"embeddable":true,"href":"https:\/\/hi-techwonder.com\/es\/wp-json\/wp\/v2\/media\/60710"}],"wp:attachment":[{"href":"https:\/\/hi-techwonder.com\/es\/wp-json\/wp\/v2\/media?parent=73151"}],"wp:term":[{"taxonomy":"product_brand","embeddable":true,"href":"https:\/\/hi-techwonder.com\/es\/wp-json\/wp\/v2\/product_brand?post=73151"},{"taxonomy":"product_cat","embeddable":true,"href":"https:\/\/hi-techwonder.com\/es\/wp-json\/wp\/v2\/product_cat?post=73151"},{"taxonomy":"product_tag","embeddable":true,"href":"https:\/\/hi-techwonder.com\/es\/wp-json\/wp\/v2\/product_tag?post=73151"}],"curies":[{"name":"wp","href":"https:\/\/api.w.org\/{rel}","templated":true}]}}