{"id":73152,"date":"2025-07-28T23:46:16","date_gmt":"2025-07-28T23:46:16","guid":{"rendered":"https:\/\/fv6qoy3ls0.wpdns.site\/produto\/lexar-silver-plus-micro-sdxc-256gb-205mb-s-v30\/"},"modified":"2025-12-09T16:03:37","modified_gmt":"2025-12-09T16:03:37","slug":"lexar-silver-plus-micro-sdxc-256gb-205mb-s-v30","status":"publish","type":"product","link":"https:\/\/hi-techwonder.com\/es\/producto\/lexar-silver-plus-micro-sdxc-256gb-205mb-s-v30\/","title":{"rendered":"LEXAR SILVER PLUS Micro SDXC 256GB 205MB\/s V30"},"content":{"rendered":"<p data-start=\"428\" data-end=\"532\" class=\"\"><strong data-start=\"428\" data-end=\"532\">LEXARSILVER PLUS MicroSDXC UHS-I 256GB \u2013 V30 205MB\/s Leer | Grabaci\u00f3n de 150 MB\/s | con adaptador SD<\/strong><\/p>\n<p data-start=\"534\" data-end=\"553\" class=\"\"><strong data-start=\"534\" data-end=\"553\">Funciones<\/strong><\/p>\n<ul data-start=\"555\" data-end=\"1139\">\n<li data-start=\"555\" data-end=\"594\" class=\"\">\n<p data-start=\"557\" data-end=\"594\" class=\"\">Capacidad de almacenamiento: 256 GB<\/p>\n<\/li>\n<li data-start=\"595\" data-end=\"650\" class=\"\">\n<p data-start=\"597\" data-end=\"650\" class=\"\">Tipo de tarjeta: microSDXC con adaptador SD incluido<\/p>\n<\/li>\n<li data-start=\"651\" data-end=\"711\" class=\"\">\n<p data-start=\"653\" data-end=\"711\" class=\"\">UHS-I Est\u00e1ndar \/ Clase de velocidad V30 \/ U3 \/ Clase 10<\/p>\n<\/li>\n<li data-start=\"712\" data-end=\"758\" class=\"\">\n<p data-start=\"714\" data-end=\"758\" class=\"\">Velocidad m\u00e1xima de lectura: hasta 205 MB\/s<\/p>\n<\/li>\n<li data-start=\"759\" data-end=\"806\" class=\"\">\n<p data-start=\"761\" data-end=\"806\" class=\"\">Velocidad m\u00e1xima de escritura: hasta 150 MB\/s<\/p>\n<\/li>\n<li data-start=\"807\" data-end=\"855\" class=\"\">\n<p data-start=\"809\" data-end=\"855\" class=\"\">Velocidad m\u00ednima de escritura: 30 MB\/s (V30)<\/p>\n<\/li>\n<li data-start=\"856\" data-end=\"921\" class=\"\">\n<p data-start=\"858\" data-end=\"921\" class=\"\">Admite grabaci\u00f3n de video 4K a 60 fps, Full HD y 3D<\/p>\n<\/li>\n<li data-start=\"922\" data-end=\"986\" class=\"\">\n<p data-start=\"924\" data-end=\"986\" class=\"\">Calificaci\u00f3n A2 por el mejor rendimiento en aplicaciones m\u00f3viles<\/p>\n<\/li>\n<li data-start=\"987\" data-end=\"1070\" class=\"\">\n<p data-start=\"989\" data-end=\"1070\" class=\"\">Alta compatibilidad con DJI, GoPro, Nintendo, Steam Deck y otros dispositivos<\/p>\n<\/li>\n<li data-start=\"1071\" data-end=\"1139\" class=\"\">\n<p data-start=\"1073\" data-end=\"1139\" class=\"\">Interruptor de protecci\u00f3n contra escritura integrado (en el adaptador)<\/p>\n<\/li>\n<\/ul>\n<p data-start=\"1141\" data-end=\"1171\" class=\"\"><strong data-start=\"1141\" data-end=\"1171\">Resistencia y durabilidad<\/strong><\/p>\n<ul data-start=\"1173\" data-end=\"1459\">\n<li data-start=\"1173\" data-end=\"1213\" class=\"\">\n<p data-start=\"1175\" data-end=\"1213\" class=\"\">Resistente al agua: clasificaci\u00f3n IPX7<\/p>\n<\/li>\n<li data-start=\"1214\" data-end=\"1314\" class=\"\">\n<p data-start=\"1216\" data-end=\"1314\" class=\"\">Resistente a temperaturas extremas (-25 \u00b0C a 85 \u00b0C en funcionamiento; -40 \u00b0C a 85 \u00b0C en almacenamiento)<\/p>\n<\/li>\n<li data-start=\"1315\" data-end=\"1375\" class=\"\">\n<p data-start=\"1317\" data-end=\"1375\" class=\"\">Resistente a golpes, vibraciones, imanes, ca\u00eddas y rayos X<\/p>\n<\/li>\n<li data-start=\"1376\" data-end=\"1459\" class=\"\">\n<p data-start=\"1378\" data-end=\"1459\" class=\"\">Construido para soportar condiciones de uso diario exigentes y entornos hostiles<\/p>\n<\/li>\n<\/ul>\n<p data-start=\"1461\" data-end=\"1491\" class=\"\"><strong data-start=\"1461\" data-end=\"1491\">Caracter\u00edsticas adicionales<\/strong><\/p>\n<ul data-start=\"1493\" data-end=\"1712\">\n<li data-start=\"1493\" data-end=\"1595\" class=\"\">\n<p data-start=\"1495\" data-end=\"1595\" class=\"\">Incluye el software gratuito <strong data-start=\"1520\" data-end=\"1543\">Lexar Recovery Tool<\/strong> para la recuperaci\u00f3n de datos eliminados accidentalmente<\/p>\n<\/li>\n<li data-start=\"1596\" data-end=\"1641\" class=\"\">\n<p data-start=\"1598\" data-end=\"1641\" class=\"\">Garant\u00eda limitada de por vida del fabricante<\/p>\n<\/li>\n<li data-start=\"1642\" data-end=\"1712\" class=\"\">\n<p data-start=\"1644\" data-end=\"1712\" class=\"\">Ideal para grabaci\u00f3n continua, disparo r\u00e1pido y disparo RAW\/JPEG<\/p>\n<\/li>\n<\/ul>\n<p data-start=\"1714\" data-end=\"1739\" class=\"\"><strong data-start=\"1714\" data-end=\"1739\">Contenido del paquete<\/strong><\/p>\n<ul data-start=\"1741\" data-end=\"1869\">\n<li data-start=\"1741\" data-end=\"1806\" class=\"\">\n<p data-start=\"1743\" data-end=\"1806\" class=\"\">1x Tarjeta de memoria Lexar SILVER PLUS microSDXC UHS-I de 256 GB<\/p>\n<\/li>\n<li data-start=\"1807\" data-end=\"1839\" class=\"\">\n<p data-start=\"1809\" data-end=\"1839\" class=\"\">1x adaptador microSD a SD<\/p>\n<\/li>\n<li data-start=\"1840\" data-end=\"1869\" class=\"\">\n<p data-start=\"1842\" data-end=\"1869\" class=\"\">Manual de usuario b\u00e1sico<\/p>\n<p data-start=\"1842\" data-end=\"1869\" class=\"\"><\/p>\n<\/li>\n<\/ul>\n<p data-start=\"1871\" data-end=\"1898\" class=\"\"><strong data-start=\"1871\" data-end=\"1898\">Especificaciones t\u00e9cnicas<\/strong><\/p>\n<ul data-start=\"1900\" data-end=\"2400\">\n<li data-start=\"1900\" data-end=\"1926\" class=\"\">\n<p data-start=\"1902\" data-end=\"1926\" class=\"\"><strong data-start=\"1902\" data-end=\"1917\">Capacidad:<\/strong> 256 GB<\/p>\n<\/li>\n<li data-start=\"1927\" data-end=\"1970\" class=\"\">\n<p data-start=\"1929\" data-end=\"1970\" class=\"\"><strong data-start=\"1929\" data-end=\"1955\">Velocidad de lectura:<\/strong> hasta 205 MB\/s<\/p>\n<\/li>\n<li data-start=\"1971\" data-end=\"2051\" class=\"\">\n<p data-start=\"1973\" data-end=\"2051\" class=\"\"><strong data-start=\"1973\" data-end=\"2000\">Velocidad de escritura:<\/strong> hasta 150 MB\/s (30 MB\/s m\u00ednimo garantizado &#8211; V30)<\/p>\n<\/li>\n<li data-start=\"2052\" data-end=\"2113\" class=\"\">\n<p data-start=\"2054\" data-end=\"2113\" class=\"\"><strong data-start=\"2054\" data-end=\"2079\">Clase de velocidad:<\/strong> UHS-I U3 \/ Clase 10 \/ V30 \/ A2<\/p>\n<\/li>\n<li data-start=\"2114\" data-end=\"2178\" class=\"\">\n<p data-start=\"2116\" data-end=\"2178\" class=\"\"><strong data-start=\"2116\" data-end=\"2136\">Compatibilidad:<\/strong> microSDXC\/SD (con adaptador incluido)<\/p>\n<\/li>\n<li data-start=\"2179\" data-end=\"2239\" class=\"\">\n<p data-start=\"2181\" data-end=\"2239\" class=\"\"><strong data-start=\"2181\" data-end=\"2222\">Rango de temperatura de funcionamiento:<\/strong> -25 \u00b0C a 85 \u00b0C<\/p>\n<\/li>\n<li data-start=\"2240\" data-end=\"2305\" class=\"\">\n<p data-start=\"2242\" data-end=\"2305\" class=\"\"><strong data-start=\"2242\" data-end=\"2288\">Rango de temperatura de almacenamiento:<\/strong> -40 \u00b0C a 85 \u00b0C<\/p>\n<\/li>\n<li data-start=\"2306\" data-end=\"2400\" class=\"\">\n<p data-start=\"2308\" data-end=\"2400\" class=\"\"><strong data-start=\"2308\" data-end=\"2332\">Material resistente:<\/strong> S\u00ed (resistente al agua, golpes, imanes, ca\u00eddas, vibraciones y rayos X)<\/p>\n<\/li>\n<\/ul>\n<p data-start=\"2402\" data-end=\"2430\" class=\"\"><strong data-start=\"2402\" data-end=\"2430\">Informaci\u00f3n de embalaje<\/strong><\/p>\n<ul data-start=\"2432\" data-end=\"2524\">\n<li data-start=\"2432\" data-end=\"2465\" class=\"\">\n<p data-start=\"2434\" data-end=\"2465\" class=\"\"><strong data-start=\"2434\" data-end=\"2456\">Peso del paquete:<\/strong> 13,6 g<\/p>\n<\/li>\n<li data-start=\"2466\" data-end=\"2524\" class=\"\">\n<p data-start=\"2468\" data-end=\"2524\" class=\"\"><strong data-start=\"2468\" data-end=\"2503\">Dimensiones del paquete (largo x ancho x alto):<\/strong> 14 x 10,2 x 0,6 cm<\/p>\n<\/li>\n<\/ul>\n<p data-start=\"2526\" data-end=\"2668\" class=\"\"><strong data-start=\"2526\" data-end=\"2535\">Nota:<\/strong> Las im\u00e1genes son solo para fines ilustrativos. Equipo electr\u00f3nico no incluido. Consulte los detalles en la descripci\u00f3n y especificaciones del producto.  <\/p>\n<p data-start=\"2675\" data-end=\"2901\" class=\"\"><br data-start=\"2710\" data-end=\"2713\"><strong data-start=\"2713\" data-end=\"2728\">C\u00f3digo EAN:<\/strong> 0843367135349<br data-start=\"2741\" data-end=\"2744\"><strong data-start=\"2744\" data-end=\"2773\">Referencia del fabricante:<\/strong> LMSSIPL256G-BNANG<br data-start=\"2791\" data-end=\"2794\"><\/p>\n","protected":false},"excerpt":{"rendered":"<p>LEXARSILVER PLUS MicroSDXC UHS-I 256GB \u2013 V30 205MB\/s Leer | Grabaci\u00f3n de 150 MB\/s | con adaptador SD Funciones Capacidad<\/p>\n","protected":false},"featured_media":27484,"comment_status":"closed","ping_status":"closed","template":"","meta":{"_acf_changed":false},"product_brand":[2614],"product_cat":[1031],"product_tag":[],"class_list":{"0":"post-73152","1":"product","2":"type-product","3":"status-publish","4":"has-post-thumbnail","6":"product_brand-lexar-es","7":"product_cat-tarjetas-micro-sd","9":"first","10":"outofstock","11":"taxable","12":"shipping-taxable","13":"purchasable","14":"product-type-simple"},"bundled_by":[],"bundle_stock_status":"outofstock","bundle_stock_quantity":null,"bundle_virtual":false,"bundle_layout":"","bundle_add_to_cart_form_location":"","bundle_editable_in_cart":false,"bundle_sold_individually_context":"","bundle_item_grouping":"","bundle_min_size":"","bundle_max_size":"","bundle_price":[],"bundled_items":[],"bundle_sell_ids":[],"acf":[],"_links":{"self":[{"href":"https:\/\/hi-techwonder.com\/es\/wp-json\/wp\/v2\/product\/73152","targetHints":{"allow":["GET"]}}],"collection":[{"href":"https:\/\/hi-techwonder.com\/es\/wp-json\/wp\/v2\/product"}],"about":[{"href":"https:\/\/hi-techwonder.com\/es\/wp-json\/wp\/v2\/types\/product"}],"replies":[{"embeddable":true,"href":"https:\/\/hi-techwonder.com\/es\/wp-json\/wp\/v2\/comments?post=73152"}],"wp:featuredmedia":[{"embeddable":true,"href":"https:\/\/hi-techwonder.com\/es\/wp-json\/wp\/v2\/media\/27484"}],"wp:attachment":[{"href":"https:\/\/hi-techwonder.com\/es\/wp-json\/wp\/v2\/media?parent=73152"}],"wp:term":[{"taxonomy":"product_brand","embeddable":true,"href":"https:\/\/hi-techwonder.com\/es\/wp-json\/wp\/v2\/product_brand?post=73152"},{"taxonomy":"product_cat","embeddable":true,"href":"https:\/\/hi-techwonder.com\/es\/wp-json\/wp\/v2\/product_cat?post=73152"},{"taxonomy":"product_tag","embeddable":true,"href":"https:\/\/hi-techwonder.com\/es\/wp-json\/wp\/v2\/product_tag?post=73152"}],"curies":[{"name":"wp","href":"https:\/\/api.w.org\/{rel}","templated":true}]}}