{"id":73153,"date":"2025-07-28T23:35:03","date_gmt":"2025-07-28T23:35:03","guid":{"rendered":"https:\/\/fv6qoy3ls0.wpdns.site\/produto\/linkstar-bsk-2016b-puerta-trasera-fondo-de-tela-negra\/"},"modified":"2026-02-15T10:51:44","modified_gmt":"2026-02-15T10:51:44","slug":"linkstar-bsk-2016b-puerta-trasera-fondo-de-tela-negra","status":"publish","type":"product","link":"https:\/\/hi-techwonder.com\/es\/producto\/linkstar-bsk-2016b-puerta-trasera-fondo-de-tela-negra\/","title":{"rendered":"LINKSTAR BSK-2016B Puerta trasera + fondo de tela negra"},"content":{"rendered":"<p><strong><span style=\"font-size: 12pt;\">FALCONEYES BSK-2016B Puerta trasera + fondo de tela negra<\/strong><\/span><\/p>\n<p><strong><span style=\"font-size: 12pt;\">Contenido de la caja:<\/strong><\/span><\/p>\n<ul>\n<li>2 x <a href=\"https:\/\/hi-techwonder.com\/falconeyes-tripe-de-estudio-i-2001-82-200cm\" target=\"_blank\" rel=\"noopener\">Tr\u00edpode de estudio I-2001 82cm-200cm<\/a><\/li>\n<li>1 x Barra telesc\u00f3pica para soporte inferior 160cm<\/li>\n<li>1 x Fondo de tela negra 1.5m x 2.8m<\/li>\n<li>1 x Bolsa de transporte<\/li>\n<\/ul>\n<p>El kit BSK-2016B de Falconeyes, contiene dos tr\u00edpodes de estudio con una altura m\u00e1xima de 200cm, f\u00e1ciles de montar y transportar. Contiene una barra extensible de hasta 160 cm. Y tambi\u00e9n viene equipado con un fondo de tela negra de 1,5 x 2,8 m.<br \/>Sin embargo, se puede adjuntar a este kit cualquier fondo de tela o papel dentro de las medidas del soporte.  <\/p>\n<p><strong><span style=\"color: #6f6f6f;\"><span style=\"font-family: Arial, sans-serif;\"><span style=\"font-size: medium;\">Especificaciones del tr\u00edpode de estudio I-2001 \/ B:<\/span><\/span><\/strong><\/span><\/p>\n<table style=\"height: 132px;\" border=\"0\" width=\"597\" cellspacing=\"0\" cellpadding=\"2\">\n<colgroup>\n<col width=\"263\">\n<col width=\"326\"> <\/colgroup>\n<tbody>\n<tr style=\"height: 22px;\">\n<td style=\"height: 22px; width: 254.5px;\"><span style=\"color: #7a7a7a;\"><span style=\"font-family: Arial, sans-serif;\"><span style=\"font-size: medium;\">Altura m\u00e1xima: <\/span><\/span> <\/span><\/td>\n<td style=\"height: 22px; width: 313.55px;\"> <span style=\"color: #6f6f6f;\"><span style=\"font-family: Arial, sans-serif;\"><span style=\"font-size: medium;\">200 cm<\/span><\/span> <\/span><\/td>\n<\/tr>\n<tr style=\"height: 22px;\">\n<td style=\"height: 22px; width: 254.5px;\"><span style=\"color: #6f6f6f;\"><span style=\"font-family: Arial, sans-serif;\"><span style=\"font-size: medium;\">Altura m\u00ednima: <\/span><\/span> <\/span><\/td>\n<td style=\"height: 22px; width: 313.55px;\"> <span style=\"color: #6f6f6f;\"><span style=\"font-family: Arial, sans-serif;\"><span style=\"font-size: medium;\">82 cm <\/span><\/span> <\/span><\/td>\n<\/tr>\n<tr style=\"height: 22px;\">\n<td style=\"height: 22px; width: 254.5px;\"><span style=\"color: #6f6f6f;\"><span style=\"font-family: Arial, sans-serif;\"><span style=\"font-size: medium;\">Reunido:<\/span><\/span> <\/span><\/td>\n<td style=\"height: 22px; width: 313.55px;\"> <span style=\"font-family: Arial, sans-serif;\"><span style=\"font-size: medium;\"><span style=\"color: #6f6f6f;\">66 cm <\/span><\/span> <\/span><\/td>\n<\/tr>\n<tr style=\"height: 22px;\">\n<td style=\"height: 22px; width: 254.5px;\"><span style=\"font-family: Arial, sans-serif;\"><span style=\"font-size: medium;\"><span style=\"color: #6f6f6f;\">Capacidad de carga m\u00e1xima: <\/span><\/span> <\/span><\/td>\n<td style=\"height: 22px; width: 313.55px;\"> <span style=\"font-family: Arial, sans-serif;\"><span style=\"font-size: medium;\"><span style=\"color: #6f6f6f;\">3 kg<\/span><\/span> <\/span><\/td>\n<\/tr>\n<tr style=\"height: 22px;\">\n<td style=\"height: 22px; width: 254.5px;\"><span style=\"color: #6f6f6f;\"><span style=\"font-family: Arial, sans-serif;\"><span style=\"font-size: medium;\">Secciones: <\/span><\/span> <\/span><\/td>\n<td style=\"height: 22px; width: 313.55px;\"> <span style=\"color: #6f6f6f;\"><span style=\"font-family: Arial, sans-serif;\"><span style=\"font-size: medium;\">3 <\/span><\/span> <\/span><\/td>\n<\/tr>\n<tr style=\"height: 22px;\">\n<td style=\"height: 22px; width: 254.5px;\"><span style=\"color: #6f6f6f;\"><span style=\"font-family: Arial, sans-serif;\"><span style=\"font-size: medium;\">Material <\/span><\/span> <\/span><\/td>\n<td style=\"height: 22px; width: 313.55px;\"> <span style=\"color: #6f6f6f;\"><span style=\"font-family: Arial, sans-serif;\"><span style=\"font-size: medium;\">Aluminio, pl\u00e1stico<\/span><\/span> <\/span><\/td>\n<\/tr>\n<\/tbody>\n<\/table>\n<p> <\/p>\n<p><strong><span style=\"color: #6f6f6f;\"><span style=\"font-family: Arial, sans-serif;\"><span style=\"font-size: medium;\">Especificaciones de la barra telesc\u00f3pica:<\/span><\/span><\/strong><\/span><\/p>\n<table border=\"0\" width=\"597\" cellspacing=\"0\" cellpadding=\"2\">\n<colgroup>\n<col width=\"263\">\n<col width=\"326\"> <\/colgroup>\n<tbody>\n<tr>\n<td width=\"263\"><span style=\"color: #7a7a7a;\"><span style=\"font-family: Arial, sans-serif;\"><span style=\"font-size: medium;\">M\u00e1x. Ancho:<\/span><\/span> <\/span><\/td>\n<td width=\"326\"> <span style=\"color: #6f6f6f;\"><span style=\"font-family: Arial, sans-serif;\"><span style=\"font-size: medium;\">160 cm<\/span><\/span> <\/span><\/td>\n<\/tr>\n<tr>\n<td width=\"263\"><span style=\"color: #6f6f6f;\"><span style=\"font-family: Arial, sans-serif;\"><span style=\"font-size: medium;\">Material:<\/span><\/span> <\/span><\/td>\n<td width=\"326\"> <span style=\"color: #6f6f6f;\"><span style=\"font-family: Arial, sans-serif;\"><span style=\"font-size: medium;\">Aluminio<\/span><\/span> <\/span><\/td>\n<\/tr>\n<\/tbody>\n<\/table>\n<p> <\/p>\n<p><strong><span style=\"color: #6f6f6f;\"><span style=\"font-family: Arial, sans-serif;\"><span style=\"font-size: medium;\">Especificaciones inferiores:<\/span><\/span><\/strong><\/span><\/p>\n<table border=\"0\" width=\"597\" cellspacing=\"0\" cellpadding=\"2\">\n<colgroup>\n<col width=\"263\">\n<col width=\"326\"> <\/colgroup>\n<tbody>\n<tr>\n<td width=\"263\"><span style=\"color: #7a7a7a;\"><span style=\"font-family: Arial, sans-serif;\"><span style=\"font-size: medium;\">Color:<\/span><\/span> <\/span><\/td>\n<td width=\"326\"> <span style=\"color: #6f6f6f;\"><span style=\"font-family: Arial, sans-serif;\"><span style=\"font-size: medium;\">Negro<\/span><\/span> <\/span><\/td>\n<\/tr>\n<tr>\n<td width=\"263\"><span style=\"color: #6f6f6f;\"><span style=\"font-family: Arial, sans-serif;\"><span style=\"font-size: medium;\">Ancho:<\/span><\/span> <\/span><\/td>\n<td width=\"326\"> <span style=\"color: #6f6f6f;\"><span style=\"font-family: Arial, sans-serif;\"><span style=\"font-size: medium;\">150 cm <\/span><\/span> <\/span><\/td>\n<\/tr>\n<tr>\n<td width=\"263\"><span style=\"color: #6f6f6f;\"><span style=\"font-family: Arial, sans-serif;\"><span style=\"font-size: medium;\">Altura:<\/span><\/span> <\/span><\/td>\n<td width=\"326\"> <span style=\"font-family: Arial, sans-serif;\"><span style=\"font-size: medium;\"><span style=\"color: #6f6f6f;\">280 cm <\/span><\/span> <\/span><\/td>\n<\/tr>\n<tr>\n<td width=\"263\"><span style=\"color: #6f6f6f;\"><span style=\"font-family: Arial, sans-serif;\"><span style=\"font-size: medium;\">Material:<\/span><\/span> <\/span><\/td>\n<td width=\"326\"> <span style=\"color: #6f6f6f;\"><span style=\"font-family: Arial, sans-serif;\"><span style=\"font-size: medium;\">Tejido<\/span><\/span> <\/span><\/td>\n<\/tr>\n<\/tbody>\n<\/table>\n<p> <\/p>\n<p> <\/p>\n","protected":false},"excerpt":{"rendered":"<p>FALCONEYES BSK-2016B Puerta trasera + fondo de tela negra Contenido de la caja: 2 x Tr\u00edpode de estudio I-2001 82cm-200cm<\/p>\n","protected":false},"featured_media":24368,"comment_status":"closed","ping_status":"open","template":"","meta":{"_acf_changed":false},"product_brand":[2580],"product_cat":[952],"product_tag":[],"class_list":{"0":"post-73153","1":"product","2":"type-product","3":"status-publish","4":"has-post-thumbnail","6":"product_brand-linkstar-es","7":"product_cat-tela","9":"first","10":"instock","11":"taxable","12":"shipping-taxable","13":"purchasable","14":"product-type-simple"},"bundled_by":[],"bundle_stock_status":"instock","bundle_stock_quantity":1,"bundle_virtual":false,"bundle_layout":"","bundle_add_to_cart_form_location":"","bundle_editable_in_cart":false,"bundle_sold_individually_context":"","bundle_item_grouping":"","bundle_min_size":"","bundle_max_size":"","bundle_price":[],"bundled_items":[],"bundle_sell_ids":[],"acf":[],"_links":{"self":[{"href":"https:\/\/hi-techwonder.com\/es\/wp-json\/wp\/v2\/product\/73153","targetHints":{"allow":["GET"]}}],"collection":[{"href":"https:\/\/hi-techwonder.com\/es\/wp-json\/wp\/v2\/product"}],"about":[{"href":"https:\/\/hi-techwonder.com\/es\/wp-json\/wp\/v2\/types\/product"}],"replies":[{"embeddable":true,"href":"https:\/\/hi-techwonder.com\/es\/wp-json\/wp\/v2\/comments?post=73153"}],"wp:featuredmedia":[{"embeddable":true,"href":"https:\/\/hi-techwonder.com\/es\/wp-json\/wp\/v2\/media\/24368"}],"wp:attachment":[{"href":"https:\/\/hi-techwonder.com\/es\/wp-json\/wp\/v2\/media?parent=73153"}],"wp:term":[{"taxonomy":"product_brand","embeddable":true,"href":"https:\/\/hi-techwonder.com\/es\/wp-json\/wp\/v2\/product_brand?post=73153"},{"taxonomy":"product_cat","embeddable":true,"href":"https:\/\/hi-techwonder.com\/es\/wp-json\/wp\/v2\/product_cat?post=73153"},{"taxonomy":"product_tag","embeddable":true,"href":"https:\/\/hi-techwonder.com\/es\/wp-json\/wp\/v2\/product_tag?post=73153"}],"curies":[{"name":"wp","href":"https:\/\/api.w.org\/{rel}","templated":true}]}}