{"id":73162,"date":"2025-07-28T23:46:28","date_gmt":"2025-07-28T23:46:28","guid":{"rendered":"https:\/\/fv6qoy3ls0.wpdns.site\/produto\/lexar-professional-cfexpress-tipo-a-oro-160gb-900mb-s\/"},"modified":"2026-04-23T22:57:49","modified_gmt":"2026-04-23T21:57:49","slug":"lexar-professional-cfexpress-tipo-a-oro-160gb-900mb-s","status":"publish","type":"product","link":"https:\/\/hi-techwonder.com\/es\/producto\/lexar-professional-cfexpress-tipo-a-oro-160gb-900mb-s\/","title":{"rendered":"LEXAR Professional CFexpress Tipo-A ORO 160GB 900MB\/s"},"content":{"rendered":"<p><strong>LEXAR Professional CFexpress Tipo-A ORO 160GB 900MB\/s<\/strong><\/p>\n<p><strong>Funciones:<\/strong><\/p>\n<ul>\n<li>160 GB de capacidad<\/li>\n<li>Velocidad m\u00e1xima de lectura: 900 MB\/s<\/li>\n<li>Velocidad m\u00e1xima de escritura: 800 MB\/s<\/li>\n<li>Velocidad m\u00ednima de escritura: 700 MB\/s<\/li>\n<li>Compatible con VPG-400 a 400 MB\/s<\/li>\n<li>Graba videos 8K y 4K<\/li>\n<li>Graba v\u00eddeo HFR de hasta 120 fps<\/li>\n<li>Grabar fotos sin procesar y secuencia de im\u00e1genes<\/li>\n<li>Resistente a golpes y vibraciones<\/li>\n<li>A prueba de temperatura<\/li>\n<\/ul>\n<p><strong>Contenido del paquete:<\/strong><\/p>\n<ul>\n<li>1 x LEXAR Professional CFexpress Tipo-A ORO 160GB 900MB\/s<\/li>\n<\/ul>\n<p>Dise\u00f1ada para creadores profesionales que desean capturar im\u00e1genes de alta resoluci\u00f3n y video 8K con calidad cinematogr\u00e1fica, la tarjeta de memoria profesional CFexpress Type-A de 160 GB (serie GOLD) de Lexar ofrece velocidades de lectura de hasta 900 MB\/s, velocidades de escritura de hasta 800 MB\/s y velocidades de escritura m\u00ednimas sostenidas que no caer\u00e1n por debajo de 700 MB\/s. Todo esto le permite capturar videos 8K, 4K y HFR a hasta 120 fps, as\u00ed como fotos sin procesar y r\u00e1fagas de im\u00e1genes. Adem\u00e1s, es compatible con el est\u00e1ndar de clase de video VGP-400, que garantiza velocidades de escritura de al menos 400 MB\/s. Para ayudar a proteger sus datos, Lexar ha construido esta tarjeta para soportar temperaturas que oscilan entre -10 y 70 \u00b0C, as\u00ed como golpes y vibraciones.   <\/p>\n<p><strong>Velocidades sostenidas para v\u00eddeo continuo<\/strong><\/p>\n<p>Con un rendimiento de video garantizado con clasificaci\u00f3n 400 (VPG-400), el Lexar Professional CFexpress Type A (serie GOLD) cumple con una velocidad de escritura m\u00ednima de 400 MB\/s. Esto garantiza que su contenido se capture sin problemas y sin p\u00e9rdida de fotogramas. <\/p>\n<p><strong>Captura la aventura con la m\u00e1xima durabilidad<\/strong><\/p>\n<p>Estas tarjetas proporcionan el rendimiento que necesita para capturar y almacenar datos valiosos en una variedad de elementos. La tarjeta Lexar Professional CFexpress Tipo-A (Serie GOLD) ofrece la durabilidad resistente que necesita para protegerse contra la temperatura, los golpes y las vibraciones. <\/p>\n<p><strong>Rigurosamente probado<\/strong><\/p>\n<p>Todos los productos Lexar se someten a pruebas exhaustivas en Lexar Quality Labs, instalaciones con miles de c\u00e1maras y dispositivos digitales diferentes para garantizar el rendimiento, la calidad, la compatibilidad y la confiabilidad.<\/p>\n<p><strong>Caracter\u00edsticas t\u00e9cnicas:<\/strong><\/p>\n<ul>\n<li><strong>Tipo de tarjeta:<\/strong> CFexpress Tipo-A<\/li>\n<li><strong>Capacidad de almacenamiento: <\/strong>160 GB<\/li>\n<li><strong>Velocidad m\u00e1xima de lectura:<\/strong> 900 MB\/s<\/li>\n<li><strong>Velocidad m\u00e1xima de escritura:<\/strong> 800 MB\/s<\/li>\n<li><strong>Velocidad m\u00ednima de escritura:<\/strong> 400 MB\/s<\/li>\n<li><strong>Garant\u00eda de rendimiento de video: <\/strong>VPG-400<\/li>\n<li><strong>Durabilidad: <\/strong>a prueba de golpes, temperaturas extremas<\/li>\n<li><strong>Temperatura de funcionamiento:<\/strong> -10 a 70 \u00b0C<\/li>\n<li><strong>Temperatura de almacenamiento:<\/strong> -25 a 85 \u00b0C<\/li>\n<li><strong>Conmutador de protecci\u00f3n contra escritura incorporado:<\/strong> No<\/li>\n<\/ul>\n","protected":false},"excerpt":{"rendered":"<p>LEXAR Professional CFexpress Tipo-A ORO 160GB 900MB\/s Funciones: 160 GB de capacidad Velocidad m\u00e1xima de lectura: 900 MB\/s Velocidad m\u00e1xima<\/p>\n","protected":false},"featured_media":27538,"comment_status":"closed","ping_status":"closed","template":"","meta":{"_acf_changed":false},"product_brand":[2614],"product_cat":[1028],"product_tag":[],"class_list":{"0":"post-73162","1":"product","2":"type-product","3":"status-publish","4":"has-post-thumbnail","6":"product_brand-lexar-es","7":"product_cat-cfexpress-es","9":"first","10":"outofstock","11":"taxable","12":"shipping-taxable","13":"purchasable","14":"product-type-simple"},"bundled_by":[],"bundle_stock_status":"outofstock","bundle_stock_quantity":null,"bundle_virtual":false,"bundle_layout":"","bundle_add_to_cart_form_location":"","bundle_editable_in_cart":false,"bundle_sold_individually_context":"","bundle_item_grouping":"","bundle_min_size":"","bundle_max_size":"","bundle_price":[],"bundled_items":[],"bundle_sell_ids":[],"acf":[],"_links":{"self":[{"href":"https:\/\/hi-techwonder.com\/es\/wp-json\/wp\/v2\/product\/73162","targetHints":{"allow":["GET"]}}],"collection":[{"href":"https:\/\/hi-techwonder.com\/es\/wp-json\/wp\/v2\/product"}],"about":[{"href":"https:\/\/hi-techwonder.com\/es\/wp-json\/wp\/v2\/types\/product"}],"replies":[{"embeddable":true,"href":"https:\/\/hi-techwonder.com\/es\/wp-json\/wp\/v2\/comments?post=73162"}],"wp:featuredmedia":[{"embeddable":true,"href":"https:\/\/hi-techwonder.com\/es\/wp-json\/wp\/v2\/media\/27538"}],"wp:attachment":[{"href":"https:\/\/hi-techwonder.com\/es\/wp-json\/wp\/v2\/media?parent=73162"}],"wp:term":[{"taxonomy":"product_brand","embeddable":true,"href":"https:\/\/hi-techwonder.com\/es\/wp-json\/wp\/v2\/product_brand?post=73162"},{"taxonomy":"product_cat","embeddable":true,"href":"https:\/\/hi-techwonder.com\/es\/wp-json\/wp\/v2\/product_cat?post=73162"},{"taxonomy":"product_tag","embeddable":true,"href":"https:\/\/hi-techwonder.com\/es\/wp-json\/wp\/v2\/product_tag?post=73162"}],"curies":[{"name":"wp","href":"https:\/\/api.w.org\/{rel}","templated":true}]}}