{"id":73168,"date":"2025-07-29T00:08:00","date_gmt":"2025-07-29T00:08:00","guid":{"rendered":"https:\/\/fv6qoy3ls0.wpdns.site\/produto\/mochila-lowepro-tahoe-bp-150-negro\/"},"modified":"2026-03-13T15:00:33","modified_gmt":"2026-03-13T15:00:33","slug":"lowepro-mochila-lowepro-tahoe-bp-150-negro","status":"publish","type":"product","link":"https:\/\/hi-techwonder.com\/es\/producto\/lowepro-mochila-lowepro-tahoe-bp-150-negro\/","title":{"rendered":"Mochila LOWEPRO TAHOE BP 150 Negro"},"content":{"rendered":"<p><span style=\"font-size: small\">Mochila dise\u00f1ada para la vida activa<br \/>Mant\u00e9n tu equipo fotogr\u00e1fico y tu tableta protegidos y organizados en esta mochila ligera y deportiva.<br \/>La Tahoe BP 150 cuenta con un compartimento principal personalizable y un amplio bolsillo frontal que proporciona espacio de almacenamiento para accesorios. Incluye una bolsa dedicada para una tableta de hasta 10&#8243;.<br \/>Los materiales resistentes a las condiciones clim\u00e1ticas extremas ayudan a preservar tu mochila.<br \/>Esta mochila Tahoe cuenta con un interior cl\u00e1sico personalizable de Lowepro, con divisores acolchados, junto con el panel UltraFlex\u2122 en el compartimento principal.<br \/>Puede suspender de forma segura una tableta de 10&#8243; en la bolsa CradleFit\u2122 dedicada. <\/p>\n<p><strong>Especificaciones t\u00e9cnicas<\/strong><\/p>\n<p>Esta mochila lleva:<br \/><\/span><\/p>\n<ul>\n<li><span style=\"font-size: small\">C\u00e1mara r\u00e9flex digital con objetivo acoplado (por ejemplo, Canon Rebel T5i, 18-135 mm)<\/span><\/li>\n<li><span style=\"font-size: small\">Flash y lente adicional (hasta 50 mm)<\/span><\/li>\n<li><span style=\"font-size: small\">Accesorios personales<\/span><\/li>\n<\/ul>\n<p><span style=\"font-size: small\"><br \/>Dimensiones y peso:<br \/><\/span><\/p>\n<ul>\n<li><span style=\"font-size: small\">Dimensiones exteriores (ancho x fondo x alto): 27,5 x 21,7 x 40,3 cm<\/span><\/li>\n<li><span style=\"font-size: small\">Dimensiones interiores (ancho x fondo x alto): 25,5 x 12,8 x 36 cm<\/span><\/li>\n<li><span style=\"font-size: small\">Peso: 0,8 kg<\/span><\/li>\n<\/ul>\n","protected":false},"excerpt":{"rendered":"<p>Mochila dise\u00f1ada para la vida activaMant\u00e9n tu equipo fotogr\u00e1fico y tu tableta protegidos y organizados en esta mochila ligera y<\/p>\n","protected":false},"featured_media":34220,"comment_status":"closed","ping_status":"open","template":"","meta":{"_acf_changed":false},"product_brand":[2641],"product_cat":[907],"product_tag":[],"class_list":{"0":"post-73168","1":"product","2":"type-product","3":"status-publish","4":"has-post-thumbnail","6":"product_brand-lowepro-es","7":"product_cat-mochilas-es","9":"first","10":"instock","11":"taxable","12":"shipping-taxable","13":"purchasable","14":"product-type-simple"},"bundled_by":[],"bundle_stock_status":"instock","bundle_stock_quantity":2,"bundle_virtual":false,"bundle_layout":"","bundle_add_to_cart_form_location":"","bundle_editable_in_cart":false,"bundle_sold_individually_context":"","bundle_item_grouping":"","bundle_min_size":"","bundle_max_size":"","bundle_price":[],"bundled_items":[],"bundle_sell_ids":[],"acf":[],"_links":{"self":[{"href":"https:\/\/hi-techwonder.com\/es\/wp-json\/wp\/v2\/product\/73168","targetHints":{"allow":["GET"]}}],"collection":[{"href":"https:\/\/hi-techwonder.com\/es\/wp-json\/wp\/v2\/product"}],"about":[{"href":"https:\/\/hi-techwonder.com\/es\/wp-json\/wp\/v2\/types\/product"}],"replies":[{"embeddable":true,"href":"https:\/\/hi-techwonder.com\/es\/wp-json\/wp\/v2\/comments?post=73168"}],"wp:featuredmedia":[{"embeddable":true,"href":"https:\/\/hi-techwonder.com\/es\/wp-json\/wp\/v2\/media\/34220"}],"wp:attachment":[{"href":"https:\/\/hi-techwonder.com\/es\/wp-json\/wp\/v2\/media?parent=73168"}],"wp:term":[{"taxonomy":"product_brand","embeddable":true,"href":"https:\/\/hi-techwonder.com\/es\/wp-json\/wp\/v2\/product_brand?post=73168"},{"taxonomy":"product_cat","embeddable":true,"href":"https:\/\/hi-techwonder.com\/es\/wp-json\/wp\/v2\/product_cat?post=73168"},{"taxonomy":"product_tag","embeddable":true,"href":"https:\/\/hi-techwonder.com\/es\/wp-json\/wp\/v2\/product_tag?post=73168"}],"curies":[{"name":"wp","href":"https:\/\/api.w.org\/{rel}","templated":true}]}}