{"id":73171,"date":"2025-07-29T00:08:25","date_gmt":"2025-07-29T00:08:25","guid":{"rendered":"https:\/\/fv6qoy3ls0.wpdns.site\/produto\/lowepro-photo-active-bp-200-aw-negro-gris\/"},"modified":"2026-02-11T15:04:23","modified_gmt":"2026-02-11T15:04:23","slug":"lowepro-photo-active-bp-200-aw-negro-gris","status":"publish","type":"product","link":"https:\/\/hi-techwonder.com\/es\/producto\/lowepro-photo-active-bp-200-aw-negro-gris\/","title":{"rendered":"LOWEPRO Photo Active BP 200 AW Negro\/Gris"},"content":{"rendered":"<p><span style=\"color: #000000;\">La mochila <strong>Photo A<\/strong> Lowepro es \u00fatil para fomentar los viajes y las actividades al aire libre, est\u00e1 fabricada con materiales DryZone con una clasificaci\u00f3n IP 6\/7 y tiene una cubierta para todo tipo de clima para una protecci\u00f3n adicional contra las temperaturas.<\/span><\/p>\n<p><object data=\"https:\/\/www.youtube.com\/v\/Mmr0zcH85KQ\" type=\"application\/x-shockwave-flash\" width=\"425\" height=\"350\"><param name=\"src\" value=\"https:\/\/www.youtube.com\/v\/Mmr0zcH85KQ\"><\/object><\/p>\n<p><strong><span style=\"color: #000000;\">Recursos:<\/span><\/strong><\/p>\n<ul>\n<li><span style=\"color: #000000;\">El sistema divisor QuickShelf\u2122 se abre en un estante de 3 capas o se pliega<\/span><\/li>\n<li><span style=\"color: #000000;\">Los paneles de acceso laterales dobles ofrecen un acceso r\u00e1pido a la c\u00e1mara y al equipo<\/span><\/li>\n<li><span style=\"color: #000000;\">El bolsillo CradleFit\u2122 tiene capacidad para una tableta de 12 pulgadas o 2 litros de hidrataci\u00f3n<\/span><\/li>\n<li><span style=\"color: #000000;\">Panel trasero ActivZone\u2122 ventilado y ergon\u00f3mico<\/span><\/li>\n<li><span style=\"color: #000000;\">Cubierta\u2122 AW para todo clima para una protecci\u00f3n adicional contra los elementos<\/span><\/li>\n<\/ul>\n<p><span style=\"color: #000000;\">&nbsp;<\/span><\/p>\n<p><span style=\"color: #000000;\">La mochila Photo Active\u2122 de Lowepro es una excelente opci\u00f3n para los fot\u00f3grafos entusiastas que necesitan un paquete de c\u00e1mara liviano y resistente para entornos al aire libre o para el uso diario. Desde una caminata de un d\u00eda hasta viajes de vacaciones, Photo Active mantiene su c\u00e1mara y equipo de video accesibles y protegidos para que pueda capturar y compartir su aventura. <\/span><\/p>\n<div>\n<h2 class=\"western\"><span style=\"font-family: OpenSans, 'Segoe UI', Helvetica, Arial, sans-serif;\"><span style=\"font-size: small;\"><span style=\"color: #000000;\">Especificaciones de Lowepro BP 200 AW<\/span><\/span><\/span><\/h2>\n<table style=\"width: 597px;\" border=\"0\" cellspacing=\"0\" cellpadding=\"2\">\n<colgroup>\n<col width=\"136\">\n<col width=\"452\"><\/colgroup>\n<tbody>\n<tr>\n<td width=\"136\">\n<p style=\"border-top: none; border-bottom: 1px solid #e6e7e8; border-left: none; border-right: none; padding: 0cm 0cm 0.53cm 0cm;\"><span style=\"font-size: small;\"><span style=\"color: #000000;\">Recursos<\/span><\/span><\/p>\n<\/td>\n<td width=\"452\">\n<p style=\"border-top: none; border-bottom: 1px solid #e6e7e8; border-left: none; border-right: none; padding: 0cm 0cm 0.53cm 0cm;\"><span style=\"font-size: small;\"><span style=\"color: #000000;\">Bucles para accesorios, divisores internos ajustables, compatible con vejiga de hidrataci\u00f3n, divisores internos extra\u00edbles, bolsillo para tableta, soporte para tr\u00edpode<\/span><\/span><\/p>\n<\/td>\n<\/tr>\n<tr>\n<td width=\"136\">\n<p style=\"border-top: none; border-bottom: 1px solid #e6e7e8; border-left: none; border-right: none; padding: 0cm 0cm 0.53cm 0cm;\"><span style=\"font-size: small;\"><span style=\"color: #000000;\">Opciones de env\u00edo \/ transporte<\/span><\/span><\/p>\n<\/td>\n<td width=\"452\">\n<p style=\"border-top: none; border-bottom: 1px solid #e6e7e8; border-left: none; border-right: none; padding: 0cm 0cm 0.53cm 0cm;\"><span style=\"font-size: small;\"><span style=\"color: #000000;\">Correas de mochila, trabilla para cintur\u00f3n<\/span><\/span><\/p>\n<\/td>\n<\/tr>\n<tr>\n<td width=\"136\">\n<p style=\"border-top: none; border-bottom: 1px solid #e6e7e8; border-left: none; border-right: none; padding: 0cm 0cm 0.53cm 0cm;\"><span style=\"font-size: small;\"><span style=\"color: #000000;\">Correa de soporte de c\u00e1mara<\/span><\/span><\/p>\n<\/td>\n<td width=\"452\">\n<p style=\"border-top: none; border-bottom: 1px solid #e6e7e8; border-left: none; border-right: none; padding: 0cm 0cm 0.53cm 0cm;\"><span style=\"font-size: small;\"><span style=\"color: #000000;\">Opcional, tr\u00edpode<\/span><\/span><\/p>\n<\/td>\n<\/tr>\n<\/tbody>\n<\/table>\n<table style=\"width: 369px;\" border=\"0\" cellspacing=\"0\" cellpadding=\"2\">\n<colgroup>\n<col width=\"307\">\n<col width=\"54\"><\/colgroup>\n<tbody>\n<tr>\n<th colspan=\"2\" width=\"365\">\n<p class=\"western\" style=\"border: none; padding: 0cm; font-weight: normal;\"><span style=\"color: #000000;\"><a name=\"241749\"><\/a>Revistas<\/span><\/p>\n<\/th>\n<\/tr>\n<tr>\n<td width=\"307\">\n<p style=\"border-top: none; border-bottom: 1px solid #e6e7e8; border-left: none; border-right: none; padding: 0cm 0cm 0.53cm 0cm;\"><span style=\"font-size: small;\"><span style=\"color: #000000;\">Tama\u00f1o de la pantalla del compartimento del port\u00e1til<\/span><\/span><\/p>\n<\/td>\n<td width=\"54\">\n<p style=\"border-top: none; border-bottom: 1px solid #e6e7e8; border-left: none; border-right: none; padding: 0cm 0cm 0.53cm 0cm;\"><span style=\"font-size: small;\"><span style=\"color: #000000;\">12,0&#8243;<\/span><\/span><\/p>\n<\/td>\n<\/tr>\n<\/tbody>\n<\/table>\n<table style=\"width: 583px;\" border=\"0\" cellspacing=\"0\" cellpadding=\"2\">\n<colgroup>\n<col width=\"186\">\n<col width=\"389\"><\/colgroup>\n<tbody>\n<tr>\n<th colspan=\"2\" width=\"579\">\n<p class=\"western\" style=\"border: none; padding: 0cm; font-weight: normal;\"><span style=\"color: #000000;\"><a name=\"242282\"><\/a>Exterior<\/span><\/p>\n<\/th>\n<\/tr>\n<tr>\n<td width=\"186\">\n<p style=\"border-top: none; border-bottom: 1px solid #e6e7e8; border-left: none; border-right: none; padding: 0cm 0cm 0.53cm 0cm;\"><span style=\"font-size: small;\"><span style=\"color: #000000;\">Dimensiones externas<\/span><\/span><\/p>\n<\/td>\n<td width=\"389\">\n<p style=\"border-top: none; border-bottom: 1px solid #e6e7e8; border-left: none; border-right: none; padding: 0cm 0cm 0.53cm 0cm;\"><span style=\"font-size: small;\"><span style=\"color: #000000;\">26,42 x 16 x 44,45 cm<\/span><\/span><\/p>\n<\/td>\n<\/tr>\n<tr>\n<td width=\"186\">\n<p style=\"border-top: none; border-bottom: 1px solid #e6e7e8; border-left: none; border-right: none; padding: 0cm 0cm 0.53cm 0cm;\"><span style=\"font-size: small;\"><span style=\"color: #000000;\">Material externo<\/span><\/span><\/p>\n<\/td>\n<td width=\"389\">\n<p style=\"border-top: none; border-bottom: 1px solid #e6e7e8; border-left: none; border-right: none; padding: 0cm 0cm 0.53cm 0cm;\"><span style=\"font-size: small;\"><span style=\"color: #000000;\">Nylon, Poli\u00e9ster<\/span><\/span><\/p>\n<\/td>\n<\/tr>\n<tr>\n<td width=\"186\">\n<p style=\"border-top: none; border-bottom: 1px solid #e6e7e8; border-left: none; border-right: none; padding: 0cm 0cm 0.53cm 0cm;\"><span style=\"font-size: small;\"><span style=\"color: #000000;\">Tipo de cierre<\/span><\/span><\/p>\n<\/td>\n<td width=\"389\">\n<p style=\"border-top: none; border-bottom: 1px solid #e6e7e8; border-left: none; border-right: none; padding: 0cm 0cm 0.53cm 0cm;\"><span style=\"font-size: small;\"><span style=\"color: #000000;\">Cremallera<\/span><\/span><\/p>\n<\/td>\n<\/tr>\n<tr>\n<td width=\"186\">\n<p style=\"border-top: none; border-bottom: 1px solid #e6e7e8; border-left: none; border-right: none; padding: 0cm 0cm 0.53cm 0cm;\"><span style=\"font-size: small;\"><span style=\"color: #000000;\">Resistencia al agua<\/span><\/span><\/p>\n<\/td>\n<td width=\"389\">\n<p style=\"border-top: none; border-bottom: 1px solid #e6e7e8; border-left: none; border-right: none; padding: 0cm 0cm 0.53cm 0cm;\"><span style=\"font-size: small;\"><span style=\"color: #000000;\">Cubierta para la lluvia, material resistente al agua<\/span><\/span><\/p>\n<\/td>\n<\/tr>\n<tr>\n<td width=\"186\">\n<p style=\"border-top: none; border-bottom: 1px solid #e6e7e8; border-left: none; border-right: none; padding: 0cm 0cm 0.53cm 0cm;\"><span style=\"font-size: small;\"><span style=\"color: #000000;\">Clasificaci\u00f3n IP<\/span><\/span><\/p>\n<\/td>\n<td width=\"389\">\n<p style=\"border-top: none; border-bottom: 1px solid #e6e7e8; border-left: none; border-right: none; padding: 0cm 0cm 0.53cm 0cm;\"><span style=\"font-size: small;\"><span style=\"color: #000000;\">IP67<\/span><\/span><\/p>\n<\/td>\n<\/tr>\n<\/tbody>\n<\/table>\n<table style=\"width: 594px;\" border=\"0\" cellspacing=\"0\" cellpadding=\"2\">\n<colgroup>\n<col width=\"180\">\n<col width=\"406\"><\/colgroup>\n<tbody>\n<tr>\n<th colspan=\"2\" width=\"590\">\n<p class=\"western\" style=\"border: none; padding: 0cm; font-weight: normal;\"><span style=\"color: #000000;\"><a name=\"242283\"><\/a>Interior<\/span><\/p>\n<\/th>\n<\/tr>\n<tr>\n<td width=\"180\">\n<p style=\"border-top: none; border-bottom: 1px solid #e6e7e8; border-left: none; border-right: none; padding: 0cm 0cm 0.53cm 0cm;\"><span style=\"font-size: small;\"><span style=\"color: #000000;\">Dimensiones interiores<\/span><\/span><\/p>\n<\/td>\n<td width=\"406\">\n<p style=\"border-top: none; border-bottom: 1px solid #e6e7e8; border-left: none; border-right: none; padding: 0cm 0cm 0.53cm 0cm;\"><span style=\"font-size: small;\"><span style=\"color: #000000;\">23,88 x 11,94 x 41,91 cm<\/span><\/span><\/p>\n<\/td>\n<\/tr>\n<tr>\n<td width=\"180\">\n<p style=\"border-top: none; border-bottom: 1px solid #e6e7e8; border-left: none; border-right: none; padding: 0cm 0cm 0.53cm 0cm;\"><span style=\"font-size: small;\"><span style=\"color: #000000;\">Material interno<\/span><\/span><\/p>\n<\/td>\n<td width=\"406\">\n<p style=\"border-top: none; border-bottom: 1px solid #e6e7e8; border-left: none; border-right: none; padding: 0cm 0cm 0.53cm 0cm;\"><span style=\"font-size: small;\"><span style=\"color: #000000;\">Tejer<\/span><\/span><\/p>\n<\/td>\n<\/tr>\n<tr>\n<td width=\"180\">\n<p style=\"border-top: none; border-bottom: 1px solid #e6e7e8; border-left: none; border-right: none; padding: 0cm 0cm 0.53cm 0cm;\"><span style=\"font-size: small;\"><span style=\"color: #000000;\">Volumen m\u00e1ximo<\/span><\/span><\/p>\n<\/td>\n<td width=\"406\">\n<p style=\"border-top: none; border-bottom: 1px solid #e6e7e8; border-left: none; border-right: none; padding: 0cm 0cm 0.53cm 0cm;\"><span style=\"font-size: small;\"><span style=\"color: #000000;\">22 litros<\/span><\/span><\/p>\n<\/td>\n<\/tr>\n<tr>\n<td width=\"180\">\n<p style=\"border-top: none; border-bottom: 1px solid #e6e7e8; border-left: none; border-right: none; padding: 0cm 0cm 0.53cm 0cm;\"><span style=\"font-size: small;\"><span style=\"color: #000000;\">Peso<\/span><\/span><\/p>\n<\/td>\n<td width=\"406\">\n<p style=\"border-top: none; border-bottom: 1px solid #e6e7e8; border-left: none; border-right: none; padding: 0cm 0cm 0.53cm 0cm;\"><span style=\"font-size: small;\"><span style=\"color: #000000;\">1,2 kg<\/span><\/span><\/p>\n<\/td>\n<\/tr>\n<\/tbody>\n<\/table>\n<p><span style=\"color: #000000;\">&nbsp;<\/span><\/p>\n<\/div>\n","protected":false},"excerpt":{"rendered":"<p>La mochila Photo A Lowepro es \u00fatil para fomentar los viajes y las actividades al aire libre, est\u00e1 fabricada con<\/p>\n","protected":false},"featured_media":34276,"comment_status":"closed","ping_status":"open","template":"","meta":{"_acf_changed":false},"product_brand":[2641],"product_cat":[907],"product_tag":[],"class_list":{"0":"post-73171","1":"product","2":"type-product","3":"status-publish","4":"has-post-thumbnail","6":"product_brand-lowepro-es","7":"product_cat-mochilas-es","9":"first","10":"instock","11":"taxable","12":"shipping-taxable","13":"purchasable","14":"product-type-simple"},"bundled_by":[],"bundle_stock_status":"instock","bundle_stock_quantity":2,"bundle_virtual":false,"bundle_layout":"","bundle_add_to_cart_form_location":"","bundle_editable_in_cart":false,"bundle_sold_individually_context":"","bundle_item_grouping":"","bundle_min_size":"","bundle_max_size":"","bundle_price":[],"bundled_items":[],"bundle_sell_ids":[],"acf":[],"_links":{"self":[{"href":"https:\/\/hi-techwonder.com\/es\/wp-json\/wp\/v2\/product\/73171","targetHints":{"allow":["GET"]}}],"collection":[{"href":"https:\/\/hi-techwonder.com\/es\/wp-json\/wp\/v2\/product"}],"about":[{"href":"https:\/\/hi-techwonder.com\/es\/wp-json\/wp\/v2\/types\/product"}],"replies":[{"embeddable":true,"href":"https:\/\/hi-techwonder.com\/es\/wp-json\/wp\/v2\/comments?post=73171"}],"wp:featuredmedia":[{"embeddable":true,"href":"https:\/\/hi-techwonder.com\/es\/wp-json\/wp\/v2\/media\/34276"}],"wp:attachment":[{"href":"https:\/\/hi-techwonder.com\/es\/wp-json\/wp\/v2\/media?parent=73171"}],"wp:term":[{"taxonomy":"product_brand","embeddable":true,"href":"https:\/\/hi-techwonder.com\/es\/wp-json\/wp\/v2\/product_brand?post=73171"},{"taxonomy":"product_cat","embeddable":true,"href":"https:\/\/hi-techwonder.com\/es\/wp-json\/wp\/v2\/product_cat?post=73171"},{"taxonomy":"product_tag","embeddable":true,"href":"https:\/\/hi-techwonder.com\/es\/wp-json\/wp\/v2\/product_tag?post=73171"}],"curies":[{"name":"wp","href":"https:\/\/api.w.org\/{rel}","templated":true}]}}