{"id":73181,"date":"2025-07-29T00:08:09","date_gmt":"2025-07-29T00:08:09","guid":{"rendered":"https:\/\/fv6qoy3ls0.wpdns.site\/produto\/lowepro-freeline-350-aw-negro\/"},"modified":"2026-02-11T15:41:24","modified_gmt":"2026-02-11T15:41:24","slug":"lowepro-freeline-350-aw-negro","status":"publish","type":"product","link":"https:\/\/hi-techwonder.com\/es\/producto\/lowepro-freeline-350-aw-negro\/","title":{"rendered":"LOWEPRO FreeLine 350 AW Negro"},"content":{"rendered":"<p>Productos destacados:<\/p>\n<ul>\n<li><span style=\"color: #000000;\">Mochila vers\u00e1til y multiconfiguraci\u00f3n<\/span><\/li>\n<li><span style=\"color: #000000;\">Amplio compartimento principal<\/span><\/li>\n<li><span style=\"color: #000000;\">Sistema de estantes internos extra\u00edbles<\/span><\/li>\n<li><span style=\"color: #000000;\">Bolsa de equipo extra\u00edble<\/span><\/li>\n<li><span style=\"color: #000000;\">Acceso trasero y lateral<\/span><\/li>\n<li><span style=\"color: #000000;\">Bolsillo acolchado para port\u00e1til de 15&#8243;<\/span><\/li>\n<li><span style=\"color: #000000;\">M\u00faltiples bolsillos organizativos<\/span><\/li>\n<li><span style=\"color: #000000;\">Bolsillo para smartphone con correa de mochila<\/span><\/li>\n<li><span style=\"color: #000000;\">Paso para el asa del carro de equipaje<\/span><\/li>\n<li><span style=\"color: #000000;\">Resistente a la intemperie, cubierta para la lluvia<\/span><\/li>\n<\/ul>\n<p><span style=\"color: #000000;\">&nbsp;<\/span><\/p>\n<p><span style=\"color: #000000;\">Esta mochila Lowepro FreeLine 350 AW negra es una bolsa vers\u00e1til que cuenta con dos configuraciones principales. Dentro de su espacioso compartimento principal, un sistema de partici\u00f3n extra\u00edble y plegable forma tres estantes que se pueden utilizar para almacenar equipos de c\u00e1mara, video, audio o medios digitales. Los estantes pueden acomodar un kit de c\u00e1mara DSLR con una lente de 70-200 mm f \/ 2.8, y para mejorar la capacidad de organizar el contenido de esta bolsa, se incluye una bolsa de equipo Lowepro Gear Box. Los cables, adaptadores y otros elementos esenciales para los dispositivos transportados por la mochila FreeLine 350 AW se pueden insertar dentro de la caja de cambios, manteni\u00e9ndolos organizados y disponibles. El acceso completo al interior de la mochila FreeLine 350 AW es posible gracias a un panel trasero con cremallera, mientras que dos ventilaciones laterales con cremallera complementan a\u00fan m\u00e1s el sistema de partici\u00f3n plegable y la caja de cambios. Durante el uso, se puede acceder a los estantes del sistema divisor plegable y a la propia caja de cambios cuando la bolsa se gira de atr\u00e1s hacia adelante con la abertura lateral hacia arriba. Cada abertura lateral tambi\u00e9n ofrece bolsillos organizativos internos para tarjetas de memoria, bater\u00edas u otros accesorios que a menudo se cambian cuando se retira un art\u00edculo o se coloca dentro de una bolsa.      <\/span><\/p>\n<p><span style=\"color: #000000;\">&nbsp;<\/span><\/p>\n<p><span style=\"color: #000000;\">Cuando se usa la mochila FreeLine 350 AW, un compartimento dedicado para computadoras port\u00e1tiles de 15&#8243; se encuentra directamente detr\u00e1s de los hombros, seguido del compartimento principal y un bolsillo frontal para art\u00edculos a los que se debe acceder de manera r\u00e1pida y conveniente, como un par de gafas de sol o auriculares para reproductores de m\u00fasica. Colocado sobre la base de la mochila, el compartimento para computadora port\u00e1til ayuda a minimizar el efecto de cualquier golpe o golpe en su contenido. A lo largo del exterior de cada abertura lateral con cremallera, hay un bolsillo grande y abierto que puede contener una botella de agua, un tr\u00edpode, un monopi\u00e9 o un bast\u00f3n de trekking; Cualquiera de los cuales se puede sujetar con una correa de bloqueo sobre cada bolsillo.  <\/span><\/p>\n<p><span style=\"color: #000000;\">&nbsp;<\/span><\/p>\n<p><span style=\"color: #000000;\">La mochila FreeLine 350 AW se puede transportar con su correa superior incorporada o con sus correas ajustables. Una cremallera a lo largo del borde interior de la correa que descansa sobre el hombro izquierdo del usuario se abre para revelar un bolsillo extra\u00edble para tel\u00e9fonos inteligentes que acomoda incluso dispositivos m\u00f3viles de pantalla grande. Cuando se viaja en terrenos dif\u00edciles o irregulares, el cintur\u00f3n de la bolsa transfiere peso a las caderas para mayor comodidad, mientras que la correa del estern\u00f3n limita a\u00fan m\u00e1s los desplazamientos involuntarios alrededor del usuario.  <\/span><\/p>\n<p><span style=\"color: #000000;\">&nbsp;<\/span><\/p>\n<p><span style=\"color: #000000;\">Con una construcci\u00f3n de nailon duradera y resistente a la intemperie, las correas de sujeci\u00f3n de esta mochila en los lados y la cara del panel frontal permiten que las bolsas con correas externas, como la caja de cambios, se sujeten o aten a la superficie de esta bolsa. Cuando se viaja con una maleta con ruedas que tiene un asa telesc\u00f3pica de doble columna, una tira de paso en el centro del panel trasero de la mochila FreeLine 350 AW permite montar esta bolsa en dichas asas para mayor comodidad. <\/span><\/p>\n<p><span style=\"color: #000000;\">&nbsp;<\/span><\/p>\n<p><strong><span style=\"color: #000000;\">Capacidad<\/span><\/strong><\/p>\n<ul>\n<li><span style=\"color: #000000;\">Mochila vers\u00e1til con dos configuraciones principales<\/span><\/li>\n<li><span style=\"color: #000000;\">El sistema de partici\u00f3n extra\u00edble dentro del espacioso compartimento principal forma tres estantes que se pueden usar para almacenar equipos de c\u00e1mara, video, audio o medios digitales<\/span><\/li>\n<li><span style=\"color: #000000;\">Divisores para estantes del sistema divisor<\/span><\/li>\n<li><span style=\"color: #000000;\">La bolsa de equipo Lowepro Gear Box incluida con apertura con cremallera es adecuada para cables, adaptadores y otros elementos esenciales del dispositivo<\/span><\/li>\n<li><span style=\"color: #000000;\">El compartimento dedicado para computadora port\u00e1til de 15&#8243; est\u00e1 colocado sobre la base de la mochila para ayudar a minimizar el efecto de cualquier golpe o golpe en su contenido<\/span><\/li>\n<li><span style=\"color: #000000;\">Bolsillo frontal para art\u00edculos a los que se debe acceder de forma r\u00e1pida y c\u00f3moda, como un par de gafas de sol o auriculares con reproductor de m\u00fasica<\/span><\/li>\n<li><span style=\"color: #000000;\">Dos bolsillos laterales grandes y abiertos pueden contener y asegurar una botella de agua, un tr\u00edpode, un monopi\u00e9 o un bast\u00f3n de trekking<\/span><\/li>\n<li><span style=\"color: #000000;\">Se puede acceder a los estantes del sistema de partici\u00f3n plegable y a la caja de engranajes a trav\u00e9s de aberturas laterales con cremallera cuando la bolsa se gira de atr\u00e1s hacia adelante con la abertura lateral hacia arriba<\/span><\/li>\n<li><span style=\"color: #000000;\">Cada abertura lateral tambi\u00e9n tiene pr\u00e1cticos bolsillos internos para tarjetas de memoria, bater\u00edas u otros accesorios que se cambian con frecuencia<\/span><\/li>\n<li><span style=\"color: #000000;\">La correa para el hombro izquierdo incluye un bolsillo extra\u00edble para tel\u00e9fono inteligente que se adapta incluso a dispositivos m\u00f3viles de pantalla grande<\/span><\/li>\n<li><span style=\"color: #000000;\">Las correas de sujeci\u00f3n externas permiten sujetar o atar bolsas con correas externas, como la caja de cambios, al panel frontal de la mochila<\/span><\/li>\n<\/ul>\n<p><strong><span style=\"color: #000000;\">Ajuste y manejo<\/span><\/strong><\/p>\n<ul>\n<li><span style=\"color: #000000;\">Las opciones de transporte incluyen asa superior incorporada y correas de hombro acolchadas y ajustables<\/span><\/li>\n<li><span style=\"color: #000000;\">El cintur\u00f3n transfiere el peso a las caderas para mayor comodidad, mientras que la correa del estern\u00f3n limita a\u00fan m\u00e1s el movimiento involuntario alrededor del usuario<\/span><\/li>\n<li><span style=\"color: #000000;\">Tira de paso del panel trasero para un montaje c\u00f3modo en el mango telesc\u00f3pico de doble columna de una caja rodante<\/span><\/li>\n<li><span style=\"color: #000000;\">Construcci\u00f3n de nailon duradera y resistente a la intemperie<\/span><\/li>\n<li><span style=\"color: #000000;\">Cubierta para la lluvia para mayor protecci\u00f3n contra los elementos<\/span><\/li>\n<\/ul>\n<p style=\"margin-bottom: 0cm;\"><span style=\"color: #000000;\">&nbsp;<\/span><\/p>\n<table style=\"width: 643px;\" border=\"0\" cellspacing=\"0\" cellpadding=\"2\">\n<colgroup>\n<col width=\"160\">\n<col width=\"475\"><\/colgroup>\n<tbody>\n<tr>\n<td width=\"160\">\n<p style=\"border-top: none; border-bottom: 1px solid #e6e7e8; border-left: none; border-right: none; padding: 0cm 0cm 0.53cm 0cm;\"><span style=\"color: #000000;\">Recursos<\/span><\/p>\n<\/td>\n<td width=\"475\">\n<p style=\"border-top: none; border-bottom: 1px solid #e6e7e8; border-left: none; border-right: none; padding: 0cm 0cm 0.53cm 0cm;\"><span style=\"color: #000000;\">Bucles para accesorios, divisores internos ajustables, compartimento para computadora port\u00e1til, divisores internos extra\u00edbles<\/span><\/p>\n<\/td>\n<\/tr>\n<tr>\n<td width=\"160\">\n<p style=\"border-top: none; border-bottom: 1px solid #e6e7e8; border-left: none; border-right: none; padding: 0cm 0cm 0.53cm 0cm;\"><span style=\"color: #000000;\">Opciones de env\u00edo \/ transporte<\/span><\/p>\n<\/td>\n<td width=\"475\">\n<p style=\"border-top: none; border-bottom: 1px solid #e6e7e8; border-left: none; border-right: none; padding: 0cm 0cm 0.53cm 0cm;\"><span style=\"color: #000000;\">Correas de mochila, correa de estern\u00f3n, correa superior, manga de cochecito, cintur\u00f3n<\/span><\/p>\n<\/td>\n<\/tr>\n<\/tbody>\n<\/table>\n<table style=\"width: 369px;\" border=\"0\" cellspacing=\"0\" cellpadding=\"2\">\n<colgroup>\n<col width=\"307\">\n<col width=\"54\"><\/colgroup>\n<tbody>\n<tr>\n<th colspan=\"2\" width=\"365\">\n<p class=\"western\" style=\"border: none; padding: 0cm; font-weight: normal;\"><span style=\"color: #000000;\"><a name=\"241749\"><\/a><span style=\"font-size: x-large;\">Revistas<\/span><\/span><\/p>\n<\/th>\n<\/tr>\n<tr>\n<td width=\"307\">\n<p style=\"border-top: none; border-bottom: 1px solid #e6e7e8; border-left: none; border-right: none; padding: 0cm 0cm 0.53cm 0cm;\"><span style=\"color: #000000;\">Tama\u00f1o de la pantalla del compartimento del port\u00e1til<\/span><\/p>\n<\/td>\n<td width=\"54\">\n<p style=\"border-top: none; border-bottom: 1px solid #e6e7e8; border-left: none; border-right: none; padding: 0cm 0cm 0.53cm 0cm;\"><span style=\"color: #000000;\">15,0&#8243;<\/span><\/p>\n<\/td>\n<\/tr>\n<\/tbody>\n<\/table>\n<table style=\"width: 611px;\" border=\"0\" cellspacing=\"0\" cellpadding=\"2\">\n<colgroup>\n<col width=\"186\">\n<col width=\"418\"><\/colgroup>\n<tbody>\n<tr>\n<th colspan=\"2\" width=\"607\">\n<p class=\"western\" style=\"border: none; padding: 0cm; font-weight: normal;\"><span style=\"color: #000000;\"><a name=\"242282\"><\/a><span style=\"font-size: x-large;\">Exterior<\/span><\/span><\/p>\n<\/th>\n<\/tr>\n<tr>\n<td width=\"186\">\n<p style=\"border-top: none; border-bottom: 1px solid #e6e7e8; border-left: none; border-right: none; padding: 0cm 0cm 0.53cm 0cm;\"><span style=\"color: #000000;\">Dimensiones externas<\/span><\/p>\n<\/td>\n<td width=\"418\">\n<p style=\"border-top: none; border-bottom: 1px solid #e6e7e8; border-left: none; border-right: none; padding: 0cm 0cm 0.53cm 0cm;\"><span style=\"color: #000000;\">29,3 x 48,7 x 20,8 cm<\/span><\/p>\n<\/td>\n<\/tr>\n<tr>\n<td width=\"186\">\n<p style=\"border-top: none; border-bottom: 1px solid #e6e7e8; border-left: none; border-right: none; padding: 0cm 0cm 0.53cm 0cm;\"><span style=\"color: #000000;\">Material externo<\/span><\/p>\n<\/td>\n<td width=\"418\">\n<p style=\"border-top: none; border-bottom: 1px solid #e6e7e8; border-left: none; border-right: none; padding: 0cm 0cm 0.53cm 0cm;\"><span style=\"color: #000000;\">Nailon<\/span><\/p>\n<\/td>\n<\/tr>\n<tr>\n<td width=\"186\">\n<p style=\"border-top: none; border-bottom: 1px solid #e6e7e8; border-left: none; border-right: none; padding: 0cm 0cm 0.53cm 0cm;\"><span style=\"color: #000000;\">Tipo de cierre<\/span><\/p>\n<\/td>\n<td width=\"418\">\n<p style=\"border-top: none; border-bottom: 1px solid #e6e7e8; border-left: none; border-right: none; padding: 0cm 0cm 0.53cm 0cm;\"><span style=\"color: #000000;\">Cremallera<\/span><\/p>\n<\/td>\n<\/tr>\n<tr>\n<td width=\"186\">\n<p style=\"border-top: none; border-bottom: 1px solid #e6e7e8; border-left: none; border-right: none; padding: 0cm 0cm 0.53cm 0cm;\"><span style=\"color: #000000;\">Resistencia al agua<\/span><\/p>\n<\/td>\n<td width=\"418\">\n<p style=\"border-top: none; border-bottom: 1px solid #e6e7e8; border-left: none; border-right: none; padding: 0cm 0cm 0.53cm 0cm;\"><span style=\"color: #000000;\">Cubierta para la lluvia, material resistente al agua<\/span><\/p>\n<\/td>\n<\/tr>\n<\/tbody>\n<\/table>\n<table style=\"width: 560px;\" border=\"0\" cellspacing=\"0\" cellpadding=\"2\">\n<colgroup>\n<col width=\"180\">\n<col width=\"371\"><\/colgroup>\n<tbody>\n<tr>\n<th colspan=\"2\" width=\"556\">\n<p class=\"western\" style=\"border: none; padding: 0cm; font-weight: normal;\"><span style=\"color: #000000;\"><a name=\"242283\"><\/a><span style=\"font-size: x-large;\">Interior<\/span><\/span><\/p>\n<\/th>\n<\/tr>\n<tr>\n<td width=\"180\">\n<p style=\"border-top: none; border-bottom: 1px solid #e6e7e8; border-left: none; border-right: none; padding: 0cm 0cm 0.53cm 0cm;\"><span style=\"color: #000000;\">Dimensiones interiores<\/span><\/p>\n<\/td>\n<td width=\"371\">\n<p style=\"border-top: none; border-bottom: 1px solid #e6e7e8; border-left: none; border-right: none; padding: 0cm 0cm 0.53cm 0cm;\"><span style=\"color: #000000;\">25,5 x 17 x 18 cm<\/span><\/p>\n<\/td>\n<\/tr>\n<tr>\n<td width=\"180\">\n<p style=\"border-top: none; border-bottom: 1px solid #e6e7e8; border-left: none; border-right: none; padding: 0cm 0cm 0.53cm 0cm;\"><span style=\"color: #000000;\">Material interno<\/span><\/p>\n<\/td>\n<td width=\"371\">\n<p style=\"border-top: none; border-bottom: 1px solid #e6e7e8; border-left: none; border-right: none; padding: 0cm 0cm 0.53cm 0cm;\"><span style=\"color: #000000;\">Nailon<\/span><\/p>\n<\/td>\n<\/tr>\n<tr>\n<td width=\"180\">\n<p style=\"border-top: none; border-bottom: 1px solid #e6e7e8; border-left: none; border-right: none; padding: 0cm 0cm 0.53cm 0cm;\"><span style=\"color: #000000;\">Peso<\/span><\/p>\n<\/td>\n<td width=\"371\">\n<p style=\"border-top: none; border-bottom: 1px solid #e6e7e8; border-left: none; border-right: none; padding: 0cm 0cm 0.53cm 0cm;\"><span style=\"color: #000000;\">1,9 kg<\/span><\/p>\n<\/td>\n<\/tr>\n<\/tbody>\n<\/table>\n<p style=\"margin-bottom: 0cm;\"><strong><span style=\"color: #000000;\">En la caja:<\/span><\/strong><\/p>\n<ul>\n<li><span style=\"color: #000000;\">Mochila Lowepro FreeLine 350 AW (Negro)<\/span><\/li>\n<li><span style=\"color: #000000;\">Bolsa de caja de cambios<\/span><\/li>\n<li><span style=\"color: #000000;\">Partici\u00f3n interna<\/span><\/li>\n<li><span style=\"color: #000000;\">2 x Divisor<\/span><\/li>\n<li><span style=\"color: #000000;\">Impermeable<\/span><\/li>\n<\/ul>\n<p style=\"margin-bottom: 0cm;\"><object data=\"https:\/\/www.youtube.com\/v\/4MK7VGjHjqs\" type=\"application\/x-shockwave-flash\" width=\"425\" height=\"350\"><param name=\"src\" value=\"https:\/\/www.youtube.com\/v\/4MK7VGjHjqs\"><\/object><\/p>\n","protected":false},"excerpt":{"rendered":"<p>Productos destacados: Mochila vers\u00e1til y multiconfiguraci\u00f3n Amplio compartimento principal Sistema de estantes internos extra\u00edbles Bolsa de equipo extra\u00edble Acceso trasero<\/p>\n","protected":false},"featured_media":34242,"comment_status":"closed","ping_status":"open","template":"","meta":{"_acf_changed":false},"product_brand":[2641],"product_cat":[907],"product_tag":[],"class_list":{"0":"post-73181","1":"product","2":"type-product","3":"status-publish","4":"has-post-thumbnail","6":"product_brand-lowepro-es","7":"product_cat-mochilas-es","9":"first","10":"instock","11":"taxable","12":"shipping-taxable","13":"purchasable","14":"product-type-simple"},"bundled_by":[],"bundle_stock_status":"instock","bundle_stock_quantity":1,"bundle_virtual":false,"bundle_layout":"","bundle_add_to_cart_form_location":"","bundle_editable_in_cart":false,"bundle_sold_individually_context":"","bundle_item_grouping":"","bundle_min_size":"","bundle_max_size":"","bundle_price":[],"bundled_items":[],"bundle_sell_ids":[],"acf":[],"_links":{"self":[{"href":"https:\/\/hi-techwonder.com\/es\/wp-json\/wp\/v2\/product\/73181","targetHints":{"allow":["GET"]}}],"collection":[{"href":"https:\/\/hi-techwonder.com\/es\/wp-json\/wp\/v2\/product"}],"about":[{"href":"https:\/\/hi-techwonder.com\/es\/wp-json\/wp\/v2\/types\/product"}],"replies":[{"embeddable":true,"href":"https:\/\/hi-techwonder.com\/es\/wp-json\/wp\/v2\/comments?post=73181"}],"wp:featuredmedia":[{"embeddable":true,"href":"https:\/\/hi-techwonder.com\/es\/wp-json\/wp\/v2\/media\/34242"}],"wp:attachment":[{"href":"https:\/\/hi-techwonder.com\/es\/wp-json\/wp\/v2\/media?parent=73181"}],"wp:term":[{"taxonomy":"product_brand","embeddable":true,"href":"https:\/\/hi-techwonder.com\/es\/wp-json\/wp\/v2\/product_brand?post=73181"},{"taxonomy":"product_cat","embeddable":true,"href":"https:\/\/hi-techwonder.com\/es\/wp-json\/wp\/v2\/product_cat?post=73181"},{"taxonomy":"product_tag","embeddable":true,"href":"https:\/\/hi-techwonder.com\/es\/wp-json\/wp\/v2\/product_tag?post=73181"}],"curies":[{"name":"wp","href":"https:\/\/api.w.org\/{rel}","templated":true}]}}