{"id":73195,"date":"2025-07-29T00:09:58","date_gmt":"2025-07-29T00:09:58","guid":{"rendered":"https:\/\/fv6qoy3ls0.wpdns.site\/produto\/manfrotto-mochila-advanced-befree-iii\/"},"modified":"2026-02-10T17:49:52","modified_gmt":"2026-02-10T17:49:52","slug":"manfrotto-mochila-advanced-befree-iii","status":"publish","type":"product","link":"https:\/\/hi-techwonder.com\/es\/producto\/manfrotto-mochila-advanced-befree-iii\/","title":{"rendered":"MANFROTTO Mochila Advanced Befree III"},"content":{"rendered":"<p><strong>MANFROTTO Mochila Advanced Befree III<\/strong><\/p>\n<p><strong>MB MA3-BP-BF<\/strong><\/p>\n<p>Con la mochila Manfrotto Advanced Befree III 25L, almacena, protege y transporta una DSLR con un 70-200mm acoplado, seis lentes adicionales, accesorios, objetos personales y una tablet o port\u00e1til de hasta 15&#8243;. Esta mochila de tercera generaci\u00f3n recibe una actualizaci\u00f3n del sistema de protecci\u00f3n M-Guard para su equipo fotogr\u00e1fico. Con un interior personalizable, dividido entre material fotogr\u00e1fico y art\u00edculos personales y un compartimento de tecnolog\u00eda separado. Este es el bolso ideal para viajar y la vida cotidiana.   <\/p>\n<p><strong>Caracter\u00edsticas t\u00e9cnicas:<\/strong><\/p>\n<table border=\"0\" width=\"584\" cellspacing=\"0\" cellpadding=\"2\">\n<colgroup>\n<col width=\"220\">\n<col width=\"356\"><\/colgroup>\n<tbody>\n<tr>\n<td width=\"220\">Modelo<\/td>\n<td width=\"356\">MB MA3-BP-BF<\/td>\n<\/tr>\n<tr>\n<td width=\"220\">Color<\/td>\n<td width=\"356\">Negro<\/td>\n<\/tr>\n<tr>\n<td width=\"220\">Tipo de cierre<\/td>\n<td width=\"356\">Cremallera<\/td>\n<\/tr>\n<tr>\n<td width=\"220\">Volumen<\/td>\n<td width=\"356\">25 L<\/td>\n<\/tr>\n<tr>\n<td width=\"220\">Dimensiones<\/td>\n<p> internas<\/p>\n<td width=\"356\">Compartimento para c\u00e1mara: 25 x 14 x 44 cm \/ Compartimento superior: 25 x 14 x 12 cm<\/td>\n<\/tr>\n<tr>\n<td width=\"220\">Dimensiones<\/td>\n<p> externas<\/p>\n<td width=\"356\">33 x 21 x 49 cm<\/td>\n<\/tr>\n<tr>\n<td width=\"220\">Dimensiones para tableta o computadora port\u00e1til<\/td>\n<td width=\"356\">27 x 2 x 42 cm \/ Hasta 15&#8243;<\/td>\n<\/tr>\n<tr>\n<td>Material<\/td>\n<td>Tejido sint\u00e9tico<\/td>\n<\/tr>\n<tr>\n<td width=\"220\">Peso<\/td>\n<td width=\"356\">1,22 kg<\/td>\n<\/tr>\n<\/tbody>\n<\/table>\n","protected":false},"excerpt":{"rendered":"<p>MANFROTTO Mochila Advanced Befree III MB MA3-BP-BF Con la mochila Manfrotto Advanced Befree III 25L, almacena, protege y transporta una<\/p>\n","protected":false},"featured_media":34708,"comment_status":"closed","ping_status":"open","template":"","meta":{"_acf_changed":false},"product_brand":[2581],"product_cat":[907],"product_tag":[],"class_list":{"0":"post-73195","1":"product","2":"type-product","3":"status-publish","4":"has-post-thumbnail","6":"product_brand-manfrotto-es","7":"product_cat-mochilas-es","9":"first","10":"onbackorder","11":"taxable","12":"shipping-taxable","13":"purchasable","14":"product-type-simple"},"bundled_by":[],"bundle_stock_status":"onbackorder","bundle_stock_quantity":null,"bundle_virtual":false,"bundle_layout":"","bundle_add_to_cart_form_location":"","bundle_editable_in_cart":false,"bundle_sold_individually_context":"","bundle_item_grouping":"","bundle_min_size":"","bundle_max_size":"","bundle_price":[],"bundled_items":[],"bundle_sell_ids":[],"acf":[],"_links":{"self":[{"href":"https:\/\/hi-techwonder.com\/es\/wp-json\/wp\/v2\/product\/73195","targetHints":{"allow":["GET"]}}],"collection":[{"href":"https:\/\/hi-techwonder.com\/es\/wp-json\/wp\/v2\/product"}],"about":[{"href":"https:\/\/hi-techwonder.com\/es\/wp-json\/wp\/v2\/types\/product"}],"replies":[{"embeddable":true,"href":"https:\/\/hi-techwonder.com\/es\/wp-json\/wp\/v2\/comments?post=73195"}],"wp:featuredmedia":[{"embeddable":true,"href":"https:\/\/hi-techwonder.com\/es\/wp-json\/wp\/v2\/media\/34708"}],"wp:attachment":[{"href":"https:\/\/hi-techwonder.com\/es\/wp-json\/wp\/v2\/media?parent=73195"}],"wp:term":[{"taxonomy":"product_brand","embeddable":true,"href":"https:\/\/hi-techwonder.com\/es\/wp-json\/wp\/v2\/product_brand?post=73195"},{"taxonomy":"product_cat","embeddable":true,"href":"https:\/\/hi-techwonder.com\/es\/wp-json\/wp\/v2\/product_cat?post=73195"},{"taxonomy":"product_tag","embeddable":true,"href":"https:\/\/hi-techwonder.com\/es\/wp-json\/wp\/v2\/product_tag?post=73195"}],"curies":[{"name":"wp","href":"https:\/\/api.w.org\/{rel}","templated":true}]}}