{"id":73197,"date":"2025-07-29T00:10:25","date_gmt":"2025-07-29T00:10:25","guid":{"rendered":"https:\/\/fv6qoy3ls0.wpdns.site\/produto\/mochila-manfrotto-advanced-active-iii\/"},"modified":"2026-01-31T03:10:55","modified_gmt":"2026-01-31T03:10:55","slug":"manfrotto-mochila-manfrotto-advanced-active-iii","status":"publish","type":"product","link":"https:\/\/hi-techwonder.com\/es\/producto\/manfrotto-mochila-manfrotto-advanced-active-iii\/","title":{"rendered":"Mochila MANFROTTO Advanced Active III"},"content":{"rendered":"<p><strong>Mochila MANFROTTO Advanced Active III<\/strong><\/p>\n<p><strong>MB MA3-BP-A<\/strong><\/p>\n<p>Con la mochila Manfrotto 13L Advanced Active III, almacena, protege y transporta una DSLR o Mirrorless, con lentes adicionales, accesorios, objetos personales y una tablet o port\u00e1til de hasta 14&#8243;. Esta mochila de tercera generaci\u00f3n recibe una actualizaci\u00f3n del sistema de protecci\u00f3n M-Guard para su equipo fotogr\u00e1fico. Con un interior personalizable, dividido entre material fotogr\u00e1fico y art\u00edculos personales y un compartimento de tecnolog\u00eda separado. Este es el bolso ideal para viajar.   <\/p>\n<p><strong>Caracter\u00edsticas t\u00e9cnicas:<\/strong><\/p>\n<table border=\"0\" width=\"584\" cellspacing=\"0\" cellpadding=\"2\">\n<colgroup>\n<col width=\"220\">\n<col width=\"356\"><\/colgroup>\n<tbody>\n<tr>\n<td width=\"220\">Modelo<\/td>\n<td width=\"356\">MB MA3-BP-A<\/td>\n<\/tr>\n<tr>\n<td width=\"220\">Color<\/td>\n<td width=\"356\">Negro<\/td>\n<\/tr>\n<tr>\n<td width=\"220\">Tipo de cierre<\/td>\n<td width=\"356\">Cremallera<\/td>\n<\/tr>\n<tr>\n<td width=\"220\">Volumen<\/td>\n<td width=\"356\">13 L<\/td>\n<\/tr>\n<tr>\n<td width=\"220\">Dimensiones<\/td>\n<p> internas<\/p>\n<td width=\"356\">26 x 16,5 x 42 cm<\/td>\n<\/tr>\n<tr>\n<td>Compartimento de c\u00e1mara oscuro <\/td>\n<td>24 x 14 x 11 cm<\/td>\n<\/tr>\n<tr>\n<td>Dim. Compartimento Obj. Personal  <\/td>\n<td>18 x 14 x 21 cm<\/td>\n<\/tr>\n<tr>\n<td width=\"220\">Dimensiones<\/td>\n<p> externas<\/p>\n<td width=\"356\">29 x 18,5 x 46 cm<\/td>\n<\/tr>\n<tr>\n<td width=\"220\">Dimensiones para tableta o computadora port\u00e1til<\/td>\n<td width=\"356\">21 x 1 x 35 cm \/ Hasta 14&#8243;<\/td>\n<\/tr>\n<tr>\n<td>Material<\/td>\n<td>Tejido sint\u00e9tico<\/td>\n<\/tr>\n<tr>\n<td width=\"220\">Peso<\/td>\n<td width=\"356\">1,03 kg<\/td>\n<\/tr>\n<\/tbody>\n<\/table>\n","protected":false},"excerpt":{"rendered":"<p>Mochila MANFROTTO Advanced Active III MB MA3-BP-A Con la mochila Manfrotto 13L Advanced Active III, almacena, protege y transporta una<\/p>\n","protected":false},"featured_media":34739,"comment_status":"closed","ping_status":"open","template":"","meta":{"_acf_changed":false},"product_brand":[2581],"product_cat":[907],"product_tag":[],"class_list":{"0":"post-73197","1":"product","2":"type-product","3":"status-publish","4":"has-post-thumbnail","6":"product_brand-manfrotto-es","7":"product_cat-mochilas-es","9":"first","10":"instock","11":"taxable","12":"shipping-taxable","13":"purchasable","14":"product-type-simple"},"bundled_by":[],"bundle_stock_status":"instock","bundle_stock_quantity":1,"bundle_virtual":false,"bundle_layout":"","bundle_add_to_cart_form_location":"","bundle_editable_in_cart":false,"bundle_sold_individually_context":"","bundle_item_grouping":"","bundle_min_size":"","bundle_max_size":"","bundle_price":[],"bundled_items":[],"bundle_sell_ids":[],"acf":[],"_links":{"self":[{"href":"https:\/\/hi-techwonder.com\/es\/wp-json\/wp\/v2\/product\/73197","targetHints":{"allow":["GET"]}}],"collection":[{"href":"https:\/\/hi-techwonder.com\/es\/wp-json\/wp\/v2\/product"}],"about":[{"href":"https:\/\/hi-techwonder.com\/es\/wp-json\/wp\/v2\/types\/product"}],"replies":[{"embeddable":true,"href":"https:\/\/hi-techwonder.com\/es\/wp-json\/wp\/v2\/comments?post=73197"}],"wp:featuredmedia":[{"embeddable":true,"href":"https:\/\/hi-techwonder.com\/es\/wp-json\/wp\/v2\/media\/34739"}],"wp:attachment":[{"href":"https:\/\/hi-techwonder.com\/es\/wp-json\/wp\/v2\/media?parent=73197"}],"wp:term":[{"taxonomy":"product_brand","embeddable":true,"href":"https:\/\/hi-techwonder.com\/es\/wp-json\/wp\/v2\/product_brand?post=73197"},{"taxonomy":"product_cat","embeddable":true,"href":"https:\/\/hi-techwonder.com\/es\/wp-json\/wp\/v2\/product_cat?post=73197"},{"taxonomy":"product_tag","embeddable":true,"href":"https:\/\/hi-techwonder.com\/es\/wp-json\/wp\/v2\/product_tag?post=73197"}],"curies":[{"name":"wp","href":"https:\/\/api.w.org\/{rel}","templated":true}]}}