{"id":73198,"date":"2025-07-29T10:36:28","date_gmt":"2025-07-29T10:36:28","guid":{"rendered":"https:\/\/fv6qoy3ls0.wpdns.site\/produto\/manfrotto-mk290xta3-rotula-esferica\/"},"modified":"2026-02-11T15:15:43","modified_gmt":"2026-02-11T15:15:43","slug":"manfrotto-mk290xta3-rotula-esferica","status":"publish","type":"product","link":"https:\/\/hi-techwonder.com\/es\/producto\/manfrotto-mk290xta3-rotula-esferica\/","title":{"rendered":"MANFROTTO MK290XTA3 + R\u00f3tula Esf\u00e9rica"},"content":{"rendered":"<p><span style=\"font-size: small;\">El nuevo 290 Xtra es la soluci\u00f3n perfecta en t\u00e9rminos de estabilidad para los fot\u00f3grafos aficionados.<br \/>El 290 Xtra es un tr\u00edpode de 3 secciones, el m\u00e1s grande de la l\u00ednea 290, con tubos de patas de aluminio y fundici\u00f3n superior especial, lo que aumenta la rigidez, la durabilidad y el rendimiento. Sus palancas de bloqueo de patas de aluminio son ajustables en tensi\u00f3n, por lo que se pueden apretar para contrarrestar cualquier efecto de envejecimiento y desgaste, manteniendo el tr\u00edpode completamente funcional durante su larga vida \u00fatil. La caracter\u00edstica principal de este tr\u00edpode es la elecci\u00f3n de cuatro posiciones de \u00e1ngulo de patas que maximizan la creatividad de disparo. Su columna central r\u00e1pida agrega flexibilidad y extiende el rango de altura m\u00ednima-m\u00e1xima. Un nuevo calentador de goma garantiza un agarre c\u00f3modo y la m\u00e1xima ergonom\u00eda. El tr\u00edpode viene con una bolsa de hombro dedicada, lo que garantiza una c\u00f3moda portabilidad en todo momento.<br \/>El 290 Xtra viene en un kit con una r\u00f3tula de bola central dise\u00f1ada espec\u00edficamente para ser compacta y transportable. Su amplio movimiento esf\u00e9rico, junto con su mecanismo de placa de liberaci\u00f3n r\u00e1pida, permiten un encuadre r\u00e1pido y f\u00e1cil. El cabezal que lleva la placa 200 PL est\u00e1 hecho completamente de aluminio y cuenta con control de fricci\u00f3n para ayudar a los fot\u00f3grafos a realizar los mejores ajustes en sus composiciones, incluso con equipos pesados.       <\/span><\/p>\n<p><strong>En la caja<\/strong><\/p>\n<ul>\n<li><a href=\"https:\/\/hi-techwonder.com\/manfrotto-tripe-mt290xta3\" target=\"_blank\" rel=\"noopener\">Tr\u00edpode de aluminio MT290XTA3<\/a><\/li>\n<li>R\u00f3tula Compacta 496RC2<\/li>\n<li>Placa de liberaci\u00f3n r\u00e1pida 200PL-14<\/li>\n<li>Bandolera<\/li>\n<\/ul>\n<p><span style=\"font-size: small;\">&nbsp;<\/span><\/p>\n<p><span style=\"font-size: small;\"><strong>CARACTER\u00cdSTICAS T\u00c9CNICAS<\/strong><\/span><\/p>\n<table id=\"prod_specs\" style=\"margin: 0px; padding: 0px; border-spacing: 0px; width: 559px; border-collapse: collapse; font-size: 14px; color: #4c4c4c; font-style: normal; font-variant: normal; font-weight: normal; letter-spacing: normal; line-height: 14px; text-align: left; text-indent: 0px; text-transform: none; white-space: normal; widows: 1; word-spacing: 0px; background-color: #ffffff;\" border=\"0\">\n<tbody style=\"margin: 0px; padding: 0px;\">\n<tr style=\"margin: 0px; padding: 0px; background: #e4e4e4;\">\n<td style=\"margin: 0px; padding: 10px; width: 259px; border-left: 2px solid #b6b6b6; font-weight: bold;\"><span style=\"font-size: small;\">N\u00famero de anexo<\/span><\/td>\n<td style=\"margin: 0px; padding: 10px; width: 259px;\"><span style=\"font-size: small;\"><span style=\"margin: 0px; padding: 0px; display: inline;\">1\/4 de tipo de accesorio<\/span><\/span><\/td>\n<\/tr>\n<tr style=\"margin: 0px; padding: 0px; background: #fafafa;\">\n<td style=\"margin: 0px; padding: 10px; width: 259px; border-left: 2px solid #e4e4e4; font-weight: bold;\"><span style=\"font-size: small;\">columna central<\/span><\/td>\n<td style=\"margin: 0px; padding: 10px; width: 259px;\"><span style=\"font-size: small;\"><span style=\"margin: 0px; padding: 0px; display: inline;\">r\u00e1pido<\/span><\/span><\/td>\n<\/tr>\n<tr style=\"margin: 0px; padding: 0px; background: #e4e4e4;\">\n<td style=\"margin: 0px; padding: 10px; width: 259px; border-left: 2px solid #b6b6b6; font-weight: bold;\"><span style=\"font-size: small;\">Longitud cerrada<\/span><\/td>\n<td style=\"margin: 0px; padding: 10px; width: 259px;\"><span style=\"font-size: small;\"><span style=\"margin: 0px; padding: 0px; display: inline;\">65,5 cm<\/span><\/span><\/td>\n<\/tr>\n<tr style=\"margin: 0px; padding: 0px; background: #fafafa;\">\n<td style=\"margin: 0px; padding: 10px; width: 259px; border-left: 2px solid #e4e4e4; font-weight: bold;\"><span style=\"font-size: small;\">Color<\/span><\/td>\n<td style=\"margin: 0px; padding: 10px; width: 259px;\"><span style=\"font-size: small;\"><span style=\"margin: 0px; padding: 0px; display: inline;\">Color: Negro<\/span><\/span><\/td>\n<\/tr>\n<tr style=\"margin: 0px; padding: 0px; background: #e4e4e4;\">\n<td style=\"margin: 0px; padding: 10px; width: 259px; border-left: 2px solid #b6b6b6; font-weight: bold;\"><span style=\"font-size: small;\">Di\u00e1metro del tubo de la columna<\/span><\/td>\n<td style=\"margin: 0px; padding: 10px; width: 259px;\"><span style=\"font-size: small;\"><span style=\"margin: 0px; padding: 0px; display: inline;\">25 mm<\/span><\/span><\/td>\n<\/tr>\n<tr style=\"margin: 0px; padding: 0px; background: #fafafa;\">\n<td style=\"margin: 0px; padding: 10px; width: 259px; border-left: 2px solid #e4e4e4; font-weight: bold;\"><span style=\"font-size: small;\">\u00c1ngulos de las patas<\/span><\/td>\n<td style=\"margin: 0px; padding: 10px; width: 259px;\"><span style=\"font-size: small;\"><span style=\"margin: 0px; padding: 0px; display: inline;\">25\u00b0.46\u00b0.66\u00b0.88\u00b0<\/span><\/span><\/td>\n<\/tr>\n<tr style=\"margin: 0px; padding: 0px; background: #e4e4e4;\">\n<td style=\"margin: 0px; padding: 10px; width: 259px; border-left: 2px solid #b6b6b6; font-weight: bold;\"><span style=\"font-size: small;\">secciones de las piernas<\/span><\/td>\n<td style=\"margin: 0px; padding: 10px; width: 259px;\"><span style=\"font-size: small;\"><span style=\"margin: 0px; padding: 0px; display: inline;\">3 N\u00famero<\/span><\/span><\/td>\n<\/tr>\n<tr style=\"margin: 0px; padding: 0px; background: #fafafa;\">\n<td style=\"margin: 0px; padding: 10px; width: 259px; border-left: 2px solid #e4e4e4; font-weight: bold;\"><span style=\"font-size: small;\">Di\u00e1metro del tubo de la pierna<\/span><\/td>\n<td style=\"margin: 0px; padding: 10px; width: 259px;\"><span style=\"font-size: small;\"><span style=\"margin: 0px; padding: 0px; display: inline;\">26. 22.5. 19 mil\u00edmetros<\/span><\/span><\/td>\n<\/tr>\n<tr style=\"margin: 0px; padding: 0px; background: #e4e4e4;\">\n<td style=\"margin: 0px; padding: 10px; width: 259px; border-left: 2px solid #b6b6b6; font-weight: bold;\"><span style=\"font-size: small;\">material<\/span><\/td>\n<td style=\"margin: 0px; padding: 10px; width: 259px;\"><span style=\"font-size: small;\"><span style=\"margin: 0px; padding: 0px; display: inline;\">aluminio<\/span><\/span><\/td>\n<\/tr>\n<tr style=\"margin: 0px; padding: 0px; background: #fafafa;\">\n<td style=\"margin: 0px; padding: 10px; width: 259px; border-left: 2px solid #e4e4e4; font-weight: bold;\"><span style=\"font-size: small;\">Altura m\u00e1xima<\/span><\/td>\n<td style=\"margin: 0px; padding: 10px; width: 259px;\"><span style=\"font-size: small;\"><span style=\"margin: 0px; padding: 0px; display: inline;\">170cm<\/span><\/span><\/td>\n<\/tr>\n<tr style=\"margin: 0px; padding: 0px; background: #e4e4e4;\">\n<td style=\"margin: 0px; padding: 10px; width: 259px; border-left: 2px solid #b6b6b6; font-weight: bold;\"><span style=\"font-size: small;\">Altura m\u00e1xima (con la columna central hacia abajo)<\/span><\/td>\n<td style=\"margin: 0px; padding: 10px; width: 259px;\"><span style=\"font-size: small;\"><span style=\"margin: 0px; padding: 0px; display: inline;\">146cm<\/span><\/span><\/td>\n<\/tr>\n<tr style=\"margin: 0px; padding: 0px; background: #fafafa;\">\n<td style=\"margin: 0px; padding: 10px; width: 259px; border-left: 2px solid #e4e4e4; font-weight: bold;\"><span style=\"font-size: small;\">Altura<\/span><\/td>\n<p> m\u00ednima<\/p>\n<td style=\"margin: 0px; padding: 10px; width: 259px;\"><span style=\"font-size: small;\"><span style=\"margin: 0px; padding: 0px; display: inline;\">40 cm<\/span><\/span><\/td>\n<\/tr>\n<tr style=\"margin: 0px; padding: 0px; background: #e4e4e4;\">\n<td style=\"margin: 0px; padding: 10px; width: 259px; border-left: 2px solid #b6b6b6; font-weight: bold;\"><span style=\"font-size: small;\">Tipo de placa<\/span><\/td>\n<td style=\"margin: 0px; padding: 10px; width: 259px;\"><span style=\"font-size: small;\"><span style=\"margin: 0px; padding: 0px; display: inline;\">200PL-14<\/span><\/span><\/td>\n<\/tr>\n<tr style=\"margin: 0px; padding: 0px; background: #fafafa;\">\n<td style=\"margin: 0px; padding: 10px; width: 259px; border-left: 2px solid #e4e4e4; font-weight: bold;\"><span style=\"font-size: small;\">Carga \u00fatil de seguridad<\/span><\/td>\n<td style=\"margin: 0px; padding: 10px; width: 259px;\"><span style=\"font-size: small;\"><span style=\"margin: 0px; padding: 0px; display: inline;\">5kg<\/span><\/span><\/td>\n<\/tr>\n<tr style=\"margin: 0px; padding: 0px; background: #e4e4e4;\">\n<td style=\"margin: 0px; padding: 10px; width: 259px; border-left: 2px solid #b6b6b6; font-weight: bold;\"><span style=\"font-size: small;\">Peso<\/span><\/td>\n<td style=\"margin: 0px; padding: 10px; width: 259px;\"><span style=\"font-size: small;\"><span style=\"margin: 0px; padding: 0px; display: inline;\">2.200kg<\/span><\/span><\/td>\n<\/tr>\n<\/tbody>\n<\/table>\n<p><strong><span style=\"font-size: small;\">&nbsp;<\/span><br \/><\/strong><\/p>\n","protected":false},"excerpt":{"rendered":"<p>El nuevo 290 Xtra es la soluci\u00f3n perfecta en t\u00e9rminos de estabilidad para los fot\u00f3grafos aficionados.El 290 Xtra es un<\/p>\n","protected":false},"featured_media":65133,"comment_status":"closed","ping_status":"open","template":"","meta":{"_acf_changed":false},"product_brand":[2581],"product_cat":[1092],"product_tag":[],"class_list":{"0":"post-73198","1":"product","2":"type-product","3":"status-publish","4":"has-post-thumbnail","6":"product_brand-manfrotto-es","7":"product_cat-kits-foto-es","9":"first","10":"instock","11":"taxable","12":"shipping-taxable","13":"purchasable","14":"product-type-simple"},"bundled_by":[],"bundle_stock_status":"instock","bundle_stock_quantity":1,"bundle_virtual":false,"bundle_layout":"","bundle_add_to_cart_form_location":"","bundle_editable_in_cart":false,"bundle_sold_individually_context":"","bundle_item_grouping":"","bundle_min_size":"","bundle_max_size":"","bundle_price":[],"bundled_items":[],"bundle_sell_ids":[],"acf":[],"_links":{"self":[{"href":"https:\/\/hi-techwonder.com\/es\/wp-json\/wp\/v2\/product\/73198","targetHints":{"allow":["GET"]}}],"collection":[{"href":"https:\/\/hi-techwonder.com\/es\/wp-json\/wp\/v2\/product"}],"about":[{"href":"https:\/\/hi-techwonder.com\/es\/wp-json\/wp\/v2\/types\/product"}],"replies":[{"embeddable":true,"href":"https:\/\/hi-techwonder.com\/es\/wp-json\/wp\/v2\/comments?post=73198"}],"wp:featuredmedia":[{"embeddable":true,"href":"https:\/\/hi-techwonder.com\/es\/wp-json\/wp\/v2\/media\/65133"}],"wp:attachment":[{"href":"https:\/\/hi-techwonder.com\/es\/wp-json\/wp\/v2\/media?parent=73198"}],"wp:term":[{"taxonomy":"product_brand","embeddable":true,"href":"https:\/\/hi-techwonder.com\/es\/wp-json\/wp\/v2\/product_brand?post=73198"},{"taxonomy":"product_cat","embeddable":true,"href":"https:\/\/hi-techwonder.com\/es\/wp-json\/wp\/v2\/product_cat?post=73198"},{"taxonomy":"product_tag","embeddable":true,"href":"https:\/\/hi-techwonder.com\/es\/wp-json\/wp\/v2\/product_tag?post=73198"}],"curies":[{"name":"wp","href":"https:\/\/api.w.org\/{rel}","templated":true}]}}