{"id":73199,"date":"2025-07-29T10:36:28","date_gmt":"2025-07-29T10:36:28","guid":{"rendered":"https:\/\/fv6qoy3ls0.wpdns.site\/produto\/manfrotto-mk290xta3-cabezal-de-3-vias\/"},"modified":"2026-03-20T15:45:22","modified_gmt":"2026-03-20T15:45:22","slug":"manfrotto-mk290xta3-cabezal-de-3-vias","status":"publish","type":"product","link":"https:\/\/hi-techwonder.com\/es\/producto\/manfrotto-mk290xta3-cabezal-de-3-vias\/","title":{"rendered":"MANFROTTO MK290XTA3 + Cabezal de 3 v\u00edas"},"content":{"rendered":"<p><span style=\"font-size: small;\">El nuevo 290 Xtra es la soluci\u00f3n perfecta en t\u00e9rminos de estabilidad para los fot\u00f3grafos aficionados.<br \/>El 290 Xtra es un tr\u00edpode de 3 secciones, el m\u00e1s grande de la l\u00ednea 290, con tubos de patas de aluminio y fundici\u00f3n superior especial, lo que aumenta la rigidez, la durabilidad y el rendimiento. Sus palancas de bloqueo de patas de aluminio son ajustables en tensi\u00f3n, por lo que se pueden apretar para contrarrestar cualquier efecto de envejecimiento y desgaste, manteniendo el tr\u00edpode completamente funcional durante su larga vida \u00fatil. La caracter\u00edstica principal de este tr\u00edpode es la elecci\u00f3n de cuatro posiciones de \u00e1ngulo de patas que maximizan la creatividad de disparo. Su columna central r\u00e1pida agrega flexibilidad y extiende el rango de altura m\u00ednima-m\u00e1xima. Un nuevo calentador de goma garantiza un agarre c\u00f3modo y la m\u00e1xima ergonom\u00eda. El tr\u00edpode viene con una bolsa de hombro dedicada, lo que garantiza una c\u00f3moda portabilidad en todo momento.<br \/>El nuevo 290 Xtra viene en un kit con el nuevo cabezal fotogr\u00e1fico de tres v\u00edas 804 actualizado con placa de liberaci\u00f3n r\u00e1pida, dise\u00f1ado espec\u00edficamente para ser compacto y transportable. Este cabezal patentado garantiza un encuadre preciso y un soporte s\u00f3lido de equipos de c\u00e1mara de peso medio. La caracter\u00edstica principal de este nuevo cabezal son sus palancas retr\u00e1ctiles que se pliegan cuando no est\u00e1n en uso, lo que lo hace m\u00e1s compacto para facilitar su transporte. Sus mangos ergon\u00f3micos de nuevo dise\u00f1o est\u00e1n hechos de goma especial que aumenta el agarre. El cabezal de tres v\u00edas est\u00e1 hecho de Adapto, un pol\u00edmero liviano que mantiene el peso bajo y garantiza una alta resistencia mec\u00e1nica para un soporte robusto.         <\/span><\/p>\n<p><strong>En la caja:<\/strong><\/p>\n<ul>\n<li><a href=\"https:\/\/hi-techwonder.com\/manfrotto-tripe-mt290xta3\" target=\"_blank\" rel=\"noopener\">Tr\u00edpode MT290XTA3<\/a><\/li>\n<li><a href=\"https:\/\/hi-techwonder.com\/manfrotto-mh804-3w-3-way-head\" target=\"_blank\" rel=\"noopener\">MH804-3W Cabezal de 3 v\u00edas<\/a><\/li>\n<li>Placa de liberaci\u00f3n r\u00e1pida 200LT-PL<\/li>\n<li>Bandolera<\/li>\n<\/ul>\n<p><span style=\"font-size: small;\">&nbsp;<\/span><\/p>\n<p><span style=\"font-size: small;\"><strong>CARACTER\u00cdSTICAS T\u00c9CNICAS<\/strong><\/span><\/p>\n<table id=\"prod_specs\" style=\"margin: 0px; padding: 0px; border-spacing: 0px; width: 559px; border-collapse: collapse; font-size: 14px; color: #4c4c4c; font-style: normal; font-variant: normal; font-weight: normal; letter-spacing: normal; line-height: 14px; text-align: left; text-indent: 0px; text-transform: none; white-space: normal; widows: 1; word-spacing: 0px; background-color: #ffffff;\" border=\"0\">\n<tbody style=\"margin: 0px; padding: 0px;\">\n<tr style=\"margin: 0px; padding: 0px; background: #e4e4e4;\">\n<td style=\"margin: 0px; padding: 10px; width: 259px; border-left: 2px solid #b6b6b6; font-weight: bold;\"><span style=\"font-size: small;\">N\u00famero de anexo<\/span><\/td>\n<td style=\"margin: 0px; padding: 10px; width: 259px;\"><span style=\"font-size: small;\"><span style=\"margin: 0px; padding: 0px; display: inline;\">1\/4 de tipo de accesorio<\/span><\/span><\/td>\n<\/tr>\n<tr style=\"margin: 0px; padding: 0px; background: #fafafa;\">\n<td style=\"margin: 0px; padding: 10px; width: 259px; border-left: 2px solid #e4e4e4; font-weight: bold;\"><span style=\"font-size: small;\">columna central<\/span><\/td>\n<td style=\"margin: 0px; padding: 10px; width: 259px;\"><span style=\"font-size: small;\"><span style=\"margin: 0px; padding: 0px; display: inline;\">r\u00e1pido<\/span><\/span><\/td>\n<\/tr>\n<tr style=\"margin: 0px; padding: 0px; background: #e4e4e4;\">\n<td style=\"margin: 0px; padding: 10px; width: 259px; border-left: 2px solid #b6b6b6; font-weight: bold;\"><span style=\"font-size: small;\">Longitud cerrada<\/span><\/td>\n<td style=\"margin: 0px; padding: 10px; width: 259px;\"><span style=\"font-size: small;\"><span style=\"margin: 0px; padding: 0px; display: inline;\">70,7 cm<\/span><\/span><\/td>\n<\/tr>\n<tr style=\"margin: 0px; padding: 0px; background: #fafafa;\">\n<td style=\"margin: 0px; padding: 10px; width: 259px; border-left: 2px solid #e4e4e4; font-weight: bold;\"><span style=\"font-size: small;\">Color<\/span><\/td>\n<td style=\"margin: 0px; padding: 10px; width: 259px;\"><span style=\"font-size: small;\"><span style=\"margin: 0px; padding: 0px; display: inline;\">Color: Negro<\/span><\/span><\/td>\n<\/tr>\n<tr style=\"margin: 0px; padding: 0px; background: #e4e4e4;\">\n<td style=\"margin: 0px; padding: 10px; width: 259px; border-left: 2px solid #b6b6b6; font-weight: bold;\"><span style=\"font-size: small;\">Di\u00e1metro del tubo de la columna<\/span><\/td>\n<td style=\"margin: 0px; padding: 10px; width: 259px;\"><span style=\"font-size: small;\"><span style=\"margin: 0px; padding: 0px; display: inline;\">25 mm<\/span><\/span><\/td>\n<\/tr>\n<tr style=\"margin: 0px; padding: 0px; background: #fafafa;\">\n<td style=\"margin: 0px; padding: 10px; width: 259px; border-left: 2px solid #e4e4e4; font-weight: bold;\"><span style=\"font-size: small;\">Inclinaci\u00f3n lateral<\/span><\/td>\n<td style=\"margin: 0px; padding: 10px; width: 259px;\"><span style=\"font-size: small;\"><span style=\"margin: 0px; padding: 0px; display: inline;\">-70\u00b0 \/ +90\u00b0<\/span><\/span><\/td>\n<\/tr>\n<tr style=\"margin: 0px; padding: 0px; background: #e4e4e4;\">\n<td style=\"margin: 0px; padding: 10px; width: 259px; border-left: 2px solid #b6b6b6; font-weight: bold;\"><span style=\"font-size: small;\">\u00c1ngulos de las patas<\/span><\/td>\n<td style=\"margin: 0px; padding: 10px; width: 259px;\"><span style=\"font-size: small;\"><span style=\"margin: 0px; padding: 0px; display: inline;\">25\u00b0.46\u00b0.66\u00b0.88\u00b0<\/span><\/span><\/td>\n<\/tr>\n<tr style=\"margin: 0px; padding: 0px; background: #fafafa;\">\n<td style=\"margin: 0px; padding: 10px; width: 259px; border-left: 2px solid #e4e4e4; font-weight: bold;\"><span style=\"font-size: small;\">secciones de las piernas<\/span><\/td>\n<td style=\"margin: 0px; padding: 10px; width: 259px;\"><span style=\"font-size: small;\"><span style=\"margin: 0px; padding: 0px; display: inline;\">3 N\u00famero<\/span><\/span><\/td>\n<\/tr>\n<tr style=\"margin: 0px; padding: 0px; background: #e4e4e4;\">\n<td style=\"margin: 0px; padding: 10px; width: 259px; border-left: 2px solid #b6b6b6; font-weight: bold;\"><span style=\"font-size: small;\">Di\u00e1metro del tubo de la pierna<\/span><\/td>\n<td style=\"margin: 0px; padding: 10px; width: 259px;\"><span style=\"font-size: small;\"><span style=\"margin: 0px; padding: 0px; display: inline;\">26. 22.5. 19 mil\u00edmetros<\/span><\/span><\/td>\n<\/tr>\n<tr style=\"margin: 0px; padding: 0px; background: #fafafa;\">\n<td style=\"margin: 0px; padding: 10px; width: 259px; border-left: 2px solid #e4e4e4; font-weight: bold;\"><span style=\"font-size: small;\">material<\/span><\/td>\n<td style=\"margin: 0px; padding: 10px; width: 259px;\"><span style=\"font-size: small;\"><span style=\"margin: 0px; padding: 0px; display: inline;\">aluminio<\/span><\/span><\/td>\n<\/tr>\n<tr style=\"margin: 0px; padding: 0px; background: #e4e4e4;\">\n<td style=\"margin: 0px; padding: 10px; width: 259px; border-left: 2px solid #b6b6b6; font-weight: bold;\"><span style=\"font-size: small;\">Altura m\u00e1xima<\/span><\/td>\n<td style=\"margin: 0px; padding: 10px; width: 259px;\"><span style=\"font-size: small;\"><span style=\"margin: 0px; padding: 0px; display: inline;\">171,5 cm<\/span><\/span><\/td>\n<\/tr>\n<tr style=\"margin: 0px; padding: 0px; background: #fafafa;\">\n<td style=\"margin: 0px; padding: 10px; width: 259px; border-left: 2px solid #e4e4e4; font-weight: bold;\"><span style=\"font-size: small;\">Altura m\u00e1xima (con la columna central hacia abajo)<\/span><\/td>\n<td style=\"margin: 0px; padding: 10px; width: 259px;\"><span style=\"font-size: small;\"><span style=\"margin: 0px; padding: 0px; display: inline;\">147,5 cm<\/span><\/span><\/td>\n<\/tr>\n<tr style=\"margin: 0px; padding: 0px; background: #e4e4e4;\">\n<td style=\"margin: 0px; padding: 10px; width: 259px; border-left: 2px solid #b6b6b6; font-weight: bold;\"><span style=\"font-size: small;\">Altura<\/span><\/td>\n<p> m\u00ednima<\/p>\n<td style=\"margin: 0px; padding: 10px; width: 259px;\"><span style=\"font-size: small;\"><span style=\"margin: 0px; padding: 0px; display: inline;\">42 cm<\/span><\/span><\/td>\n<\/tr>\n<tr style=\"margin: 0px; padding: 0px; background: #fafafa;\">\n<td style=\"margin: 0px; padding: 10px; width: 259px; border-left: 2px solid #e4e4e4; font-weight: bold;\"><span style=\"font-size: small;\">Carga \u00fatil de seguridad<\/span><\/td>\n<td style=\"margin: 0px; padding: 10px; width: 259px;\"><span style=\"font-size: small;\"><span style=\"margin: 0px; padding: 0px; display: inline;\">4kg<\/span><\/span><\/td>\n<\/tr>\n<tr style=\"margin: 0px; padding: 0px; background: #e4e4e4;\">\n<td style=\"margin: 0px; padding: 10px; width: 259px; border-left: 2px solid #b6b6b6; font-weight: bold;\"><span style=\"font-size: small;\">Peso<\/span><\/td>\n<td style=\"margin: 0px; padding: 10px; width: 259px;\"><span style=\"font-size: small;\"><span style=\"margin: 0px; padding: 0px; display: inline;\">2.520kg<\/span><\/span><\/td>\n<\/tr>\n<\/tbody>\n<\/table>\n<p><strong><span style=\"font-size: small;\">&nbsp;<\/span><br \/><\/strong><\/p>\n","protected":false},"excerpt":{"rendered":"<p>El nuevo 290 Xtra es la soluci\u00f3n perfecta en t\u00e9rminos de estabilidad para los fot\u00f3grafos aficionados.El 290 Xtra es un<\/p>\n","protected":false},"featured_media":65130,"comment_status":"closed","ping_status":"open","template":"","meta":{"_acf_changed":false},"product_brand":[2581],"product_cat":[1092],"product_tag":[],"class_list":{"0":"post-73199","1":"product","2":"type-product","3":"status-publish","4":"has-post-thumbnail","6":"product_brand-manfrotto-es","7":"product_cat-kits-foto-es","9":"first","10":"onbackorder","11":"taxable","12":"shipping-taxable","13":"purchasable","14":"product-type-simple"},"bundled_by":[],"bundle_stock_status":"onbackorder","bundle_stock_quantity":null,"bundle_virtual":false,"bundle_layout":"","bundle_add_to_cart_form_location":"","bundle_editable_in_cart":false,"bundle_sold_individually_context":"","bundle_item_grouping":"","bundle_min_size":"","bundle_max_size":"","bundle_price":[],"bundled_items":[],"bundle_sell_ids":[],"acf":[],"_links":{"self":[{"href":"https:\/\/hi-techwonder.com\/es\/wp-json\/wp\/v2\/product\/73199","targetHints":{"allow":["GET"]}}],"collection":[{"href":"https:\/\/hi-techwonder.com\/es\/wp-json\/wp\/v2\/product"}],"about":[{"href":"https:\/\/hi-techwonder.com\/es\/wp-json\/wp\/v2\/types\/product"}],"replies":[{"embeddable":true,"href":"https:\/\/hi-techwonder.com\/es\/wp-json\/wp\/v2\/comments?post=73199"}],"wp:featuredmedia":[{"embeddable":true,"href":"https:\/\/hi-techwonder.com\/es\/wp-json\/wp\/v2\/media\/65130"}],"wp:attachment":[{"href":"https:\/\/hi-techwonder.com\/es\/wp-json\/wp\/v2\/media?parent=73199"}],"wp:term":[{"taxonomy":"product_brand","embeddable":true,"href":"https:\/\/hi-techwonder.com\/es\/wp-json\/wp\/v2\/product_brand?post=73199"},{"taxonomy":"product_cat","embeddable":true,"href":"https:\/\/hi-techwonder.com\/es\/wp-json\/wp\/v2\/product_cat?post=73199"},{"taxonomy":"product_tag","embeddable":true,"href":"https:\/\/hi-techwonder.com\/es\/wp-json\/wp\/v2\/product_tag?post=73199"}],"curies":[{"name":"wp","href":"https:\/\/api.w.org\/{rel}","templated":true}]}}