{"id":73204,"date":"2025-07-29T10:36:33","date_gmt":"2025-07-29T10:36:33","guid":{"rendered":"https:\/\/fv6qoy3ls0.wpdns.site\/produto\/manfrotto-mkbfrla4b-bhm-befree-2n1-patillas\/"},"modified":"2025-12-23T14:55:41","modified_gmt":"2025-12-23T14:55:41","slug":"manfrotto-mkbfrla4b-bhm-befree-2n1-patillas","status":"publish","type":"product","link":"https:\/\/hi-techwonder.com\/es\/producto\/manfrotto-mkbfrla4b-bhm-befree-2n1-patillas\/","title":{"rendered":"MANFROTTO MKBFRLA4B-BHM Befree 2N1 (Patillas)"},"content":{"rendered":"<p><strong>Tr\u00edpode de aluminio Manfrotto Befree 2N1 + cabeza de bola 494 (bloqueo de palanca)<\/strong><\/p>\n<p><strong>Productos destacados<\/strong><\/p>\n<ul>\n<li>Capacidad de carga: 8 kg<\/li>\n<li>Altura m\u00e1xima: 150,6 cm<\/li>\n<li>Altura m\u00ednima: 40,6 cm<\/li>\n<li>Longitud plegada: 40,6 cm<\/li>\n<li>Secciones de piernas: 4<\/li>\n<li>Peso: 1,7 kg<\/li>\n<li>R\u00f3tula 494 con placa 200PL PRO<\/li>\n<li>La pata desmontable se convierte en monopie<\/li>\n<li>Sistema de patas de bloqueo de palanca<\/li>\n<li>Patas plegables inversas<\/li>\n<\/ul>\n<p><strong>En la caja<\/strong><\/p>\n<ul>\n<li>Tr\u00edpode de aluminio Manfrotto Befree 2N1<\/li>\n<li><a href=\"https:\/\/hi-techwonder.com\/manfrotto-mh494-bh-c\/-200pl-pro-quick-release\" target=\"_blank\" rel=\"noopener\">494 R\u00f3tula esf\u00e9rica<\/a><\/li>\n<li><a href=\"https:\/\/hi-techwonder.com\/manfrotto-200pl\" target=\"_blank\" rel=\"noopener\">Tablero PRO 200PL<\/a><\/li>\n<li>Bolsa de transporte<\/li>\n<\/ul>\n<p>El tr\u00edpode de aluminio Manfrotto Befree 2N1 completo con r\u00f3tula 494 es un soporte de 4 secciones con un sistema de patas de bloqueo de palanca que se desbloquea con facilidad y permite que el tr\u00edpode alcance una altura m\u00e1xima de 150,6 cm. La apertura independiente de las patas le permite adaptarse a terrenos irregulares y permite que el tr\u00edpode de 1,7 kg tenga una altura m\u00ednima de 40,6 cm. Cuando est\u00e9s listo para dirigirte a tu pr\u00f3ximo destino, las piernas se cierran al rev\u00e9s hasta una longitud plegada de 40,6 cm.  <\/p>\n<p>Una de las patas es desmontable y se convierte en un monopie de trabajo. La r\u00f3tula esf\u00e9rica 494, con una capacidad de carga de 8 kg, sale r\u00e1pidamente de la columna central y tambi\u00e9n se conecta al monopie. El cabezal tiene dos botones independientes para el movimiento de la pelota y el barrido. Adem\u00e1s, el cabezal tambi\u00e9n cuenta con un sistema de liberaci\u00f3n r\u00e1pida, que se suministra con una placa 200PL PRO dedicada. La ara\u00f1a de magnesio duradera cuenta con un Easylink, por lo que se puede conectar un brazo articulado u otros accesorios.    <\/p>\n<h2>Manfrotto 2N1 Especificaciones<\/h2>\n<table style=\"width: 368px;\" border=\"0\" cellspacing=\"0\" cellpadding=\"2\">\n<colgroup>\n<col width=\"237\"><\/colgroup>\n<colgroup>\n<col width=\"123\"><\/colgroup>\n<tbody>\n<tr>\n<th colspan=\"2\" width=\"364\">\n<p><a name=\"247205\"><\/a>Cabezal de tr\u00edpode<\/p>\n<\/th>\n<\/tr>\n<tr>\n<td width=\"237\">\n<p>Tipo de cabeza<\/p>\n<\/td>\n<td width=\"123\">\n<p>Cabeza de bola<\/p>\n<\/td>\n<\/tr>\n<tr>\n<td width=\"237\">\n<p>Tornillo de montaje de la c\u00e1mara<\/p>\n<\/td>\n<td width=\"123\">\n<p>1\/4&#8243; Macho<\/p>\n<\/td>\n<\/tr>\n<tr>\n<td width=\"237\">\n<p>Tipo de placa de liberaci\u00f3n r\u00e1pida<\/p>\n<\/td>\n<td width=\"123\">\n<p>200PL<\/p>\n<\/td>\n<\/tr>\n<tr>\n<td width=\"237\">\n<p>Bloqueo de bandeja independiente<\/p>\n<\/td>\n<td width=\"123\">\n<p>S\u00ed<\/p>\n<\/td>\n<\/tr>\n<\/tbody>\n<\/table>\n<table style=\"width: 368px;\" border=\"0\" cellspacing=\"0\" cellpadding=\"2\">\n<colgroup>\n<col width=\"238\"><\/colgroup>\n<colgroup>\n<col width=\"122\"><\/colgroup>\n<tbody>\n<tr>\n<th colspan=\"2\" width=\"364\">\n<p><a name=\"245199\"><\/a>Rango de giro e inclinaci\u00f3n<\/p>\n<\/th>\n<\/tr>\n<tr>\n<td width=\"238\">\n<p>Inclinaci\u00f3n vertical<\/p>\n<\/td>\n<td width=\"122\">\n<p>De 0\u00b0 a +90\u00b0<\/p>\n<\/td>\n<\/tr>\n<tr>\n<td width=\"238\">\n<p>Gama panor\u00e1mica<\/p>\n<\/td>\n<td width=\"122\">\n<p>360\u00b0<\/p>\n<\/td>\n<\/tr>\n<\/tbody>\n<\/table>\n<table style=\"width: 367px;\" border=\"0\" cellspacing=\"0\" cellpadding=\"2\">\n<colgroup>\n<col width=\"237\"><\/colgroup>\n<colgroup>\n<col width=\"122\"><\/colgroup>\n<tbody>\n<tr>\n<th colspan=\"2\" width=\"363\">\n<p><a name=\"8008\"><\/a>Generalmente<\/p>\n<\/th>\n<\/tr>\n<tr>\n<td width=\"237\">\n<p>Capacidad de carga<\/p>\n<\/td>\n<td width=\"122\">\n<p>8kg<\/p>\n<\/td>\n<\/tr>\n<tr>\n<td width=\"237\">\n<p>Altura m\u00e1xima de trabajo<\/p>\n<\/td>\n<td width=\"122\">\n<p>150,6 cm<\/p>\n<\/td>\n<\/tr>\n<tr>\n<td width=\"237\">\n<p>Altura m\u00e1xima sin columna central<\/p>\n<\/td>\n<td width=\"122\">\n<p>127,51 cm<\/p>\n<\/td>\n<\/tr>\n<tr>\n<td width=\"237\">\n<p>Altura m\u00ednima de trabajo<\/p>\n<\/td>\n<td width=\"122\">\n<p>40,6 cm<\/p>\n<\/td>\n<\/tr>\n<tr>\n<td width=\"237\">\n<p>Longitud plegada<\/p>\n<\/td>\n<td width=\"122\">\n<p>40,64 cm<\/p>\n<\/td>\n<\/tr>\n<tr>\n<td width=\"237\">\n<p>Materiales<\/p>\n<\/td>\n<td width=\"122\">\n<p>Aleaci\u00f3n de aluminio<\/p>\n<\/td>\n<\/tr>\n<tr>\n<td width=\"237\">\n<p>Peso<\/p>\n<\/td>\n<td width=\"122\">\n<p>1,7 kg<\/p>\n<\/td>\n<\/tr>\n<\/tbody>\n<\/table>\n<table style=\"width: 368px;\" border=\"0\" cellspacing=\"0\" cellpadding=\"2\">\n<colgroup>\n<col width=\"236\"><\/colgroup>\n<colgroup>\n<col width=\"124\"><\/colgroup>\n<tbody>\n<tr>\n<th colspan=\"2\" width=\"364\">\n<p><a name=\"166722\"><\/a>Piernas<\/p>\n<\/th>\n<\/tr>\n<tr>\n<td width=\"236\">\n<p>Tipo de bloqueo de patas<\/p>\n<\/td>\n<td width=\"124\">\n<p>Bloqueo abatible<\/p>\n<\/td>\n<\/tr>\n<tr>\n<td width=\"236\">\n<p>Patas independientes<\/p>\n<\/td>\n<td width=\"124\">\n<p>S\u00ed<\/p>\n<\/td>\n<\/tr>\n<tr>\n<td width=\"236\">\n<p>Caracter\u00edsticas de los pies de tr\u00edpode<\/p>\n<\/td>\n<td width=\"124\">\n<p>Caucho<\/p>\n<\/td>\n<\/tr>\n<\/tbody>\n<\/table>\n<table style=\"width: 369px;\" border=\"0\" cellspacing=\"0\" cellpadding=\"2\">\n<colgroup>\n<col width=\"237\"><\/colgroup>\n<colgroup>\n<col width=\"124\"><\/colgroup>\n<tbody>\n<tr>\n<th colspan=\"2\" width=\"365\">\n<p><a name=\"265676\"><\/a>Monopie desmontable<\/p>\n<\/th>\n<\/tr>\n<tr>\n<td width=\"237\">\n<p>Piernas<\/p>\n<\/td>\n<td width=\"124\">\n<p>4<\/p>\n<\/td>\n<\/tr>\n<tr>\n<td width=\"237\">\n<p>Caracter\u00edsticas del pie monopie<\/p>\n<\/td>\n<td width=\"124\">\n<p>Caucho<\/p>\n<\/td>\n<\/tr>\n<\/tbody>\n<\/table>\n<table style=\"width: 371px;\" border=\"0\" cellspacing=\"0\" cellpadding=\"2\">\n<colgroup>\n<col width=\"234\"><\/colgroup>\n<colgroup>\n<col width=\"129\"><\/colgroup>\n<tbody>\n<tr>\n<th colspan=\"2\" width=\"367\">\n<p><a name=\"166721\"><\/a>Columna central<\/p>\n<\/th>\n<\/tr>\n<tr>\n<td width=\"234\">\n<p>Caracter\u00edsticas del altavoz central<\/p>\n<\/td>\n<td width=\"129\">\n<p>Amovible<\/p>\n<\/td>\n<\/tr>\n<tr>\n<td width=\"234\">\n<p>Forma de columna central<\/p>\n<\/td>\n<td width=\"129\">\n<p>Cortar<\/p>\n<\/td>\n<\/tr>\n<tr>\n<td width=\"234\">\n<p>Secciones centrales de la columna<\/p>\n<\/td>\n<td width=\"129\">\n<p>1<\/p>\n<\/td>\n<\/tr>\n<tr>\n<td width=\"234\">\n<p>Tipo de extensi\u00f3n de columna central<\/p>\n<\/td>\n<td width=\"129\">\n<p>R\u00e1pido<\/p>\n<\/td>\n<\/tr>\n<tr>\n<td width=\"234\">\n<p>Columna lateral\/central de 90 grados<\/p>\n<\/td>\n<td width=\"129\">\n<p>No<\/p>\n<\/td>\n<\/tr>\n<\/tbody>\n<\/table>\n<table style=\"width: 373px;\" border=\"0\" cellspacing=\"0\" cellpadding=\"2\">\n<colgroup>\n<col width=\"235\"><\/colgroup>\n<colgroup>\n<col width=\"130\"><\/colgroup>\n<tbody>\n<tr>\n<th colspan=\"2\" width=\"369\">\n<p><a name=\"shipping\"><\/a>Informaci\u00f3n de embalaje<\/p>\n<\/th>\n<\/tr>\n<tr>\n<td width=\"235\">\n<p>Peso del paquete<\/p>\n<\/td>\n<td width=\"130\">\n<p>2,2 kg<\/p>\n<\/td>\n<\/tr>\n<tr>\n<td width=\"235\">\n<p>Dimensiones de la caja (LxWxH)<\/p>\n<\/td>\n<td width=\"130\">\n<p>45 x 12,7 x 12,7 cm<\/p>\n<\/td>\n<\/tr>\n<\/tbody>\n<\/table>\n","protected":false},"excerpt":{"rendered":"<p>Tr\u00edpode de aluminio Manfrotto Befree 2N1 + cabeza de bola 494 (bloqueo de palanca) Productos destacados Capacidad de carga: 8<\/p>\n","protected":false},"featured_media":65158,"comment_status":"closed","ping_status":"open","template":"","meta":{"_acf_changed":false},"product_brand":[2581],"product_cat":[1092],"product_tag":[],"class_list":{"0":"post-73204","1":"product","2":"type-product","3":"status-publish","4":"has-post-thumbnail","6":"product_brand-manfrotto-es","7":"product_cat-kits-foto-es","9":"first","10":"instock","11":"taxable","12":"shipping-taxable","13":"purchasable","14":"product-type-simple"},"bundled_by":[],"bundle_stock_status":"instock","bundle_stock_quantity":1,"bundle_virtual":false,"bundle_layout":"","bundle_add_to_cart_form_location":"","bundle_editable_in_cart":false,"bundle_sold_individually_context":"","bundle_item_grouping":"","bundle_min_size":"","bundle_max_size":"","bundle_price":[],"bundled_items":[],"bundle_sell_ids":[],"acf":[],"_links":{"self":[{"href":"https:\/\/hi-techwonder.com\/es\/wp-json\/wp\/v2\/product\/73204","targetHints":{"allow":["GET"]}}],"collection":[{"href":"https:\/\/hi-techwonder.com\/es\/wp-json\/wp\/v2\/product"}],"about":[{"href":"https:\/\/hi-techwonder.com\/es\/wp-json\/wp\/v2\/types\/product"}],"replies":[{"embeddable":true,"href":"https:\/\/hi-techwonder.com\/es\/wp-json\/wp\/v2\/comments?post=73204"}],"wp:featuredmedia":[{"embeddable":true,"href":"https:\/\/hi-techwonder.com\/es\/wp-json\/wp\/v2\/media\/65158"}],"wp:attachment":[{"href":"https:\/\/hi-techwonder.com\/es\/wp-json\/wp\/v2\/media?parent=73204"}],"wp:term":[{"taxonomy":"product_brand","embeddable":true,"href":"https:\/\/hi-techwonder.com\/es\/wp-json\/wp\/v2\/product_brand?post=73204"},{"taxonomy":"product_cat","embeddable":true,"href":"https:\/\/hi-techwonder.com\/es\/wp-json\/wp\/v2\/product_cat?post=73204"},{"taxonomy":"product_tag","embeddable":true,"href":"https:\/\/hi-techwonder.com\/es\/wp-json\/wp\/v2\/product_tag?post=73204"}],"curies":[{"name":"wp","href":"https:\/\/api.w.org\/{rel}","templated":true}]}}