{"id":73207,"date":"2025-07-29T10:36:20","date_gmt":"2025-07-29T10:36:20","guid":{"rendered":"https:\/\/fv6qoy3ls0.wpdns.site\/produto\/manfrotto-mk055xpro3-cabezal-bhq2\/"},"modified":"2026-03-21T00:39:30","modified_gmt":"2026-03-21T00:39:30","slug":"manfrotto-mk055xpro3-cabezal-bhq2","status":"publish","type":"product","link":"https:\/\/hi-techwonder.com\/es\/producto\/manfrotto-mk055xpro3-cabezal-bhq2\/","title":{"rendered":"MANFROTTO MK055XPRO3 + Cabezal BHQ2"},"content":{"rendered":"<p>Este kit 055 consta de un tr\u00edpode de aluminio 055XPRO3 de 3 secciones y una r\u00f3tula de bola port\u00e1til y vers\u00e1til. Tanto el tr\u00edpode como el cabezal tienen caracter\u00edsticas avanzadas y una excelente calidad de construcci\u00f3n.   <br style=\"margin: 0px; padding: 0px; color: #4c4c4c; font-family: 'Open Sans', sans-serif; font-size: 12px; font-style: normal; font-variant: normal; font-weight: normal; letter-spacing: normal; line-height: 18px; orphans: auto; text-align: start; text-indent: 0px; text-transform: none; white-space: normal; widows: 1; word-spacing: 0px; -webkit-text-stroke-width: 0px; background-color: rgba(255, 255, 255, 0.901961);\"><br style=\"margin: 0px; padding: 0px; color: #4c4c4c; font-family: 'Open Sans', sans-serif; font-size: 12px; font-style: normal; font-variant: normal; font-weight: normal; letter-spacing: normal; line-height: 18px; orphans: auto; text-align: start; text-indent: 0px; text-transform: none; white-space: normal; widows: 1; word-spacing: 0px; -webkit-text-stroke-width: 0px; background-color: rgba(255, 255, 255, 0.901961);\">  La caracter\u00edstica principal de este kit es el mecanismo de columna central de 90\u00b0 del tr\u00edpode, que permite extender la columna verticalmente de forma normal u horizontal. Esto lo convierte en un tr\u00edpode extremadamente vers\u00e1til que es adecuado para una amplia gama de aplicaciones fotogr\u00e1ficas. El mecanismo de columna horizontal est\u00e1 alojado en la parte superior del tr\u00edpode para ser compacto, pero se extiende f\u00e1cil y r\u00e1pidamente cuando lo necesite. El cambio entre la orientaci\u00f3n vertical y horizontal de la columna no requiere desmontaje e incluso se puede hacer con una c\u00e1mara conectada.     <br style=\"margin: 0px; padding: 0px; color: #4c4c4c; font-family: 'Open Sans', sans-serif; font-size: 12px; font-style: normal; font-variant: normal; font-weight: normal; letter-spacing: normal; line-height: 18px; orphans: auto; text-align: start; text-indent: 0px; text-transform: none; white-space: normal; widows: 1; word-spacing: 0px; -webkit-text-stroke-width: 0px; background-color: rgba(255, 255, 255, 0.901961);\"><br style=\"margin: 0px; padding: 0px; color: #4c4c4c; font-family: 'Open Sans', sans-serif; font-size: 12px; font-style: normal; font-variant: normal; font-weight: normal; letter-spacing: normal; line-height: 18px; orphans: auto; text-align: start; text-indent: 0px; text-transform: none; white-space: normal; widows: 1; word-spacing: 0px; -webkit-text-stroke-width: 0px; background-color: rgba(255, 255, 255, 0.901961);\">  Las patas del tr\u00edpode tambi\u00e9n se extienden y ajustan r\u00e1pidamente, gracias a las palancas Quick Power Lock que bloquean y desbloquean cada secci\u00f3n de la pata. El dise\u00f1o especial de las palancas QPL permite un agarre de la pierna con una sola mano m\u00e1s fuerte y c\u00f3modo. Las secciones de cada pata del tr\u00edpode se pueden liberar de su posici\u00f3n doblada en un solo movimiento. El dise\u00f1o de palanca QPL tambi\u00e9n ofrece un bloqueo m\u00e1s potente de cada secci\u00f3n, lo que hace que este tr\u00edpode sea m\u00e1s estable y r\u00edgido que los modelos tradicionales de dise\u00f1o de palanca. Los selectores de \u00e1ngulo de pierna intuitivos y ergon\u00f3micos permiten que cada pierna se ajuste de forma independiente y s\u00f3lida a cualquiera de los \u00e1ngulos preestablecidos, lo que proporciona una libertad de posicionamiento considerablemente mayor.      <br style=\"margin: 0px; padding: 0px; color: #4c4c4c; font-family: 'Open Sans', sans-serif; font-size: 12px; font-style: normal; font-variant: normal; font-weight: normal; letter-spacing: normal; line-height: 18px; orphans: auto; text-align: start; text-indent: 0px; text-transform: none; white-space: normal; widows: 1; word-spacing: 0px; -webkit-text-stroke-width: 0px; background-color: rgba(255, 255, 255, 0.901961);\"><br style=\"margin: 0px; padding: 0px; color: #4c4c4c; font-family: 'Open Sans', sans-serif; font-size: 12px; font-style: normal; font-variant: normal; font-weight: normal; letter-spacing: normal; line-height: 18px; orphans: auto; text-align: start; text-indent: 0px; text-transform: none; white-space: normal; widows: 1; word-spacing: 0px; -webkit-text-stroke-width: 0px; background-color: rgba(255, 255, 255, 0.901961);\">  Un nivel de burbuja est\u00e1 integrado en la parte superior de la columna central para un encuadre preciso. El nivel de burbuja gira libremente alrededor de la columna central, por lo que se puede colocar donde sea m\u00e1s f\u00e1cil de ver mientras ajusta el tr\u00edpode y sin que quede oscurecido por el cabezal y la c\u00e1mara montados.   <br style=\"margin: 0px; padding: 0px; color: #4c4c4c; font-family: 'Open Sans', sans-serif; font-size: 12px; font-style: normal; font-variant: normal; font-weight: normal; letter-spacing: normal; line-height: 18px; orphans: auto; text-align: start; text-indent: 0px; text-transform: none; white-space: normal; widows: 1; word-spacing: 0px; -webkit-text-stroke-width: 0px; background-color: rgba(255, 255, 255, 0.901961);\"><br style=\"margin: 0px; padding: 0px; color: #4c4c4c; font-family: 'Open Sans', sans-serif; font-size: 12px; font-style: normal; font-variant: normal; font-weight: normal; letter-spacing: normal; line-height: 18px; orphans: auto; text-align: start; text-indent: 0px; text-transform: none; white-space: normal; widows: 1; word-spacing: 0px; -webkit-text-stroke-width: 0px; background-color: rgba(255, 255, 255, 0.901961);\">  La parte superior del tr\u00edpode cuenta con un conector Easy Link para sujetar un accesorio de foto o video (como una luz LED, flash, reflector u otro equipo) en un brazo o soporte extensible, convirti\u00e9ndolo en un pr\u00e1ctico estudio m\u00f3vil.  <br style=\"margin: 0px; padding: 0px; color: #4c4c4c; font-family: 'Open Sans', sans-serif; font-size: 12px; font-style: normal; font-variant: normal; font-weight: normal; letter-spacing: normal; line-height: 18px; orphans: auto; text-align: start; text-indent: 0px; text-transform: none; white-space: normal; widows: 1; word-spacing: 0px; -webkit-text-stroke-width: 0px; background-color: rgba(255, 255, 255, 0.901961);\"><br style=\"margin: 0px; padding: 0px; color: #4c4c4c; font-family: 'Open Sans', sans-serif; font-size: 12px; font-style: normal; font-variant: normal; font-weight: normal; letter-spacing: normal; line-height: 18px; orphans: auto; text-align: start; text-indent: 0px; text-transform: none; white-space: normal; widows: 1; word-spacing: 0px; -webkit-text-stroke-width: 0px; background-color: rgba(255, 255, 255, 0.901961);\">  El nuevo cabezal esf\u00e9rico XPRO es la uni\u00f3n perfecta de soluciones innovadoras y dise\u00f1o. Cuenta con un nuevo sistema de triple bloqueo que garantiza la estabilidad de la posici\u00f3n de la c\u00e1mara, control de fricci\u00f3n que ayuda al usuario a equilibrar el peso del equipo de la c\u00e1mara y dos burbujas de nivelaci\u00f3n para una composici\u00f3n precisa del marco. Adem\u00e1s, sus nuevos anillos de pol\u00edmero han reemplazado esta grasa antiest\u00e9tica y desordenada, asegurando movimientos de c\u00e1mara suaves, precisos y menos espasm\u00f3dicos. XPRO Ball Head es port\u00e1til, liviano y confiable gracias a su cuerpo de magnesio y viene con la placa Manfrotto 200 pl.     <br style=\"margin: 0px; padding: 0px; color: #4c4c4c; font-family: 'Open Sans', sans-serif; font-size: 12px; font-style: normal; font-variant: normal; font-weight: normal; letter-spacing: normal; line-height: 18px; orphans: auto; text-align: start; text-indent: 0px; text-transform: none; white-space: normal; widows: 1; word-spacing: 0px; -webkit-text-stroke-width: 0px; background-color: rgba(255, 255, 255, 0.901961);\"><br style=\"margin: 0px; padding: 0px; color: #4c4c4c; font-family: 'Open Sans', sans-serif; font-size: 12px; font-style: normal; font-variant: normal; font-weight: normal; letter-spacing: normal; line-height: 18px; orphans: auto; text-align: start; text-indent: 0px; text-transform: none; white-space: normal; widows: 1; word-spacing: 0px; -webkit-text-stroke-width: 0px; background-color: rgba(255, 255, 255, 0.901961);\">  Las culatas 055XPRO3 y MHXPRO-BHQ2 son fabricadas en Italia por Manfrotto<\/p>\n<p> <strong>Caracter\u00edsticas t\u00e9cnicas<\/strong> <\/p>\n<table id=\"prod_specs\" style=\"margin: 0px; padding: 0px; border-spacing: 0px; width: 559px; border-collapse: collapse; font-size: 14px; color: #4c4c4c; font-family: 'Open Sans', sans-serif; font-style: normal; font-variant: normal; font-weight: normal; letter-spacing: normal; line-height: 14px; orphans: auto; text-align: left; text-indent: 0px; text-transform: none; white-space: normal; widows: 1; word-spacing: 0px; -webkit-text-stroke-width: 0px; background-color: #ffffff;\" border=\"0\">\n<tbody style=\"margin: 0px; padding: 0px;\">\n<tr style=\"margin: 0px; padding: 0px; background: #e4e4e4;\">\n<td style=\"margin: 0px; padding: 10px; width: 259px; border-left-width: 2px; border-left-style: solid; border-left-color: #b6b6b6; font-weight: bold;\">  Adjunto por.<\/td>\n<td style=\"margin: 0px; padding: 10px; width: 259px;\">  Tipo de accesorio de 3\/8\u00bb  <\/td>\n<\/tr>\n<tr style=\"margin: 0px; padding: 0px; background: #fafafa;\">\n<td style=\"margin: 0px; padding: 10px; width: 259px; border-left-width: 2px; border-left-style: solid; border-left-color: #e4e4e4; font-weight: bold;\"> Altavoz<\/td>\n<td style=\"margin: 0px; padding: 10px; width: 259px;\"> <\/td>\n<p> central r\u00e1pido <\/tr>\n<tr style=\"margin: 0px; padding: 0px; background: #e4e4e4;\">\n<td style=\"margin: 0px; padding: 10px; width: 259px; border-left-width: 2px; border-left-style: solid; border-left-color: #b6b6b6; font-weight: bold;\"> Longitud cerrada<\/td>\n<td style=\"margin: 0px; padding: 10px; width: 259px;\"> 72,5cm <\/td>\n<\/tr>\n<tr style=\"margin: 0px; padding: 0px; background: #fafafa;\">\n<td style=\"margin: 0px; padding: 10px; width: 259px; border-left-width: 2px; border-left-style: solid; border-left-color: #e4e4e4; font-weight: bold;\"> Color<\/td>\n<td style=\"margin: 0px; padding: 10px; width: 259px;\"> : Negro <\/td>\n<\/tr>\n<tr style=\"margin: 0px; padding: 0px; background: #e4e4e4;\">\n<td style=\"margin: 0px; padding: 10px; width: 259px; border-left-width: 2px; border-left-style: solid; border-left-color: #b6b6b6; font-weight: bold;\"> Di\u00e1metro del tubo de la columna<\/td>\n<td style=\"margin: 0px; padding: 10px; width: 259px;\"> 28 mm <\/td>\n<\/tr>\n<tr style=\"margin: 0px; padding: 0px; background: #fafafa;\">\n<td style=\"margin: 0px; padding: 10px; width: 259px; border-left-width: 2px; border-left-style: solid; border-left-color: #e4e4e4; font-weight: bold;\"> \u00e1ngulos de las patas<\/td>\n<td style=\"margin: 0px; padding: 10px; width: 259px;\"> 25\u00b0.46\u00b0.66\u00b0.88\u00b0 <\/td>\n<\/tr>\n<tr style=\"margin: 0px; padding: 0px; background: #e4e4e4;\">\n<td style=\"margin: 0px; padding: 10px; width: 259px; border-left-width: 2px; border-left-style: solid; border-left-color: #b6b6b6; font-weight: bold;\"> N\u00famero de secciones de pierna<\/td>\n<td style=\"margin: 0px; padding: 10px; width: 259px;\"> 3 <\/td>\n<\/tr>\n<tr style=\"margin: 0px; padding: 0px; background: #fafafa;\">\n<td style=\"margin: 0px; padding: 10px; width: 259px; border-left-width: 2px; border-left-style: solid; border-left-color: #e4e4e4; font-weight: bold;\"> Di\u00e1metro del tubo de la pierna<\/td>\n<td style=\"margin: 0px; padding: 10px; width: 259px;\"> 30-26-22,5 mm <\/td>\n<\/tr>\n<tr style=\"margin: 0px; padding: 0px; background: #e4e4e4;\">\n<td style=\"margin: 0px; padding: 10px; width: 259px; border-left-width: 2px; border-left-style: solid; border-left-color: #b6b6b6; font-weight: bold;\"> Material<\/td>\n<td style=\"margin: 0px; padding: 10px; width: 259px;\"> : Aluminio <\/td>\n<\/tr>\n<tr style=\"margin: 0px; padding: 0px; background: #fafafa;\">\n<td style=\"margin: 0px; padding: 10px; width: 259px; border-left-width: 2px; border-left-style: solid; border-left-color: #e4e4e4; font-weight: bold;\"> Altura m\u00e1xima<\/td>\n<td style=\"margin: 0px; padding: 10px; width: 259px;\"> 181,5cm <\/td>\n<\/tr>\n<tr style=\"margin: 0px; padding: 0px; background: #e4e4e4;\">\n<td style=\"margin: 0px; padding: 10px; width: 259px; border-left-width: 2px; border-left-style: solid; border-left-color: #b6b6b6; font-weight: bold;\"> Altura m\u00e1xima (con la columna central hacia abajo)<\/td>\n<td style=\"margin: 0px; padding: 10px; width: 259px;\"> 151,5 cm <\/td>\n<\/tr>\n<tr style=\"margin: 0px; padding: 0px; background: #fafafa;\">\n<td style=\"margin: 0px; padding: 10px; width: 259px; border-left-width: 2px; border-left-style: solid; border-left-color: #e4e4e4; font-weight: bold;\"> Altura m\u00ednima<\/td>\n<td style=\"margin: 0px; padding: 10px; width: 259px;\"> 9 <\/td>\n<\/tr>\n<tr style=\"margin: 0px; padding: 0px; background: #e4e4e4;\">\n<td style=\"margin: 0px; padding: 10px; width: 259px; border-left-width: 2px; border-left-style: solid; border-left-color: #b6b6b6; font-weight: bold;\"> Carga \u00fatil de seguridad<\/td>\n<td style=\"margin: 0px; padding: 10px; width: 259px;\"> 8kg <\/td>\n<\/tr>\n<tr style=\"margin: 0px; padding: 0px; background: #fafafa;\">\n<td style=\"margin: 0px; padding: 10px; width: 259px; border-left-width: 2px; border-left-style: solid; border-left-color: #e4e4e4; font-weight: bold;\"> Peso<\/td>\n<td style=\"margin: 0px; padding: 10px; width: 259px;\"> 3.000kg <\/td>\n<\/tr>\n<\/tbody>\n<\/table>\n","protected":false},"excerpt":{"rendered":"<p>Este kit 055 consta de un tr\u00edpode de aluminio 055XPRO3 de 3 secciones y una r\u00f3tula de bola port\u00e1til y<\/p>\n","protected":false},"featured_media":65124,"comment_status":"closed","ping_status":"open","template":"","meta":{"_acf_changed":false},"product_brand":[2581],"product_cat":[1092],"product_tag":[],"class_list":{"0":"post-73207","1":"product","2":"type-product","3":"status-publish","4":"has-post-thumbnail","6":"product_brand-manfrotto-es","7":"product_cat-kits-foto-es","9":"first","10":"instock","11":"taxable","12":"shipping-taxable","13":"purchasable","14":"product-type-simple"},"bundled_by":[],"bundle_stock_status":"instock","bundle_stock_quantity":1,"bundle_virtual":false,"bundle_layout":"","bundle_add_to_cart_form_location":"","bundle_editable_in_cart":false,"bundle_sold_individually_context":"","bundle_item_grouping":"","bundle_min_size":"","bundle_max_size":"","bundle_price":[],"bundled_items":[],"bundle_sell_ids":[],"acf":[],"_links":{"self":[{"href":"https:\/\/hi-techwonder.com\/es\/wp-json\/wp\/v2\/product\/73207","targetHints":{"allow":["GET"]}}],"collection":[{"href":"https:\/\/hi-techwonder.com\/es\/wp-json\/wp\/v2\/product"}],"about":[{"href":"https:\/\/hi-techwonder.com\/es\/wp-json\/wp\/v2\/types\/product"}],"replies":[{"embeddable":true,"href":"https:\/\/hi-techwonder.com\/es\/wp-json\/wp\/v2\/comments?post=73207"}],"wp:featuredmedia":[{"embeddable":true,"href":"https:\/\/hi-techwonder.com\/es\/wp-json\/wp\/v2\/media\/65124"}],"wp:attachment":[{"href":"https:\/\/hi-techwonder.com\/es\/wp-json\/wp\/v2\/media?parent=73207"}],"wp:term":[{"taxonomy":"product_brand","embeddable":true,"href":"https:\/\/hi-techwonder.com\/es\/wp-json\/wp\/v2\/product_brand?post=73207"},{"taxonomy":"product_cat","embeddable":true,"href":"https:\/\/hi-techwonder.com\/es\/wp-json\/wp\/v2\/product_cat?post=73207"},{"taxonomy":"product_tag","embeddable":true,"href":"https:\/\/hi-techwonder.com\/es\/wp-json\/wp\/v2\/product_tag?post=73207"}],"curies":[{"name":"wp","href":"https:\/\/api.w.org\/{rel}","templated":true}]}}