{"id":73208,"date":"2025-07-29T10:36:16","date_gmt":"2025-07-29T10:36:16","guid":{"rendered":"https:\/\/fv6qoy3ls0.wpdns.site\/produto\/manfrotto-mk190xpro4-cabezal-x-pro-de-3-vias\/"},"modified":"2025-07-29T10:36:16","modified_gmt":"2025-07-29T10:36:16","slug":"manfrotto-mk190xpro4-cabezal-x-pro-de-3-vias","status":"publish","type":"product","link":"https:\/\/hi-techwonder.com\/es\/producto\/manfrotto-mk190xpro4-cabezal-x-pro-de-3-vias\/","title":{"rendered":"MANFROTTO MK190XPRO4 + Cabezal X-PRO de 3 v\u00edas"},"content":{"rendered":"<p style=\"text-align: justify;\"><span style=\"font-size: small;\">El <a href=\"https:\/\/www.hi-techwonder.com\/manfrotto-mt190xpro4-4-section-tripod\">nuevo tr\u00edpode de 4 secciones de aluminio 190<\/a> tambi\u00e9n est\u00e1 disponible como kit con el <a href=\"https:\/\/www.hi-techwonder.com\/manfrotto-x-pro-3-way-head\">cabezal de 3 v\u00edas X-PRO MHXPRO-3W<\/a> , con placa de c\u00e1mara de liberaci\u00f3n r\u00e1pida.<\/p>\n<p><span style=\"text-decoration: underline;\"><strong>Caracter\u00edsticas principales:<\/strong><\/span><\/span><\/p>\n<p style=\"text-align: justify;\"> <span style=\"font-size: small;\"><br \/>La caracter\u00edstica principal del 190XPRO4 es su mecanismo de columna central de 90\u00b0, que permite que la columna se extienda verticalmente normal u horizontalmente para abrir una amplia gama de posibilidades de encuadre y disparo; esto hace que el 190XPRO4 sea un tr\u00edpode extremadamente vers\u00e1til adecuado para una amplia gama de aplicaciones de fotograf\u00eda y video. El mecanismo de columna horizontal est\u00e1 alojado en la parte superior del tr\u00edpode para ser compacto, pero se extiende f\u00e1cil y r\u00e1pidamente cuando lo necesite. El cambio entre la orientaci\u00f3n vertical y horizontal de la columna no requiere desmontaje e incluso se puede hacer con una c\u00e1mara conectada.  <\/p>\n<p>  Las patas del tr\u00edpode 190XPRO4 tambi\u00e9n se extienden y ajustan r\u00e1pidamente, gracias a las palancas Quick Power Lock que bloquean y desbloquean cada secci\u00f3n de la pata. El dise\u00f1o especial de las palancas QPL permite una apertura m\u00e1s c\u00f3moda con una sola mano de todas las secciones de las piernas en una sola acci\u00f3n. El dise\u00f1o de palanca del QPL tambi\u00e9n ofrece un bloqueo m\u00e1s potente de cada secci\u00f3n, lo que significa que el tr\u00edpode es m\u00e1s estable y r\u00edgido que con los dise\u00f1os de palanca tradicionales. Los selectores de \u00e1ngulo de pierna intuitivos y ergon\u00f3micos permiten ajustar cada pata de forma independiente y s\u00f3lida a cualquiera de los \u00e1ngulos preestablecidos, lo que nuevamente permite una considerable libertad de posicionamiento.   <\/p>\n<p>  Un nivel de burbuja est\u00e1 integrado en la parte superior de la columna central para un encuadre preciso. El nivel de burbuja gira libremente alrededor de la columna central, por lo que se puede colocar donde sea m\u00e1s f\u00e1cil verlo mientras ajusta el tr\u00edpode, y sin que quede oscurecido por el cabezal y la c\u00e1mara montados, ni se interponga en el camino de los controles del cabezal o la c\u00e1mara. <\/p>\n<p>  La carcasa superior del 190XPRO4 cuenta con un conector Easy Link para admitir un accesorio de foto o video (como una luz LED, flash, reflector u otro equipo) en un brazo o soporte extensible, lo que convierte al tr\u00edpode en un pr\u00e1ctico mueble de estudio.<\/p>\n<p>  El cabezal X-PRO 3-Way cuenta con palancas retr\u00e1ctiles que lo hacen ultracompacto, y tambi\u00e9n cuenta con nuevos controles de fricci\u00f3n en los ejes de retrato e inclinaci\u00f3n, para ayudar a equilibrar el peso del equipo de la c\u00e1mara, por lo que se pueden realizar ajustes finos de encuadre con el bloqueo de los botones abiertos, bloqueando todo solo cuando la toma est\u00e1 lista.<\/p>\n<p>  El cabezal de 3 v\u00edas 190XPRO4 y X-PRO son fabricados en Italia por Manfrotto.<\/span><\/p>\n<p style=\"text-align: justify;\"> <span style=\"font-size: small;\">&nbsp;<\/span><\/p>\n<p style=\"text-align: justify;\"> <strong><span style=\"font-family: verdana,geneva;\"><span style=\"font-size: small;\">Caracter\u00edsticas t\u00e9cnicas:<\/span><\/strong><\/span><\/p>\n<p style=\"text-align: justify;\"> <strong><span style=\"font-family: verdana,geneva;\"><span style=\"font-size: small;\">&nbsp;<\/span><\/strong><\/span><\/p>\n<table style=\"width: 100%;\" border=\"0\">\n<tbody>\n<tr>\n<td align=\"center\" valign=\"middle\" width=\"35\"><span style=\"font-size: small;\">&nbsp;<\/span><\/td>\n<td width=\"230\">\n<h5> <span style=\"font-size: small;\">adjunto por<\/span><\/h5>\n<\/td>\n<td> <span style=\"font-size: small;\">\u2013 tipo de accesorio<\/span><\/td>\n<\/tr>\n<tr>\n<td align=\"center\" valign=\"middle\" width=\"35\"> <span style=\"font-size: small;\">&nbsp;<\/span><\/td>\n<td width=\"230\">\n<h5> <span style=\"font-size: small;\">columna central<\/span><\/h5>\n<\/td>\n<td> <span style=\"font-size: small;\">r\u00e1pido<\/span><\/td>\n<\/tr>\n<tr>\n<td align=\"center\" valign=\"middle\" width=\"35\"> <span style=\"font-size: small;\"><img decoding=\"async\" src=\"https:\/\/mediacdn.shopatron.com\/media\/mfg\/2747\/media_image\/live_2\/m_closed_length_tripod.gif?1276650448\" alt=\"\"><\/span><\/td>\n<td width=\"230\">\n<h5> <span style=\"font-size: small;\">Longitud cerrada<\/span><\/h5>\n<\/td>\n<td> <span style=\"font-size: small;\">62 cm<\/span><\/td>\n<\/tr>\n<tr>\n<td align=\"center\" valign=\"middle\" width=\"35\"> <span style=\"font-size: small;\"><img decoding=\"async\" src=\"https:\/\/mediacdn.shopatron.com\/media\/mfg\/2747\/media_image\/live_2\/m_color.gif?1276650448\" alt=\"\"><\/span><\/td>\n<td width=\"230\">\n<h5> <span style=\"font-size: small;\">Color<\/span><\/h5>\n<\/td>\n<td> <span style=\"font-size: small;\">Color: Negro<\/span><\/td>\n<\/tr>\n<tr>\n<td align=\"center\" valign=\"middle\" width=\"35\"> <span style=\"font-size: small;\"><img decoding=\"async\" src=\"https:\/\/mediacdn.shopatron.com\/media\/mfg\/2747\/media_image\/live_2\/column_tube_diameter.jpg?1339539187\" alt=\"\"><\/span><\/td>\n<td width=\"230\">\n<h5> <span style=\"font-size: small;\">Di\u00e1metro del tubo de la columna<\/span><\/h5>\n<\/td>\n<td> <span style=\"font-size: small;\">25 mm<\/span><\/td>\n<\/tr>\n<tr>\n<td align=\"center\" valign=\"middle\" width=\"35\"> <span style=\"font-size: small;\">&nbsp;<\/span><\/td>\n<td width=\"230\">\n<h5> <span style=\"font-size: small;\">\u00c1ngulos de las patas<\/span><\/h5>\n<\/td>\n<td> <span style=\"font-size: small;\">25\u00b0.46\u00b0.66\u00b0.88\u00b0<\/span><\/td>\n<\/tr>\n<tr>\n<td align=\"center\" valign=\"middle\" width=\"35\"> <span style=\"font-size: small;\"><img decoding=\"async\" src=\"https:\/\/mediacdn.shopatron.com\/media\/mfg\/2747\/media_image\/live_2\/m_leg_sections.gif?1279320871\" alt=\"\"><\/span><\/td>\n<td width=\"230\">\n<h5> <span style=\"font-size: small;\">secciones de las piernas<\/span><\/h5>\n<\/td>\n<td> <span style=\"font-size: small;\">4 N\u00famero<\/span><\/td>\n<\/tr>\n<tr>\n<td align=\"center\" valign=\"middle\" width=\"35\"> <span style=\"font-size: small;\">&nbsp;<\/span><\/td>\n<td width=\"230\">\n<h5> <span style=\"font-size: small;\">Di\u00e1metro del tubo de la pierna<\/span><\/h5>\n<\/td>\n<td> <span style=\"font-size: small;\">26. 22.5. 19. 15,5 mil\u00edmetros<\/span><\/td>\n<\/tr>\n<tr>\n<td align=\"center\" valign=\"middle\" width=\"35\"> <span style=\"font-size: small;\">&nbsp;<\/span><\/td>\n<td width=\"230\">\n<h5> <span style=\"font-size: small;\">material<\/span><\/h5>\n<\/td>\n<td> <span style=\"font-size: small;\">aluminio<\/span><\/td>\n<\/tr>\n<tr>\n<td align=\"center\" valign=\"middle\" width=\"35\"> <span style=\"font-size: small;\"><img decoding=\"async\" src=\"https:\/\/mediacdn.shopatron.com\/media\/mfg\/2747\/media_image\/live_2\/m_max_height_colup.gif?1276650582\" alt=\"\"><\/span><\/td>\n<td width=\"230\">\n<h5> <span style=\"font-size: small;\">Altura m\u00e1xima<\/span><\/h5>\n<\/td>\n<td> <span style=\"font-size: small;\">173cm<\/span><\/td>\n<\/tr>\n<tr>\n<td align=\"center\" valign=\"middle\" width=\"35\"> <span style=\"font-size: small;\"><img decoding=\"async\" src=\"https:\/\/mediacdn.shopatron.com\/media\/mfg\/2747\/media_image\/live_2\/m_max_height_coldown.gif?1276649362\" alt=\"\"><\/span><\/td>\n<td width=\"230\">\n<h5> <span style=\"font-size: small;\">Altura m\u00e1xima (con la columna central hacia abajo)<\/span><\/h5>\n<\/td>\n<td> <span style=\"font-size: small;\">148cm<\/span><\/td>\n<\/tr>\n<tr>\n<td align=\"center\" valign=\"middle\" width=\"35\"> <span style=\"font-size: small;\"><img decoding=\"async\" src=\"https:\/\/mediacdn.shopatron.com\/media\/mfg\/2747\/media_image\/live_2\/m_min_height.gif?1276649363\" alt=\"\"><\/span><\/td>\n<td width=\"230\">\n<h5> <span style=\"font-size: small;\">Altura m\u00ednima<\/span><\/h5>\n<\/td>\n<td> <span style=\"font-size: small;\">8 cm<\/span><\/td>\n<\/tr>\n<tr>\n<td align=\"center\" valign=\"middle\" width=\"35\"> <span style=\"font-size: small;\"><img decoding=\"async\" src=\"https:\/\/mediacdn.shopatron.com\/media\/mfg\/2747\/media_image\/live_2\/m_load_capacity.gif?1276650449\" alt=\"\"><\/span><\/td>\n<td width=\"230\">\n<h5> <span style=\"font-size: small;\">Carga \u00fatil de seguridad<\/span><\/h5>\n<\/td>\n<td> <span style=\"font-size: small;\">6kg<\/span><\/td>\n<\/tr>\n<tr>\n<td align=\"center\" valign=\"middle\" width=\"35\"> <span style=\"font-size: small;\"><img decoding=\"async\" src=\"https:\/\/mediacdn.shopatron.com\/media\/mfg\/2747\/media_image\/live_2\/m_weight.gif?1276617563\" alt=\"\"><\/span><\/td>\n<td width=\"230\">\n<h5> <span style=\"font-size: small;\">peso<\/span><\/h5>\n<\/td>\n<td> <span style=\"font-size: small;\">3,1 kg<\/span><\/td>\n<\/tr>\n<\/tbody>\n<\/table>\n","protected":false},"excerpt":{"rendered":"<p>El nuevo tr\u00edpode de 4 secciones de aluminio 190 tambi\u00e9n est\u00e1 disponible como kit con el cabezal de 3 v\u00edas<\/p>\n","protected":false},"featured_media":65115,"comment_status":"closed","ping_status":"open","template":"","meta":{"_acf_changed":false},"product_brand":[2581],"product_cat":[1092],"product_tag":[],"class_list":{"0":"post-73208","1":"product","2":"type-product","3":"status-publish","4":"has-post-thumbnail","6":"product_brand-manfrotto-es","7":"product_cat-kits-foto-es","9":"first","10":"onbackorder","11":"taxable","12":"shipping-taxable","13":"purchasable","14":"product-type-simple"},"bundled_by":[],"bundle_stock_status":"onbackorder","bundle_stock_quantity":0,"bundle_virtual":false,"bundle_layout":"","bundle_add_to_cart_form_location":"","bundle_editable_in_cart":false,"bundle_sold_individually_context":"","bundle_item_grouping":"","bundle_min_size":"","bundle_max_size":"","bundle_price":[],"bundled_items":[],"bundle_sell_ids":[],"acf":[],"_links":{"self":[{"href":"https:\/\/hi-techwonder.com\/es\/wp-json\/wp\/v2\/product\/73208","targetHints":{"allow":["GET"]}}],"collection":[{"href":"https:\/\/hi-techwonder.com\/es\/wp-json\/wp\/v2\/product"}],"about":[{"href":"https:\/\/hi-techwonder.com\/es\/wp-json\/wp\/v2\/types\/product"}],"replies":[{"embeddable":true,"href":"https:\/\/hi-techwonder.com\/es\/wp-json\/wp\/v2\/comments?post=73208"}],"wp:featuredmedia":[{"embeddable":true,"href":"https:\/\/hi-techwonder.com\/es\/wp-json\/wp\/v2\/media\/65115"}],"wp:attachment":[{"href":"https:\/\/hi-techwonder.com\/es\/wp-json\/wp\/v2\/media?parent=73208"}],"wp:term":[{"taxonomy":"product_brand","embeddable":true,"href":"https:\/\/hi-techwonder.com\/es\/wp-json\/wp\/v2\/product_brand?post=73208"},{"taxonomy":"product_cat","embeddable":true,"href":"https:\/\/hi-techwonder.com\/es\/wp-json\/wp\/v2\/product_cat?post=73208"},{"taxonomy":"product_tag","embeddable":true,"href":"https:\/\/hi-techwonder.com\/es\/wp-json\/wp\/v2\/product_tag?post=73208"}],"curies":[{"name":"wp","href":"https:\/\/api.w.org\/{rel}","templated":true}]}}