{"id":73209,"date":"2025-07-29T10:22:18","date_gmt":"2025-07-29T10:22:18","guid":{"rendered":"https:\/\/fv6qoy3ls0.wpdns.site\/produto\/manfrotto-mhxpro-bhq6\/"},"modified":"2026-02-25T16:55:05","modified_gmt":"2026-02-25T16:55:05","slug":"manfrotto-mhxpro-bhq6","status":"publish","type":"product","link":"https:\/\/hi-techwonder.com\/es\/producto\/manfrotto-mhxpro-bhq6\/","title":{"rendered":"MANFROTTO MHXPRO-BHQ6"},"content":{"rendered":"<p>El nuevo cabezal esf\u00e9rico XPRO es la uni\u00f3n perfecta de soluciones t\u00e9cnicas innovadoras y dise\u00f1o.  <br style=\"margin: 0px; padding: 0px; color: #4c4c4c; font-family: 'Open Sans', sans-serif; font-size: 12px; font-style: normal; font-variant: normal; font-weight: normal; letter-spacing: normal; line-height: 18px; orphans: auto; text-align: start; text-indent: 0px; text-transform: none; white-space: normal; widows: 1; word-spacing: 0px; -webkit-text-stroke-width: 0px; background-color: rgba(255, 255, 255, 0.901961);\"><br style=\"margin: 0px; padding: 0px; color: #4c4c4c; font-family: 'Open Sans', sans-serif; font-size: 12px; font-style: normal; font-variant: normal; font-weight: normal; letter-spacing: normal; line-height: 18px; orphans: auto; text-align: start; text-indent: 0px; text-transform: none; white-space: normal; widows: 1; word-spacing: 0px; -webkit-text-stroke-width: 0px; background-color: rgba(255, 255, 255, 0.901961);\">  XPRO Ball Head cuenta con un nuevo sistema de triple bloqueo que asegura la estabilidad de la posici\u00f3n de la c\u00e1mara, evitando desviaciones gracias a tres cu\u00f1as que rodean y bloquean la bola. Su control de fricci\u00f3n ayuda al usuario a equilibrar el peso del equipo de la c\u00e1mara y, gracias a las dos burbujas de nivelaci\u00f3n, se pueden realizar ajustes finos con los botones de bloqueo abiertos.   <br style=\"margin: 0px; padding: 0px; color: #4c4c4c; font-family: 'Open Sans', sans-serif; font-size: 12px; font-style: normal; font-variant: normal; font-weight: normal; letter-spacing: normal; line-height: 18px; orphans: auto; text-align: start; text-indent: 0px; text-transform: none; white-space: normal; widows: 1; word-spacing: 0px; -webkit-text-stroke-width: 0px; background-color: rgba(255, 255, 255, 0.901961);\">  Adem\u00e1s, sus nuevos anillos de pol\u00edmero han reemplazado esta grasa antiest\u00e9tica y desordenada, asegurando movimientos de c\u00e1mara suaves, precisos y menos espasm\u00f3dicos.  <br style=\"margin: 0px; padding: 0px; color: #4c4c4c; font-family: 'Open Sans', sans-serif; font-size: 12px; font-style: normal; font-variant: normal; font-weight: normal; letter-spacing: normal; line-height: 18px; orphans: auto; text-align: start; text-indent: 0px; text-transform: none; white-space: normal; widows: 1; word-spacing: 0px; -webkit-text-stroke-width: 0px; background-color: rgba(255, 255, 255, 0.901961);\"><br style=\"margin: 0px; padding: 0px; color: #4c4c4c; font-family: 'Open Sans', sans-serif; font-size: 12px; font-style: normal; font-variant: normal; font-weight: normal; letter-spacing: normal; line-height: 18px; orphans: auto; text-align: start; text-indent: 0px; text-transform: none; white-space: normal; widows: 1; word-spacing: 0px; -webkit-text-stroke-width: 0px; background-color: rgba(255, 255, 255, 0.901961);\">  El XPRO Ball Head es extremadamente port\u00e1til, ligero y fiable gracias a su cuerpo de magnesio: pesa solo 0,52 kg y puede soportar hasta 10 kg de carga \u00fatil.  <br style=\"margin: 0px; padding: 0px; color: #4c4c4c; font-family: 'Open Sans', sans-serif; font-size: 12px; font-style: normal; font-variant: normal; font-weight: normal; letter-spacing: normal; line-height: 18px; orphans: auto; text-align: start; text-indent: 0px; text-transform: none; white-space: normal; widows: 1; word-spacing: 0px; -webkit-text-stroke-width: 0px; background-color: rgba(255, 255, 255, 0.901961);\"><br style=\"margin: 0px; padding: 0px; color: #4c4c4c; font-family: 'Open Sans', sans-serif; font-size: 12px; font-style: normal; font-variant: normal; font-weight: normal; letter-spacing: normal; line-height: 18px; orphans: auto; text-align: start; text-indent: 0px; text-transform: none; white-space: normal; widows: 1; word-spacing: 0px; -webkit-text-stroke-width: 0px; background-color: rgba(255, 255, 255, 0.901961);\">  El nuevo MHXPRO-BHQ6 viene con Top Lock, la placa MSQ6PL (compatible con Arca-Swiss), que representa una soluci\u00f3n innovadora en comparaci\u00f3n con otros adaptadores de estilo Arca-Swiss en el mercado. La c\u00e1mara se inserta desde la parte superior, en lugar de lateral, lo que es m\u00e1s r\u00e1pido y f\u00e1cil. Cuando la placa encaja en su lugar, libera un mecanismo de seguridad que evita que la c\u00e1mara se caiga. Es la soluci\u00f3n perfecta para profesionales experimentados que desean sentirse completamente seguros, incluso cuando usan equipos de c\u00e1mara costosos y pesados.   <\/p>\n<p> <strong>Caracter\u00edsticas t\u00e9cnicas<\/strong> <\/p>\n<table id=\"prod_specs\" style=\"margin: 0px; padding: 0px; border-spacing: 0px; width: 559px; border-collapse: collapse; font-size: 14px; color: #4c4c4c; font-family: 'Open Sans', sans-serif; font-style: normal; font-variant: normal; font-weight: normal; letter-spacing: normal; line-height: 14px; orphans: auto; text-align: left; text-indent: 0px; text-transform: none; white-space: normal; widows: 1; word-spacing: 0px; -webkit-text-stroke-width: 0px; background-color: #ffffff;\" border=\"0\">\n<tbody style=\"margin: 0px; padding: 0px;\">\n<tr style=\"margin: 0px; padding: 0px; background: #e4e4e4;\">\n<td style=\"margin: 0px; padding: 10px; width: 259px; border-left-width: 2px; border-left-style: solid; border-left-color: #b6b6b6; font-weight: bold;\"> Tipo de accesorio<\/td>\n<td style=\"margin: 0px; padding: 10px; width: 259px;\"> 3\/8&#8221; <\/td>\n<\/tr>\n<tr style=\"margin: 0px; padding: 0px; background: #fafafa;\">\n<td style=\"margin: 0px; padding: 10px; width: 259px; border-left-width: 2px; border-left-style: solid; border-left-color: #e4e4e4; font-weight: bold;\"> Nivel de burbuja (<\/td>\n<td style=\"margin: 0px; padding: 10px; width: 259px;\">n\u00famero n.\u00ba 2<\/td>\n<p>) <\/tr>\n<tr style=\"margin: 0px; padding: 0px; background: #e4e4e4;\">\n<td style=\"margin: 0px; padding: 10px; width: 259px; border-left-width: 2px; border-left-style: solid; border-left-color: #b6b6b6; font-weight: bold;\"> Color humo<\/td>\n<td style=\"margin: 0px; padding: 10px; width: 259px;\"> <\/td>\n<\/tr>\n<tr style=\"margin: 0px; padding: 0px; background: #fafafa;\">\n<td style=\"margin: 0px; padding: 10px; width: 259px; border-left-width: 2px; border-left-style: solid; border-left-color: #e4e4e4; font-weight: bold;\"> Bloqueo de bandeja independiente<\/td>\n<td style=\"margin: 0px; padding: 10px; width: 259px;\"> S\u00ed <\/td>\n<\/tr>\n<tr style=\"margin: 0px; padding: 0px; background: #e4e4e4;\">\n<td style=\"margin: 0px; padding: 10px; width: 259px; border-left-width: 2px; border-left-style: solid; border-left-color: #b6b6b6; font-weight: bold;\"> Inclinaci\u00f3n lateral<\/td>\n<td style=\"margin: 0px; padding: 10px; width: 259px;\"> -90\u00b0 \/ +40\u00b0 inclinaci\u00f3n de la cabeza <\/td>\n<\/tr>\n<tr style=\"margin: 0px; padding: 0px; background: #fafafa;\">\n<td style=\"margin: 0px; padding: 10px; width: 259px; border-left-width: 2px; border-left-style: solid; border-left-color: #e4e4e4; font-weight: bold;\"> Material:<\/td>\n<td style=\"margin: 0px; padding: 10px; width: 259px;\"> Aluminio magnesio <\/td>\n<\/tr>\n<tr style=\"margin: 0px; padding: 0px; background: #e4e4e4;\">\n<td style=\"margin: 0px; padding: 10px; width: 259px; border-left-width: 2px; border-left-style: solid; border-left-color: #b6b6b6; font-weight: bold;\"> Rotaci\u00f3n panor\u00e1mica<\/td>\n<p> de <\/p>\n<td style=\"margin: 0px; padding: 10px; width: 259px;\"> 360\u00b0 <\/td>\n<\/tr>\n<tr style=\"margin: 0px; padding: 0px; background: #fafafa;\">\n<td style=\"margin: 0px; padding: 10px; width: 259px; border-left-width: 2px; border-left-style: solid; border-left-color: #e4e4e4; font-weight: bold;\"> tipo de placa<\/td>\n<td style=\"margin: 0px; padding: 10px; width: 259px;\"> MSQ6PL <\/td>\n<\/tr>\n<tr style=\"margin: 0px; padding: 0px; background: #e4e4e4;\">\n<td style=\"margin: 0px; padding: 10px; width: 259px; border-left-width: 2px; border-left-style: solid; border-left-color: #b6b6b6; font-weight: bold;\"> Liberaci\u00f3n r\u00e1pida<\/td>\n<td style=\"margin: 0px; padding: 10px; width: 259px;\"> s\u00ed <\/td>\n<\/tr>\n<tr style=\"margin: 0px; padding: 0px; background: #fafafa;\">\n<td style=\"margin: 0px; padding: 10px; width: 259px; border-left-width: 2px; border-left-style: solid; border-left-color: #e4e4e4; font-weight: bold;\"> Carga \u00fatil de seguridad<\/td>\n<td style=\"margin: 0px; padding: 10px; width: 259px;\"> 10 kg <\/td>\n<\/tr>\n<tr style=\"margin: 0px; padding: 0px; background: #e4e4e4;\">\n<td style=\"margin: 0px; padding: 10px; width: 259px; border-left-width: 2px; border-left-style: solid; border-left-color: #b6b6b6; font-weight: bold;\"> Peso<\/td>\n<td style=\"margin: 0px; padding: 10px; width: 259px;\"> 0.520kg <\/td>\n<\/tr>\n<tr style=\"margin: 0px; padding: 0px; background: #fafafa;\">\n<td style=\"margin: 0px; padding: 10px; width: 259px; border-left-width: 2px; border-left-style: solid; border-left-color: #e4e4e4; font-weight: bold;\"> Altura de trabajo<\/td>\n<td style=\"margin: 0px; padding: 10px; width: 259px;\"> 11,5 cm <\/td>\n<\/tr>\n<\/tbody>\n<\/table>\n","protected":false},"excerpt":{"rendered":"<p>El nuevo cabezal esf\u00e9rico XPRO es la uni\u00f3n perfecta de soluciones t\u00e9cnicas innovadoras y dise\u00f1o. XPRO Ball Head cuenta con<\/p>\n","protected":false},"featured_media":62327,"comment_status":"closed","ping_status":"open","template":"","meta":{"_acf_changed":false},"product_brand":[2581],"product_cat":[1075],"product_tag":[],"class_list":{"0":"post-73209","1":"product","2":"type-product","3":"status-publish","4":"has-post-thumbnail","6":"product_brand-manfrotto-es","7":"product_cat-bola","9":"first","10":"onbackorder","11":"taxable","12":"shipping-taxable","13":"purchasable","14":"product-type-simple"},"bundled_by":[],"bundle_stock_status":"onbackorder","bundle_stock_quantity":null,"bundle_virtual":false,"bundle_layout":"","bundle_add_to_cart_form_location":"","bundle_editable_in_cart":false,"bundle_sold_individually_context":"","bundle_item_grouping":"","bundle_min_size":"","bundle_max_size":"","bundle_price":[],"bundled_items":[],"bundle_sell_ids":[],"acf":[],"_links":{"self":[{"href":"https:\/\/hi-techwonder.com\/es\/wp-json\/wp\/v2\/product\/73209","targetHints":{"allow":["GET"]}}],"collection":[{"href":"https:\/\/hi-techwonder.com\/es\/wp-json\/wp\/v2\/product"}],"about":[{"href":"https:\/\/hi-techwonder.com\/es\/wp-json\/wp\/v2\/types\/product"}],"replies":[{"embeddable":true,"href":"https:\/\/hi-techwonder.com\/es\/wp-json\/wp\/v2\/comments?post=73209"}],"wp:featuredmedia":[{"embeddable":true,"href":"https:\/\/hi-techwonder.com\/es\/wp-json\/wp\/v2\/media\/62327"}],"wp:attachment":[{"href":"https:\/\/hi-techwonder.com\/es\/wp-json\/wp\/v2\/media?parent=73209"}],"wp:term":[{"taxonomy":"product_brand","embeddable":true,"href":"https:\/\/hi-techwonder.com\/es\/wp-json\/wp\/v2\/product_brand?post=73209"},{"taxonomy":"product_cat","embeddable":true,"href":"https:\/\/hi-techwonder.com\/es\/wp-json\/wp\/v2\/product_cat?post=73209"},{"taxonomy":"product_tag","embeddable":true,"href":"https:\/\/hi-techwonder.com\/es\/wp-json\/wp\/v2\/product_tag?post=73209"}],"curies":[{"name":"wp","href":"https:\/\/api.w.org\/{rel}","templated":true}]}}