{"id":73213,"date":"2025-07-29T10:23:05","date_gmt":"2025-07-29T10:23:05","guid":{"rendered":"https:\/\/fv6qoy3ls0.wpdns.site\/produto\/manfrotto-mh804-3w-cabezal-de-3-vias\/"},"modified":"2025-07-29T10:23:05","modified_gmt":"2025-07-29T10:23:05","slug":"manfrotto-mh804-3w-cabezal-de-3-vias","status":"publish","type":"product","link":"https:\/\/hi-techwonder.com\/es\/producto\/manfrotto-mh804-3w-cabezal-de-3-vias\/","title":{"rendered":"MANFROTTO MH804-3W Cabezal de 3 v\u00edas"},"content":{"rendered":"<div id=\"_mcePaste\" style=\"position: absolute; left: -10000px; top: 0px; width: 1px; height: 1px; overflow: hidden;\">  ASPECTOS DESTACADOS DEL PRODUCTO  <\/div>\n<div id=\"_mcePaste\" style=\"position: absolute; left: -10000px; top: 0px; width: 1px; height: 1px; overflow: hidden;\">  Capacidad de carga: 8.8 lb  <\/div>\n<div id=\"_mcePaste\" style=\"position: absolute; left: -10000px; top: 0px; width: 1px; height: 1px; overflow: hidden;\">  Altura m\u00e1xima: 4.7&#8243;  <\/div>\n<div id=\"_mcePaste\" style=\"position: absolute; left: -10000px; top: 0px; width: 1px; height: 1px; overflow: hidden;\">  Peso: 1.65 libras  <\/div>\n<div id=\"_mcePaste\" style=\"position: absolute; left: -10000px; top: 0px; width: 1px; height: 1px; overflow: hidden;\">  Sistema de liberaci\u00f3n r\u00e1pida RC2  <\/div>\n<div id=\"_mcePaste\" style=\"position: absolute; left: -10000px; top: 0px; width: 1px; height: 1px; overflow: hidden;\">  Asas retr\u00e1ctiles  <\/div>\n<div id=\"_mcePaste\" style=\"position: absolute; left: -10000px; top: 0px; width: 1px; height: 1px; overflow: hidden;\">  Movimiento de inclinaci\u00f3n asistido por resorte  <\/div>\n<div id=\"_mcePaste\" style=\"position: absolute; left: -10000px; top: 0px; width: 1px; height: 1px; overflow: hidden;\">  Placa QR incluida  <\/div>\n<div id=\"_mcePaste\" style=\"position: absolute; left: -10000px; top: 0px; width: 1px; height: 1px; overflow: hidden;\">  El cabezal de giro\/inclinaci\u00f3n de 3 v\u00edas MH804-3W de Manfrotto reemplaza y mejora el dise\u00f1o del 804RC2. Este cabezal incorpora asas retr\u00e1ctiles que disminuyen el tama\u00f1o total cuando no est\u00e1 en uso. Un resorte incorporado ayuda en el movimiento de inclinaci\u00f3n de la cabeza, compensando lentes y c\u00e1maras m\u00e1s pesadas con cargas descentradas. La cabeza mide 4.7&#8243; de alto, pesa 1.65 lb y puede soportar hasta 8.8 lb. Se incluye una placa de liberaci\u00f3n r\u00e1pida 200LT-PL para colocar y quitar r\u00e1pidamente la c\u00e1mara de la cabeza.    <\/div>\n<p> <strong><span style=\"color: #000000;\">ASPECTOS DESTACADOS DEL PRODUCTO<\/span><\/strong><\/p>\n<ul>\n<li> <span style=\"color: #000000;\">Capacidad de carga: 8.8 lb<\/span><\/li>\n<li> <span style=\"color: #000000;\">Altura m\u00e1xima: 4.7&#8243;<\/span><\/li>\n<li> <span style=\"color: #000000;\">Peso: 1.65 libras<\/span><\/li>\n<li> <span style=\"color: #000000;\">Sistema de liberaci\u00f3n r\u00e1pida RC2<\/span><\/li>\n<li> <span style=\"color: #000000;\">Asas retr\u00e1ctiles<\/span><\/li>\n<li> <span style=\"color: #000000;\">Movimiento de inclinaci\u00f3n asistido por resorte<\/span><\/li>\n<li> <span style=\"color: #000000;\">Placa QR incluida<\/span><\/li>\n<\/ul>\n<p> <span style=\"color: #000000;\">El cabezal de giro\/inclinaci\u00f3n de 3 v\u00edas MH804-3W de Manfrotto reemplaza y mejora el dise\u00f1o del 804RC2. Este cabezal incorpora asas retr\u00e1ctiles que disminuyen el tama\u00f1o total cuando no est\u00e1 en uso. Un resorte incorporado ayuda en el movimiento de inclinaci\u00f3n de la cabeza, compensando lentes y c\u00e1maras m\u00e1s pesadas con cargas descentradas. La cabeza mide 4.7&#8243; de alto, pesa 1.65 lb y puede soportar hasta 8.8 lb. Se incluye una placa de liberaci\u00f3n r\u00e1pida 200LT-PL para colocar y quitar r\u00e1pidamente la c\u00e1mara de la cabeza.    <\/span><\/p>\n<p> <span style=\"color: #000000;\">&nbsp;<\/span> <\/p>\n<table class=\"specTable\" style=\"box-sizing: border-box; font-size: 12px; border: 0px; vertical-align: baseline; margin: 0px 0px 35px; padding: 0px; border-collapse: collapse; border-spacing: 0px; font-stretch: inherit; line-height: 18px; clear: both; width: 875px; color: #595959; background: transparent;\" border=\"1\">\n<tbody style=\"box-sizing: border-box; font-size: inherit; border: 0px; vertical-align: baseline; margin: 0px; padding: 0px; font-style: inherit; font-variant: inherit; font-weight: inherit; font-stretch: inherit; line-height: inherit; background: transparent;\">\n<tr style=\"box-sizing: border-box; font-size: inherit; border-width: 0px 0px 1px; border-bottom-style: solid; border-bottom-color: #e4e5e4; vertical-align: baseline; margin: 0px; padding: 0px; font-style: inherit; font-variant: inherit; font-weight: inherit; font-stretch: inherit; line-height: inherit; background: transparent;\">\n<td class=\"specTopic c28 fs14 bold\" style=\"box-sizing: border-box; font-size: 14px; border: 0px; vertical-align: baseline; margin: 0px; padding: 10px 0px 10px 10px; font-style: inherit; font-variant: inherit; font-weight: bold; font-stretch: inherit; line-height: 21px; color: #464646; width: 175px; background: transparent;\"><span style=\"color: #000000;\">Material<\/span> <\/td>\n<td class=\"specDetail c28 fs14\" style=\"box-sizing: border-box; font-size: 14px; border: 0px; vertical-align: baseline; margin: 0px; padding: 10px 0px 10px 10px; font-style: inherit; font-variant: inherit; font-weight: inherit; font-stretch: inherit; line-height: 21px; color: #464646; background: transparent;\"> <span style=\"color: #000000;\">Tecnopol\u00edmero<\/span> <\/td>\n<\/tr>\n<tr style=\"box-sizing: border-box; font-size: inherit; border-width: 0px 0px 1px; border-bottom-style: solid; border-bottom-color: #e4e5e4; vertical-align: baseline; margin: 0px; padding: 0px; font-style: inherit; font-variant: inherit; font-weight: inherit; font-stretch: inherit; line-height: inherit; background: transparent;\">\n<td class=\"specTopic c28 fs14 bold\" style=\"box-sizing: border-box; font-size: 14px; border: 0px; vertical-align: baseline; margin: 0px; padding: 10px 0px 10px 10px; font-style: inherit; font-variant: inherit; font-weight: bold; font-stretch: inherit; line-height: 21px; color: #464646; width: 175px; background: transparent;\"><span style=\"color: #000000;\">Capacidad de carga<\/span> <\/td>\n<td class=\"specDetail c28 fs14\" style=\"box-sizing: border-box; font-size: 14px; border: 0px; vertical-align: baseline; margin: 0px; padding: 10px 0px 10px 10px; font-style: inherit; font-variant: inherit; font-weight: inherit; font-stretch: inherit; line-height: 21px; color: #464646; background: transparent;\"> <span style=\"color: #000000;\">8,8 libras (4 kg)<\/span> <\/td>\n<\/tr>\n<tr style=\"box-sizing: border-box; font-size: inherit; border-width: 0px 0px 1px; border-bottom-style: solid; border-bottom-color: #e4e5e4; vertical-align: baseline; margin: 0px; padding: 0px; font-style: inherit; font-variant: inherit; font-weight: inherit; font-stretch: inherit; line-height: inherit; background: transparent;\">\n<td class=\"specTopic c28 fs14 bold\" style=\"box-sizing: border-box; font-size: 14px; border: 0px; vertical-align: baseline; margin: 0px; padding: 10px 0px 10px 10px; font-style: inherit; font-variant: inherit; font-weight: bold; font-stretch: inherit; line-height: 21px; color: #464646; width: 175px; background: transparent;\"> <span style=\"color: #000000;\">Rango de inclinaci\u00f3n<\/span> <\/td>\n<td class=\"specDetail c28 fs14\" style=\"box-sizing: border-box; font-size: 14px; border: 0px; vertical-align: baseline; margin: 0px; padding: 10px 0px 10px 10px; font-style: inherit; font-variant: inherit; font-weight: inherit; font-stretch: inherit; line-height: 21px; color: #464646; background: transparent;\"> <span style=\"color: #000000;\">Frontal: -30\u00b0 \/ 90\u00b0<br style=\"box-sizing: border-box;\"> Lados: -30\u00b0 \/ 90\u00b0<\/span> <\/td>\n<\/tr>\n<tr style=\"box-sizing: border-box; font-size: inherit; border-width: 0px 0px 1px; border-bottom-style: solid; border-bottom-color: #e4e5e4; vertical-align: baseline; margin: 0px; padding: 0px; font-style: inherit; font-variant: inherit; font-weight: inherit; font-stretch: inherit; line-height: inherit; background: transparent;\">\n<td class=\"specTopic c28 fs14 bold\" style=\"box-sizing: border-box; font-size: 14px; border: 0px; vertical-align: baseline; margin: 0px; padding: 10px 0px 10px 10px; font-style: inherit; font-variant: inherit; font-weight: bold; font-stretch: inherit; line-height: 21px; color: #464646; width: 175px; background: transparent;\"><span style=\"color: #000000;\">Gama panor\u00e1mica<\/span> <\/td>\n<td class=\"specDetail c28 fs14\" style=\"box-sizing: border-box; font-size: 14px; border: 0px; vertical-align: baseline; margin: 0px; padding: 10px 0px 10px 10px; font-style: inherit; font-variant: inherit; font-weight: inherit; font-stretch: inherit; line-height: 21px; color: #464646; background: transparent;\"> <span style=\"color: #000000;\">360\u00b0<\/span> <\/td>\n<\/tr>\n<tr style=\"box-sizing: border-box; font-size: inherit; border-width: 0px 0px 1px; border-bottom-style: solid; border-bottom-color: #e4e5e4; vertical-align: baseline; margin: 0px; padding: 0px; font-style: inherit; font-variant: inherit; font-weight: inherit; font-stretch: inherit; line-height: inherit; background: transparent;\">\n<td class=\"specTopic c28 fs14 bold\" style=\"box-sizing: border-box; font-size: 14px; border: 0px; vertical-align: baseline; margin: 0px; padding: 10px 0px 10px 10px; font-style: inherit; font-variant: inherit; font-weight: bold; font-stretch: inherit; line-height: 21px; color: #464646; width: 175px; background: transparent;\"><span style=\"color: #000000;\">Liberaci\u00f3n r\u00e1pida<\/span> <\/td>\n<td class=\"specDetail c28 fs14\" style=\"box-sizing: border-box; font-size: 14px; border: 0px; vertical-align: baseline; margin: 0px; padding: 10px 0px 10px 10px; font-style: inherit; font-variant: inherit; font-weight: inherit; font-stretch: inherit; line-height: 21px; color: #464646; background: transparent;\"> <span style=\"color: #000000;\">S\u00ed, RC2<\/span> <\/td>\n<\/tr>\n<tr style=\"box-sizing: border-box; font-size: inherit; border-width: 0px 0px 1px; border-bottom-style: solid; border-bottom-color: #e4e5e4; vertical-align: baseline; margin: 0px; padding: 0px; font-style: inherit; font-variant: inherit; font-weight: inherit; font-stretch: inherit; line-height: inherit; background: transparent;\">\n<td class=\"specTopic c28 fs14 bold\" style=\"box-sizing: border-box; font-size: 14px; border: 0px; vertical-align: baseline; margin: 0px; padding: 10px 0px 10px 10px; font-style: inherit; font-variant: inherit; font-weight: bold; font-stretch: inherit; line-height: 21px; color: #464646; width: 175px; background: transparent;\"><span style=\"color: #000000;\">Nivel de burbuja<\/span> <\/td>\n<td class=\"specDetail c28 fs14\" style=\"box-sizing: border-box; font-size: 14px; border: 0px; vertical-align: baseline; margin: 0px; padding: 10px 0px 10px 10px; font-style: inherit; font-variant: inherit; font-weight: inherit; font-stretch: inherit; line-height: 21px; color: #464646; background: transparent;\"> <span style=\"color: #000000;\">S\u00ed, diana<\/span> <\/td>\n<\/tr>\n<tr style=\"box-sizing: border-box; font-size: inherit; border-width: 0px 0px 1px; border-bottom-style: solid; border-bottom-color: #e4e5e4; vertical-align: baseline; margin: 0px; padding: 0px; font-style: inherit; font-variant: inherit; font-weight: inherit; font-stretch: inherit; line-height: inherit; background: transparent;\">\n<td class=\"specTopic c28 fs14 bold\" style=\"box-sizing: border-box; font-size: 14px; border: 0px; vertical-align: baseline; margin: 0px; padding: 10px 0px 10px 10px; font-style: inherit; font-variant: inherit; font-weight: bold; font-stretch: inherit; line-height: 21px; color: #464646; width: 175px; background: transparent;\"><span style=\"color: #000000;\">Control de fricci\u00f3n<\/span> <\/td>\n<td class=\"specDetail c28 fs14\" style=\"box-sizing: border-box; font-size: 14px; border: 0px; vertical-align: baseline; margin: 0px; padding: 10px 0px 10px 10px; font-style: inherit; font-variant: inherit; font-weight: inherit; font-stretch: inherit; line-height: 21px; color: #464646; background: transparent;\"> <span style=\"color: #000000;\">No<\/span> <\/td>\n<\/tr>\n<tr style=\"box-sizing: border-box; font-size: inherit; border-width: 0px 0px 1px; border-bottom-style: solid; border-bottom-color: #e4e5e4; vertical-align: baseline; margin: 0px; padding: 0px; font-style: inherit; font-variant: inherit; font-weight: inherit; font-stretch: inherit; line-height: inherit; background: transparent;\">\n<td class=\"specTopic c28 fs14 bold\" style=\"box-sizing: border-box; font-size: 14px; border: 0px; vertical-align: baseline; margin: 0px; padding: 10px 0px 10px 10px; font-style: inherit; font-variant: inherit; font-weight: bold; font-stretch: inherit; line-height: 21px; color: #464646; width: 175px; background: transparent;\"><span style=\"color: #000000;\">Tama\u00f1o de rosca de montaje del tr\u00edpode<\/span> <\/td>\n<td class=\"specDetail c28 fs14\" style=\"box-sizing: border-box; font-size: 14px; border: 0px; vertical-align: baseline; margin: 0px; padding: 10px 0px 10px 10px; font-style: inherit; font-variant: inherit; font-weight: inherit; font-stretch: inherit; line-height: 21px; color: #464646; background: transparent;\"> <span style=\"color: #000000;\">3\/8&#8243;-16<\/span> <\/td>\n<\/tr>\n<tr style=\"box-sizing: border-box; font-size: inherit; border-width: 0px 0px 1px; border-bottom-style: solid; border-bottom-color: #e4e5e4; vertical-align: baseline; margin: 0px; padding: 0px; font-style: inherit; font-variant: inherit; font-weight: inherit; font-stretch: inherit; line-height: inherit; background: transparent;\">\n<td class=\"specTopic c28 fs14 bold\" style=\"box-sizing: border-box; font-size: 14px; border: 0px; vertical-align: baseline; margin: 0px; padding: 10px 0px 10px 10px; font-style: inherit; font-variant: inherit; font-weight: bold; font-stretch: inherit; line-height: 21px; color: #464646; width: 175px; background: transparent;\"><span style=\"color: #000000;\">Altura<\/span> <\/td>\n<td class=\"specDetail c28 fs14\" style=\"box-sizing: border-box; font-size: 14px; border: 0px; vertical-align: baseline; margin: 0px; padding: 10px 0px 10px 10px; font-style: inherit; font-variant: inherit; font-weight: inherit; font-stretch: inherit; line-height: 21px; color: #464646; background: transparent;\"> <span style=\"color: #000000;\">4,7&#8243; (12 cm)<\/span> <\/td>\n<\/tr>\n<tr style=\"box-sizing: border-box; font-size: inherit; border-width: 0px 0px 1px; border-bottom-style: solid; border-bottom-color: #e4e5e4; vertical-align: baseline; margin: 0px; padding: 0px; font-style: inherit; font-variant: inherit; font-weight: inherit; font-stretch: inherit; line-height: inherit; background: transparent;\">\n<td class=\"specTopic c28 fs14 bold\" style=\"box-sizing: border-box; font-size: 14px; border: 0px; vertical-align: baseline; margin: 0px; padding: 10px 0px 10px 10px; font-style: inherit; font-variant: inherit; font-weight: bold; font-stretch: inherit; line-height: 21px; color: #464646; width: 175px; background: transparent;\"> <span style=\"color: #000000;\">Peso<\/span> <\/td>\n<td class=\"specDetail c28 fs14\" style=\"box-sizing: border-box; font-size: 14px; border: 0px; vertical-align: baseline; margin: 0px; padding: 10px 0px 10px 10px; font-style: inherit; font-variant: inherit; font-weight: inherit; font-stretch: inherit; line-height: 21px; color: #464646; background: transparent;\"> <span style=\"color: #000000;\">: 1,65 lb (750 g)<\/span><\/td>\n<\/tr>\n<\/tbody>\n<\/table>\n","protected":false},"excerpt":{"rendered":"<p>ASPECTOS DESTACADOS DEL PRODUCTO Capacidad de carga: 8.8 lb Altura m\u00e1xima: 4.7&#8243; Peso: 1.65 libras Sistema de liberaci\u00f3n r\u00e1pida RC2<\/p>\n","protected":false},"featured_media":62489,"comment_status":"closed","ping_status":"open","template":"","meta":{"_acf_changed":false},"product_brand":[2581],"product_cat":[1074],"product_tag":[],"class_list":{"0":"post-73213","1":"product","2":"type-product","3":"status-publish","4":"has-post-thumbnail","6":"product_brand-manfrotto-es","7":"product_cat-3-way","9":"first","10":"onbackorder","11":"taxable","12":"shipping-taxable","13":"purchasable","14":"product-type-simple"},"bundled_by":[],"bundle_stock_status":"onbackorder","bundle_stock_quantity":0,"bundle_virtual":false,"bundle_layout":"","bundle_add_to_cart_form_location":"","bundle_editable_in_cart":false,"bundle_sold_individually_context":"","bundle_item_grouping":"","bundle_min_size":"","bundle_max_size":"","bundle_price":[],"bundled_items":[],"bundle_sell_ids":[],"acf":[],"_links":{"self":[{"href":"https:\/\/hi-techwonder.com\/es\/wp-json\/wp\/v2\/product\/73213","targetHints":{"allow":["GET"]}}],"collection":[{"href":"https:\/\/hi-techwonder.com\/es\/wp-json\/wp\/v2\/product"}],"about":[{"href":"https:\/\/hi-techwonder.com\/es\/wp-json\/wp\/v2\/types\/product"}],"replies":[{"embeddable":true,"href":"https:\/\/hi-techwonder.com\/es\/wp-json\/wp\/v2\/comments?post=73213"}],"wp:featuredmedia":[{"embeddable":true,"href":"https:\/\/hi-techwonder.com\/es\/wp-json\/wp\/v2\/media\/62489"}],"wp:attachment":[{"href":"https:\/\/hi-techwonder.com\/es\/wp-json\/wp\/v2\/media?parent=73213"}],"wp:term":[{"taxonomy":"product_brand","embeddable":true,"href":"https:\/\/hi-techwonder.com\/es\/wp-json\/wp\/v2\/product_brand?post=73213"},{"taxonomy":"product_cat","embeddable":true,"href":"https:\/\/hi-techwonder.com\/es\/wp-json\/wp\/v2\/product_cat?post=73213"},{"taxonomy":"product_tag","embeddable":true,"href":"https:\/\/hi-techwonder.com\/es\/wp-json\/wp\/v2\/product_tag?post=73213"}],"curies":[{"name":"wp","href":"https:\/\/api.w.org\/{rel}","templated":true}]}}