{"id":73216,"date":"2025-07-29T10:22:28","date_gmt":"2025-07-29T10:22:28","guid":{"rendered":"https:\/\/fv6qoy3ls0.wpdns.site\/produto\/manfrotto-mh496-q6-rotula-de-bola-con-zapato-ark-swiss\/"},"modified":"2026-02-24T10:38:09","modified_gmt":"2026-02-24T10:38:09","slug":"manfrotto-mh496-q6-rotula-de-bola-con-zapato-ark-swiss","status":"publish","type":"product","link":"https:\/\/hi-techwonder.com\/es\/producto\/manfrotto-mh496-q6-rotula-de-bola-con-zapato-ark-swiss\/","title":{"rendered":"MANFROTTO MH496-Q6 R\u00f3tula de bola con zapato Ark-Swiss"},"content":{"rendered":"<p>Para todos los fot\u00f3grafos que piden un cabezal de varilla pero potente, el cabezal de r\u00f3tula de aluminio 496 con zapata arca-swisss permite un posicionamiento preciso y suave de la c\u00e1mara.<\/p>\n<p> <strong>Caracter\u00edsticas principales<\/strong><\/p>\n<ul>\n<li>  Capacidad de carga: 12kg<\/li>\n<li>  Altura: 13,0 cm<\/li>\n<li>  Peso: 500g<\/li>\n<li>  Inclinaci\u00f3n del \u00e1ngulo vertical de hasta 90\u00b0<\/li>\n<li>  Rotaci\u00f3n independiente de 360\u00b0 con bloqueo<\/li>\n<li>  Control de tensi\u00f3n de bola y z\u00f3calo<\/li>\n<li>  Placa de liberaci\u00f3n r\u00e1pida Q6 Tipo Ark<\/li>\n<\/ul>\n<p>  Esta r\u00f3tula esf\u00e9rica central 496 con placa de liberaci\u00f3n r\u00e1pida tipo Q6 Arca de Manfrotto tiene un receptor tipo Q6 Arca integrado y una placa de liberaci\u00f3n r\u00e1pida. Tiene una capacidad de carga de 12 kg y se puede acoplar a tr\u00edpodes u otros sistemas de soporte con un soporte de 3\/8&#8243;-16. Al aflojar la perilla de bloqueo principal de la cabeza, la r\u00f3tula se puede girar, inclinar completamente o volver a su posici\u00f3n vertical. Un dial integrado en esta perilla de bloqueo se puede girar para aplicar control de tensi\u00f3n a los movimientos de la r\u00f3tula. A lo largo del lado opuesto de la r\u00f3tula, una perilla de bloqueo secundaria controla la capacidad de girar la cabeza 360\u00b0.    <\/p>\n<p> <strong>496 Bola central<\/strong><\/p>\n<ul>\n<li>  Capacidad de carga de 12 kg<\/li>\n<li>  Compatible con tr\u00edpodes o sistemas de soporte con montaje de 3\/8&#8243;-16<\/li>\n<li>  Utiliza r\u00f3tula para ayudar a maximizar la flexibilidad de giro e inclinaci\u00f3n<\/li>\n<li>  La r\u00f3tula proporciona un control giratorio de 360\u00b0, se puede inclinar en un \u00e1ngulo de 90\u00b0 y se puede bloquear en su lugar<\/li>\n<li>  Receptor Q6 tipo Arca integrado y placa de liberaci\u00f3n r\u00e1pida<\/li>\n<li>  La perilla de bloqueo primaria permite que la r\u00f3tula se gire, incline, incline completamente o regrese r\u00e1pidamente a su posici\u00f3n vertical<\/li>\n<li>  La perilla de bloqueo secundaria permite que la cabeza gire 360 \u00b0<\/li>\n<li>  Dial de control de tensi\u00f3n dedicado para movimientos de r\u00f3tula<\/li>\n<li>  Construcci\u00f3n duradera de aleaci\u00f3n de aluminio<\/li>\n<\/ul>\n<p> <strong>Placa de liberaci\u00f3n r\u00e1pida Q6 Tipo Ark<\/strong><\/p>\n<p>  El sistema r\u00e1pido de bloqueo superior Q6 proporciona un deslizamiento para equilibrar perfectamente una c\u00e1mara en la r\u00f3tula de la bola e incorpora un sistema de bloqueo dual que activa la seguridad durante el procedimiento de equilibrado y se bloquea cuando se alcanza la posici\u00f3n correcta.  <\/p>\n<div class=\"title_1tNQ83iPOOgJ6m5fVkxmSw\" style=\"box-sizing: inherit; padding: 2.8125rem 0px; text-transform: capitalize; font-family: OpenSans, 'Segoe UI', Helvetica, Roboto, Arial, sans-serif; font-size: 16px; background-color: #ffffff;\">\n<h2 class=\"text_2iIiQM2M98BvhYsiaXaYuw comfy_3Tv67P0yhL_J6BIUitJ2zo sizeTitle1_1zfM7_vQc3Dj448B46wR81 weightNormal_SF-rc73z4mkRlFO4x_Sh4 primary_ELb2ysditdCtk24iMBTUs\" style=\"box-sizing: inherit; margin: 0px; font-size: 2rem; font-weight: 400; line-height: 2.5rem;\" data-selenium=\"specsItemTitle\"> <strong>Manfrotto MH496-Q6 Especificaciones<\/strong> <\/h2>\n<\/div>\n<div class=\"group_K7YrQottgVsRZ4B6zAaGG\" style=\"box-sizing: inherit; margin-bottom: 2.1875rem; font-family: OpenSans, 'Segoe UI', Helvetica, Roboto, Arial, sans-serif; font-size: 16px; background-color: #ffffff;\">\n<div class=\"name_3mapjiENorVzh8SvFyXVPc firstGroupInItem_k8WqCFToyTsIW3AYbSuui\" style=\"box-sizing: inherit; padding: 0px 0px 0.875rem; border-bottom: 0.125rem solid #cdcdcd; font-size: 2rem; color: #769e2d; line-height: 2rem;\" data-selenium=\"specsItemGroupName\">  Generalmente  <\/div>\n<table class=\"table_o418fscimQZEg1oshu4aX\" style=\"box-sizing: inherit; width: 981.75px;\" data-selenium=\"specsItemGroupTable\">\n<tbody style=\"box-sizing: inherit;\">\n<tr class=\"pair_3u9fnESIQrtuEu6ye_zM4k\" style=\"box-sizing: inherit; border-bottom: 0.0625rem solid #e7e7e7;\" data-selenium=\"specsItemGroupTableRow\">\n<td class=\"label_3bLwbW8ibvYc5tUwpKVQsL \" style=\"box-sizing: inherit; width: 373.062px; padding: 1.25rem 0px; border-top: none; vertical-align: baseline; font-size: 1.125rem; color: #666666; line-height: 1.375rem;\" data-selenium=\"specsItemGroupTableColumnLabel\"> Tipo de cabeza <\/td>\n<td class=\"value_11Av1yGkVYn9TX48mQeu9v \" style=\"box-sizing: inherit; vertical-align: baseline; font-size: 1.125rem; color: #666666; line-height: 1.375rem; padding: 1.25rem 0px 1.25rem 2.5rem;\" data-selenium=\"specsItemGroupTableColumnValue\"> R\u00f3tula <\/td>\n<\/tr>\n<tr class=\"pair_3u9fnESIQrtuEu6ye_zM4k\" style=\"box-sizing: inherit; border-bottom: 0.0625rem solid #e7e7e7;\" data-selenium=\"specsItemGroupTableRow\">\n<td class=\"label_3bLwbW8ibvYc5tUwpKVQsL\" style=\"box-sizing: inherit; width: 373.062px; padding: 1.25rem 0px; border-top: none; vertical-align: baseline; font-size: 1.125rem; color: #666666; line-height: 1.375rem;\" data-selenium=\"specsItemGroupTableColumnLabel\"> Base de montaje <\/td>\n<td class=\"value_11Av1yGkVYn9TX48mQeu9v\" style=\"box-sizing: inherit; vertical-align: baseline; font-size: 1.125rem; color: #666666; line-height: 1.375rem; padding: 1.25rem 0px 1.25rem 2.5rem;\" data-selenium=\"specsItemGroupTableColumnValue\"> 3\/8&#8243;-16 hembra <\/td>\n<\/tr>\n<tr class=\"pair_3u9fnESIQrtuEu6ye_zM4k\" style=\"box-sizing: inherit; border-bottom: 0.0625rem solid #e7e7e7;\" data-selenium=\"specsItemGroupTableRow\">\n<td class=\"label_3bLwbW8ibvYc5tUwpKVQsL\" style=\"box-sizing: inherit; width: 373.062px; padding: 1.25rem 0px; border-top: none; vertical-align: baseline; font-size: 1.125rem; color: #666666; line-height: 1.375rem;\" data-selenium=\"specsItemGroupTableColumnLabel\"> Tornillo de montaje de c\u00e1mara <\/td>\n<td class=\"value_11Av1yGkVYn9TX48mQeu9v\" style=\"box-sizing: inherit; vertical-align: baseline; font-size: 1.125rem; color: #666666; line-height: 1.375rem; padding: 1.25rem 0px 1.25rem 2.5rem;\" data-selenium=\"specsItemGroupTableColumnValue\"> 1\/4&#8243;-20 macho <\/td>\n<\/tr>\n<tr class=\"pair_3u9fnESIQrtuEu6ye_zM4k\" style=\"box-sizing: inherit; border-bottom: 0.0625rem solid #e7e7e7;\" data-selenium=\"specsItemGroupTableRow\">\n<td class=\"label_3bLwbW8ibvYc5tUwpKVQsL\" style=\"box-sizing: inherit; width: 373.062px; padding: 1.25rem 0px; border-top: none; vertical-align: baseline; font-size: 1.125rem; color: #666666; line-height: 1.375rem;\" data-selenium=\"specsItemGroupTableColumnLabel\"> Placa de liberaci\u00f3n r\u00e1pida Tipo <\/td>\n<td class=\"value_11Av1yGkVYn9TX48mQeu9v\" style=\"box-sizing: inherit; vertical-align: baseline; font-size: 1.125rem; color: #666666; line-height: 1.375rem; padding: 1.25rem 0px 1.25rem 2.5rem;\" data-selenium=\"specsItemGroupTableColumnValue\"> Arca <\/td>\n<\/tr>\n<tr class=\"pair_3u9fnESIQrtuEu6ye_zM4k\" style=\"box-sizing: inherit; border-bottom: 0.0625rem solid #e7e7e7;\" data-selenium=\"specsItemGroupTableRow\">\n<td class=\"label_3bLwbW8ibvYc5tUwpKVQsL\" style=\"box-sizing: inherit; width: 373.062px; padding: 1.25rem 0px; border-top: none; vertical-align: baseline; font-size: 1.125rem; color: #666666; line-height: 1.375rem;\" data-selenium=\"specsItemGroupTableColumnLabel\"> Capacidad de carga <\/td>\n<td class=\"value_11Av1yGkVYn9TX48mQeu9v\" style=\"box-sizing: inherit; vertical-align: baseline; font-size: 1.125rem; color: #666666; line-height: 1.375rem; padding: 1.25rem 0px 1.25rem 2.5rem;\" data-selenium=\"specsItemGroupTableColumnValue\"> 12kg <\/td>\n<\/tr>\n<tr class=\"pair_3u9fnESIQrtuEu6ye_zM4k\" style=\"box-sizing: inherit; border-bottom: 0.0625rem solid #e7e7e7;\" data-selenium=\"specsItemGroupTableRow\">\n<td class=\"label_3bLwbW8ibvYc5tUwpKVQsL\" style=\"box-sizing: inherit; width: 373.062px; padding: 1.25rem 0px; border-top: none; vertical-align: baseline; font-size: 1.125rem; color: #666666; line-height: 1.375rem;\" data-selenium=\"specsItemGroupTableColumnLabel\"> N\u00famero de niveles de burbuja <\/td>\n<td class=\"value_11Av1yGkVYn9TX48mQeu9v\" style=\"box-sizing: inherit; vertical-align: baseline; font-size: 1.125rem; color: #666666; line-height: 1.375rem; padding: 1.25rem 0px 1.25rem 2.5rem;\" data-selenium=\"specsItemGroupTableColumnValue\"> 3 <\/td>\n<\/tr>\n<tr class=\"pair_3u9fnESIQrtuEu6ye_zM4k\" style=\"box-sizing: inherit; border-bottom: 0.0625rem solid #e7e7e7;\" data-selenium=\"specsItemGroupTableRow\">\n<td class=\"label_3bLwbW8ibvYc5tUwpKVQsL\" style=\"box-sizing: inherit; width: 373.062px; padding: 1.25rem 0px; border-top: none; vertical-align: baseline; font-size: 1.125rem; color: #666666; line-height: 1.375rem;\" data-selenium=\"specsItemGroupTableColumnLabel\"> Control de fricci\u00f3n <\/td>\n<td class=\"value_11Av1yGkVYn9TX48mQeu9v\" style=\"box-sizing: inherit; vertical-align: baseline; font-size: 1.125rem; color: #666666; line-height: 1.375rem; padding: 1.25rem 0px 1.25rem 2.5rem;\" data-selenium=\"specsItemGroupTableColumnValue\"> S\u00ed <\/td>\n<\/tr>\n<tr class=\"pair_3u9fnESIQrtuEu6ye_zM4k\" style=\"box-sizing: inherit; border-bottom: 0.0625rem solid #e7e7e7;\" data-selenium=\"specsItemGroupTableRow\">\n<td class=\"label_3bLwbW8ibvYc5tUwpKVQsL\" style=\"box-sizing: inherit; width: 373.062px; padding: 1.25rem 0px; border-top: none; vertical-align: baseline; font-size: 1.125rem; color: #666666; line-height: 1.375rem;\" data-selenium=\"specsItemGroupTableColumnLabel\"> Bloqueo de bandeja independiente <\/td>\n<td class=\"value_11Av1yGkVYn9TX48mQeu9v\" style=\"box-sizing: inherit; vertical-align: baseline; font-size: 1.125rem; color: #666666; line-height: 1.375rem; padding: 1.25rem 0px 1.25rem 2.5rem;\" data-selenium=\"specsItemGroupTableColumnValue\"> S\u00ed <\/td>\n<\/tr>\n<tr class=\"pair_3u9fnESIQrtuEu6ye_zM4k\" style=\"box-sizing: inherit; border-bottom: 0.0625rem solid #e7e7e7;\" data-selenium=\"specsItemGroupTableRow\">\n<td class=\"label_3bLwbW8ibvYc5tUwpKVQsL\" style=\"box-sizing: inherit; width: 373.062px; padding: 1.25rem 0px; border-top: none; vertical-align: baseline; font-size: 1.125rem; color: #666666; line-height: 1.375rem;\" data-selenium=\"specsItemGroupTableColumnLabel\"> Material <\/td>\n<td class=\"value_11Av1yGkVYn9TX48mQeu9v\" style=\"box-sizing: inherit; vertical-align: baseline; font-size: 1.125rem; color: #666666; line-height: 1.375rem; padding: 1.25rem 0px 1.25rem 2.5rem;\" data-selenium=\"specsItemGroupTableColumnValue\"> : Aluminio <\/td>\n<\/tr>\n<\/tbody>\n<\/table>\n<\/div>\n<div class=\"group_K7YrQottgVsRZ4B6zAaGG\" style=\"box-sizing: inherit; margin-bottom: 2.1875rem; font-family: OpenSans, 'Segoe UI', Helvetica, Roboto, Arial, sans-serif; font-size: 16px; background-color: #ffffff;\">\n<div class=\"name_3mapjiENorVzh8SvFyXVPc\" style=\"box-sizing: inherit; padding: 1rem 0px 0.875rem; border-bottom: 0.125rem solid #cdcdcd; font-size: 2rem; color: #769e2d; line-height: 2rem;\" data-selenium=\"specsItemGroupName\">  Rango de giro e inclinaci\u00f3n  <\/div>\n<table class=\"table_o418fscimQZEg1oshu4aX\" style=\"box-sizing: inherit; width: 981.75px;\" data-selenium=\"specsItemGroupTable\">\n<tbody style=\"box-sizing: inherit;\">\n<tr class=\"pair_3u9fnESIQrtuEu6ye_zM4k\" style=\"box-sizing: inherit; border-bottom: 0.0625rem solid #e7e7e7;\" data-selenium=\"specsItemGroupTableRow\">\n<td class=\"label_3bLwbW8ibvYc5tUwpKVQsL \" style=\"box-sizing: inherit; width: 373.062px; padding: 1.25rem 0px; border-top: none; vertical-align: baseline; font-size: 1.125rem; color: #666666; line-height: 1.375rem;\" data-selenium=\"specsItemGroupTableColumnLabel\"> Inclinaci\u00f3n lateral <\/td>\n<td class=\"value_11Av1yGkVYn9TX48mQeu9v \" style=\"box-sizing: inherit; vertical-align: baseline; font-size: 1.125rem; color: #666666; line-height: 1.375rem; padding: 1.25rem 0px 1.25rem 2.5rem;\" data-selenium=\"specsItemGroupTableColumnValue\"> de -90\u00b0 a +40\u00b0 <\/td>\n<\/tr>\n<tr class=\"pair_3u9fnESIQrtuEu6ye_zM4k\" style=\"box-sizing: inherit; border-bottom: 0.0625rem solid #e7e7e7;\" data-selenium=\"specsItemGroupTableRow\">\n<td class=\"label_3bLwbW8ibvYc5tUwpKVQsL\" style=\"box-sizing: inherit; width: 373.062px; padding: 1.25rem 0px; border-top: none; vertical-align: baseline; font-size: 1.125rem; color: #666666; line-height: 1.375rem;\" data-selenium=\"specsItemGroupTableColumnLabel\"> Inclinaci\u00f3n vertical <\/td>\n<p> de <\/p>\n<td class=\"value_11Av1yGkVYn9TX48mQeu9v\" style=\"box-sizing: inherit; vertical-align: baseline; font-size: 1.125rem; color: #666666; line-height: 1.375rem; padding: 1.25rem 0px 1.25rem 2.5rem;\" data-selenium=\"specsItemGroupTableColumnValue\"> 0\u00b0 a +90\u00b0 <\/td>\n<\/tr>\n<tr class=\"pair_3u9fnESIQrtuEu6ye_zM4k\" style=\"box-sizing: inherit; border-bottom: 0.0625rem solid #e7e7e7;\" data-selenium=\"specsItemGroupTableRow\">\n<td class=\"label_3bLwbW8ibvYc5tUwpKVQsL\" style=\"box-sizing: inherit; width: 373.062px; padding: 1.25rem 0px; border-top: none; vertical-align: baseline; font-size: 1.125rem; color: #666666; line-height: 1.375rem;\" data-selenium=\"specsItemGroupTableColumnLabel\"> Alcance panor\u00e1mico <\/td>\n<p> de <\/p>\n<td class=\"value_11Av1yGkVYn9TX48mQeu9v\" style=\"box-sizing: inherit; vertical-align: baseline; font-size: 1.125rem; color: #666666; line-height: 1.375rem; padding: 1.25rem 0px 1.25rem 2.5rem;\" data-selenium=\"specsItemGroupTableColumnValue\"> 360\u00b0 <\/td>\n<\/tr>\n<\/tbody>\n<\/table>\n<\/div>\n<div class=\"group_K7YrQottgVsRZ4B6zAaGG\" style=\"box-sizing: inherit; margin-bottom: 2.1875rem; font-family: OpenSans, 'Segoe UI', Helvetica, Roboto, Arial, sans-serif; font-size: 16px; background-color: #ffffff;\">\n<div class=\"name_3mapjiENorVzh8SvFyXVPc\" style=\"box-sizing: inherit; padding: 1rem 0px 0.875rem; border-bottom: 0.125rem solid #cdcdcd; font-size: 2rem; color: #769e2d; line-height: 2rem;\" data-selenium=\"specsItemGroupName\">  F\u00edsico  <\/div>\n<table class=\"table_o418fscimQZEg1oshu4aX\" style=\"box-sizing: inherit; width: 981.75px;\" data-selenium=\"specsItemGroupTable\">\n<tbody style=\"box-sizing: inherit;\">\n<tr class=\"pair_3u9fnESIQrtuEu6ye_zM4k\" style=\"box-sizing: inherit; border-bottom: 0.0625rem solid #e7e7e7;\" data-selenium=\"specsItemGroupTableRow\">\n<td class=\"label_3bLwbW8ibvYc5tUwpKVQsL \" style=\"box-sizing: inherit; width: 373.062px; padding: 1.25rem 0px; border-top: none; vertical-align: baseline; font-size: 1.125rem; color: #666666; line-height: 1.375rem;\" data-selenium=\"specsItemGroupTableColumnLabel\"> Di\u00e1metro de la base <\/td>\n<td class=\"value_11Av1yGkVYn9TX48mQeu9v \" style=\"box-sizing: inherit; vertical-align: baseline; font-size: 1.125rem; color: #666666; line-height: 1.375rem; padding: 1.25rem 0px 1.25rem 2.5rem;\" data-selenium=\"specsItemGroupTableColumnValue\"> 40 mm <\/td>\n<\/tr>\n<tr class=\"pair_3u9fnESIQrtuEu6ye_zM4k\" style=\"box-sizing: inherit; border-bottom: 0.0625rem solid #e7e7e7;\" data-selenium=\"specsItemGroupTableRow\">\n<td class=\"label_3bLwbW8ibvYc5tUwpKVQsL\" style=\"box-sizing: inherit; width: 373.062px; padding: 1.25rem 0px; border-top: none; vertical-align: baseline; font-size: 1.125rem; color: #666666; line-height: 1.375rem;\" data-selenium=\"specsItemGroupTableColumnLabel\"> Dimensiones <\/td>\n<td class=\"value_11Av1yGkVYn9TX48mQeu9v\" style=\"box-sizing: inherit; vertical-align: baseline; font-size: 1.125rem; color: #666666; line-height: 1.375rem; padding: 1.25rem 0px 1.25rem 2.5rem;\" data-selenium=\"specsItemGroupTableColumnValue\"> \u00f8: 13.0 x H: 13.0 x W: 9.0 cm <\/td>\n<\/tr>\n<tr class=\"pair_3u9fnESIQrtuEu6ye_zM4k\" style=\"box-sizing: inherit; border-bottom: 0.0625rem solid #e7e7e7;\" data-selenium=\"specsItemGroupTableRow\">\n<td class=\"label_3bLwbW8ibvYc5tUwpKVQsL\" style=\"box-sizing: inherit; width: 373.062px; padding: 1.25rem 0px; border-top: none; vertical-align: baseline; font-size: 1.125rem; color: #666666; line-height: 1.375rem;\" data-selenium=\"specsItemGroupTableColumnLabel\"> Peso <\/td>\n<td class=\"value_11Av1yGkVYn9TX48mQeu9v\" style=\"box-sizing: inherit; vertical-align: baseline; font-size: 1.125rem; color: #666666; line-height: 1.375rem; padding: 1.25rem 0px 1.25rem 2.5rem;\" data-selenium=\"specsItemGroupTableColumnValue\"> 500g<\/td>\n<\/tr>\n<\/tbody>\n<\/table>\n<\/div>\n","protected":false},"excerpt":{"rendered":"<p>Para todos los fot\u00f3grafos que piden un cabezal de varilla pero potente, el cabezal de r\u00f3tula de aluminio 496 con<\/p>\n","protected":false},"featured_media":62360,"comment_status":"closed","ping_status":"open","template":"","meta":{"_acf_changed":false},"product_brand":[2581],"product_cat":[1075],"product_tag":[],"class_list":{"0":"post-73216","1":"product","2":"type-product","3":"status-publish","4":"has-post-thumbnail","6":"product_brand-manfrotto-es","7":"product_cat-bola","9":"first","10":"onbackorder","11":"taxable","12":"shipping-taxable","13":"purchasable","14":"product-type-simple"},"bundled_by":[],"bundle_stock_status":"onbackorder","bundle_stock_quantity":null,"bundle_virtual":false,"bundle_layout":"","bundle_add_to_cart_form_location":"","bundle_editable_in_cart":false,"bundle_sold_individually_context":"","bundle_item_grouping":"","bundle_min_size":"","bundle_max_size":"","bundle_price":[],"bundled_items":[],"bundle_sell_ids":[],"acf":[],"_links":{"self":[{"href":"https:\/\/hi-techwonder.com\/es\/wp-json\/wp\/v2\/product\/73216","targetHints":{"allow":["GET"]}}],"collection":[{"href":"https:\/\/hi-techwonder.com\/es\/wp-json\/wp\/v2\/product"}],"about":[{"href":"https:\/\/hi-techwonder.com\/es\/wp-json\/wp\/v2\/types\/product"}],"replies":[{"embeddable":true,"href":"https:\/\/hi-techwonder.com\/es\/wp-json\/wp\/v2\/comments?post=73216"}],"wp:featuredmedia":[{"embeddable":true,"href":"https:\/\/hi-techwonder.com\/es\/wp-json\/wp\/v2\/media\/62360"}],"wp:attachment":[{"href":"https:\/\/hi-techwonder.com\/es\/wp-json\/wp\/v2\/media?parent=73216"}],"wp:term":[{"taxonomy":"product_brand","embeddable":true,"href":"https:\/\/hi-techwonder.com\/es\/wp-json\/wp\/v2\/product_brand?post=73216"},{"taxonomy":"product_cat","embeddable":true,"href":"https:\/\/hi-techwonder.com\/es\/wp-json\/wp\/v2\/product_cat?post=73216"},{"taxonomy":"product_tag","embeddable":true,"href":"https:\/\/hi-techwonder.com\/es\/wp-json\/wp\/v2\/product_tag?post=73216"}],"curies":[{"name":"wp","href":"https:\/\/api.w.org\/{rel}","templated":true}]}}