{"id":73218,"date":"2025-07-28T23:59:56","date_gmt":"2025-07-28T23:59:56","guid":{"rendered":"https:\/\/fv6qoy3ls0.wpdns.site\/produto\/bolsa-de-cineloader-manfrotto-mfmbpl-cl-l-video-l\/"},"modified":"2026-02-11T10:43:29","modified_gmt":"2026-02-11T10:43:29","slug":"manfrotto-bolsa-de-cineloader-manfrotto-mfmbpl-cl-l-video-l","status":"publish","type":"product","link":"https:\/\/hi-techwonder.com\/es\/producto\/manfrotto-bolsa-de-cineloader-manfrotto-mfmbpl-cl-l-video-l\/","title":{"rendered":"Bolsa de Cineloader MANFROTTO MFMBPL-CL-L Video L"},"content":{"rendered":"<p><strong>MANFROTTO MFMBPL-CL-L Bolsa de video Cineloader L &#8211; (Grande\/Grande)<br \/><\/strong><\/p>\n<p><strong>Funciones:<\/strong><\/p>\n<ul>\n<li>Se adapta a una videoc\u00e1mara totalmente equipada y m\u00e1s<\/li>\n<li>Cubierta superior con material semitransparente<\/li>\n<li>Probado para cargas \u00fatiles de hasta 22 lb<\/li>\n<li>Divisores M-Guard seguros y protectores<\/li>\n<li>Espacio trasero adicional con cremallera oculta<\/li>\n<li>Cinturones laterales traseros e inferiores<\/li>\n<li>3 organizadores estrat\u00e9gicamente colocados<\/li>\n<\/ul>\n<p><strong>Contenido del paquete<\/strong><\/p>\n<ul>\n<li>1 x MANFROTTO MFMBPL-CL-S Bolsa de Cineloader Video S<\/li>\n<\/ul>\n<p><iframe loading=\"lazy\" src=\"https:\/\/www.youtube.com\/embed\/MHpxrjtc_jU\" width=\"560\" height=\"314\" allowfullscreen=\"allowfullscreen\"><\/iframe><\/p>\n<p><span style=\"vertical-align: inherit\">Esta <\/span><span style=\"vertical-align: inherit\">bolsa de carga de cine Pro Light<\/span><span style=\"vertical-align: inherit\"> de <\/span> <span style=\"vertical-align: inherit\">Manfrotto<\/span><span style=\"vertical-align: inherit\"> es un estuche de transporte vers\u00e1til que es ideal para vide\u00f3grafos que operan como su propio equipo individual o para equipos de cine y transmisi\u00f3n que necesitan almacenar y transportar de manera segura varios equipos hacia y desde el set. La bolsa est\u00e1 dise\u00f1ada para adaptarse a una videoc\u00e1mara totalmente equipada para evitar que pierda m\u00e1s tiempo desmont\u00e1ndola, junto con sus accesorios m\u00e1s pertinentes. Los divisores M-Guard incluidos brindan seguridad para su equipo sin comprometer el espacio de almacenamiento y una capacidad de carga de hasta 22 lb proporciona una amplia flexibilidad para transportar varias herramientas de producci\u00f3n necesarias.<\/span><\/p>\n<p><span style=\"vertical-align: inherit\"><img loading=\"lazy\" decoding=\"async\" src=\"https:\/\/static.bhphoto.com\/images\/rich_content\/desktop\/IMG_1999935.jpg\" width=\"400\" height=\"225\" alt=\"\"><\/span><\/p>\n<p style=\"text-align: justify\"><strong>Infinitas combinaciones de espacio para todos los equipos<\/strong><\/p>\n<p style=\"text-align: justify\"><span style=\"vertical-align: inherit\">Las particiones M-Guard brindan seguridad sin comprometer el espacio. El compartimento principal se puede dividir por la mitad para obtener infinitas combinaciones de equipos, lo que le brinda mucho espacio para muchas herramientas y accesorios diferentes.<\/span><\/p>\n<p><span style=\"vertical-align: inherit\"><img loading=\"lazy\" decoding=\"async\" src=\"https:\/\/static.bhphoto.com\/images\/rich_content\/desktop\/IMG_1999944.jpg\" width=\"400\" height=\"225\" alt=\"\"><\/span><\/p>\n<p>La nueva tapa ofrece no solo protecci\u00f3n adicional, sino tambi\u00e9n un bolsillo extra ancho para guardar varios accesorios. El material semitransparente le permite identificar r\u00e1pidamente el accesorio que necesita, y los bucles adicionales le brindan opciones para colocar r\u00e1pidamente marcadores de bol\u00edgrafo u otras herramientas peque\u00f1as.<\/p>\n<p><span style=\"vertical-align: inherit\"><img loading=\"lazy\" decoding=\"async\" src=\"https:\/\/static.bhphoto.com\/images\/rich_content\/desktop\/IMG_1999942.jpg\" width=\"400\" height=\"225\" alt=\"\"><\/span><\/p>\n<p>Tres organizadores est\u00e1n estrat\u00e9gicamente colocados en la pared exterior del bolsillo para guardar el equipo m\u00e1s peque\u00f1o de forma ordenada y una cremallera oculta en la pared posterior de la bolsa revela espacio adicional en la parte posterior para guardar un bloc de notas o un tablero de producci\u00f3n. La correa lateral trasera e inferior permite un transporte seguro y sin preocupaciones en un rollo.<\/p>\n<p><span style=\"vertical-align: inherit\"><span style=\"vertical-align: inherit\"><img loading=\"lazy\" decoding=\"async\" src=\"https:\/\/static.bhphoto.com\/images\/rich_content\/desktop\/IMG_1999945.jpg\" width=\"400\" height=\"225\" alt=\"\"><\/span><\/span><\/p>\n<p style=\"text-align: justify\"><span style=\"vertical-align: inherit\"><span style=\"vertical-align: inherit\"><span style=\"vertical-align: inherit\"><span style=\"vertical-align: inherit\"><span style=\"vertical-align: inherit\"><span style=\"vertical-align: inherit\">Organice varias maletas una encima de la otra en proyectos a gran escala sin temor a da\u00f1ar su equipo. Las paredes laterales de las bolsas est\u00e1n equipadas con una estructura interna de panal, que proporciona una resistencia adicional cuando est\u00e1 completamente cargada.<\/span><\/span><\/span><\/span><\/span><\/span><\/p>\n<p><span style=\"vertical-align: inherit\"><span style=\"vertical-align: inherit\"><span style=\"vertical-align: inherit\"><img loading=\"lazy\" decoding=\"async\" src=\"https:\/\/static.bhphoto.com\/images\/rich_content\/desktop\/IMG_1999941.jpg\" width=\"400\" height=\"225\" alt=\"\"><\/span><\/span><\/span><\/p>\n<p style=\"text-align: justify\"><span style=\"vertical-align: inherit\"><span style=\"vertical-align: inherit\"><span style=\"vertical-align: inherit\"><span style=\"vertical-align: inherit\"><span style=\"vertical-align: inherit\">Se han combinado materiales blandos y duros para crear la cubierta protectora termoformada de EVA, lo que brinda tranquilidad a los profesionales al transportar sus equipos, independientemente de las condiciones. La parte inferior de la bolsa est\u00e1 completamente recubierta, por lo que puede disparar incluso en condiciones clim\u00e1ticas adversas sin temor a da\u00f1ar el equipo en su interior.<\/span><\/span><\/span><\/span><\/span><\/p>\n<p>El Pro Light Cineloader est\u00e1 fabricado en tejido de nailon\/poli\u00e9ster RipStop repelente al agua, con hilos de refuerzo para conseguir un aspecto ligero, \u00fanico y equilibrado y de alto rendimiento. Las fuertes cremalleras YKK, el refuerzo de hypalon y los adornos y tiradores hacen que la bolsa sea ultraligera y lo suficientemente resistente como para soportar el uso m\u00e1s intenso.<\/p>\n<p><span style=\"vertical-align: inherit\"><span style=\"vertical-align: inherit\"><span style=\"vertical-align: inherit\"><span style=\"vertical-align: inherit\"><span style=\"vertical-align: inherit\"><img loading=\"lazy\" decoding=\"async\" src=\"https:\/\/static.bhphoto.com\/images\/rich_content\/desktop\/IMG_1999931.jpg\" width=\"400\" height=\"225\" alt=\"\"><\/span><\/span><\/span><\/span><\/span><\/p>\n<p>La nueva tecnolog\u00eda de tapa h\u00edbrida le permite llevar un tr\u00edpode o un deslizador en la parte superior de la bolsa, sin necesidad de llevarlo en una bolsa separada adicional. Gracias al dise\u00f1o interno y externo, la bolsa funciona perfectamente no solo con videoc\u00e1maras, sino con toda la gama de soporte del ecosistema de productos Manfrotto.<\/p>\n<p><img loading=\"lazy\" decoding=\"async\" src=\"https:\/\/static.bhphoto.com\/images\/rich_content\/desktop\/IMG_1999930.jpg\" width=\"400\" height=\"225\" alt=\"\"><\/p>\n<div class=\"feature_UbV5SNP5Eo\" style=\"margin-top: 2rem;font-family: OpenSans, 'Segoe UI', Helvetica, Roboto, Arial, sans-serif;font-size: 16px;background-color: #ffffff\">\n<div class=\"hasRightMedia_UbV5SNP5Eo\" style=\"overflow: hidden\">\n<div class=\"js-injected-html text_UbV5SNP5Eo\" style=\"font-size: 1rem;line-height: 1.5rem;margin-top: 16px;text-align: justify\">&nbsp;<\/div>\n<\/div>\n<\/div>\n<div class=\"feature_UbV5SNP5Eo\" style=\"margin-top: 2rem;font-family: OpenSans, 'Segoe UI', Helvetica, Roboto, Arial, sans-serif;font-size: 16px;background-color: #ffffff\">\n<div>\n<div class=\"js-injected-html text_UbV5SNP5Eo\" style=\"font-size: 1rem;line-height: 1.5rem;margin-top: 16px;text-align: justify\"><span style=\"vertical-align: inherit\">La mayor\u00eda de las producciones, grandes y peque\u00f1as, dependen en gran medida del transporte y la disponibilidad de numerosos equipos modulares. Pro Light Cineloader satisfar\u00e1 las necesidades de los vide\u00f3grafos y creadores de contenido en movimiento, los operadores de c\u00e1mara que siempre necesitan llevar consigo cargas de equipo y las empresas de alquiler y producci\u00f3n que requieren que su equipo se almacene de forma segura y protegida en todo momento.<\/span><\/div>\n<div class=\"js-injected-html text_UbV5SNP5Eo\" style=\"font-size: 1rem;line-height: 1.5rem;margin-top: 16px\"><span style=\"vertical-align: inherit\"><img loading=\"lazy\" decoding=\"async\" src=\"https:\/\/static.bhphoto.com\/images\/rich_content\/desktop\/IMG_1999937.jpg\" width=\"400\" height=\"225\" alt=\"\"><\/span><\/div>\n<\/div>\n<\/div>\n<p><strong><span style=\"vertical-align: inherit\">Caracter\u00edsticas t\u00e9cnicas:<\/span><\/strong><\/p>\n<div class=\"group_fDXOr6EpR9\" style=\"margin-bottom: 2.1875rem;font-family: OpenSans, 'Segoe UI', Helvetica, Roboto, Arial, sans-serif;font-size: 16px;background-color: #ffffff\">\n<table class=\"table_fDXOr6EpR9\" style=\"width: 936.656px\" data-selenium=\"specsItemGroupTable\">\n<tbody>\n<tr class=\"pair_fDXOr6EpR9\" style=\"border-bottom: 0.0625rem solid #e5e5e5\" data-selenium=\"specsItemGroupTableRow\">\n<td class=\"label_fDXOr6EpR9 firstSpecWhenNoGroupName_fDXOr6EpR9\" style=\"border-top: none;padding-top: 0px;padding-right: 0px;padding-bottom: 1.25rem;width: 355.922px;color: #666666;font-size: 1.125rem;line-height: 1.375rem;vertical-align: baseline\" data-selenium=\"specsItemGroupTableColumnLabel\"><span style=\"vertical-align: inherit\">Caso<\/span><\/td>\n<p> de tipo<\/p>\n<td class=\"value_fDXOr6EpR9 firstSpecWhenNoGroupName_fDXOr6EpR9\" style=\"color: #666666;font-size: 1.125rem;line-height: 1.375rem;vertical-align: baseline;padding: 0px 0px 1.25rem 2.5rem\" data-selenium=\"specsItemGroupTableColumnValue\">Estuche blando<\/td>\n<\/tr>\n<tr class=\"pair_fDXOr6EpR9\" style=\"border-bottom: 0.0625rem solid #e5e5e5\" data-selenium=\"specsItemGroupTableRow\">\n<td class=\"label_fDXOr6EpR9\" style=\"border-top: none;padding: 1.25rem 0px;width: 355.922px;color: #666666;font-size: 1.125rem;line-height: 1.375rem;vertical-align: baseline\" data-selenium=\"specsItemGroupTableColumnLabel\"><span style=\"vertical-align: inherit\">Dimensiones interiores (largo x ancho x alto)<\/span><\/td>\n<td class=\"value_fDXOr6EpR9\" style=\"color: #666666;font-size: 1.125rem;line-height: 1.375rem;vertical-align: baseline;padding: 1.25rem 0px 1.25rem 2.5rem\" data-selenium=\"specsItemGroupTableColumnValue\">52,00 x 27,00 x 25,00 cm<\/td>\n<\/tr>\n<tr class=\"pair_fDXOr6EpR9\" style=\"border-bottom: 0.0625rem solid #e5e5e5\" data-selenium=\"specsItemGroupTableRow\">\n<td class=\"label_fDXOr6EpR9\" style=\"border-top: none;padding: 1.25rem 0px;width: 355.922px;color: #666666;font-size: 1.125rem;line-height: 1.375rem;vertical-align: baseline\" data-selenium=\"specsItemGroupTableColumnLabel\"><span style=\"vertical-align: inherit\">Divisores internos ajustables<\/span><\/td>\n<td class=\"value_fDXOr6EpR9\" style=\"color: #666666;font-size: 1.125rem;line-height: 1.375rem;vertical-align: baseline;padding: 1.25rem 0px 1.25rem 2.5rem\" data-selenium=\"specsItemGroupTableColumnValue\">S\u00ed<\/td>\n<\/tr>\n<tr class=\"pair_fDXOr6EpR9\" style=\"border-bottom: 0.0625rem solid #e5e5e5\" data-selenium=\"specsItemGroupTableRow\">\n<td class=\"label_fDXOr6EpR9\" style=\"border-top: none;padding: 1.25rem 0px;width: 355.922px;color: #666666;font-size: 1.125rem;line-height: 1.375rem;vertical-align: baseline\" data-selenium=\"specsItemGroupTableColumnLabel\"><span style=\"vertical-align: inherit\">Tipo de cierre<\/span><\/td>\n<td class=\"value_fDXOr6EpR9\" style=\"color: #666666;font-size: 1.125rem;line-height: 1.375rem;vertical-align: baseline;padding: 1.25rem 0px 1.25rem 2.5rem\" data-selenium=\"specsItemGroupTableColumnValue\">Cremallera<\/td>\n<\/tr>\n<tr class=\"pair_fDXOr6EpR9\" style=\"border-bottom: 0.0625rem solid #e5e5e5\" data-selenium=\"specsItemGroupTableRow\">\n<td class=\"label_fDXOr6EpR9\" style=\"border-top: none;padding: 1.25rem 0px;width: 355.922px;color: #666666;font-size: 1.125rem;line-height: 1.375rem;vertical-align: baseline\" data-selenium=\"specsItemGroupTableColumnLabel\"><span style=\"vertical-align: inherit\">Opciones de carga\/transporte<\/span><\/td>\n<td class=\"value_fDXOr6EpR9\" style=\"color: #666666;font-size: 1.125rem;line-height: 1.375rem;vertical-align: baseline;padding: 1.25rem 0px 1.25rem 2.5rem\" data-selenium=\"specsItemGroupTableColumnValue\">Trato<\/td>\n<\/tr>\n<tr class=\"pair_fDXOr6EpR9\" style=\"border-bottom: 0.0625rem solid #e5e5e5\" data-selenium=\"specsItemGroupTableRow\">\n<td class=\"label_fDXOr6EpR9\" style=\"border-top: none;padding: 1.25rem 0px;width: 355.922px;color: #666666;font-size: 1.125rem;line-height: 1.375rem;vertical-align: baseline\" data-selenium=\"specsItemGroupTableColumnLabel\"><span style=\"vertical-align: inherit\">V\u00e1lvula de presi\u00f3n\/purga<\/span><\/td>\n<td class=\"value_fDXOr6EpR9\" style=\"color: #666666;font-size: 1.125rem;line-height: 1.375rem;vertical-align: baseline;padding: 1.25rem 0px 1.25rem 2.5rem\" data-selenium=\"specsItemGroupTableColumnValue\">No<\/td>\n<\/tr>\n<tr class=\"pair_fDXOr6EpR9\" style=\"border-bottom: 0.0625rem solid #e5e5e5\" data-selenium=\"specsItemGroupTableRow\">\n<td class=\"label_fDXOr6EpR9\" style=\"border-top: none;padding: 1.25rem 0px;width: 355.922px;color: #666666;font-size: 1.125rem;line-height: 1.375rem;vertical-align: baseline\" data-selenium=\"specsItemGroupTableColumnLabel\"><span style=\"vertical-align: inherit\">Peso<\/span><\/td>\n<td class=\"value_fDXOr6EpR9\" style=\"color: #666666;font-size: 1.125rem;line-height: 1.375rem;vertical-align: baseline;padding: 1.25rem 0px 1.25rem 2.5rem\" data-selenium=\"specsItemGroupTableColumnValue\">3,14 kg<\/td>\n<\/tr>\n<\/tbody>\n<\/table>\n<\/div>\n","protected":false},"excerpt":{"rendered":"<p>MANFROTTO MFMBPL-CL-L Bolsa de video Cineloader L &#8211; (Grande\/Grande) Funciones: Se adapta a una videoc\u00e1mara totalmente equipada y m\u00e1s Cubierta<\/p>\n","protected":false},"featured_media":31454,"comment_status":"closed","ping_status":"open","template":"","meta":{"_acf_changed":false},"product_brand":[2581],"product_cat":[909],"product_tag":[],"class_list":{"0":"post-73218","1":"product","2":"type-product","3":"status-publish","4":"has-post-thumbnail","6":"product_brand-manfrotto-es","7":"product_cat-para-camaras-de-video-es","9":"first","10":"instock","11":"taxable","12":"shipping-taxable","13":"purchasable","14":"product-type-simple"},"bundled_by":[],"bundle_stock_status":"instock","bundle_stock_quantity":1,"bundle_virtual":false,"bundle_layout":"","bundle_add_to_cart_form_location":"","bundle_editable_in_cart":false,"bundle_sold_individually_context":"","bundle_item_grouping":"","bundle_min_size":"","bundle_max_size":"","bundle_price":[],"bundled_items":[],"bundle_sell_ids":[],"acf":[],"_links":{"self":[{"href":"https:\/\/hi-techwonder.com\/es\/wp-json\/wp\/v2\/product\/73218","targetHints":{"allow":["GET"]}}],"collection":[{"href":"https:\/\/hi-techwonder.com\/es\/wp-json\/wp\/v2\/product"}],"about":[{"href":"https:\/\/hi-techwonder.com\/es\/wp-json\/wp\/v2\/types\/product"}],"replies":[{"embeddable":true,"href":"https:\/\/hi-techwonder.com\/es\/wp-json\/wp\/v2\/comments?post=73218"}],"wp:featuredmedia":[{"embeddable":true,"href":"https:\/\/hi-techwonder.com\/es\/wp-json\/wp\/v2\/media\/31454"}],"wp:attachment":[{"href":"https:\/\/hi-techwonder.com\/es\/wp-json\/wp\/v2\/media?parent=73218"}],"wp:term":[{"taxonomy":"product_brand","embeddable":true,"href":"https:\/\/hi-techwonder.com\/es\/wp-json\/wp\/v2\/product_brand?post=73218"},{"taxonomy":"product_cat","embeddable":true,"href":"https:\/\/hi-techwonder.com\/es\/wp-json\/wp\/v2\/product_cat?post=73218"},{"taxonomy":"product_tag","embeddable":true,"href":"https:\/\/hi-techwonder.com\/es\/wp-json\/wp\/v2\/product_tag?post=73218"}],"curies":[{"name":"wp","href":"https:\/\/api.w.org\/{rel}","templated":true}]}}