{"id":73224,"date":"2025-07-29T00:04:46","date_gmt":"2025-07-29T00:04:46","guid":{"rendered":"https:\/\/fv6qoy3ls0.wpdns.site\/produto\/manfrotto-mbag80n-80cm\/"},"modified":"2026-04-21T08:40:55","modified_gmt":"2026-04-21T07:40:55","slug":"manfrotto-mbag80n-80cm","status":"publish","type":"product","link":"https:\/\/hi-techwonder.com\/es\/producto\/manfrotto-mbag80n-80cm\/","title":{"rendered":"MANFROTTO MBAG80N 80cm"},"content":{"rendered":"<p><span style=\"font-size: small;\">La bolsa de tr\u00edpode Manfrotto de Bogen Imaging MBAG80N (negra) es una bolsa de nylon bal\u00edstico no acolchada dise\u00f1ada para transportar tr\u00edpodes Manfrotto con una cabeza de hasta 31&#8243; de longitud. La tapa del extremo est\u00e1 acolchada para ofrecer protecci\u00f3n a la cabeza del tr\u00edpode. La cremallera se extiende a lo largo de la bolsa, pero tambi\u00e9n abre completamente el extremo superior de la bolsa. La abertura final permite una extracci\u00f3n e inserci\u00f3n m\u00e1s r\u00e1pida del tr\u00edpode en estilo carcaj.<\/p>\n<p>  Las patas del tr\u00edpode encajan perfectamente en el extremo m\u00e1s estrecho y se deja espacio adicional para el mayor volumen de la cabeza en el extremo m\u00e1s ancho. Tambi\u00e9n significa que es m\u00e1s f\u00e1cil meter el tr\u00edpode y la cabeza en la bolsa, incluso si las palancas y las perillas de la cabeza est\u00e1n encajadas y sobresalen ligeramente. El bolso incluye una correa para el hombro.  <br \/> <strong><br \/>Construcci\u00f3n<\/strong><br \/><\/span><\/p>\n<ul>\n<li> <span style=\"font-size: small;\">Nylon bal\u00edstico<\/span><\/li>\n<li> <span style=\"font-size: small;\">La tapa del extremo est\u00e1 acolchada para ofrecer protecci\u00f3n a la cabeza del tr\u00edpode, el resto de la bolsa no est\u00e1 acolchada<\/span><\/li>\n<li> <span style=\"font-size: small;\">Cremallera completa<\/span><\/li>\n<li> <span style=\"font-size: small;\">La bolsa es ligeramente c\u00f3nica para proporcionar un mejor ajuste para un tr\u00edpode con la cabeza adjunta. El extremo m\u00e1s ancho de la bolsa acomoda la cabeza sin necesidad de quitar todas las palancas <\/span><\/li>\n<li> <span style=\"font-size: small;\">Se transporta mediante una correa para el hombro adjunta<\/span><\/li>\n<li> <span style=\"font-size: small;\">Compatible con el tr\u00edpode Manfrotto con cabezal de hasta 31&#8243; de longitud<\/span><\/li>\n<\/ul>\n<p> <span style=\"font-size: small;\">&nbsp;<\/span> <\/p>\n<table style=\"box-sizing: border-box; font-size: 12px; border: 1px none; vertical-align: baseline; margin: 0px 0px 35px; padding: 0px; border-collapse: collapse; border-spacing: 0px; font-style: normal; font-variant: normal; font-weight: normal; font-stretch: inherit; line-height: 20px; clear: both; width: 620px; color: #595959; letter-spacing: normal; text-align: left; text-indent: 0px; text-transform: none; white-space: normal; widows: 1; word-spacing: 0px; background: transparent url('none') repeat scroll 0% 0%;\" border=\"1\">\n<tbody style=\"box-sizing: border-box; font-size: inherit; border: 0px none; vertical-align: baseline; margin: 0px; padding: 0px; font-style: inherit; font-variant: inherit; font-weight: inherit; font-stretch: inherit; line-height: inherit; background: transparent none repeat scroll 0% 0%;\">\n<tr style=\"box-sizing: border-box; font-size: inherit; border-width: 0px 0px 1px; border-bottom: 1px solid #e4e5e4; vertical-align: baseline; margin: 0px; padding: 0px; font-style: inherit; font-variant: inherit; font-weight: inherit; font-stretch: inherit; line-height: inherit; background: transparent none repeat scroll 0% 0%;\">\n<td style=\"box-sizing: border-box; border: 0px none; vertical-align: baseline; margin: 0px; padding: 10px 0px 10px 10px; font-style: inherit; font-variant: inherit; font-weight: bold; font-stretch: inherit; line-height: 21px; text-align: left; width: 175px; background: transparent none repeat scroll 0% 0%;\"><span style=\"font-size: small;\">Material<\/span> <\/td>\n<td style=\"box-sizing: border-box; border: 0px none; vertical-align: baseline; margin: 0px; padding: 10px 0px 10px 10px; font-style: inherit; font-variant: inherit; font-weight: inherit; font-stretch: inherit; line-height: 21px; text-align: left; background: transparent none repeat scroll 0% 0%;\"> <span style=\"font-size: small;\">Nylon bal\u00edstico<\/span> <\/td>\n<\/tr>\n<tr style=\"box-sizing: border-box; font-size: inherit; border-width: 0px 0px 1px; border-bottom: 1px solid #e4e5e4; vertical-align: baseline; margin: 0px; padding: 0px; font-style: inherit; font-variant: inherit; font-weight: inherit; font-stretch: inherit; line-height: inherit; background: transparent none repeat scroll 0% 0%;\">\n<td style=\"box-sizing: border-box; border: 0px none; vertical-align: baseline; margin: 0px; padding: 10px 0px 10px 10px; font-style: inherit; font-variant: inherit; font-weight: bold; font-stretch: inherit; line-height: 21px; text-align: left; width: 175px; background: transparent none repeat scroll 0% 0%;\"><span style=\"font-size: small;\">Tipo de cierre<\/span> <\/td>\n<td style=\"box-sizing: border-box; border: 0px none; vertical-align: baseline; margin: 0px; padding: 10px 0px 10px 10px; font-style: inherit; font-variant: inherit; font-weight: inherit; font-stretch: inherit; line-height: 21px; text-align: left; background: transparent none repeat scroll 0% 0%;\"> <span style=\"font-size: small;\">Cremallera completa<\/span> <\/td>\n<\/tr>\n<tr style=\"box-sizing: border-box; font-size: inherit; border-width: 0px 0px 1px; border-bottom: 1px solid #e4e5e4; vertical-align: baseline; margin: 0px; padding: 0px; font-style: inherit; font-variant: inherit; font-weight: inherit; font-stretch: inherit; line-height: inherit; background: transparent none repeat scroll 0% 0%;\">\n<td style=\"box-sizing: border-box; border: 0px none; vertical-align: baseline; margin: 0px; padding: 10px 0px 10px 10px; font-style: inherit; font-variant: inherit; font-weight: bold; font-stretch: inherit; line-height: 21px; text-align: left; width: 175px; background: transparent none repeat scroll 0% 0%;\"><span style=\"font-size: small;\">Dimensiones interiores<\/span> <\/td>\n<td style=\"box-sizing: border-box; border: 0px none; vertical-align: baseline; margin: 0px; padding: 10px 0px 10px 10px; font-style: inherit; font-variant: inherit; font-weight: inherit; font-stretch: inherit; line-height: 21px; text-align: left; background: transparent none repeat scroll 0% 0%;\"> <span style=\"font-size: small;\">5,52-5,91 x 31,5&#8243; <em style=\"box-sizing: border-box; font-size: inherit; border: 0px none; vertical-align: baseline; margin: 0px; padding: 0px; font-style: italic; font-variant: inherit; font-weight: inherit; font-stretch: inherit; line-height: inherit; background: transparent none repeat scroll 0% 0%;\">(14-15 x 80 cm)<\/em> (di\u00e1metro x largo)<\/span> <\/td>\n<\/tr>\n<tr style=\"box-sizing: border-box; font-size: inherit; border-width: 0px 0px 1px; border-bottom: 1px solid #e4e5e4; vertical-align: baseline; margin: 0px; padding: 0px; font-style: inherit; font-variant: inherit; font-weight: inherit; font-stretch: inherit; line-height: inherit; background: transparent none repeat scroll 0% 0%;\">\n<td style=\"box-sizing: border-box; border: 0px none; vertical-align: baseline; margin: 0px; padding: 10px 0px 10px 10px; font-style: inherit; font-variant: inherit; font-weight: bold; font-stretch: inherit; line-height: 21px; text-align: left; width: 175px; background: transparent none repeat scroll 0% 0%;\"><span style=\"font-size: small;\">Acomoda<\/span> <\/td>\n<td style=\"box-sizing: border-box; border: 0px none; vertical-align: baseline; margin: 0px; padding: 10px 0px 10px 10px; font-style: inherit; font-variant: inherit; font-weight: inherit; font-stretch: inherit; line-height: 21px; text-align: left; background: transparent none repeat scroll 0% 0%;\"> <span style=\"font-size: small;\">Tr\u00edpode Manfrotto con cabezal de hasta 31&#8243; de largo<\/span> <\/td>\n<\/tr>\n<tr style=\"box-sizing: border-box; font-size: inherit; border-width: 0px 0px 1px; border-bottom: 1px solid #e4e5e4; vertical-align: baseline; margin: 0px; padding: 0px; font-style: inherit; font-variant: inherit; font-weight: inherit; font-stretch: inherit; line-height: inherit; background: transparent none repeat scroll 0% 0%;\">\n<td style=\"box-sizing: border-box; border: 0px none; vertical-align: baseline; margin: 0px; padding: 10px 0px 10px 10px; font-style: inherit; font-variant: inherit; font-weight: bold; font-stretch: inherit; line-height: 21px; text-align: left; width: 175px; background: transparent none repeat scroll 0% 0%;\"><span style=\"font-size: small;\">Acolchado<\/span> <\/td>\n<td style=\"box-sizing: border-box; border: 0px none; vertical-align: baseline; margin: 0px; padding: 10px 0px 10px 10px; font-style: inherit; font-variant: inherit; font-weight: inherit; font-stretch: inherit; line-height: 21px; text-align: left; background: transparent none repeat scroll 0% 0%;\"> <span style=\"font-size: small;\">No<\/span> <\/td>\n<\/tr>\n<tr style=\"box-sizing: border-box; font-size: inherit; border-width: 0px 0px 1px; border-bottom: 1px solid #e4e5e4; vertical-align: baseline; margin: 0px; padding: 0px; font-style: inherit; font-variant: inherit; font-weight: inherit; font-stretch: inherit; line-height: inherit; background: transparent none repeat scroll 0% 0%;\">\n<td style=\"box-sizing: border-box; border: 0px none; vertical-align: baseline; margin: 0px; padding: 10px 0px 10px 10px; font-style: inherit; font-variant: inherit; font-weight: bold; font-stretch: inherit; line-height: 21px; text-align: left; width: 175px; background: transparent none repeat scroll 0% 0%;\"><span style=\"font-size: small;\">Opciones de env\u00edo \/ transporte<\/span> <\/td>\n<td style=\"box-sizing: border-box; border: 0px none; vertical-align: baseline; margin: 0px; padding: 10px 0px 10px 10px; font-style: inherit; font-variant: inherit; font-weight: inherit; font-stretch: inherit; line-height: 21px; text-align: left; background: transparent none repeat scroll 0% 0%;\"> <span style=\"font-size: small;\">Asa<\/span> <\/td>\n<\/tr>\n<tr style=\"box-sizing: border-box; font-size: inherit; border-width: 0px 0px 1px; border-bottom: 1px solid #e4e5e4; vertical-align: baseline; margin: 0px; padding: 0px; font-style: inherit; font-variant: inherit; font-weight: inherit; font-stretch: inherit; line-height: inherit; background: transparent none repeat scroll 0% 0%;\">\n<td style=\"box-sizing: border-box; border: 0px none; vertical-align: baseline; margin: 0px; padding: 10px 0px 10px 10px; font-style: inherit; font-variant: inherit; font-weight: bold; font-stretch: inherit; line-height: 21px; text-align: left; width: 175px; background: transparent none repeat scroll 0% 0%;\"> <span style=\"font-size: small;\">Peso<\/span> <\/td>\n<td style=\"box-sizing: border-box; border: 0px none; vertical-align: baseline; margin: 0px; padding: 10px 0px 10px 10px; font-style: inherit; font-variant: inherit; font-weight: inherit; font-stretch: inherit; line-height: 21px; text-align: left; background: transparent none repeat scroll 0% 0%;\"> <span style=\"font-size: small;\">1,1 libras <em style=\"box-sizing: border-box; font-size: inherit; border: 0px none; vertical-align: baseline; margin: 0px; padding: 0px; font-style: italic; font-variant: inherit; font-weight: inherit; font-stretch: inherit; line-height: inherit; background: transparent none repeat scroll 0% 0%;\">(500 g)<\/em><\/span><\/td>\n<\/tr>\n<\/tbody>\n<\/table>\n<p> <span style=\"font-size: small;\">&nbsp;<\/span><\/p>\n","protected":false},"excerpt":{"rendered":"<p>La bolsa de tr\u00edpode Manfrotto de Bogen Imaging MBAG80N (negra) es una bolsa de nylon bal\u00edstico no acolchada dise\u00f1ada para<\/p>\n","protected":false},"featured_media":33095,"comment_status":"closed","ping_status":"open","template":"","meta":{"_acf_changed":false},"product_brand":[2581],"product_cat":[916],"product_tag":[],"class_list":{"0":"post-73224","1":"product","2":"type-product","3":"status-publish","4":"has-post-thumbnail","6":"product_brand-manfrotto-es","7":"product_cat-para-tripodes","9":"first","10":"onbackorder","11":"taxable","12":"shipping-taxable","13":"purchasable","14":"product-type-simple"},"bundled_by":[],"bundle_stock_status":"onbackorder","bundle_stock_quantity":null,"bundle_virtual":false,"bundle_layout":"","bundle_add_to_cart_form_location":"","bundle_editable_in_cart":false,"bundle_sold_individually_context":"","bundle_item_grouping":"","bundle_min_size":"","bundle_max_size":"","bundle_price":[],"bundled_items":[],"bundle_sell_ids":[],"acf":[],"_links":{"self":[{"href":"https:\/\/hi-techwonder.com\/es\/wp-json\/wp\/v2\/product\/73224","targetHints":{"allow":["GET"]}}],"collection":[{"href":"https:\/\/hi-techwonder.com\/es\/wp-json\/wp\/v2\/product"}],"about":[{"href":"https:\/\/hi-techwonder.com\/es\/wp-json\/wp\/v2\/types\/product"}],"replies":[{"embeddable":true,"href":"https:\/\/hi-techwonder.com\/es\/wp-json\/wp\/v2\/comments?post=73224"}],"wp:featuredmedia":[{"embeddable":true,"href":"https:\/\/hi-techwonder.com\/es\/wp-json\/wp\/v2\/media\/33095"}],"wp:attachment":[{"href":"https:\/\/hi-techwonder.com\/es\/wp-json\/wp\/v2\/media?parent=73224"}],"wp:term":[{"taxonomy":"product_brand","embeddable":true,"href":"https:\/\/hi-techwonder.com\/es\/wp-json\/wp\/v2\/product_brand?post=73224"},{"taxonomy":"product_cat","embeddable":true,"href":"https:\/\/hi-techwonder.com\/es\/wp-json\/wp\/v2\/product_cat?post=73224"},{"taxonomy":"product_tag","embeddable":true,"href":"https:\/\/hi-techwonder.com\/es\/wp-json\/wp\/v2\/product_tag?post=73224"}],"curies":[{"name":"wp","href":"https:\/\/api.w.org\/{rel}","templated":true}]}}