{"id":73239,"date":"2025-07-29T00:09:34","date_gmt":"2025-07-29T00:09:34","guid":{"rendered":"https:\/\/fv6qoy3ls0.wpdns.site\/produto\/manfrotto-chicago-50\/"},"modified":"2026-02-11T15:38:13","modified_gmt":"2026-02-11T15:38:13","slug":"manfrotto-chicago-50","status":"publish","type":"product","link":"https:\/\/hi-techwonder.com\/es\/producto\/manfrotto-chicago-50\/","title":{"rendered":"MANFROTTO Chicago 50"},"content":{"rendered":"<p>La mochila <strong>Chicago<\/strong> de Manfrotto es la soluci\u00f3n perfecta que combina el amor por la fotograf\u00eda y el estilo de vida de la ciudad con la comodidad y el dise\u00f1o funcional.<\/p>\n<p>  Esta mochila ha sido dise\u00f1ada para satisfacer todas las necesidades variadas de los fot\u00f3grafos: desde la vida cotidiana urbana hasta las sesiones de fotos y los fines de semana de fotos.<\/p>\n<p>  Su inserto extra\u00edble lo hace extremadamente vers\u00e1til: cambia una mochila de fotograf\u00eda por una mochila de uso diario en solo un segundo. La unidad interior se puede sacar y usar como bandolera cuando solo necesita su equipo fotogr\u00e1fico.   <\/p>\n<p><img loading=\"lazy\" decoding=\"async\" src=\"https:\/\/static.bhphoto.com\/images\/multiple_images\/images500x500\/1579132553_IMG_1302306.jpg\" alt=\"\" width=\"500\" height=\"500\"><\/p>\n<p> <strong>Res\u00famenes:<\/strong><\/p>\n<ul>\n<li>  Mochila de c\u00e1mara premium vers\u00e1til para la ciudad<\/li>\n<li>  Admite una DSLR\/CSC con hasta 4 lentes y una computadora port\u00e1til de 15 \u00bb<\/li>\n<li>  Fabricado con materiales de alta calidad y tejido de Kevlar\u00ae en la parte inferior<\/li>\n<li>  Acceso por doble cara y fijaci\u00f3n de tr\u00edpode<\/li>\n<li>  Bolsa organizadora de medios incluida<\/li>\n<\/ul>\n<p>  La mochila para c\u00e1mara Manfrotto Chicago es la soluci\u00f3n de transporte premium perfecta en la que el amor por la fotograf\u00eda y el estilo de vida de la ciudad convergen con la comodidad sin esfuerzo y el dise\u00f1o funcional.<\/p>\n<p>  Esta vers\u00e1til mochila para c\u00e1mara est\u00e1 dise\u00f1ada para satisfacer todas las necesidades variadas de los fot\u00f3grafos urbanos: desde la vida cotidiana urbana hasta sesiones de fotos y viajes de fin de semana.<\/p>\n<p>  Su inserto fotogr\u00e1fico extra\u00edble lo hace extremadamente vers\u00e1til: puedes cambiar de una mochila 100% fotogr\u00e1fica a una mochila 100% lifestyle en solo un segundo. La unidad de c\u00e1mara interna se puede sacar y usar como bolso de hombro cuando solo necesita su equipo de fotograf\u00eda. <\/p>\n<p>  Se adapta a una c\u00e1mara sin espejo o DSLR de fotograma completo con una lente de zoom est\u00e1ndar adjunta y hasta 3-4 lentes adicionales, seg\u00fan el tama\u00f1o.<\/p>\n<p>  El compartimento superior est\u00e1 totalmente reservado para sus pertenencias personales. Tambi\u00e9n cabe un DJI OSMO Mobile en un bolsillo de card\u00e1n dedicado en una de las solapas de doble cara. <\/p>\n<p>  Adem\u00e1s, el compartimento para computadora port\u00e1til en la parte posterior est\u00e1 separado del compartimento principal y almacena una computadora port\u00e1til de 15 \u00bb. Cuando necesite usar la mochila como una mochila pr\u00e1ctica, simplemente retire la unidad de la c\u00e1mara y convi\u00e9rtala en una bolsa de viaje para la ciudad. Tambi\u00e9n se incluye una bolsa multimedia para organizar todos sus peque\u00f1os accesorios y cables.  <\/p>\n<p>  Para su tranquilidad, esta mochila cuenta con el Sistema de Protecci\u00f3n Manfrotto Slim-Tech, que garantiza proteger su equipo contra golpes dentro de la bolsa.<\/p>\n<p>  Un soporte para tr\u00edpode con 3 configuraciones de tr\u00edpode diferentes en la parte delantera le permite tener siempre su tr\u00edpode de viaje con usted.<\/p>\n<p>  Los bolsillos el\u00e1sticos externos de doble cara en ambos lados acomodan una botella de agua o lo que necesites al alcance de la mano.<\/p>\n<p>  Con su aspecto fresco y elegante, \u00a1es el compa\u00f1ero perfecto para tus aventuras urbanas diarias! Los materiales y detalles se seleccionan con el mayor cuidado: tejido de hilo de Kevlar\u00ae en la parte inferior de la bolsa para una protecci\u00f3n y durabilidad extremas, tejido recubierto con un acabado mate, hebillas Duraflex\u00ae y cremalleras YKK. <\/p>\n<p>  Todo el tejido exterior est\u00e1 tratado para que sea repelente al agua y tambi\u00e9n se proporciona una funda para la lluvia en caso de condiciones clim\u00e1ticas extremas.<\/p>\n<p> <strong>Equipaje de mano<\/strong><\/p>\n<p>  Esta bolsa se ajusta al est\u00e1ndar para caber como equipaje de mano (debido a las restricciones en constante cambio, consulte con su transportista antes de la salida)<\/p>\n<p> <strong>Conexiones externas del tr\u00edpode<\/strong><\/p>\n<p>  Esta bolsa viene con la opci\u00f3n y las conexiones adecuadas para conectar su tr\u00edpode externamente.<\/p>\n<p> <strong>Divisores flexibles<\/strong><\/p>\n<p>  Estos divisores personalizados tienen la opci\u00f3n de plegarse cuando sea necesario o quitarse para proteger su equipo en situaciones especiales.<\/p>\n<p> <strong>Divisores intercambiables<\/strong><\/p>\n<p>  Modulares y f\u00e1ciles de usar, estos divisores te permiten ajustar el interior de tu bolsa alrededor de tu equipo, creando el tama\u00f1o exacto del compartimento para tu equipo.<\/p>\n<p> <strong>Compatible con port\u00e1tiles<\/strong><\/p>\n<p>  Proteja su computadora port\u00e1til durante el transporte en el compartimento.<\/p>\n<p> <strong>Protector de lluvia<\/strong><\/p>\n<p>  Incluye protector plegable que, cuando se instala, crea una barrera entre el exterior h\u00famedo y el interior seco de su bolso.<\/p>\n<p> <strong>Conexi\u00f3n del carro<\/strong><\/p>\n<p>  Para facilitar el transporte a lo largo de la rueda, simplemente deslice el conector de la manija designado sobre cualquier carro est\u00e1ndar o asa de equipaje.<\/p>\n<p> <strong>Repelente al agua<\/strong><\/p>\n<p>  Un recubrimiento especialmente aplicado al tejido que mantiene la resistencia a la humedad.<\/p>\n<p> <strong>Peso:<\/strong> 2kg<\/p>\n<p> <strong>Dimensiones internas:<\/strong> 31 x 17 x 44 cm<\/p>\n<p> <strong>Dimensiones del inserto de la c\u00e1mara:<\/strong> 28 x 11 x 21 cm<\/p>\n<p> <strong>Dimensiones externas:<\/strong> 35 x 20 x 49 cm<\/p>\n<p> <strong>Volumen:<\/strong> 18L<\/p>\n<p> <strong>Conexi\u00f3n de tr\u00edpode:<\/strong> S\u00ed<\/p>\n<p> <strong>Dimensiones del compartimento para port\u00e1til:<\/strong> 30 x 2 x 41 cm<\/p>\n<p> <strong>Material:<\/strong> Tejido sint\u00e9tico<\/p>\n<p> <strong>Dimensiones del compartimento personal:<\/strong> 31 x 18 x 11 cm<\/p>\n<p> <strong>Almacenamiento para art\u00edculos personales:<\/strong> S\u00ed<\/p>\n<p> <strong>Dimensiones del compartimento del tr\u00edpode:<\/strong> 11 x 9 x 11 cm<\/p>\n<p> <strong>Repelente al agua:<\/strong> S\u00ed<\/p>\n","protected":false},"excerpt":{"rendered":"<p>La mochila Chicago de Manfrotto es la soluci\u00f3n perfecta que combina el amor por la fotograf\u00eda y el estilo de<\/p>\n","protected":false},"featured_media":34518,"comment_status":"closed","ping_status":"open","template":"","meta":{"_acf_changed":false},"product_brand":[2581],"product_cat":[907],"product_tag":[],"class_list":{"0":"post-73239","1":"product","2":"type-product","3":"status-publish","4":"has-post-thumbnail","6":"product_brand-manfrotto-es","7":"product_cat-mochilas-es","9":"first","10":"instock","11":"taxable","12":"shipping-taxable","13":"purchasable","14":"product-type-simple"},"bundled_by":[],"bundle_stock_status":"instock","bundle_stock_quantity":1,"bundle_virtual":false,"bundle_layout":"","bundle_add_to_cart_form_location":"","bundle_editable_in_cart":false,"bundle_sold_individually_context":"","bundle_item_grouping":"","bundle_min_size":"","bundle_max_size":"","bundle_price":[],"bundled_items":[],"bundle_sell_ids":[],"acf":[],"_links":{"self":[{"href":"https:\/\/hi-techwonder.com\/es\/wp-json\/wp\/v2\/product\/73239","targetHints":{"allow":["GET"]}}],"collection":[{"href":"https:\/\/hi-techwonder.com\/es\/wp-json\/wp\/v2\/product"}],"about":[{"href":"https:\/\/hi-techwonder.com\/es\/wp-json\/wp\/v2\/types\/product"}],"replies":[{"embeddable":true,"href":"https:\/\/hi-techwonder.com\/es\/wp-json\/wp\/v2\/comments?post=73239"}],"wp:featuredmedia":[{"embeddable":true,"href":"https:\/\/hi-techwonder.com\/es\/wp-json\/wp\/v2\/media\/34518"}],"wp:attachment":[{"href":"https:\/\/hi-techwonder.com\/es\/wp-json\/wp\/v2\/media?parent=73239"}],"wp:term":[{"taxonomy":"product_brand","embeddable":true,"href":"https:\/\/hi-techwonder.com\/es\/wp-json\/wp\/v2\/product_brand?post=73239"},{"taxonomy":"product_cat","embeddable":true,"href":"https:\/\/hi-techwonder.com\/es\/wp-json\/wp\/v2\/product_cat?post=73239"},{"taxonomy":"product_tag","embeddable":true,"href":"https:\/\/hi-techwonder.com\/es\/wp-json\/wp\/v2\/product_tag?post=73239"}],"curies":[{"name":"wp","href":"https:\/\/api.w.org\/{rel}","templated":true}]}}