{"id":73245,"date":"2025-07-29T00:17:17","date_gmt":"2025-07-29T00:17:17","guid":{"rendered":"https:\/\/fv6qoy3ls0.wpdns.site\/produto\/manfrotto-street-bolso-bandolera\/"},"modified":"2025-07-29T00:17:17","modified_gmt":"2025-07-29T00:17:17","slug":"manfrotto-street-bolso-bandolera","status":"publish","type":"product","link":"https:\/\/hi-techwonder.com\/es\/producto\/manfrotto-street-bolso-bandolera\/","title":{"rendered":"MANFROTTO Street Bolso bandolera"},"content":{"rendered":"<p><strong>MANFROTTO Street Bolso bandolera<\/strong><\/p>\n<p><strong>MB MS2-CB<\/strong><\/p>\n<p>El Manfrotto Street Crossbody es el bolso perfecto para tel\u00e9fonos inteligentes y peque\u00f1os accesorios, que se pueden llevar individualmente por medio de un cord\u00f3n o como un compartimento extendido para la mochila.<\/p>\n<p><iframe loading=\"lazy\" style=\"min-height: 500px; width: 1115.8px; height: auto;\" src=\"https:\/\/www.youtube.com\/embed\/WH1H2UMZxWw\" width=\"560\" height=\"314\" allowfullscreen=\"allowfullscreen\"><\/iframe><\/p>\n<p><strong>Caracter\u00edsticas t\u00e9cnicas:<\/strong><\/p>\n<table border=\"0\" width=\"584\" cellspacing=\"0\" cellpadding=\"2\">\n<colgroup>\n<col width=\"220\">\n<col width=\"356\"><\/colgroup>\n<tbody>\n<tr>\n<td width=\"220\">Modelo<\/td>\n<td width=\"356\">MB MS2-CB<\/td>\n<\/tr>\n<tr>\n<td width=\"220\">Color<\/td>\n<td width=\"356\">Verde oscuro<\/td>\n<\/tr>\n<tr>\n<td width=\"220\">Tipo de cierre<\/td>\n<td width=\"356\">Cremallera<\/td>\n<\/tr>\n<tr>\n<td width=\"220\">Volumen<\/td>\n<td width=\"356\">1 L<\/td>\n<\/tr>\n<tr>\n<td>Dimensiones<\/td>\n<p> internas<\/p>\n<td>11 x 1,5 x 18 cm<\/td>\n<\/tr>\n<tr>\n<td width=\"220\">Dimensiones<\/td>\n<p> externas<\/p>\n<td width=\"356\">13 x 1,5 x 20 cm<\/td>\n<\/tr>\n<tr>\n<td>Material<\/td>\n<td>Tejido sint\u00e9tico<\/td>\n<\/tr>\n<tr>\n<td width=\"220\">Peso<\/td>\n<td width=\"356\">0,1 kg<\/td>\n<\/tr>\n<\/tbody>\n<\/table>\n","protected":false},"excerpt":{"rendered":"<p>MANFROTTO Street Bolso bandolera MB MS2-CB El Manfrotto Street Crossbody es el bolso perfecto para tel\u00e9fonos inteligentes y peque\u00f1os accesorios,<\/p>\n","protected":false},"featured_media":37205,"comment_status":"closed","ping_status":"open","template":"","meta":{"_acf_changed":false},"product_brand":[2581],"product_cat":[908],"product_tag":[],"class_list":{"0":"post-73245","1":"product","2":"type-product","3":"status-publish","4":"has-post-thumbnail","6":"product_brand-manfrotto-es","7":"product_cat-organizadores-es","9":"first","10":"onbackorder","11":"taxable","12":"shipping-taxable","13":"purchasable","14":"product-type-simple"},"bundled_by":[],"bundle_stock_status":"onbackorder","bundle_stock_quantity":0,"bundle_virtual":false,"bundle_layout":"","bundle_add_to_cart_form_location":"","bundle_editable_in_cart":false,"bundle_sold_individually_context":"","bundle_item_grouping":"","bundle_min_size":"","bundle_max_size":"","bundle_price":[],"bundled_items":[],"bundle_sell_ids":[],"acf":[],"_links":{"self":[{"href":"https:\/\/hi-techwonder.com\/es\/wp-json\/wp\/v2\/product\/73245","targetHints":{"allow":["GET"]}}],"collection":[{"href":"https:\/\/hi-techwonder.com\/es\/wp-json\/wp\/v2\/product"}],"about":[{"href":"https:\/\/hi-techwonder.com\/es\/wp-json\/wp\/v2\/types\/product"}],"replies":[{"embeddable":true,"href":"https:\/\/hi-techwonder.com\/es\/wp-json\/wp\/v2\/comments?post=73245"}],"wp:featuredmedia":[{"embeddable":true,"href":"https:\/\/hi-techwonder.com\/es\/wp-json\/wp\/v2\/media\/37205"}],"wp:attachment":[{"href":"https:\/\/hi-techwonder.com\/es\/wp-json\/wp\/v2\/media?parent=73245"}],"wp:term":[{"taxonomy":"product_brand","embeddable":true,"href":"https:\/\/hi-techwonder.com\/es\/wp-json\/wp\/v2\/product_brand?post=73245"},{"taxonomy":"product_cat","embeddable":true,"href":"https:\/\/hi-techwonder.com\/es\/wp-json\/wp\/v2\/product_cat?post=73245"},{"taxonomy":"product_tag","embeddable":true,"href":"https:\/\/hi-techwonder.com\/es\/wp-json\/wp\/v2\/product_tag?post=73245"}],"curies":[{"name":"wp","href":"https:\/\/api.w.org\/{rel}","templated":true}]}}