{"id":73246,"date":"2025-07-29T00:17:17","date_gmt":"2025-07-29T00:17:17","guid":{"rendered":"https:\/\/fv6qoy3ls0.wpdns.site\/produto\/manfrotto-bolsa-para-portatil-15-para-pro-light-reloader-tough\/"},"modified":"2025-07-29T00:17:17","modified_gmt":"2025-07-29T00:17:17","slug":"manfrotto-bolsa-para-portatil-15-para-pro-light-reloader-tough","status":"publish","type":"product","link":"https:\/\/hi-techwonder.com\/es\/producto\/manfrotto-bolsa-para-portatil-15-para-pro-light-reloader-tough\/","title":{"rendered":"MANFROTTO Bolsa para port\u00e1til 15&#8243; para Pro Light Reloader Tough"},"content":{"rendered":"<p><strong>MANFROTTO Bolsa para port\u00e1til 15&#8243; para Pro Light Reloader Tough<\/strong><\/p>\n<p> <strong>MB PL-RL-TH-LS<\/strong><\/p>\n<p>  La funda para port\u00e1til Manfrotto PRO Light Tough es una soluci\u00f3n dise\u00f1ada exclusivamente compatible con todas las fundas r\u00edgidas Manfrotto PRO Light Tough: hasta 4 (o 6, seg\u00fan el modelo de las fundas Tough) pines met\u00e1licos convenientemente colocados en el panel frontal de las fundas Manfrotto Tough, esta funda para port\u00e1til de alta resistencia se puede sujetar f\u00e1cilmente a trav\u00e9s de un sistema de correas ajustables resistente y duradero para mejorar la portabilidad del equipo con un compartimento para port\u00e1til conveniente.<\/p>\n<p>  Esta bolsa para computadora port\u00e1til se adapta a una computadora port\u00e1til de hasta 15 \u00bb en un compartimento acolchado dedicado. En la parte delantera hay dos bolsillos profundos dedicados para guardar varios accesorios, cargadores y peque\u00f1os dispositivos electr\u00f3nicos. Adem\u00e1s, esta funda para computadora port\u00e1til se puede usar como una soluci\u00f3n de transporte independiente para su computadora port\u00e1til con la correa para el hombro incluida que se puede colocar f\u00e1cilmente para permitirle llevar la bolsa al hombro.  <\/p>\n<p>  La funda para port\u00e1til PRO Light Tough est\u00e1 hecha de tela tratada para repeler la humedad y el agua.<\/p>\n<p> <strong>Caracter\u00edsticas t\u00e9cnicas:<\/strong> <\/p>\n<table class=\"table_o418fscimQZEg1oshu4aX\" data-selenium=\"specsItemGroupTable\">\n<tbody>\n<tr class=\"pair_3u9fnESIQrtuEu6ye_zM4k\" data-selenium=\"specsItemGroupTableRow\">\n<td class=\"label_3bLwbW8ibvYc5tUwpKVQsL firstSpecWhenNoGroupName_2L9ob5rxYHNpmiwoNrY0FE\" data-selenium=\"specsItemGroupTableColumnLabel\"> Tama\u00f1o m\u00e1ximo de pantalla <\/td>\n<td class=\"value_11Av1yGkVYn9TX48mQeu9v firstSpecWhenNoGroupName_2L9ob5rxYHNpmiwoNrY0FE\" data-selenium=\"specsItemGroupTableColumnValue\"> 15&#8243; \/ 38,1 cm <\/td>\n<\/tr>\n<tr class=\"pair_3u9fnESIQrtuEu6ye_zM4k\" data-selenium=\"specsItemGroupTableRow\">\n<td class=\"value_11Av1yGkVYn9TX48mQeu9v\" data-selenium=\"specsItemGroupTableColumnValue\"> Asa <\/td>\n<p> de <\/p>\n<td class=\"label_3bLwbW8ibvYc5tUwpKVQsL\" data-selenium=\"specsItemGroupTableColumnLabel\"> opciones de transporte\/transporte<\/td>\n<\/tr>\n<tr class=\"pair_3u9fnESIQrtuEu6ye_zM4k\" data-selenium=\"specsItemGroupTableRow\">\n<td class=\"label_3bLwbW8ibvYc5tUwpKVQsL\" data-selenium=\"specsItemGroupTableColumnLabel\"> Tipo de cierre<\/td>\n<td class=\"value_11Av1yGkVYn9TX48mQeu9v\" data-selenium=\"specsItemGroupTableColumnValue\"> : Cremallera <\/td>\n<\/tr>\n<tr class=\"pair_3u9fnESIQrtuEu6ye_zM4k\" data-selenium=\"specsItemGroupTableRow\">\n<td class=\"label_3bLwbW8ibvYc5tUwpKVQsL\" data-selenium=\"specsItemGroupTableColumnLabel\"> Material exterior<\/td>\n<td class=\"value_11Av1yGkVYn9TX48mQeu9v\" data-selenium=\"specsItemGroupTableColumnValue\"> Nylon <\/td>\n<\/tr>\n<tr class=\"pair_3u9fnESIQrtuEu6ye_zM4k\" data-selenium=\"specsItemGroupTableRow\">\n<td class=\"label_3bLwbW8ibvYc5tUwpKVQsL\" data-selenium=\"specsItemGroupTableColumnLabel\"> Dimensiones externas<\/td>\n<td class=\"value_11Av1yGkVYn9TX48mQeu9v\" data-selenium=\"specsItemGroupTableColumnValue\"> 46x29cm <\/td>\n<\/tr>\n<tr class=\"pair_3u9fnESIQrtuEu6ye_zM4k\" data-selenium=\"specsItemGroupTableRow\">\n<td class=\"label_3bLwbW8ibvYc5tUwpKVQsL\" data-selenium=\"specsItemGroupTableColumnLabel\"> Profundidad externa<\/td>\n<td class=\"value_11Av1yGkVYn9TX48mQeu9v\" data-selenium=\"specsItemGroupTableColumnValue\"> 7 cm <\/td>\n<\/tr>\n<tr class=\"pair_3u9fnESIQrtuEu6ye_zM4k\" data-selenium=\"specsItemGroupTableRow\">\n<td class=\"label_3bLwbW8ibvYc5tUwpKVQsL\" data-selenium=\"specsItemGroupTableColumnLabel\"> Material interior<\/td>\n<td class=\"value_11Av1yGkVYn9TX48mQeu9v\" data-selenium=\"specsItemGroupTableColumnValue\"> : poli\u00e9ster <\/td>\n<\/tr>\n<tr class=\"pair_3u9fnESIQrtuEu6ye_zM4k\" data-selenium=\"specsItemGroupTableRow\">\n<td class=\"label_3bLwbW8ibvYc5tUwpKVQsL\" data-selenium=\"specsItemGroupTableColumnLabel\"> Dimensiones interiores<\/td>\n<td class=\"value_11Av1yGkVYn9TX48mQeu9v\" data-selenium=\"specsItemGroupTableColumnValue\"> 43x27cm <\/td>\n<\/tr>\n<tr class=\"pair_3u9fnESIQrtuEu6ye_zM4k\" data-selenium=\"specsItemGroupTableRow\">\n<td class=\"label_3bLwbW8ibvYc5tUwpKVQsL\" data-selenium=\"specsItemGroupTableColumnLabel\"> Profundidad interior<\/td>\n<td class=\"value_11Av1yGkVYn9TX48mQeu9v\" data-selenium=\"specsItemGroupTableColumnValue\"> 2,5 cm <\/td>\n<\/tr>\n<tr class=\"pair_3u9fnESIQrtuEu6ye_zM4k\" data-selenium=\"specsItemGroupTableRow\">\n<td class=\"label_3bLwbW8ibvYc5tUwpKVQsL\" data-selenium=\"specsItemGroupTableColumnLabel\"> Peso<\/td>\n<td class=\"value_11Av1yGkVYn9TX48mQeu9v\" data-selenium=\"specsItemGroupTableColumnValue\"> 770g<\/td>\n<\/tr>\n<\/tbody>\n<\/table>\n","protected":false},"excerpt":{"rendered":"<p>MANFROTTO Bolsa para port\u00e1til 15&#8243; para Pro Light Reloader Tough MB PL-RL-TH-LS La funda para port\u00e1til Manfrotto PRO Light Tough<\/p>\n","protected":false},"featured_media":37181,"comment_status":"closed","ping_status":"open","template":"","meta":{"_acf_changed":false},"product_brand":[2581],"product_cat":[908],"product_tag":[],"class_list":{"0":"post-73246","1":"product","2":"type-product","3":"status-publish","4":"has-post-thumbnail","6":"product_brand-manfrotto-es","7":"product_cat-organizadores-es","9":"first","10":"onbackorder","11":"taxable","12":"shipping-taxable","13":"purchasable","14":"product-type-simple"},"bundled_by":[],"bundle_stock_status":"onbackorder","bundle_stock_quantity":0,"bundle_virtual":false,"bundle_layout":"","bundle_add_to_cart_form_location":"","bundle_editable_in_cart":false,"bundle_sold_individually_context":"","bundle_item_grouping":"","bundle_min_size":"","bundle_max_size":"","bundle_price":[],"bundled_items":[],"bundle_sell_ids":[],"acf":[],"_links":{"self":[{"href":"https:\/\/hi-techwonder.com\/es\/wp-json\/wp\/v2\/product\/73246","targetHints":{"allow":["GET"]}}],"collection":[{"href":"https:\/\/hi-techwonder.com\/es\/wp-json\/wp\/v2\/product"}],"about":[{"href":"https:\/\/hi-techwonder.com\/es\/wp-json\/wp\/v2\/types\/product"}],"replies":[{"embeddable":true,"href":"https:\/\/hi-techwonder.com\/es\/wp-json\/wp\/v2\/comments?post=73246"}],"wp:featuredmedia":[{"embeddable":true,"href":"https:\/\/hi-techwonder.com\/es\/wp-json\/wp\/v2\/media\/37181"}],"wp:attachment":[{"href":"https:\/\/hi-techwonder.com\/es\/wp-json\/wp\/v2\/media?parent=73246"}],"wp:term":[{"taxonomy":"product_brand","embeddable":true,"href":"https:\/\/hi-techwonder.com\/es\/wp-json\/wp\/v2\/product_brand?post=73246"},{"taxonomy":"product_cat","embeddable":true,"href":"https:\/\/hi-techwonder.com\/es\/wp-json\/wp\/v2\/product_cat?post=73246"},{"taxonomy":"product_tag","embeddable":true,"href":"https:\/\/hi-techwonder.com\/es\/wp-json\/wp\/v2\/product_tag?post=73246"}],"curies":[{"name":"wp","href":"https:\/\/api.w.org\/{rel}","templated":true}]}}