{"id":73251,"date":"2025-07-29T10:43:31","date_gmt":"2025-07-29T10:43:31","guid":{"rendered":"https:\/\/fv6qoy3ls0.wpdns.site\/produto\/manfrotto-mt055xpro3\/"},"modified":"2025-07-29T10:43:31","modified_gmt":"2025-07-29T10:43:31","slug":"manfrotto-mt055xpro3","status":"publish","type":"product","link":"https:\/\/hi-techwonder.com\/es\/producto\/manfrotto-mt055xpro3\/","title":{"rendered":"MANFROTTO MT055XPRO3"},"content":{"rendered":"<p style=\"text-align: justify;\"><span style=\"font-size: small;\">El 055 redefine el tr\u00edpode de aluminio de 3 secciones. Gracias a su tama\u00f1o y forma, y a los materiales utilizados, el nuevo 055 ofrece un nivel de rigidez sin precedentes. <\/span><\/p>\n<p style=\"text-align: center;\"><object data=\"https:\/\/www.youtube.com\/v\/4J4fvzlGdEQ\" type=\"application\/x-shockwave-flash\" width=\"425\" height=\"350\"><param name=\"src\" value=\"https:\/\/www.youtube.com\/v\/4J4fvzlGdEQ\"><\/object><span style=\"font-size: small;\"><br \/><\/span><\/p>\n<p style=\"text-align: justify;\"><span style=\"font-size: small;\"><span style=\"text-decoration: underline;\"><strong>Caracter\u00edsticas principales:<\/strong><\/span><\/span><\/p>\n<p style=\"text-align: justify;\"><span style=\"font-size: small;\"><br \/>La caracter\u00edstica principal del 055XPRO3 es su mecanismo de columna central de 90\u00b0, que permite extender la columna vertical de forma normal u horizontal para abrir una amplia gama de posibilidades de encuadre y disparo; esto hace que el 055XPRO3 sea un tr\u00edpode extremadamente vers\u00e1til adecuado para una amplia gama de aplicaciones de fotograf\u00eda y video. El mecanismo de columna horizontal est\u00e1 alojado en la parte superior del tr\u00edpode para ser compacto, pero se extiende f\u00e1cil y r\u00e1pidamente cuando lo necesite. El cambio entre la orientaci\u00f3n vertical y horizontal de la columna no requiere desmontaje e incluso se puede hacer con una c\u00e1mara conectada.  <br \/><\/span> <span style=\"font-size: small;\"><br \/>Las patas del tr\u00edpode 055XPRO3 tambi\u00e9n se extienden y ajustan r\u00e1pidamente, gracias a las palancas Quick Power Lock que bloquean y desbloquean cada secci\u00f3n de la pata. El dise\u00f1o especial de las palancas QPL permite una mayor apertura con una sola mano de todas las secciones de las piernas en una sola acci\u00f3n. El dise\u00f1o de palanca del QPL tambi\u00e9n ofrece un bloqueo m\u00e1s potente de cada secci\u00f3n, lo que significa que el tr\u00edpode es m\u00e1s estable y r\u00edgido que con los dise\u00f1os de palanca tradicionales. Los selectores de \u00e1ngulo de pierna intuitivos y ergon\u00f3micos permiten ajustar cada pata de forma independiente y s\u00f3lida a cualquiera de los \u00e1ngulos preestablecidos, lo que nuevamente permite una considerable libertad de posicionamiento.   <br \/><\/span> <span style=\"font-size: small;\"><br \/>Un nivel de burbuja est\u00e1 integrado en la parte superior de la columna central para un encuadre preciso. El nivel de burbuja gira libremente alrededor de la columna central, por lo que se puede colocar donde sea m\u00e1s f\u00e1cil verlo mientras ajusta el tr\u00edpode, y sin que quede oscurecido por el cabezal y la c\u00e1mara montados, ni se interponga en el camino de los controles del cabezal o la c\u00e1mara. <br \/><\/span> <span style=\"font-size: small;\"><br \/>La carcasa superior del 055XPRO3 cuenta con un conector Easy Link para soportar un accesorio de foto o video (como luz LED, flash, reflector u otro equipo) en un brazo extensible o soporte, lo que convierte al tr\u00edpode en un pr\u00e1ctico mueble de estudio.<\/span><\/p>\n<h2 style=\"height: 30px; text-align: justify;\"><span style=\"font-size: small;\">&nbsp;<\/span><\/h2>\n<h2 style=\"height: 30px; text-align: justify;\"><span style=\"font-size: small;\"><span style=\"text-decoration: underline;\">Caracter\u00edsticas t\u00e9cnicas:<\/span><\/span><\/h2>\n<div>&nbsp;<\/div>\n<table style=\"width: 100%;\" border=\"0\">\n<tbody>\n<tr>\n<td align=\"center\" valign=\"middle\" width=\"35\">&nbsp;<\/td>\n<td width=\"230\">\n<h5>Adjunto por.<\/h5>\n<\/td>\n<td>\u2013 tipo de accesorio<\/td>\n<\/tr>\n<tr>\n<td align=\"center\" valign=\"middle\" width=\"35\">&nbsp;<\/td>\n<td width=\"230\">\n<h5>columna central<\/h5>\n<\/td>\n<td>r\u00e1pido<\/td>\n<\/tr>\n<tr>\n<td align=\"center\" valign=\"middle\" width=\"35\"><img decoding=\"async\" src=\"https:\/\/mediacdn.shopatron.com\/media\/mfg\/2747\/media_image\/live_2\/m_closed_length_tripod.gif?1276650448\" alt=\"\"><\/td>\n<td width=\"230\">\n<h5>Longitud cerrada<\/h5>\n<\/td>\n<td>61,0 cm<\/td>\n<\/tr>\n<tr>\n<td align=\"center\" valign=\"middle\" width=\"35\"><img decoding=\"async\" src=\"https:\/\/mediacdn.shopatron.com\/media\/mfg\/2747\/media_image\/live_2\/m_color.gif?1276650448\" alt=\"\"><\/td>\n<td width=\"230\">\n<h5>Color<\/h5>\n<\/td>\n<td>Color: Negro<\/td>\n<\/tr>\n<tr>\n<td align=\"center\" valign=\"middle\" width=\"35\">&nbsp;<\/td>\n<td width=\"230\">\n<h5>Secci\u00f3n transversal de la columna<\/h5>\n<\/td>\n<td>Trifac\u00e9tico<\/td>\n<\/tr>\n<tr>\n<td align=\"center\" valign=\"middle\" width=\"35\"><img decoding=\"async\" src=\"https:\/\/mediacdn.shopatron.com\/media\/mfg\/2747\/media_image\/live_2\/column_tube_diameter.jpg?1339539187\" alt=\"\"><\/td>\n<td width=\"230\">\n<h5>Di\u00e1metro del tubo de la columna<\/h5>\n<\/td>\n<td>28 mil\u00edmetros<\/td>\n<\/tr>\n<tr>\n<td align=\"center\" valign=\"middle\" width=\"35\">&nbsp;<\/td>\n<td width=\"230\">\n<h5>\u00c1ngulos de las patas<\/h5>\n<\/td>\n<td>25\u00b0.46\u00b0.66\u00b0.88\u00b0<\/td>\n<\/tr>\n<tr>\n<td align=\"center\" valign=\"middle\" width=\"35\">&nbsp;<\/td>\n<td width=\"230\">\n<h5>Secci\u00f3n transversal de la pierna<\/h5>\n<\/td>\n<td>Forma D<\/td>\n<\/tr>\n<tr>\n<td align=\"center\" valign=\"middle\" width=\"35\"><img decoding=\"async\" src=\"https:\/\/mediacdn.shopatron.com\/media\/mfg\/2747\/media_image\/live_2\/m_leg_sections.gif?1279320871\" alt=\"\"><\/td>\n<td width=\"230\">\n<h5>secciones de las piernas<\/h5>\n<\/td>\n<td>3 N\u00famero<\/td>\n<\/tr>\n<tr>\n<td align=\"center\" valign=\"middle\" width=\"35\">&nbsp;<\/td>\n<td width=\"230\">\n<h5>Di\u00e1metro del tubo de la pierna<\/h5>\n<\/td>\n<td>30-26-22,5 mil\u00edmetros<\/td>\n<\/tr>\n<tr>\n<td align=\"center\" valign=\"middle\" width=\"35\">&nbsp;<\/td>\n<td width=\"230\">\n<h5>material<\/h5>\n<\/td>\n<td>aluminio<\/td>\n<\/tr>\n<tr>\n<td align=\"center\" valign=\"middle\" width=\"35\"><img decoding=\"async\" src=\"https:\/\/mediacdn.shopatron.com\/media\/mfg\/2747\/media_image\/live_2\/m_max_height_colup.gif?1276650582\" alt=\"\"><\/td>\n<td width=\"230\">\n<h5>Altura m\u00e1xima<\/h5>\n<\/td>\n<td>170,0 cm<\/td>\n<\/tr>\n<tr>\n<td align=\"center\" valign=\"middle\" width=\"35\"><img decoding=\"async\" src=\"https:\/\/mediacdn.shopatron.com\/media\/mfg\/2747\/media_image\/live_2\/m_max_height_coldown.gif?1276649362\" alt=\"\"><\/td>\n<td width=\"230\">\n<h5>Altura m\u00e1xima (con la columna central hacia abajo)<\/h5>\n<\/td>\n<td>140,0 cm<\/td>\n<\/tr>\n<tr>\n<td align=\"center\" valign=\"middle\" width=\"35\"><img decoding=\"async\" src=\"https:\/\/mediacdn.shopatron.com\/media\/mfg\/2747\/media_image\/live_2\/m_min_height.gif?1276649363\" alt=\"\"><\/td>\n<td width=\"230\">\n<h5>Altura m\u00ednima<\/h5>\n<\/td>\n<td>9,0 cm<\/td>\n<\/tr>\n<tr>\n<td align=\"center\" valign=\"middle\" width=\"35\">&nbsp;<\/td>\n<td width=\"230\">\n<h5>patente<\/h5>\n<\/td>\n<td>palmadita. pendiente <\/td>\n<\/tr>\n<tr>\n<td align=\"center\" valign=\"middle\" width=\"35\"><img decoding=\"async\" src=\"https:\/\/mediacdn.shopatron.com\/media\/mfg\/2747\/media_image\/live_2\/m_load_capacity.gif?1276650449\" alt=\"\"><\/td>\n<td width=\"230\">\n<h5>Carga \u00fatil de seguridad<\/h5>\n<\/td>\n<td>9kg<\/td>\n<\/tr>\n<tr>\n<td align=\"center\" valign=\"middle\" width=\"35\">&nbsp;<\/td>\n<td width=\"230\">\n<h5>Columna central de secci\u00f3n<\/h5>\n<\/td>\n<td>1 n\u00famero<\/td>\n<\/tr>\n<tr>\n<td align=\"center\" valign=\"middle\" width=\"35\"><img decoding=\"async\" src=\"https:\/\/mediacdn.shopatron.com\/media\/mfg\/2747\/media_image\/live_2\/m_weight.gif?1276617563\" alt=\"\"><\/td>\n<td width=\"230\">\n<h5>peso<\/h5>\n<\/td>\n<td>2,5 kg<\/td>\n<\/tr>\n<\/tbody>\n<\/table>\n","protected":false},"excerpt":{"rendered":"<p>El 055 redefine el tr\u00edpode de aluminio de 3 secciones. Gracias a su tama\u00f1o y forma, y a los materiales<\/p>\n","protected":false},"featured_media":66640,"comment_status":"closed","ping_status":"open","template":"","meta":{"_acf_changed":false},"product_brand":[2581],"product_cat":[1094],"product_tag":[],"class_list":{"0":"post-73251","1":"product","2":"type-product","3":"status-publish","4":"has-post-thumbnail","6":"product_brand-manfrotto-es","7":"product_cat-piernas-de-tripode","9":"first","10":"onbackorder","11":"taxable","12":"shipping-taxable","13":"purchasable","14":"product-type-simple"},"bundled_by":[],"bundle_stock_status":"onbackorder","bundle_stock_quantity":0,"bundle_virtual":false,"bundle_layout":"","bundle_add_to_cart_form_location":"","bundle_editable_in_cart":false,"bundle_sold_individually_context":"","bundle_item_grouping":"","bundle_min_size":"","bundle_max_size":"","bundle_price":[],"bundled_items":[],"bundle_sell_ids":[],"acf":[],"_links":{"self":[{"href":"https:\/\/hi-techwonder.com\/es\/wp-json\/wp\/v2\/product\/73251","targetHints":{"allow":["GET"]}}],"collection":[{"href":"https:\/\/hi-techwonder.com\/es\/wp-json\/wp\/v2\/product"}],"about":[{"href":"https:\/\/hi-techwonder.com\/es\/wp-json\/wp\/v2\/types\/product"}],"replies":[{"embeddable":true,"href":"https:\/\/hi-techwonder.com\/es\/wp-json\/wp\/v2\/comments?post=73251"}],"wp:featuredmedia":[{"embeddable":true,"href":"https:\/\/hi-techwonder.com\/es\/wp-json\/wp\/v2\/media\/66640"}],"wp:attachment":[{"href":"https:\/\/hi-techwonder.com\/es\/wp-json\/wp\/v2\/media?parent=73251"}],"wp:term":[{"taxonomy":"product_brand","embeddable":true,"href":"https:\/\/hi-techwonder.com\/es\/wp-json\/wp\/v2\/product_brand?post=73251"},{"taxonomy":"product_cat","embeddable":true,"href":"https:\/\/hi-techwonder.com\/es\/wp-json\/wp\/v2\/product_cat?post=73251"},{"taxonomy":"product_tag","embeddable":true,"href":"https:\/\/hi-techwonder.com\/es\/wp-json\/wp\/v2\/product_tag?post=73251"}],"curies":[{"name":"wp","href":"https:\/\/api.w.org\/{rel}","templated":true}]}}