{"id":73252,"date":"2025-07-29T10:37:16","date_gmt":"2025-07-29T10:37:16","guid":{"rendered":"https:\/\/fv6qoy3ls0.wpdns.site\/produto\/manfrotto-mt055cxpro3-fibra-de-carbono\/"},"modified":"2025-12-30T10:12:09","modified_gmt":"2025-12-30T10:12:09","slug":"manfrotto-mt055cxpro3-fibra-de-carbono","status":"publish","type":"product","link":"https:\/\/hi-techwonder.com\/es\/producto\/manfrotto-mt055cxpro3-fibra-de-carbono\/","title":{"rendered":"MANFROTTO MT055CXPRO3 Fibra de Carbono"},"content":{"rendered":"<p data-start=\"55\" data-end=\"99\"><strong data-start=\"55\" data-end=\"97\">MANFROTTO MT055CXPRO3 Fibra de Carbono<\/strong><\/p>\n<p data-start=\"101\" data-end=\"125\"><strong data-start=\"101\" data-end=\"123\">Capacidad de carga<\/strong><\/p>\n<ul data-start=\"127\" data-end=\"426\">\n<li data-start=\"127\" data-end=\"156\">\n<p data-start=\"129\" data-end=\"156\">Capacidad de carga: 20 kg<\/p>\n<\/li>\n<li data-start=\"157\" data-end=\"195\">\n<p data-start=\"159\" data-end=\"195\">Altura m\u00e1xima de trabajo: 170,2 cm<\/p>\n<\/li>\n<li data-start=\"196\" data-end=\"221\">\n<p data-start=\"198\" data-end=\"221\">Altura m\u00ednima: 8,9 cm<\/p>\n<\/li>\n<li data-start=\"222\" data-end=\"249\">\n<p data-start=\"224\" data-end=\"249\">Longitud plegada: 61 cm<\/p>\n<\/li>\n<li data-start=\"250\" data-end=\"279\">\n<p data-start=\"252\" data-end=\"279\">Secciones de las patas: 3<\/p>\n<\/li>\n<li data-start=\"280\" data-end=\"294\">\n<p data-start=\"282\" data-end=\"294\">Peso: 2 kg<\/p>\n<\/li>\n<li data-start=\"296\" data-end=\"327\">\n<p data-start=\"298\" data-end=\"327\">Bloqueo r\u00e1pido de las patas<\/p>\n<\/li>\n<li data-start=\"328\" data-end=\"372\">\n<p data-start=\"330\" data-end=\"372\">Columna central de 90\u00b0 \u2013 Soporte lateral<\/p>\n<\/li>\n<li data-start=\"373\" data-end=\"395\">\n<p data-start=\"375\" data-end=\"395\">Fijaci\u00f3n Easy Link<\/p>\n<\/li>\n<li data-start=\"396\" data-end=\"426\">\n<p data-start=\"398\" data-end=\"426\">Nivel de burbuja giratorio<\/p>\n<\/li>\n<\/ul>\n<p data-start=\"428\" data-end=\"455\"><strong data-start=\"428\" data-end=\"453\">Contenido del paquete<\/strong><\/p>\n<ul data-start=\"457\" data-end=\"514\">\n<li data-start=\"457\" data-end=\"514\">\n<p data-start=\"459\" data-end=\"514\">1 x Tr\u00edpode de fibra de carbono Manfrotto MT055CXPRO3<\/p>\n<\/li>\n<\/ul>\n<hr data-start=\"516\" data-end=\"519\" \/>\n<h3 data-start=\"521\" data-end=\"572\">Descripci\u00f3n General del Manfrotto MT055CXPRO3<\/h3>\n<p data-start=\"574\" data-end=\"608\"><strong data-start=\"574\" data-end=\"606\">V\u00eddeo: Tr\u00edpode Manfrotto 055<\/strong><\/p>\n<p data-start=\"610\" data-end=\"995\">El tr\u00edpode de fibra de carbono Manfrotto MT055CXPRO3 es un soporte de 3 secciones que sustituye al tr\u00edpode 055CXPRO3. Tiene una capacidad de carga de 20 kg y se extiende desde 8,9 cm hasta 170,2 cm. Sus patas de fibra de carbono se fijan mediante los Quick Power Locks. Estos cierres de palanca actualizados aumentan la rigidez del tr\u00edpode en un 50% en comparaci\u00f3n con su predecesor.<\/p>\n<p data-start=\"997\" data-end=\"1565\">La columna central redise\u00f1ada se maneja con \u201cun dedo\u201d e incluye un accesorio Easy Link 3\/8\u2033-16 para fijar accesorios como una luz LED o un reflector a trav\u00e9s de un brazo compatible. La columna central puede colocarse en posici\u00f3n horizontal, lo que permite la fotograf\u00eda macro y en \u00e1ngulo bajo. El disco superior, donde se monta la r\u00f3tula del tr\u00edpode, tambi\u00e9n ha sido redise\u00f1ado y ahora cuenta con un nivel de burbuja que gira 360\u00b0, de modo que se puede colocar en el punto m\u00e1s visible. Esto permite nivelar la c\u00e1mara tanto en el plano horizontal como en el vertical.<\/p>\n<hr data-start=\"1567\" data-end=\"1570\" \/>\n<h3 data-start=\"1572\" data-end=\"1594\">Especificaciones<\/h3>\n<p data-start=\"1596\" data-end=\"1613\"><strong data-start=\"1596\" data-end=\"1611\">Principales<\/strong><\/p>\n<ul data-start=\"1614\" data-end=\"1912\">\n<li data-start=\"1614\" data-end=\"1661\">\n<p data-start=\"1616\" data-end=\"1661\">Tipo de montaje de la r\u00f3tula: 3\/8\u2033-16 Macho<\/p>\n<\/li>\n<li data-start=\"1662\" data-end=\"1715\">\n<p data-start=\"1664\" data-end=\"1715\">Material principal de las patas: Fibra de carbono<\/p>\n<\/li>\n<li data-start=\"1716\" data-end=\"1745\">\n<p data-start=\"1718\" data-end=\"1745\">Capacidad de carga: 20 kg<\/p>\n<\/li>\n<li data-start=\"1746\" data-end=\"1784\">\n<p data-start=\"1748\" data-end=\"1784\">Altura m\u00e1xima de trabajo: 170,2 cm<\/p>\n<\/li>\n<li data-start=\"1785\" data-end=\"1832\">\n<p data-start=\"1787\" data-end=\"1832\">Altura m\u00e1xima sin columna central: 139,7 cm<\/p>\n<\/li>\n<li data-start=\"1833\" data-end=\"1869\">\n<p data-start=\"1835\" data-end=\"1869\">Altura m\u00ednima de trabajo: 8,9 cm<\/p>\n<\/li>\n<li data-start=\"1870\" data-end=\"1897\">\n<p data-start=\"1872\" data-end=\"1897\">Longitud plegada: 61 cm<\/p>\n<\/li>\n<li data-start=\"1898\" data-end=\"1912\">\n<p data-start=\"1900\" data-end=\"1912\">Peso: 2 kg<\/p>\n<\/li>\n<\/ul>\n<p data-start=\"1914\" data-end=\"1925\"><strong data-start=\"1914\" data-end=\"1923\">Patas<\/strong><\/p>\n<ul data-start=\"1926\" data-end=\"2138\">\n<li data-start=\"1926\" data-end=\"1973\">\n<p data-start=\"1928\" data-end=\"1973\">Tipo de montaje de la r\u00f3tula: 3\/8\u2033-16 Macho<\/p>\n<\/li>\n<li data-start=\"1974\" data-end=\"2027\">\n<p data-start=\"1976\" data-end=\"2027\">Material principal de las patas: Fibra de carbono<\/p>\n<\/li>\n<li data-start=\"2028\" data-end=\"2064\">\n<p data-start=\"2030\" data-end=\"2064\">Bloqueo de patas: Cierre de giro<\/p>\n<\/li>\n<li data-start=\"2065\" data-end=\"2094\">\n<p data-start=\"2067\" data-end=\"2094\">Secciones de las patas: 3<\/p>\n<\/li>\n<li data-start=\"2095\" data-end=\"2138\">\n<p data-start=\"2097\" data-end=\"2138\">Apertura independiente de las patas: S\u00ed<\/p>\n<\/li>\n<\/ul>\n<p data-start=\"2140\" data-end=\"2153\"><strong data-start=\"2140\" data-end=\"2151\">General<\/strong><\/p>\n<ul data-start=\"2154\" data-end=\"2436\">\n<li data-start=\"2154\" data-end=\"2191\">\n<p data-start=\"2156\" data-end=\"2191\">Capacidad de carga: 44 lb \/ 20 kg<\/p>\n<\/li>\n<li data-start=\"2192\" data-end=\"2236\">\n<p data-start=\"2194\" data-end=\"2236\">Altura m\u00e1xima de trabajo: 67\u2033 \/ 170,2 cm<\/p>\n<\/li>\n<li data-start=\"2237\" data-end=\"2283\">\n<p data-start=\"2239\" data-end=\"2283\">Columna central: S\u00ed, 90\u00b0 \u2013 Soporte lateral<\/p>\n<\/li>\n<li data-start=\"2284\" data-end=\"2331\">\n<p data-start=\"2286\" data-end=\"2331\">Altura m\u00e1xima sin columna central: 139,7 cm<\/p>\n<\/li>\n<li data-start=\"2332\" data-end=\"2368\">\n<p data-start=\"2334\" data-end=\"2368\">Altura m\u00ednima de trabajo: 8,9 cm<\/p>\n<\/li>\n<li data-start=\"2369\" data-end=\"2396\">\n<p data-start=\"2371\" data-end=\"2396\">Longitud plegada: 61 cm<\/p>\n<\/li>\n<li data-start=\"2397\" data-end=\"2421\">\n<p data-start=\"2399\" data-end=\"2421\">Nivel de burbuja: S\u00ed<\/p>\n<\/li>\n<li data-start=\"2422\" data-end=\"2436\">\n<p data-start=\"2424\" data-end=\"2436\">Peso: 2 kg<\/p>\n<\/li>\n<\/ul>\n","protected":false},"excerpt":{"rendered":"<p>MANFROTTO MT055CXPRO3 Fibra de Carbono Capacidad de carga Capacidad de carga: 20 kg Altura m\u00e1xima de trabajo: 170,2 cm Altura<\/p>\n","protected":false},"featured_media":83887,"comment_status":"closed","ping_status":"closed","template":"","meta":{"_acf_changed":false},"product_brand":[2581],"product_cat":[1094],"product_tag":[],"class_list":{"0":"post-73252","1":"product","2":"type-product","3":"status-publish","4":"has-post-thumbnail","6":"product_brand-manfrotto-es","7":"product_cat-piernas-de-tripode","9":"first","10":"onbackorder","11":"taxable","12":"shipping-taxable","13":"purchasable","14":"product-type-simple"},"bundled_by":[],"bundle_stock_status":"onbackorder","bundle_stock_quantity":null,"bundle_virtual":false,"bundle_layout":"","bundle_add_to_cart_form_location":"","bundle_editable_in_cart":false,"bundle_sold_individually_context":"","bundle_item_grouping":"","bundle_min_size":"","bundle_max_size":"","bundle_price":[],"bundled_items":[],"bundle_sell_ids":[],"acf":[],"_links":{"self":[{"href":"https:\/\/hi-techwonder.com\/es\/wp-json\/wp\/v2\/product\/73252","targetHints":{"allow":["GET"]}}],"collection":[{"href":"https:\/\/hi-techwonder.com\/es\/wp-json\/wp\/v2\/product"}],"about":[{"href":"https:\/\/hi-techwonder.com\/es\/wp-json\/wp\/v2\/types\/product"}],"replies":[{"embeddable":true,"href":"https:\/\/hi-techwonder.com\/es\/wp-json\/wp\/v2\/comments?post=73252"}],"wp:featuredmedia":[{"embeddable":true,"href":"https:\/\/hi-techwonder.com\/es\/wp-json\/wp\/v2\/media\/83887"}],"wp:attachment":[{"href":"https:\/\/hi-techwonder.com\/es\/wp-json\/wp\/v2\/media?parent=73252"}],"wp:term":[{"taxonomy":"product_brand","embeddable":true,"href":"https:\/\/hi-techwonder.com\/es\/wp-json\/wp\/v2\/product_brand?post=73252"},{"taxonomy":"product_cat","embeddable":true,"href":"https:\/\/hi-techwonder.com\/es\/wp-json\/wp\/v2\/product_cat?post=73252"},{"taxonomy":"product_tag","embeddable":true,"href":"https:\/\/hi-techwonder.com\/es\/wp-json\/wp\/v2\/product_tag?post=73252"}],"curies":[{"name":"wp","href":"https:\/\/api.w.org\/{rel}","templated":true}]}}