{"id":73257,"date":"2025-07-29T00:09:58","date_gmt":"2025-07-29T00:09:58","guid":{"rendered":"https:\/\/fv6qoy3ls0.wpdns.site\/produto\/manfrotto-pro-mochila-ligera-de-carga-frontal\/"},"modified":"2025-07-29T00:09:58","modified_gmt":"2025-07-29T00:09:58","slug":"manfrotto-pro-mochila-ligera-de-carga-frontal","status":"publish","type":"product","link":"https:\/\/hi-techwonder.com\/es\/producto\/manfrotto-pro-mochila-ligera-de-carga-frontal\/","title":{"rendered":"MANFROTTO PRO Mochila ligera de carga frontal"},"content":{"rendered":"<p><strong>MANFROTTO <\/strong><strong>PRO Mochila ligera de carga frontal<\/strong><\/p>\n<p><strong>&nbsp;MB PL2-BP-FL-M&nbsp;<\/strong><\/p>\n<p>MANFROTTO PRO Light Frontloader para CSC\/DSLR, es una mochila para material fotogr\u00e1fico profesional, dise\u00f1ada espec\u00edficamente para proporcionar una protecci\u00f3n sin precedentes a su equipo y modularidad para satisfacer las preferencias y el flujo de trabajo de cualquier fot\u00f3grafo o cineasta profesional. Las mochilas Pro Light incorporan el nuevo sistema de protecci\u00f3n M-Guard, un sistema de mamparas modulares de alto rendimiento que mejora las posibilidades de personalizaci\u00f3n y la resistencia al impacto de los compartimentos internos. Este innovador sistema ha sido dise\u00f1ado espec\u00edficamente para los nuevos modelos de bolsos y mochilas Manfrotto. Probado en laboratorio para garantizar el m\u00e1s alto nivel de protecci\u00f3n y resistencia a los golpes, especialmente en \u00e1reas donde la protecci\u00f3n es crucial. Los divisores M-Guard est\u00e1n hechos de espuma EVA de alta densidad, que proporciona una absorci\u00f3n de impactos excepcional y al mismo tiempo mantiene un perfil extremadamente delgado.    <\/p>\n<p><iframe loading=\"lazy\" style=\"min-height: 500px; width: 1115.8px; height: auto;\" src=\"https:\/\/www.youtube.com\/embed\/AcC6U5GRy5A\" width=\"560\" height=\"314\" allowfullscreen=\"allowfullscreen\"><\/iframe><\/p>\n<p><strong>Caracter\u00edsticas t\u00e9cnicas:<\/strong><\/p>\n<table border=\"0\" width=\"584\" cellspacing=\"0\" cellpadding=\"2\">\n<colgroup>\n<col width=\"220\">\n<col width=\"356\"><\/colgroup>\n<tbody>\n<tr>\n<td width=\"220\">Modelo<\/td>\n<td width=\"356\">MB PL2-BP-FL-M <\/td>\n<\/tr>\n<tr>\n<td width=\"220\">Color<\/td>\n<td width=\"356\">Negro<\/td>\n<\/tr>\n<tr>\n<td width=\"220\">Tipo de cierre<\/td>\n<td width=\"356\">Cremallera<\/td>\n<\/tr>\n<tr>\n<td width=\"220\">Volumen<\/td>\n<td width=\"356\">24,5 L<\/td>\n<\/tr>\n<tr>\n<td width=\"220\">Dimensiones<\/td>\n<p> internas<\/p>\n<td width=\"356\">25 x 15 x 43 cm<\/td>\n<\/tr>\n<tr>\n<td width=\"220\">Dimensiones<\/td>\n<p> externas<\/p>\n<td width=\"356\">33 x 27 x 52 cm<\/td>\n<\/tr>\n<tr>\n<td width=\"220\">Dimensiones para tableta o computadora port\u00e1til<\/td>\n<td width=\"356\">26 x 2 x 44 cm \/ Hasta 15&#8243;<\/td>\n<\/tr>\n<tr>\n<td>Material<\/td>\n<td>Nylon, tejido sint\u00e9tico<\/td>\n<\/tr>\n<tr>\n<td width=\"220\">Peso<\/td>\n<td width=\"356\">1,79 kg<\/td>\n<\/tr>\n<\/tbody>\n<\/table>\n","protected":false},"excerpt":{"rendered":"<p>MANFROTTO PRO Mochila ligera de carga frontal &nbsp;MB PL2-BP-FL-M&nbsp; MANFROTTO PRO Light Frontloader para CSC\/DSLR, es una mochila para material<\/p>\n","protected":false},"featured_media":34589,"comment_status":"closed","ping_status":"open","template":"","meta":{"_acf_changed":false},"product_brand":[2581],"product_cat":[907],"product_tag":[],"class_list":{"0":"post-73257","1":"product","2":"type-product","3":"status-publish","4":"has-post-thumbnail","6":"product_brand-manfrotto-es","7":"product_cat-mochilas-es","9":"first","10":"onbackorder","11":"taxable","12":"shipping-taxable","13":"purchasable","14":"product-type-simple"},"bundled_by":[],"bundle_stock_status":"onbackorder","bundle_stock_quantity":0,"bundle_virtual":false,"bundle_layout":"","bundle_add_to_cart_form_location":"","bundle_editable_in_cart":false,"bundle_sold_individually_context":"","bundle_item_grouping":"","bundle_min_size":"","bundle_max_size":"","bundle_price":[],"bundled_items":[],"bundle_sell_ids":[],"acf":[],"_links":{"self":[{"href":"https:\/\/hi-techwonder.com\/es\/wp-json\/wp\/v2\/product\/73257","targetHints":{"allow":["GET"]}}],"collection":[{"href":"https:\/\/hi-techwonder.com\/es\/wp-json\/wp\/v2\/product"}],"about":[{"href":"https:\/\/hi-techwonder.com\/es\/wp-json\/wp\/v2\/types\/product"}],"replies":[{"embeddable":true,"href":"https:\/\/hi-techwonder.com\/es\/wp-json\/wp\/v2\/comments?post=73257"}],"wp:featuredmedia":[{"embeddable":true,"href":"https:\/\/hi-techwonder.com\/es\/wp-json\/wp\/v2\/media\/34589"}],"wp:attachment":[{"href":"https:\/\/hi-techwonder.com\/es\/wp-json\/wp\/v2\/media?parent=73257"}],"wp:term":[{"taxonomy":"product_brand","embeddable":true,"href":"https:\/\/hi-techwonder.com\/es\/wp-json\/wp\/v2\/product_brand?post=73257"},{"taxonomy":"product_cat","embeddable":true,"href":"https:\/\/hi-techwonder.com\/es\/wp-json\/wp\/v2\/product_cat?post=73257"},{"taxonomy":"product_tag","embeddable":true,"href":"https:\/\/hi-techwonder.com\/es\/wp-json\/wp\/v2\/product_tag?post=73257"}],"curies":[{"name":"wp","href":"https:\/\/api.w.org\/{rel}","templated":true}]}}