{"id":73261,"date":"2025-07-29T00:10:25","date_gmt":"2025-07-29T00:10:25","guid":{"rendered":"https:\/\/fv6qoy3ls0.wpdns.site\/produto\/mochila-manfrotto-advanced-compact-iii\/"},"modified":"2026-04-24T10:13:03","modified_gmt":"2026-04-24T09:13:03","slug":"manfrotto-mochila-manfrotto-advanced-compact-iii","status":"publish","type":"product","link":"https:\/\/hi-techwonder.com\/es\/producto\/manfrotto-mochila-manfrotto-advanced-compact-iii\/","title":{"rendered":"Mochila MANFROTTO Advanced Compact III"},"content":{"rendered":"<p><strong>Mochila MANFROTTO Advanced Compact III<\/strong><\/p>\n<p><strong>MB MA3-BP-C&nbsp;<\/strong><\/p>\n<p>Con la mochila Manfrotto 12L Advanced Compact III, almacene, proteja y transporte una DSLR o Mirrorless, con lentes adicionales, accesorios, pertenencias personales y una tableta o computadora port\u00e1til de hasta 13&#8243;. Esta mochila de tercera generaci\u00f3n recibe una actualizaci\u00f3n del sistema de protecci\u00f3n M-Guard para su equipo fotogr\u00e1fico. Con un interior personalizable, dividido entre material fotogr\u00e1fico y art\u00edculos personales y un compartimento de tecnolog\u00eda separado. Este es el bolso ideal para viajar.   <\/p>\n<p><strong>Caracter\u00edsticas t\u00e9cnicas:<\/strong><\/p>\n<table border=\"0\" width=\"584\" cellspacing=\"0\" cellpadding=\"2\">\n<colgroup>\n<col width=\"220\">\n<col width=\"356\"><\/colgroup>\n<tbody>\n<tr>\n<td width=\"220\">Modelo<\/td>\n<td width=\"356\">MB MA3-BP-C<\/td>\n<\/tr>\n<tr>\n<td width=\"220\">Color<\/td>\n<td width=\"356\">Negro<\/td>\n<\/tr>\n<tr>\n<td width=\"220\">Tipo de cierre<\/td>\n<td width=\"356\">Cremallera<\/td>\n<\/tr>\n<tr>\n<td width=\"220\">Volumen<\/td>\n<td width=\"356\">12 L<\/td>\n<\/tr>\n<tr>\n<td width=\"220\">Dimensiones<\/td>\n<p> internas<\/p>\n<td width=\"356\">24 x 16 x 40 cm<\/td>\n<\/tr>\n<tr>\n<td>Compartimento de c\u00e1mara oscuro <\/td>\n<td>22 x 9 x 13,5 cm<\/td>\n<\/tr>\n<tr>\n<td>Dim. Compartimento Obj. Personal  <\/td>\n<td>22 x 9 x 13,5 cm<\/td>\n<\/tr>\n<tr>\n<td width=\"220\">Dimensiones<\/td>\n<p> externas<\/p>\n<td width=\"356\">26 x 17 x 44 cm<\/td>\n<\/tr>\n<tr>\n<td width=\"220\">Dimensiones para tableta o computadora port\u00e1til<\/td>\n<td width=\"356\">21 x 1,5 x 34,5 cm \/ Hasta 13&#8243;<\/td>\n<\/tr>\n<tr>\n<td>Material<\/td>\n<td>Tejido sint\u00e9tico<\/td>\n<\/tr>\n<tr>\n<td width=\"220\">Peso<\/td>\n<td width=\"356\">0,88 kg<\/td>\n<\/tr>\n<\/tbody>\n<\/table>\n","protected":false},"excerpt":{"rendered":"<p>Mochila MANFROTTO Advanced Compact III MB MA3-BP-C&nbsp; Con la mochila Manfrotto 12L Advanced Compact III, almacene, proteja y transporte una<\/p>\n","protected":false},"featured_media":34770,"comment_status":"closed","ping_status":"open","template":"","meta":{"_acf_changed":false},"product_brand":[2581],"product_cat":[907],"product_tag":[],"class_list":{"0":"post-73261","1":"product","2":"type-product","3":"status-publish","4":"has-post-thumbnail","6":"product_brand-manfrotto-es","7":"product_cat-mochilas-es","9":"first","10":"onbackorder","11":"taxable","12":"shipping-taxable","13":"purchasable","14":"product-type-simple"},"bundled_by":[],"bundle_stock_status":"onbackorder","bundle_stock_quantity":null,"bundle_virtual":false,"bundle_layout":"","bundle_add_to_cart_form_location":"","bundle_editable_in_cart":false,"bundle_sold_individually_context":"","bundle_item_grouping":"","bundle_min_size":"","bundle_max_size":"","bundle_price":[],"bundled_items":[],"bundle_sell_ids":[],"acf":[],"_links":{"self":[{"href":"https:\/\/hi-techwonder.com\/es\/wp-json\/wp\/v2\/product\/73261","targetHints":{"allow":["GET"]}}],"collection":[{"href":"https:\/\/hi-techwonder.com\/es\/wp-json\/wp\/v2\/product"}],"about":[{"href":"https:\/\/hi-techwonder.com\/es\/wp-json\/wp\/v2\/types\/product"}],"replies":[{"embeddable":true,"href":"https:\/\/hi-techwonder.com\/es\/wp-json\/wp\/v2\/comments?post=73261"}],"wp:featuredmedia":[{"embeddable":true,"href":"https:\/\/hi-techwonder.com\/es\/wp-json\/wp\/v2\/media\/34770"}],"wp:attachment":[{"href":"https:\/\/hi-techwonder.com\/es\/wp-json\/wp\/v2\/media?parent=73261"}],"wp:term":[{"taxonomy":"product_brand","embeddable":true,"href":"https:\/\/hi-techwonder.com\/es\/wp-json\/wp\/v2\/product_brand?post=73261"},{"taxonomy":"product_cat","embeddable":true,"href":"https:\/\/hi-techwonder.com\/es\/wp-json\/wp\/v2\/product_cat?post=73261"},{"taxonomy":"product_tag","embeddable":true,"href":"https:\/\/hi-techwonder.com\/es\/wp-json\/wp\/v2\/product_tag?post=73261"}],"curies":[{"name":"wp","href":"https:\/\/api.w.org\/{rel}","templated":true}]}}