{"id":73263,"date":"2025-07-29T00:10:41","date_gmt":"2025-07-29T00:10:41","guid":{"rendered":"https:\/\/fv6qoy3ls0.wpdns.site\/produto\/manfrotto-street-convertible-tote-mochila-bolso\/"},"modified":"2025-07-29T00:10:41","modified_gmt":"2025-07-29T00:10:41","slug":"manfrotto-street-convertible-tote-mochila-bolso","status":"publish","type":"product","link":"https:\/\/hi-techwonder.com\/es\/producto\/manfrotto-street-convertible-tote-mochila-bolso\/","title":{"rendered":"MANFROTTO Street Convertible Tote Mochila \/ Bolso"},"content":{"rendered":"<p><strong>MANFROTTO Street Convertible Tote Mochila \/ Bolso<\/strong><\/p>\n<p><strong>MB MS2-CT<\/strong><\/p>\n<p>La mochila \/ bolsa convertible Manfrotto Street para guardar material fotogr\u00e1fico fue dise\u00f1ada para ofrecer una soluci\u00f3n de transporte multifuncional. Se puede usar como una bolsa que no sea una mochila o convenientemente convertida en una mochila y una bandolera cuando sea necesario. Tire f\u00e1cilmente de las dos correas de los hombros ocultas y colocadas en el bolsillo trasero y f\u00edjelas a los broches dedicados. Las correas de los hombros est\u00e1n acolchadas y ajustables para ofrecer comodidad.   <\/p>\n<p><iframe loading=\"lazy\" style=\"min-height: 500px; width: 1115.8px; height: auto;\" src=\"https:\/\/www.youtube.com\/embed\/WH1H2UMZxWw\" width=\"560\" height=\"314\" allowfullscreen=\"allowfullscreen\"><\/iframe><\/p>\n<p><strong>Caracter\u00edsticas t\u00e9cnicas:<\/strong><\/p>\n<table border=\"0\" width=\"584\" cellspacing=\"0\" cellpadding=\"2\">\n<colgroup>\n<col width=\"220\">\n<col width=\"356\"><\/colgroup>\n<tbody>\n<tr>\n<td width=\"220\">Modelo<\/td>\n<td width=\"356\">MB MS2-CT<\/td>\n<\/tr>\n<tr>\n<td width=\"220\">Color<\/td>\n<td width=\"356\">Verde oscuro<\/td>\n<\/tr>\n<tr>\n<td width=\"220\">Tipo de cierre<\/td>\n<td width=\"356\">Cremallera<\/td>\n<\/tr>\n<tr>\n<td width=\"220\">Volumen<\/td>\n<td width=\"356\">12 L<\/td>\n<\/tr>\n<tr>\n<td>Compartimento de c\u00e1mara oscuro <\/td>\n<td>25 x 14 x 10,5 cm<\/td>\n<\/tr>\n<tr>\n<td>Dim. Compartimento Obj. Personal  <\/td>\n<td>28 x 11 x 24 cm<\/td>\n<\/tr>\n<tr>\n<td width=\"220\">Dimensiones<\/td>\n<p> externas<\/p>\n<td width=\"356\">29 x 18 x 43 cm<\/td>\n<\/tr>\n<tr>\n<td width=\"220\">Dimensiones para tableta o computadora port\u00e1til<\/td>\n<td width=\"356\">33 x 14 x 41 cm \/ Hasta 14&#8243;<\/td>\n<\/tr>\n<tr>\n<td>Material<\/td>\n<td>Tejido sint\u00e9tico<\/td>\n<\/tr>\n<tr>\n<td width=\"220\">Peso<\/td>\n<td width=\"356\">0,9 kg<\/td>\n<\/tr>\n<\/tbody>\n<\/table>\n","protected":false},"excerpt":{"rendered":"<p>MANFROTTO Street Convertible Tote Mochila \/ Bolso MB MS2-CT La mochila \/ bolsa convertible Manfrotto Street para guardar material fotogr\u00e1fico<\/p>\n","protected":false},"featured_media":34948,"comment_status":"closed","ping_status":"open","template":"","meta":{"_acf_changed":false},"product_brand":[2581],"product_cat":[907],"product_tag":[],"class_list":{"0":"post-73263","1":"product","2":"type-product","3":"status-publish","4":"has-post-thumbnail","6":"product_brand-manfrotto-es","7":"product_cat-mochilas-es","9":"first","10":"onbackorder","11":"taxable","12":"shipping-taxable","13":"purchasable","14":"product-type-simple"},"bundled_by":[],"bundle_stock_status":"onbackorder","bundle_stock_quantity":0,"bundle_virtual":false,"bundle_layout":"","bundle_add_to_cart_form_location":"","bundle_editable_in_cart":false,"bundle_sold_individually_context":"","bundle_item_grouping":"","bundle_min_size":"","bundle_max_size":"","bundle_price":[],"bundled_items":[],"bundle_sell_ids":[],"acf":[],"_links":{"self":[{"href":"https:\/\/hi-techwonder.com\/es\/wp-json\/wp\/v2\/product\/73263","targetHints":{"allow":["GET"]}}],"collection":[{"href":"https:\/\/hi-techwonder.com\/es\/wp-json\/wp\/v2\/product"}],"about":[{"href":"https:\/\/hi-techwonder.com\/es\/wp-json\/wp\/v2\/types\/product"}],"replies":[{"embeddable":true,"href":"https:\/\/hi-techwonder.com\/es\/wp-json\/wp\/v2\/comments?post=73263"}],"wp:featuredmedia":[{"embeddable":true,"href":"https:\/\/hi-techwonder.com\/es\/wp-json\/wp\/v2\/media\/34948"}],"wp:attachment":[{"href":"https:\/\/hi-techwonder.com\/es\/wp-json\/wp\/v2\/media?parent=73263"}],"wp:term":[{"taxonomy":"product_brand","embeddable":true,"href":"https:\/\/hi-techwonder.com\/es\/wp-json\/wp\/v2\/product_brand?post=73263"},{"taxonomy":"product_cat","embeddable":true,"href":"https:\/\/hi-techwonder.com\/es\/wp-json\/wp\/v2\/product_cat?post=73263"},{"taxonomy":"product_tag","embeddable":true,"href":"https:\/\/hi-techwonder.com\/es\/wp-json\/wp\/v2\/product_tag?post=73263"}],"curies":[{"name":"wp","href":"https:\/\/api.w.org\/{rel}","templated":true}]}}