{"id":73266,"date":"2025-07-29T00:10:25","date_gmt":"2025-07-29T00:10:25","guid":{"rendered":"https:\/\/fv6qoy3ls0.wpdns.site\/produto\/manfrotto-advanced-hybrid-iii-mochila-bolsa\/"},"modified":"2026-02-11T16:12:37","modified_gmt":"2026-02-11T16:12:37","slug":"manfrotto-advanced-hybrid-iii-mochila-bolsa","status":"publish","type":"product","link":"https:\/\/hi-techwonder.com\/es\/producto\/manfrotto-advanced-hybrid-iii-mochila-bolsa\/","title":{"rendered":"MANFROTTO Advanced Hybrid III Mochila \/ Bolsa"},"content":{"rendered":"<p><strong>MANFROTTO Advanced Hybrid III Mochila \/ Bolsa<\/strong><\/p>\n<p><strong>MB MA3-BP-H<\/strong><\/p>\n<p>Con la mochila\/bolso Manfrotto 15L Advanced Hybrid III, almacena, protege y transporta una DSLR o Mirrorless, con lentes adicionales, accesorios, objetos personales y una tablet o port\u00e1til de hasta 14&#8243;. Esta mochila de tercera generaci\u00f3n recibe una actualizaci\u00f3n del sistema de protecci\u00f3n M-Guard para su equipo fotogr\u00e1fico. &nbsp;<\/p>\n<p>Como su nombre indica, es h\u00edbrido y te permite organizarlo con diferentes configuraciones para adaptarlo a tus necesidades. Viene con un cubo de c\u00e1mara extra\u00edble para que puedas usarlo para llevar equipo de c\u00e1mara o drones o sacarlo y usar la bolsa como una mochila normal. <\/p>\n<p>Puede usar el Advanced Hybrid III como mochila, bandolera o bolso de mano. Es ideal para viajar. <\/p>\n<p><strong>Caracter\u00edsticas t\u00e9cnicas:<\/strong><\/p>\n<table border=\"0\" width=\"584\" cellspacing=\"0\" cellpadding=\"2\">\n<colgroup>\n<col style=\"width: 223px;\" width=\"220\">\n<col style=\"width: 359px;\" width=\"356\"><\/colgroup>\n<tbody>\n<tr>\n<td width=\"220\">Modelo<\/td>\n<td width=\"356\">MB MA3-BP-H<\/td>\n<\/tr>\n<tr>\n<td width=\"220\">Color<\/td>\n<td width=\"356\">Negro<\/td>\n<\/tr>\n<tr>\n<td width=\"220\">Tipo de cierre<\/td>\n<td width=\"356\">Cremallera<\/td>\n<\/tr>\n<tr>\n<td width=\"220\">Volumen<\/td>\n<td width=\"356\">15 L<\/td>\n<\/tr>\n<tr>\n<td width=\"220\">Dimensiones<\/td>\n<p> internas<\/p>\n<td width=\"356\">27 x 15 x 42 cm<\/td>\n<\/tr>\n<tr>\n<td>Compartimento de c\u00e1mara oscuro <\/td>\n<td>19 x 11,5 x 21 cm<\/td>\n<\/tr>\n<tr>\n<td>Dim. Compartimento Obj. Personal  <\/td>\n<td>2 x 11 x 8,5 cm<\/td>\n<\/tr>\n<tr>\n<td width=\"220\">Dimensiones<\/td>\n<p> externas<\/p>\n<td width=\"356\">28 x 19 x 43 cm<\/td>\n<\/tr>\n<tr>\n<td width=\"220\">Dimensiones para tableta o computadora port\u00e1til<\/td>\n<td width=\"356\">27 x 2 x 41 cm \/ Hasta 14&#8243;<\/td>\n<\/tr>\n<tr>\n<td>Material<\/td>\n<td>Tejido sint\u00e9tico<\/td>\n<\/tr>\n<tr>\n<td width=\"220\">Peso<\/td>\n<td width=\"356\">1,21 kg<\/td>\n<\/tr>\n<\/tbody>\n<\/table>\n","protected":false},"excerpt":{"rendered":"<p>MANFROTTO Advanced Hybrid III Mochila \/ Bolsa MB MA3-BP-H Con la mochila\/bolso Manfrotto 15L Advanced Hybrid III, almacena, protege y<\/p>\n","protected":false},"featured_media":34841,"comment_status":"closed","ping_status":"open","template":"","meta":{"_acf_changed":false},"product_brand":[2581],"product_cat":[907],"product_tag":[],"class_list":{"0":"post-73266","1":"product","2":"type-product","3":"status-publish","4":"has-post-thumbnail","6":"product_brand-manfrotto-es","7":"product_cat-mochilas-es","9":"first","10":"instock","11":"taxable","12":"shipping-taxable","13":"purchasable","14":"product-type-simple"},"bundled_by":[],"bundle_stock_status":"instock","bundle_stock_quantity":1,"bundle_virtual":false,"bundle_layout":"","bundle_add_to_cart_form_location":"","bundle_editable_in_cart":false,"bundle_sold_individually_context":"","bundle_item_grouping":"","bundle_min_size":"","bundle_max_size":"","bundle_price":[],"bundled_items":[],"bundle_sell_ids":[],"acf":[],"_links":{"self":[{"href":"https:\/\/hi-techwonder.com\/es\/wp-json\/wp\/v2\/product\/73266","targetHints":{"allow":["GET"]}}],"collection":[{"href":"https:\/\/hi-techwonder.com\/es\/wp-json\/wp\/v2\/product"}],"about":[{"href":"https:\/\/hi-techwonder.com\/es\/wp-json\/wp\/v2\/types\/product"}],"replies":[{"embeddable":true,"href":"https:\/\/hi-techwonder.com\/es\/wp-json\/wp\/v2\/comments?post=73266"}],"wp:featuredmedia":[{"embeddable":true,"href":"https:\/\/hi-techwonder.com\/es\/wp-json\/wp\/v2\/media\/34841"}],"wp:attachment":[{"href":"https:\/\/hi-techwonder.com\/es\/wp-json\/wp\/v2\/media?parent=73266"}],"wp:term":[{"taxonomy":"product_brand","embeddable":true,"href":"https:\/\/hi-techwonder.com\/es\/wp-json\/wp\/v2\/product_brand?post=73266"},{"taxonomy":"product_cat","embeddable":true,"href":"https:\/\/hi-techwonder.com\/es\/wp-json\/wp\/v2\/product_cat?post=73266"},{"taxonomy":"product_tag","embeddable":true,"href":"https:\/\/hi-techwonder.com\/es\/wp-json\/wp\/v2\/product_tag?post=73266"}],"curies":[{"name":"wp","href":"https:\/\/api.w.org\/{rel}","templated":true}]}}