{"id":73267,"date":"2025-07-29T10:29:28","date_gmt":"2025-07-29T10:29:28","guid":{"rendered":"https:\/\/fv6qoy3ls0.wpdns.site\/produto\/manfrotto-mkelmii4bmb-bh-element-mii-aluminio-movil\/"},"modified":"2025-12-23T14:55:41","modified_gmt":"2025-12-23T14:55:41","slug":"manfrotto-mkelmii4bmb-bh-element-mii-aluminio-movil","status":"publish","type":"product","link":"https:\/\/hi-techwonder.com\/es\/producto\/manfrotto-mkelmii4bmb-bh-element-mii-aluminio-movil\/","title":{"rendered":"MANFROTTO MKELMII4BMB-BH Element MII Aluminio M\u00f3vil"},"content":{"rendered":"<p><strong>MANFROTTO MKELMII4BMB-BH Element MII Aluminio M\u00f3vil<\/strong><\/p>\n<p><strong>En el embalaje:<\/strong><\/p>\n<ul>\n<li>Tr\u00edpode Manfrotto Element MII &#8211; Aluminio<\/li>\n<li>Cabeza esf\u00e9rica<\/li>\n<li><a href=\"https:\/\/hi-techwonder.com\/manfrotto-200pl-pro-(rc2-e-arca-swiss)\" target=\"_blank\" rel=\"noopener\">Zapata 200PL-PRO (RC2 y Arca-Swiss)<\/a><\/li>\n<li>Soporte para tel\u00e9fono inteligente<\/li>\n<li>Comando de control remoto Bluetooth<\/li>\n<li>Bolsa de almacenamiento acolchada<\/li>\n<li>Llave Torx T20<\/li>\n<\/ul>\n<h2 class=\"western\"><strong><span style=\"color: #6f6f6f;\"><span style=\"font-family: helvetica, arial, sans-serif;\"><span style=\"font-size: medium;\"><span style=\"font-style: normal;\">Caracter\u00edsticas t\u00e9cnicas:<\/span><\/span><\/span><\/strong><\/span><\/h2>\n<p><strong><span style=\"color: #6f6f6f;\"><span style=\"font-family: helvetica, arial, sans-serif;\"><span style=\"font-size: medium;\">Cabeza<\/span><\/span><\/strong><\/span><\/p>\n<table border=\"0\" width=\"595\" cellspacing=\"0\" cellpadding=\"2\">\n<colgroup>\n<col width=\"261\">\n<col width=\"326\"> <\/colgroup>\n<tbody>\n<tr>\n<td width=\"261\"><span style=\"color: #6f6f6f;\"><span style=\"font-family: helvetica, arial, sans-serif;\"><span style=\"font-size: medium;\">Tipo de cabeza: <\/span><\/span> <\/span><\/td>\n<td width=\"326\"> <span style=\"color: #6f6f6f;\"><span style=\"font-family: helvetica, arial, sans-serif;\"><span style=\"font-size: medium;\">Cabeza esf\u00e9rica <\/span><\/span> <\/span><\/td>\n<\/tr>\n<tr>\n<td width=\"261\"><span style=\"color: #6f6f6f;\"><span style=\"font-family: helvetica, arial, sans-serif;\"><span style=\"font-size: medium;\">Rosca para montaje de c\u00e1mara: <\/span><\/span> <\/span><\/td>\n<td width=\"326\"> <span style=\"color: #6f6f6f;\"><span style=\"font-family: helvetica, arial, sans-serif;\"><span style=\"font-size: medium;\">1\/4&#8243; Macho <\/span><\/span> <\/span><\/td>\n<\/tr>\n<tr>\n<td width=\"261\"><span style=\"color: #6f6f6f;\"><span style=\"font-family: helvetica, arial, sans-serif;\"><span style=\"font-size: medium;\">Zapato: <\/span><\/span> <\/span><\/td>\n<td width=\"326\"> <span style=\"color: #6f6f6f;\"><span style=\"font-family: helvetica, arial, sans-serif;\"><span style=\"font-size: medium;\">Arca-Swiss, RC2 <\/span><\/span> <\/span><\/td>\n<\/tr>\n<tr>\n<td width=\"261\"><span style=\"color: #6f6f6f;\"><span style=\"font-family: helvetica, arial, sans-serif;\"><span style=\"font-size: medium;\">N\u00ba de niveles de burbuja: <\/span><\/span> <\/span><\/td>\n<td width=\"326\"> <span style=\"color: #6f6f6f;\"><span style=\"font-family: helvetica, arial, sans-serif;\"><span style=\"font-size: medium;\">1 <\/span><\/span> <\/span><\/td>\n<\/tr>\n<\/tbody>\n<\/table>\n<p><strong><span style=\"color: #6f6f6f;\"><span style=\"font-family: helvetica, arial, sans-serif;\"><span style=\"font-size: medium;\">Rango de giro e inclinaci\u00f3n  <\/span><\/span><\/strong> <\/span><\/p>\n<table border=\"0\" width=\"596\" cellspacing=\"0\" cellpadding=\"2\">\n<colgroup>\n<col width=\"261\">\n<col width=\"327\"> <\/colgroup>\n<tbody>\n<tr>\n<td width=\"261\"><span style=\"color: #6f6f6f;\"><span style=\"font-family: helvetica, arial, sans-serif;\"><span style=\"font-size: medium;\">Inclinaci\u00f3n vertical: <\/span><\/span> <\/span><\/td>\n<td width=\"327\"> <span style=\"color: #6f6f6f;\"><span style=\"font-family: helvetica, arial, sans-serif;\"><span style=\"font-size: medium;\">90\u00b0 <\/span><\/span> <\/span><\/td>\n<\/tr>\n<tr>\n<td width=\"261\"><span style=\"color: #6f6f6f;\"><span style=\"font-family: helvetica, arial, sans-serif;\"><span style=\"font-size: medium;\">Panor\u00e1mica: <\/span><\/span> <\/span><\/td>\n<td width=\"327\"> <span style=\"color: #6f6f6f;\"><span style=\"font-family: helvetica, arial, sans-serif;\"><span style=\"font-size: medium;\">360\u00b0 <\/span><\/span> <\/span><\/td>\n<\/tr>\n<\/tbody>\n<\/table>\n<p><strong><span style=\"color: #6f6f6f;\"><span style=\"font-family: helvetica, arial, sans-serif;\"><span style=\"font-size: medium;\">Patas de tr\u00edpode<\/span><\/span><\/strong><\/span><\/p>\n<table border=\"0\" width=\"597\" cellspacing=\"0\" cellpadding=\"2\">\n<colgroup>\n<col width=\"264\">\n<col width=\"325\"> <\/colgroup>\n<tbody>\n<tr>\n<td width=\"264\"><span style=\"color: #6f6f6f;\"><span style=\"font-family: helvetica, arial, sans-serif;\"><span style=\"font-size: medium;\">Tipo de trenza: <\/span><\/span> <\/span><\/td>\n<td width=\"325\"> <span style=\"color: #6f6f6f;\"><span style=\"font-family: helvetica, arial, sans-serif;\"><span style=\"font-size: medium;\">Rosca <\/span><\/span> <\/span><\/td>\n<\/tr>\n<tr>\n<td width=\"264\"><span style=\"color: #6f6f6f;\"><span style=\"font-family: helvetica, arial, sans-serif;\"><span style=\"font-size: medium;\">Posiciones de <\/span><\/span> <\/span><\/td>\n<p> las piernas<\/p>\n<td width=\"325\"> <span style=\"color: #6f6f6f;\"><span style=\"font-family: helvetica, arial, sans-serif;\"><span style=\"font-size: medium;\">2 Posiciones <\/span><\/span> <\/span><\/td>\n<\/tr>\n<tr>\n<td width=\"264\"><span style=\"color: #6f6f6f;\"><span style=\"font-family: helvetica, arial, sans-serif;\"><span style=\"font-size: medium;\">Secciones: <\/span><\/span> <\/span><\/td>\n<td width=\"325\"> <span style=\"color: #6f6f6f;\"><span style=\"font-family: helvetica, arial, sans-serif;\"><span style=\"font-size: medium;\">4 <\/span><\/span> <\/span><\/td>\n<\/tr>\n<tr>\n<td width=\"264\"><span style=\"color: #6f6f6f;\"><span style=\"font-family: helvetica, arial, sans-serif;\"><span style=\"font-size: medium;\">Nivel de burbuja: <\/span><\/span> <\/span><\/td>\n<td width=\"325\"> <span style=\"color: #6f6f6f;\"><span style=\"font-family: helvetica, arial, sans-serif;\"><span style=\"font-size: medium;\">No hay ninguno <\/span><\/span> <\/span><\/td>\n<\/tr>\n<tr>\n<td width=\"264\"><span style=\"color: #6f6f6f;\"><span style=\"font-family: helvetica, arial, sans-serif;\"><span style=\"font-size: medium;\">Pies <\/span><\/span> <\/span><\/td>\n<td width=\"325\"> <span style=\"color: #6f6f6f;\"><span style=\"font-family: helvetica, arial, sans-serif;\"><span style=\"font-size: medium;\">Caucho <\/span><\/span> <\/span><\/td>\n<\/tr>\n<\/tbody>\n<\/table>\n<p><strong><span style=\"color: #6f6f6f;\"><span style=\"font-family: helvetica, arial, sans-serif;\"><span style=\"font-size: medium;\">General<\/span><\/span><\/strong><\/span><\/p>\n<table border=\"0\" width=\"597\" cellspacing=\"0\" cellpadding=\"2\">\n<colgroup>\n<col width=\"263\">\n<col width=\"326\"> <\/colgroup>\n<tbody>\n<tr>\n<td width=\"263\"><span style=\"font-family: helvetica, arial, sans-serif;\"><span style=\"font-size: medium;\">Capacidad <\/span> <\/span><\/td>\n<td width=\"326\">8 <span style=\"font-family: helvetica, arial, sans-serif;\"><span style=\"font-size: medium;\">kg <\/span> <\/span><\/td>\n<\/tr>\n<tr>\n<td width=\"263\"><span style=\"color: #6f6f6f;\"><span style=\"font-family: helvetica, arial, sans-serif;\"><span style=\"font-size: medium;\">Altura m\u00e1xima: <\/span><\/span> <\/span><\/td>\n<td width=\"326\"> <span style=\"color: #6f6f6f;\"><span style=\"font-family: helvetica, arial, sans-serif;\"><span style=\"font-size: medium;\">160 cm <\/span><\/span> <\/span><\/td>\n<\/tr>\n<tr>\n<td width=\"263\"> <span style=\"color: #6f6f6f;\"><span style=\"font-family: helvetica, arial, sans-serif;\"><span style=\"font-size: medium;\">Altura m\u00e1xima sin columna central: <\/span><\/span> <\/span><\/td>\n<td width=\"326\"> <span style=\"color: #6f6f6f;\"><span style=\"font-family: helvetica, arial, sans-serif;\"><span style=\"font-size: medium;\">132 cm<\/span><\/span> <\/span><\/td>\n<\/tr>\n<tr>\n<td width=\"263\"><span style=\"color: #6f6f6f;\"><span style=\"font-family: helvetica, arial, sans-serif;\"><span style=\"font-size: medium;\">Altura m\u00ednima:<\/span><\/span> <\/span><\/td>\n<td width=\"326\"> <span style=\"color: #6f6f6f;\"><span style=\"font-family: helvetica, arial, sans-serif;\"><span style=\"font-size: medium;\">43 cm<\/span><\/span> <\/span><\/td>\n<\/tr>\n<tr>\n<td width=\"263\"><span style=\"color: #6f6f6f;\"><span style=\"font-family: helvetica, arial, sans-serif;\"><span style=\"font-size: medium;\">Reunido: <\/span><\/span> <\/span><\/td>\n<td width=\"326\"> <span style=\"color: #6f6f6f;\"><span style=\"font-family: helvetica, arial, sans-serif;\"><span style=\"font-size: medium;\">42,5 cm <\/span><\/span> <\/span><\/td>\n<\/tr>\n<tr>\n<td width=\"263\"><span style=\"color: #6f6f6f;\"><span style=\"font-family: helvetica, arial, sans-serif;\"><span style=\"font-size: medium;\">Material <\/span><\/span> <\/span><\/td>\n<td width=\"326\"> <span style=\"color: #6f6f6f;\"><span style=\"font-family: helvetica, arial, sans-serif;\"><span style=\"font-size: medium;\">Aluminio <\/span><\/span> <\/span><\/td>\n<\/tr>\n<tr>\n<td width=\"263\"><span style=\"color: #6f6f6f;\"><span style=\"font-family: helvetica, arial, sans-serif;\"><span style=\"font-size: medium;\">Peso: <\/span><\/span> <\/span><\/td>\n<td width=\"326\"> <span style=\"color: #6f6f6f;\"><span style=\"font-family: helvetica, arial, sans-serif;\"><span style=\"font-size: medium;\">1.550 gramos <\/span><\/span> <\/span><\/td>\n<\/tr>\n<\/tbody>\n<\/table>\n","protected":false},"excerpt":{"rendered":"<p>MANFROTTO MKELMII4BMB-BH Element MII Aluminio M\u00f3vil En el embalaje: Tr\u00edpode Manfrotto Element MII &#8211; Aluminio Cabeza esf\u00e9rica Zapata 200PL-PRO (RC2<\/p>\n","protected":false},"featured_media":64021,"comment_status":"closed","ping_status":"open","template":"","meta":{"_acf_changed":false},"product_brand":[2581],"product_cat":[1085],"product_tag":[],"class_list":{"0":"post-73267","1":"product","2":"type-product","3":"status-publish","4":"has-post-thumbnail","6":"product_brand-manfrotto-es","7":"product_cat-para-smartphones-es","9":"first","10":"onbackorder","11":"taxable","12":"shipping-taxable","13":"purchasable","14":"product-type-simple"},"bundled_by":[],"bundle_stock_status":"onbackorder","bundle_stock_quantity":null,"bundle_virtual":false,"bundle_layout":"","bundle_add_to_cart_form_location":"","bundle_editable_in_cart":false,"bundle_sold_individually_context":"","bundle_item_grouping":"","bundle_min_size":"","bundle_max_size":"","bundle_price":[],"bundled_items":[],"bundle_sell_ids":[],"acf":[],"_links":{"self":[{"href":"https:\/\/hi-techwonder.com\/es\/wp-json\/wp\/v2\/product\/73267","targetHints":{"allow":["GET"]}}],"collection":[{"href":"https:\/\/hi-techwonder.com\/es\/wp-json\/wp\/v2\/product"}],"about":[{"href":"https:\/\/hi-techwonder.com\/es\/wp-json\/wp\/v2\/types\/product"}],"replies":[{"embeddable":true,"href":"https:\/\/hi-techwonder.com\/es\/wp-json\/wp\/v2\/comments?post=73267"}],"wp:featuredmedia":[{"embeddable":true,"href":"https:\/\/hi-techwonder.com\/es\/wp-json\/wp\/v2\/media\/64021"}],"wp:attachment":[{"href":"https:\/\/hi-techwonder.com\/es\/wp-json\/wp\/v2\/media?parent=73267"}],"wp:term":[{"taxonomy":"product_brand","embeddable":true,"href":"https:\/\/hi-techwonder.com\/es\/wp-json\/wp\/v2\/product_brand?post=73267"},{"taxonomy":"product_cat","embeddable":true,"href":"https:\/\/hi-techwonder.com\/es\/wp-json\/wp\/v2\/product_cat?post=73267"},{"taxonomy":"product_tag","embeddable":true,"href":"https:\/\/hi-techwonder.com\/es\/wp-json\/wp\/v2\/product_tag?post=73267"}],"curies":[{"name":"wp","href":"https:\/\/api.w.org\/{rel}","templated":true}]}}