{"id":73271,"date":"2025-07-29T10:36:33","date_gmt":"2025-07-29T10:36:33","guid":{"rendered":"https:\/\/fv6qoy3ls0.wpdns.site\/produto\/manfrotto-mkbfrla4bk-bh-befree-viaje-avanzado\/"},"modified":"2026-02-11T15:40:15","modified_gmt":"2026-02-11T15:40:15","slug":"manfrotto-mkbfrla4bk-bh-befree-viaje-avanzado","status":"publish","type":"product","link":"https:\/\/hi-techwonder.com\/es\/producto\/manfrotto-mkbfrla4bk-bh-befree-viaje-avanzado\/","title":{"rendered":"MANFROTTO MKBFRLA4BK-BH Befree Viaje avanzado"},"content":{"rendered":"<p><strong>Productos destacados:<\/strong><\/p>\n<ul>\n<ul>\n<li>Capacidad de carga: 8kg<\/li>\n<li>Altura m\u00e1xima: 59.1&#8243;<\/li>\n<li>Longitud plegada: 15.7&#8243;<\/li>\n<li>Secciones de piernas: 4<\/li>\n<li>Peso: 1,6 kg<\/li>\n<li>R\u00f3tula esf\u00e9rica 494 con botones de giro y fricci\u00f3n<\/li>\n<li>Placa QR compatible con RC2 y Arca-Type<\/li>\n<li>Bloqueos de patas con palanca QPL<\/li>\n<li>F\u00e1cil fijaci\u00f3n de eslabones y gancho integrado<\/li>\n<li>Tres \u00e1ngulos de patas con selector de tracci\u00f3n lateral<\/li>\n<\/ul>\n<\/ul>\n<p><strong>En la caja:<\/strong><\/p>\n<ul>\n<ul>\n<li>Tr\u00edpode de viaje avanzado de aluminio Manfrotto Befree con cabeza de bola (Palancas, negro)<\/li>\n<li>R\u00f3tula de bola central de aluminio 494 con placa de liberaci\u00f3n r\u00e1pida 200PL-PRO<\/li>\n<\/ul>\n<\/ul>\n<ul>\n<li>Bolsa de tr\u00edpode acolchada<\/li>\n<\/ul>\n<p>Con una capacidad de carga de 17.6 lb con un peso de solo 3.6 lb, el tr\u00edpode de viaje Befree Black Advanced de Manfrotto es una opci\u00f3n de soporte resistente que puede servir como un compa\u00f1ero de viaje conveniente para fot\u00f3grafos profesionales y aficionados apasionados por igual. Cuenta con una construcci\u00f3n de aleaci\u00f3n de aluminio y alcanza una altura m\u00e1xima de 59.1&#8243; con su columna extendida, pleg\u00e1ndose hasta 15.7&#8243; de longitud para un transporte simplificado en su estuche de transporte incluido. <\/p>\n<p>Cada pata del Befree Advanced se compone de cuatro secciones, que se pueden ajustar y bloquear de forma segura en su lugar con los bloqueos de palanca QPL que se encuentran en todos los segmentos. Un selector de tracci\u00f3n lateral le permite configurar el tr\u00edpode en tres configuraciones de \u00e1ngulo diferentes, lo que le permite disparar en un \u00e1ngulo bajo con solo tocar un bot\u00f3n. Complementando las patas hay una r\u00f3tula esf\u00e9rica central igualmente robusta, que ofrece un bot\u00f3n dedicado para la panor\u00e1mica, as\u00ed como una perilla de control de fricci\u00f3n para un control preciso de la tensi\u00f3n durante el uso. El elemento final es una placa de liberaci\u00f3n r\u00e1pida, que ofrece compatibilidad dual para los sistemas compatibles con RC2 y Arca, excepto para los cabezales de tr\u00edpode Manfrotto 804-3W y MH804-3W.   <\/p>\n<p>Un accesorio Easy Link est\u00e1 disponible en la parte superior de la secci\u00f3n de la pierna y le permite colocar accesorios compatibles, como flashes o reflectores. Esto le permite usar el tr\u00edpode como sistema de soporte y reducir la cantidad de equipo que necesita llevar mientras viaja. Los pies de goma se utilizan para evitar el deslizamiento y ayudar a mantener estable el Befree Advanced en la mayor\u00eda de los tipos de terreno. Finalmente, un gancho integrado que se encuentra en la parte inferior se puede usar para agregar peso y aumentar la estabilidad de su tr\u00edpode cuando dispara en condiciones m\u00e1s dif\u00edciles.   <\/p>\n<ul>\n<li>Pesa 3.6 lb, puede contener hasta 17.6 lb de equipo<\/li>\n<li>Cuatro secciones de patas que se extienden y aseguran a trav\u00e9s de sus bloqueos de palanca<\/li>\n<li>Altura m\u00e1xima de 59.1&#8243;, se pliega a 15.7&#8243; de longitud para almacenamiento<\/li>\n<li>Construcci\u00f3n de aleaci\u00f3n de aluminio<\/li>\n<li>El bot\u00f3n lateral le permite seleccionar entre tres \u00e1ngulos de piernas diferentes<\/li>\n<li>R\u00f3tula esf\u00e9rica con botones de bloqueo de bandeja y control de fricci\u00f3n separados<\/li>\n<li>Placa de liberaci\u00f3n r\u00e1pida compatible con sistemas compatibles con RC2 y Arca, excluyendo cabezales de tr\u00edpode 804-3W y MH804-3W<\/li>\n<li>Los pies de goma proporcionan una mayor estabilidad en la mayor\u00eda de las superficies<\/li>\n<li>Accesorio Easy Link para usar con accesorios opcionales<\/li>\n<li>Gancho integrado para pesar y estabilizar el tr\u00edpode durante el uso<\/li>\n<\/ul>\n<p>Generalmente<\/p>\n<table style=\"width: 478px;\" border=\"0\" cellspacing=\"0\" cellpadding=\"2\">\n<colgroup>\n<col width=\"266\"><\/colgroup>\n<colgroup>\n<col width=\"204\"><\/colgroup>\n<tbody>\n<tr>\n<td width=\"266\">\n<p>Capacidad de carga<\/p>\n<\/td>\n<td width=\"204\">\n<p>8kg)<\/p>\n<\/td>\n<\/tr>\n<tr>\n<td width=\"266\">\n<p>Altura m\u00e1xima<\/p>\n<\/td>\n<td width=\"204\">\n<p>150cm<\/p>\n<\/td>\n<\/tr>\n<tr>\n<td width=\"266\">\n<p>Altura m\u00e1xima sin columna extendida<\/p>\n<\/td>\n<td width=\"204\">\n<p>133cm<\/p>\n<\/td>\n<\/tr>\n<tr>\n<td width=\"266\">\n<p>Altura m\u00ednima<\/p>\n<\/td>\n<td width=\"204\">\n<p>No especificado por el fabricante<\/p>\n<\/td>\n<\/tr>\n<tr>\n<td width=\"266\">\n<p>Longitud plegada<\/p>\n<\/td>\n<td width=\"204\">\n<p>40 cm<\/p>\n<\/td>\n<\/tr>\n<tr>\n<td width=\"266\">\n<p>Peso<\/p>\n<\/td>\n<td width=\"204\">\n<p>1,6 kg<\/p>\n<\/td>\n<\/tr>\n<\/tbody>\n<\/table>\n<table style=\"width: 313px;\" border=\"0\" cellspacing=\"0\" cellpadding=\"2\">\n<colgroup>\n<col width=\"185\"><\/colgroup>\n<colgroup>\n<col width=\"120\"><\/colgroup>\n<tbody>\n<tr>\n<th colspan=\"2\" width=\"309\">\n<p><a name=\"44985\"><\/a>Cabeza<\/p>\n<\/th>\n<\/tr>\n<tr>\n<td width=\"185\">\n<p>Material<\/p>\n<\/td>\n<td width=\"120\">\n<p>Aleaci\u00f3n de aluminio<\/p>\n<\/td>\n<\/tr>\n<tr>\n<td width=\"185\">\n<p>Tipo de cabeza<\/p>\n<\/td>\n<td width=\"120\">\n<p>Cabeza esf\u00e9rica<\/p>\n<\/td>\n<\/tr>\n<tr>\n<td width=\"185\">\n<p>Placa de liberaci\u00f3n r\u00e1pida<\/p>\n<\/td>\n<td width=\"120\">\n<p>S\u00ed, 200PL-PRO<\/p>\n<\/td>\n<\/tr>\n<tr>\n<td width=\"185\">\n<p>Sistema de liberaci\u00f3n r\u00e1pida<\/p>\n<\/td>\n<td width=\"120\">\n<p>Tipo de Arca<br \/>Manfrotto RC2<\/p>\n<\/td>\n<\/tr>\n<tr>\n<td width=\"185\">\n<p>Bloqueo de bandeja separado<\/p>\n<\/td>\n<td width=\"120\">\n<p>S\u00ed<\/p>\n<\/td>\n<\/tr>\n<tr>\n<td width=\"185\">\n<p>Control de tensi\u00f3n<\/p>\n<\/td>\n<td width=\"120\">\n<p>S\u00ed<\/p>\n<\/td>\n<\/tr>\n<tr>\n<td width=\"185\">\n<p>Nivel espiritual<\/p>\n<\/td>\n<td width=\"120\">\n<p>No<\/p>\n<\/td>\n<\/tr>\n<tr>\n<td width=\"185\">\n<p>Inclinaci\u00f3n lateral<\/p>\n<\/td>\n<td width=\"120\">\n<p>-90 a 40\u00b0<\/p>\n<\/td>\n<\/tr>\n<tr>\n<td width=\"185\">\n<p>Inclinaci\u00f3n frontal<\/p>\n<\/td>\n<td width=\"120\">\n<p>-90 a 40\u00b0<\/p>\n<\/td>\n<\/tr>\n<tr>\n<td width=\"185\">\n<p>Tama\u00f1os de tornillos de montaje de la c\u00e1mara<\/p>\n<\/td>\n<td width=\"120\">\n<p>1\/4&#8243;-20<\/p>\n<\/td>\n<\/tr>\n<tr>\n<td width=\"185\">\n<p>Tama\u00f1o de rosca de montaje del tr\u00edpode<\/p>\n<\/td>\n<td width=\"120\">\n<p>3\/8&#8243;-16<\/p>\n<\/td>\n<\/tr>\n<tr>\n<td width=\"185\">\n<p>Altura de trabajo<\/p>\n<\/td>\n<td width=\"120\">\n<p>10 cm<\/p>\n<\/td>\n<\/tr>\n<\/tbody>\n<\/table>\n<table style=\"width: 284px;\" border=\"0\" cellspacing=\"0\" cellpadding=\"2\">\n<colgroup>\n<col width=\"163\"><\/colgroup>\n<colgroup>\n<col width=\"113\"><\/colgroup>\n<tbody>\n<tr>\n<th colspan=\"2\" width=\"280\">\n<p><a name=\"45001\"><\/a>Piernas<\/p>\n<\/th>\n<\/tr>\n<tr>\n<td width=\"163\">\n<p>Material<\/p>\n<\/td>\n<td width=\"113\">\n<p>Aleaci\u00f3n de aluminio<\/p>\n<\/td>\n<\/tr>\n<tr>\n<td width=\"163\">\n<p>Pasos\/secciones de piernas<\/p>\n<\/td>\n<td width=\"113\">\n<p>4<\/p>\n<\/td>\n<\/tr>\n<tr>\n<td width=\"163\">\n<p>Tipo de bloqueo de patas<\/p>\n<\/td>\n<td width=\"113\">\n<p>Bloqueo de palanca QPL<\/p>\n<\/td>\n<\/tr>\n<tr>\n<td width=\"163\">\n<p>Patas independientes<\/p>\n<\/td>\n<td width=\"113\">\n<p>S\u00ed, 3 posiciones<\/p>\n<\/td>\n<\/tr>\n<tr>\n<td width=\"163\">\n<p>Pies<\/p>\n<\/td>\n<td width=\"113\">\n<p>Goma<\/p>\n<\/td>\n<\/tr>\n<tr>\n<td width=\"163\">\n<p>Gancho de lastre<\/p>\n<\/td>\n<td width=\"113\">\n<p>S\u00ed<\/p>\n<\/td>\n<\/tr>\n<tr>\n<td width=\"163\">\n<p>Puerta accesoria<\/p>\n<\/td>\n<td width=\"113\">\n<p>S\u00ed, enlace f\u00e1cil<\/p>\n<\/td>\n<\/tr>\n<\/tbody>\n<\/table>\n<table style=\"width: 311px;\" border=\"0\" cellspacing=\"0\" cellpadding=\"2\">\n<colgroup>\n<col width=\"180\"><\/colgroup>\n<colgroup>\n<col width=\"123\"><\/colgroup>\n<tbody>\n<tr>\n<th colspan=\"2\" width=\"307\">\n<p><a name=\"shipping\"><\/a>Informaci\u00f3n de embalaje<\/p>\n<\/th>\n<\/tr>\n<tr>\n<td width=\"180\">\n<p>Peso del paquete<\/p>\n<\/td>\n<td width=\"123\">\n<p>2,1 kg<\/p>\n<\/td>\n<\/tr>\n<tr>\n<td width=\"180\">\n<p>Dimensiones de la caja (LxWxH)<\/p>\n<\/td>\n<td width=\"123\">\n<p>17.5 x 5.25 x 5.0&#8243;<\/p>\n<\/td>\n<\/tr>\n<\/tbody>\n<\/table>\n","protected":false},"excerpt":{"rendered":"<p>Productos destacados: Capacidad de carga: 8kg Altura m\u00e1xima: 59.1&#8243; Longitud plegada: 15.7&#8243; Secciones de piernas: 4 Peso: 1,6 kg R\u00f3tula<\/p>\n","protected":false},"featured_media":65136,"comment_status":"closed","ping_status":"open","template":"","meta":{"_acf_changed":false},"product_brand":[2581],"product_cat":[1092],"product_tag":[],"class_list":{"0":"post-73271","1":"product","2":"type-product","3":"status-publish","4":"has-post-thumbnail","6":"product_brand-manfrotto-es","7":"product_cat-kits-foto-es","9":"first","10":"instock","11":"taxable","12":"shipping-taxable","13":"purchasable","14":"product-type-simple"},"bundled_by":[],"bundle_stock_status":"instock","bundle_stock_quantity":1,"bundle_virtual":false,"bundle_layout":"","bundle_add_to_cart_form_location":"","bundle_editable_in_cart":false,"bundle_sold_individually_context":"","bundle_item_grouping":"","bundle_min_size":"","bundle_max_size":"","bundle_price":[],"bundled_items":[],"bundle_sell_ids":[],"acf":[],"_links":{"self":[{"href":"https:\/\/hi-techwonder.com\/es\/wp-json\/wp\/v2\/product\/73271","targetHints":{"allow":["GET"]}}],"collection":[{"href":"https:\/\/hi-techwonder.com\/es\/wp-json\/wp\/v2\/product"}],"about":[{"href":"https:\/\/hi-techwonder.com\/es\/wp-json\/wp\/v2\/types\/product"}],"replies":[{"embeddable":true,"href":"https:\/\/hi-techwonder.com\/es\/wp-json\/wp\/v2\/comments?post=73271"}],"wp:featuredmedia":[{"embeddable":true,"href":"https:\/\/hi-techwonder.com\/es\/wp-json\/wp\/v2\/media\/65136"}],"wp:attachment":[{"href":"https:\/\/hi-techwonder.com\/es\/wp-json\/wp\/v2\/media?parent=73271"}],"wp:term":[{"taxonomy":"product_brand","embeddable":true,"href":"https:\/\/hi-techwonder.com\/es\/wp-json\/wp\/v2\/product_brand?post=73271"},{"taxonomy":"product_cat","embeddable":true,"href":"https:\/\/hi-techwonder.com\/es\/wp-json\/wp\/v2\/product_cat?post=73271"},{"taxonomy":"product_tag","embeddable":true,"href":"https:\/\/hi-techwonder.com\/es\/wp-json\/wp\/v2\/product_tag?post=73271"}],"curies":[{"name":"wp","href":"https:\/\/api.w.org\/{rel}","templated":true}]}}