{"id":73272,"date":"2025-07-29T10:39:40","date_gmt":"2025-07-29T10:39:40","guid":{"rendered":"https:\/\/fv6qoy3ls0.wpdns.site\/produto\/manfrotto-mvk502am-1-502-cabezal-bolsa\/"},"modified":"2026-04-01T10:27:27","modified_gmt":"2026-04-01T09:27:27","slug":"manfrotto-mvk502am-1-502-cabezal-bolsa","status":"publish","type":"product","link":"https:\/\/hi-techwonder.com\/es\/producto\/manfrotto-mvk502am-1-502-cabezal-bolsa\/","title":{"rendered":"MANFROTTO MVK502AM-1 + 502 Cabezal + Bolsa"},"content":{"rendered":"<p><span style=\"font-family: verdana,geneva;\">Sistema de video liviano. Cabezal fluido con capacidad de 4 kg combinado con doble tr\u00edpode telesc\u00f3pico de aluminio (esparcidor de nivel medio). Se suministra con bolsa de transporte. Ideal para videoc\u00e1maras y c\u00e1maras HDSLR m\u00e1s nuevas.   <\/span><\/p>\n<p><span style=\"color: #212529; background-color: #ffffff;\">Tr\u00edpode de aluminio de doble tubo en 3 secciones MVT502AM con cabezal de video MVH502A.<\/span><\/p>\n<h2 style=\"height: 30px;\"><span style=\"font-family: verdana,geneva;\">CARACTER\u00cdSTICAS T\u00c9CNICAS.<\/span><\/h2>\n<table style=\"width: 100%;\" border=\"0\">\n<tbody>\n<tr>\n<td align=\"center\" valign=\"middle\" width=\"35\"><span style=\"font-family: verdana,geneva;\"><img decoding=\"async\" src=\"https:\/\/mediacdn.shopatron.com\/media\/mfg\/2747\/media_image\/live_2\/m_closed_length_tripod.gif?1276650448\" alt=\"\"><\/span><\/td>\n<td width=\"230\">\n<h5><span style=\"font-family: verdana,geneva;\">Longitud cerrada<\/span><\/h5>\n<\/td>\n<td><span style=\"font-family: verdana,geneva;\">75,0 cm<\/span><\/td>\n<\/tr>\n<tr>\n<td align=\"center\" valign=\"middle\" width=\"35\"><span style=\"font-family: verdana,geneva;\"><img decoding=\"async\" src=\"https:\/\/mediacdn.shopatron.com\/media\/mfg\/2747\/media_image\/live_2\/m_max_height_colup.gif?1276650582\" alt=\"\"><\/span><\/td>\n<td width=\"230\">\n<h5><span style=\"font-family: verdana,geneva;\">Altura m\u00e1xima<\/span><\/h5>\n<\/td>\n<td><span style=\"font-family: verdana,geneva;\">156,0 cm<\/span><\/td>\n<\/tr>\n<tr>\n<td align=\"center\" valign=\"middle\" width=\"35\"><span style=\"font-family: verdana,geneva;\"><img decoding=\"async\" src=\"https:\/\/mediacdn.shopatron.com\/media\/mfg\/2747\/media_image\/live_2\/m_min_height.gif?1276649363\" alt=\"\"><\/span><\/td>\n<td width=\"230\">\n<h5><span style=\"font-family: verdana,geneva;\">Altura m\u00ednima<\/span><\/h5>\n<\/td>\n<td><span style=\"font-family: verdana,geneva;\">70,5 cm<\/span><\/td>\n<\/tr>\n<tr>\n<td align=\"center\" valign=\"middle\" width=\"35\"><span style=\"font-family: verdana,geneva;\"><img decoding=\"async\" src=\"https:\/\/mediacdn.shopatron.com\/media\/mfg\/2747\/media_image\/live_2\/m_load_capacity.gif?1276650449\" alt=\"\"><\/span><\/td>\n<td width=\"230\">\n<h5><span style=\"font-family: verdana,geneva;\">Capacidad de carga<\/span><\/h5>\n<\/td>\n<td><span style=\"font-family: verdana,geneva;\">4kg<\/span><\/td>\n<\/tr>\n<tr>\n<td align=\"center\" valign=\"middle\" width=\"35\"><span style=\"font-family: verdana,geneva;\"><img decoding=\"async\" src=\"https:\/\/mediacdn.shopatron.com\/media\/mfg\/2747\/media_image\/live_2\/m_weight.gif?1276617563\" alt=\"\"><\/span><\/td>\n<td width=\"230\">\n<h5><span style=\"font-family: verdana,geneva;\">peso<\/span><\/h5>\n<\/td>\n<td><span style=\"font-family: verdana,geneva;\">3,8 kg<\/span><\/td>\n<\/tr>\n<\/tbody>\n<\/table>\n","protected":false},"excerpt":{"rendered":"<p>Sistema de video liviano. Cabezal fluido con capacidad de 4 kg combinado con doble tr\u00edpode telesc\u00f3pico de aluminio (esparcidor de<\/p>\n","protected":false},"featured_media":65829,"comment_status":"closed","ping_status":"open","template":"","meta":{"_acf_changed":false},"product_brand":[2581],"product_cat":[1091],"product_tag":[],"class_list":{"0":"post-73272","1":"product","2":"type-product","3":"status-publish","4":"has-post-thumbnail","6":"product_brand-manfrotto-es","7":"product_cat-kits-de-video-es","9":"first","10":"onbackorder","11":"taxable","12":"shipping-taxable","13":"purchasable","14":"product-type-simple"},"bundled_by":[],"bundle_stock_status":"onbackorder","bundle_stock_quantity":null,"bundle_virtual":false,"bundle_layout":"","bundle_add_to_cart_form_location":"","bundle_editable_in_cart":false,"bundle_sold_individually_context":"","bundle_item_grouping":"","bundle_min_size":"","bundle_max_size":"","bundle_price":[],"bundled_items":[],"bundle_sell_ids":[],"acf":[],"_links":{"self":[{"href":"https:\/\/hi-techwonder.com\/es\/wp-json\/wp\/v2\/product\/73272","targetHints":{"allow":["GET"]}}],"collection":[{"href":"https:\/\/hi-techwonder.com\/es\/wp-json\/wp\/v2\/product"}],"about":[{"href":"https:\/\/hi-techwonder.com\/es\/wp-json\/wp\/v2\/types\/product"}],"replies":[{"embeddable":true,"href":"https:\/\/hi-techwonder.com\/es\/wp-json\/wp\/v2\/comments?post=73272"}],"wp:featuredmedia":[{"embeddable":true,"href":"https:\/\/hi-techwonder.com\/es\/wp-json\/wp\/v2\/media\/65829"}],"wp:attachment":[{"href":"https:\/\/hi-techwonder.com\/es\/wp-json\/wp\/v2\/media?parent=73272"}],"wp:term":[{"taxonomy":"product_brand","embeddable":true,"href":"https:\/\/hi-techwonder.com\/es\/wp-json\/wp\/v2\/product_brand?post=73272"},{"taxonomy":"product_cat","embeddable":true,"href":"https:\/\/hi-techwonder.com\/es\/wp-json\/wp\/v2\/product_cat?post=73272"},{"taxonomy":"product_tag","embeddable":true,"href":"https:\/\/hi-techwonder.com\/es\/wp-json\/wp\/v2\/product_tag?post=73272"}],"curies":[{"name":"wp","href":"https:\/\/api.w.org\/{rel}","templated":true}]}}