{"id":73275,"date":"2025-07-29T10:39:40","date_gmt":"2025-07-29T10:39:40","guid":{"rendered":"https:\/\/fv6qoy3ls0.wpdns.site\/produto\/tripode-de-doble-pata-manfrotto-mvk500am-500-cabezales\/"},"modified":"2026-01-31T01:30:08","modified_gmt":"2026-01-31T01:30:08","slug":"manfrotto-tripode-de-doble-pata-manfrotto-mvk500am-500-cabezales","status":"publish","type":"product","link":"https:\/\/hi-techwonder.com\/es\/producto\/manfrotto-tripode-de-doble-pata-manfrotto-mvk500am-500-cabezales\/","title":{"rendered":"Tr\u00edpode de doble pata MANFROTTO MVK500AM + 500 cabezales"},"content":{"rendered":"<p style=\"text-align: justify\"><span style=\"font-size: small\">El sistema de video fluido liviano MVK500AM incluye el cabezal de video fluido (media bola de 60 mm) MVH500A y el tr\u00edpode de video MVT502AM de dos patas (aluminio, esparcidor central).<br \/>El <a href=\"https:\/\/www.hi-techwonder.com\/manfrotto-mvh500ah-fluid-video-head\">MVH500A<\/a> es un cabezal liviano con una plataforma m\u00e1s ancha para cuerpos HDSLR y la placa deslizante se desplaza para equilibrar las \u00faltimas c\u00e1maras de lentes intercambiables. El 500 de nivel de entrada garantiza disparos suaves y un control preciso con hasta 5 kg (11 lbs) de equipo. <br \/>Es el cabezal m\u00e1s compacto de nuestra exitosa gama Bridging Technology\u2122.<br \/>El MVH500A se suministra con un tr\u00edpode de video de media bola de 60 mm y tambi\u00e9n reemplaza el cabezal de video Manfrotto 701HDV. Tomas maravillosamente suaves: El 500 cuenta con cartuchos de fluido profesionales en los ejes de giro e inclinaci\u00f3n para garantizar que cada movimiento de la c\u00e1mara sea suave, controlado y preciso. <br \/>M\u00e1s r\u00e1pido, m\u00e1s f\u00e1cil y m\u00e1s seguro de usar: el sistema de bloqueo lateral permite que la c\u00e1mara y la placa QR deslizante se ajusten r\u00e1pidamente a la cabeza desde arriba, en lugar de tener que alinearla y deslizarla desde atr\u00e1s. No se requiere bloqueo de seguridad secundario. El sistema de bloqueo lateral tambi\u00e9n hace que sea r\u00e1pido y sencillo levantar la c\u00e1mara desde la cabeza por encima. .<br \/>El 500 tiene un contrapeso preestablecido de 2,4 kg (5,3 libras), pero es capaz de soportar equipos de hasta 5 kg (11 libras). El 500 cuenta con un conector Easy Link de 3\/8&#8243; para permitir la instalaci\u00f3n de un monitor externo u otro equipo accesorio.<br \/>El tr\u00edpode de video MVT502AM es un tr\u00edpode de video tradicional de doble tubo de aluminio de 2 etapas que tiene caracter\u00edsticas profesionales pero est\u00e1 dise\u00f1ado para ser intuitivo, f\u00e1cil de usar y adecuado para aplicaciones livianas. El MVT502AM cuenta con patas telesc\u00f3picas de aluminio para compacidad y peso reducido; Su innovador tubo de perfil el\u00edptico con collares de bloqueo de patas redise\u00f1ados proporciona excelentes niveles de rigidez y estabilidad.<br \/>El esparcidor de la primera etapa ha mejorado la ergonom\u00eda y la facilidad de uso, mientras que las patas de goma del tr\u00edpode mejoran el agarre en todas las superficies del suelo y del suelo. Una correa de caucho garantiza un transporte m\u00e1s f\u00e1cil y seguro.<br \/>Se suministra con estuche de transporte acolchado.   <\/span><\/p>\n<p style=\"text-align: center\"><object><\/object><span style=\"font-size: small\"><br \/><\/span><\/p>\n<p style=\"text-align: justify\"><span style=\"font-size: small\"><span style=\"text-decoration: underline\"><strong>Caracter\u00edsticas t\u00e9cnicas:<\/strong><\/span><\/span><\/p>\n<p style=\"text-align: justify\"><span style=\"font-size: small\"><span style=\"text-decoration: underline\"><strong>&nbsp;<\/strong><\/span><\/span><\/p>\n<table style=\"width: 100%\" border=\"0\">\n<tbody>\n<tr>\n<td align=\"center\" valign=\"middle\" width=\"35\"><img decoding=\"async\" src=\"https:\/\/mediacdn.shopatron.com\/media\/mfg\/2747\/media_image\/live_2\/m_closed_length_tripod.gif?1276650448\" alt=\"\"><\/td>\n<td width=\"230\">\n<h5><span style=\"font-size: small\">Longitud cerrada<\/span><\/h5>\n<\/td>\n<td><span style=\"font-size: small\">72,0 cm<\/span><\/td>\n<\/tr>\n<tr>\n<td align=\"center\" valign=\"middle\" width=\"35\">&nbsp;<\/td>\n<td width=\"230\">\n<h5><span style=\"font-size: small\">Secci\u00f3n transversal de la columna<\/span><\/h5>\n<\/td>\n<td><span style=\"font-size: small\">Trifac\u00e9tico<\/span><\/td>\n<\/tr>\n<tr>\n<td align=\"center\" valign=\"middle\" width=\"35\"><img decoding=\"async\" src=\"https:\/\/mediacdn.shopatron.com\/media\/mfg\/2747\/media_image\/live_2\/m_max_height_colup.gif?1276650582\" alt=\"\"><\/td>\n<td width=\"230\">\n<h5><span style=\"font-size: small\">Altura m\u00e1xima<\/span><\/h5>\n<\/td>\n<td><span style=\"font-size: small\">154,0 cm<\/span><\/td>\n<\/tr>\n<tr>\n<td align=\"center\" valign=\"middle\" width=\"35\"><img decoding=\"async\" src=\"https:\/\/mediacdn.shopatron.com\/media\/mfg\/2747\/media_image\/live_2\/m_min_height.gif?1276649363\" alt=\"\"><\/td>\n<td width=\"230\">\n<h5><span style=\"font-size: small\">Altura m\u00ednima<\/span><\/h5>\n<\/td>\n<td><span style=\"font-size: small\">67,5 cm<\/span><\/td>\n<\/tr>\n<tr>\n<td align=\"center\" valign=\"middle\" width=\"35\"><img decoding=\"async\" src=\"https:\/\/mediacdn.shopatron.com\/media\/mfg\/2747\/media_image\/live_2\/m_load_capacity.gif?1276650449\" alt=\"\"><\/td>\n<td width=\"230\">\n<h5><span style=\"font-size: small\">Capacidad de carga<\/span><\/h5>\n<\/td>\n<td><span style=\"font-size: small\">5kg<\/span><\/td>\n<\/tr>\n<tr>\n<td align=\"center\" valign=\"middle\" width=\"35\"><img decoding=\"async\" src=\"https:\/\/mediacdn.shopatron.com\/media\/mfg\/2747\/media_image\/live_2\/m_weight.gif?1276617563\" alt=\"\"><\/td>\n<td width=\"230\">\n<h5><span style=\"font-size: small\">peso<\/span><\/h5>\n<\/td>\n<td><span style=\"font-size: small\">3,1 kg<\/span><\/td>\n<\/tr>\n<\/tbody>\n<\/table>\n","protected":false},"excerpt":{"rendered":"<p>El sistema de video fluido liviano MVK500AM incluye el cabezal de video fluido (media bola de 60 mm) MVH500A y<\/p>\n","protected":false},"featured_media":65832,"comment_status":"closed","ping_status":"open","template":"","meta":{"_acf_changed":false},"product_brand":[2581],"product_cat":[1091],"product_tag":[],"class_list":{"0":"post-73275","1":"product","2":"type-product","3":"status-publish","4":"has-post-thumbnail","6":"product_brand-manfrotto-es","7":"product_cat-kits-de-video-es","9":"first","10":"onbackorder","11":"taxable","12":"shipping-taxable","13":"purchasable","14":"product-type-simple"},"bundled_by":[],"bundle_stock_status":"onbackorder","bundle_stock_quantity":null,"bundle_virtual":false,"bundle_layout":"","bundle_add_to_cart_form_location":"","bundle_editable_in_cart":false,"bundle_sold_individually_context":"","bundle_item_grouping":"","bundle_min_size":"","bundle_max_size":"","bundle_price":[],"bundled_items":[],"bundle_sell_ids":[],"acf":[],"_links":{"self":[{"href":"https:\/\/hi-techwonder.com\/es\/wp-json\/wp\/v2\/product\/73275","targetHints":{"allow":["GET"]}}],"collection":[{"href":"https:\/\/hi-techwonder.com\/es\/wp-json\/wp\/v2\/product"}],"about":[{"href":"https:\/\/hi-techwonder.com\/es\/wp-json\/wp\/v2\/types\/product"}],"replies":[{"embeddable":true,"href":"https:\/\/hi-techwonder.com\/es\/wp-json\/wp\/v2\/comments?post=73275"}],"wp:featuredmedia":[{"embeddable":true,"href":"https:\/\/hi-techwonder.com\/es\/wp-json\/wp\/v2\/media\/65832"}],"wp:attachment":[{"href":"https:\/\/hi-techwonder.com\/es\/wp-json\/wp\/v2\/media?parent=73275"}],"wp:term":[{"taxonomy":"product_brand","embeddable":true,"href":"https:\/\/hi-techwonder.com\/es\/wp-json\/wp\/v2\/product_brand?post=73275"},{"taxonomy":"product_cat","embeddable":true,"href":"https:\/\/hi-techwonder.com\/es\/wp-json\/wp\/v2\/product_cat?post=73275"},{"taxonomy":"product_tag","embeddable":true,"href":"https:\/\/hi-techwonder.com\/es\/wp-json\/wp\/v2\/product_tag?post=73275"}],"curies":[{"name":"wp","href":"https:\/\/api.w.org\/{rel}","templated":true}]}}