{"id":73277,"date":"2025-07-29T10:23:59","date_gmt":"2025-07-29T10:23:59","guid":{"rendered":"https:\/\/fv6qoy3ls0.wpdns.site\/produto\/cabezal-de-video-fluido-manfrotto-mvh500ah\/"},"modified":"2026-01-31T01:37:15","modified_gmt":"2026-01-31T01:37:15","slug":"manfrotto-cabezal-de-video-fluido-manfrotto-mvh500ah","status":"publish","type":"product","link":"https:\/\/hi-techwonder.com\/es\/producto\/manfrotto-cabezal-de-video-fluido-manfrotto-mvh500ah\/","title":{"rendered":"Cabezal de video fluido MANFROTTO MVH500AH"},"content":{"rendered":"<p style=\"text-align: justify\"><span style=\"font-size: small\"><span style=\"color: #000000\">El MVH500AH es un cabezal liviano con una plataforma m\u00e1s ancha para cuerpos HDSLR que tiene una placa deslizante que se desplaza para equilibrar las \u00faltimas c\u00e1maras de lentes intercambiables. El 500 de nivel de entrada garantiza disparos suaves y un control fino con hasta 5 kg (11 libras) de equipo. Es el cabezal m\u00e1s compacto de nuestra exitosa l\u00ednea Bridging Technology\u2122 y reemplaza al cabezal de video Manfrotto 701HDV.<br \/>Tomas maravillosamente suaves: El 500 cuenta con cartuchos de fluido profesionales en los ejes de giro e inclinaci\u00f3n para garantizar que cada movimiento de la c\u00e1mara sea suave, controlado y preciso.<br \/>M\u00e1s r\u00e1pido, m\u00e1s f\u00e1cil y m\u00e1s seguro de usar: el sistema de bloqueo lateral permite que la c\u00e1mara y la placa QR deslizante se ajusten r\u00e1pidamente a la cabeza desde arriba, en lugar de tener que alinearla y deslizarla desde atr\u00e1s. No se requiere bloqueo de seguridad secundario. El sistema de bloqueo lateral tambi\u00e9n hace que sea r\u00e1pido y sencillo levantar la c\u00e1mara desde la cabeza por encima.<br \/>El 500 tiene un contrapeso preestablecido de 2,4 kg (5,3 libras), pero es capaz de soportar equipos de hasta 5 kg (11 libras). El 500 cuenta con un conector Easy Link de 3\/8&#8243; para permitir la instalaci\u00f3n de un monitor externo u otro equipo accesorio. MVH500AH cabezal con soporte de tr\u00edpode de base plana para sujetarlo a un tr\u00edpode h\u00edbrido de foto\/video, tr\u00edpode fotogr\u00e1fico tradicional, control deslizante, monopi\u00e9 u otros soportes.      <\/span><\/span><\/p>\n<p><span style=\"font-size: small\"> <\/span><\/p>\n<p style=\"text-align: justify\"><span style=\"font-size: small\">&nbsp;<\/span><\/p>\n<p><span style=\"font-size: small\"> <\/span><\/p>\n<p style=\"text-align: justify\"><object><\/object><\/p>\n<p><span style=\"font-size: small\"> <\/span><\/p>\n<p style=\"text-align: justify\"><span style=\"font-size: small\">&nbsp;<\/span><\/p>\n<p><span style=\"font-size: small\"> <\/span><\/p>\n<p style=\"text-align: justify\"><span style=\"font-size: small\"><strong><span style=\"text-decoration: underline\"><span style=\"color: #000000\">Caracter\u00edsticas t\u00e9cnicas:<\/span><\/strong><\/span><\/span><\/p>\n<p><span style=\"font-size: small\"> <\/span><\/p>\n<table style=\"width: 121%;text-align: justify\" border=\"0\" cellpadding=\"0\">\n<tbody>\n<tr style=\"text-align: left\">\n<td width=\"225\">\n<p><span style=\"font-size: small\"><strong>adjunto por<\/strong><\/span><\/p>\n<\/td>\n<td colspan=\"2\" width=\"379\">\n<p><span style=\"font-size: small\">Tipo de accesorio de 1\/4&#8243; y 3\/8&#8243;<\/span><\/p>\n<\/td>\n<\/tr>\n<tr>\n<td width=\"225\">\n<p><span style=\"font-size: small\"><strong>accesorio<\/strong><\/span><\/p>\n<\/td>\n<td width=\"377\">\n<p><span style=\"font-size: small\">Tipo de fijaci\u00f3n de tornillo de 3\/8&#8243;<\/span><\/p>\n<\/td>\n<td width=\"0\">\n<p><span style=\"font-size: small\">&nbsp;<\/span><\/p>\n<\/td>\n<\/tr>\n<tr>\n<td width=\"225\">\n<p><span style=\"font-size: small\"><strong>Nivel de burbuja (No.)<\/strong><\/span><\/p>\n<\/td>\n<td width=\"377\">\n<p><span style=\"font-size: small\">1 n\u00famero<\/span><\/p>\n<\/td>\n<td width=\"0\">\n<p><span style=\"font-size: small\">&nbsp;<\/span><\/p>\n<\/td>\n<\/tr>\n<tr>\n<td width=\"225\">\n<p><span style=\"font-size: small\"><strong>Color<\/strong><\/span><\/p>\n<\/td>\n<td width=\"377\">\n<p><span style=\"font-size: small\">Color: Negro<\/span><\/p>\n<\/td>\n<td width=\"0\">\n<p><span style=\"font-size: small\">&nbsp;<\/span><\/p>\n<\/td>\n<\/tr>\n<tr>\n<td width=\"225\">\n<p><span style=\"font-size: small\"><strong>Bloqueo de bandeja independiente<\/strong><\/span><\/p>\n<\/td>\n<td width=\"377\">\n<p><span style=\"font-size: small\">S\u00ed<\/span><\/p>\n<\/td>\n<td width=\"0\">\n<p><span style=\"font-size: small\">&nbsp;<\/span><\/p>\n<\/td>\n<\/tr>\n<tr>\n<td width=\"225\">\n<p><span style=\"font-size: small\"><strong>Bloqueo de inclinaci\u00f3n independiente<\/strong><\/span><\/p>\n<\/td>\n<td width=\"377\">\n<p><span style=\"font-size: small\">S\u00ed<\/span><\/p>\n<\/td>\n<td width=\"0\">\n<p><span style=\"font-size: small\">&nbsp;<\/span><\/p>\n<\/td>\n<\/tr>\n<tr>\n<td width=\"225\">\n<p><span style=\"font-size: small\"><strong>Inclinaci\u00f3n lateral<\/strong><\/span><\/p>\n<\/td>\n<td width=\"377\">\n<p><span style=\"font-size: small\">Rango de inclinaci\u00f3n de -70\u00b0 \/ +90\u00b0<\/span><\/p>\n<\/td>\n<td width=\"0\">\n<p><span style=\"font-size: small\">&nbsp;<\/span><\/p>\n<\/td>\n<\/tr>\n<tr>\n<td width=\"225\">\n<p><span style=\"font-size: small\"><strong>material<\/strong><\/span><\/p>\n<\/td>\n<td width=\"377\">\n<p><span style=\"font-size: small\">aluminio<\/span><\/p>\n<\/td>\n<td width=\"0\">\n<p><span style=\"font-size: small\">&nbsp;<\/span><\/p>\n<\/td>\n<\/tr>\n<tr>\n<td width=\"225\">\n<p style=\"text-align: left\"><span style=\"font-size: small\"><strong>Temperatura m\u00e1xima de trabajo<\/strong><\/span><\/p>\n<\/td>\n<td width=\"377\">\n<p><span style=\"font-size: small\">60.0\u00b0C<\/span><\/p>\n<\/td>\n<td width=\"0\">\n<p><span style=\"font-size: small\">&nbsp;<\/span><\/p>\n<\/td>\n<\/tr>\n<tr>\n<td width=\"225\">\n<p><span style=\"font-size: small\"><strong>Temperatura m\u00ednima de trabajo<\/strong><\/span><\/p>\n<\/td>\n<td width=\"377\">\n<p><span style=\"font-size: small\">-20,0 \u00b0C<\/span><\/p>\n<\/td>\n<td width=\"0\">\n<p><span style=\"font-size: small\">&nbsp;<\/span><\/p>\n<\/td>\n<\/tr>\n<tr>\n<td width=\"225\">\n<p><span style=\"font-size: small\"><strong>Posiciones de la barra panor\u00e1mica<\/strong><\/span><\/p>\n<\/td>\n<td width=\"377\">\n<p><span style=\"font-size: small\">N\u00famero 2<\/span><\/p>\n<\/td>\n<td width=\"0\">\n<p><span style=\"font-size: small\">&nbsp;<\/span><\/p>\n<\/td>\n<\/tr>\n<tr>\n<td width=\"225\">\n<p><span style=\"font-size: small\"><strong>Barras de pan incluidas (No.)<\/strong><\/span><\/p>\n<\/td>\n<td width=\"377\">\n<p><span style=\"font-size: small\">1 n\u00famero<\/span><\/p>\n<\/td>\n<td width=\"0\">\n<p><span style=\"font-size: small\">&nbsp;<\/span><\/p>\n<\/td>\n<\/tr>\n<tr>\n<td width=\"225\">\n<p><span style=\"font-size: small\"><strong>Arrastre panor\u00e1mico<\/strong><\/span><\/p>\n<\/td>\n<td width=\"377\">\n<p><span style=\"font-size: small\">Cartucho de fluido con freno fijo<\/span><\/p>\n<\/td>\n<td width=\"0\">\n<p><span style=\"font-size: small\">&nbsp;<\/span><\/p>\n<\/td>\n<\/tr>\n<tr>\n<td width=\"225\">\n<p><span style=\"font-size: small\"><strong>Rotaci\u00f3n de la bandeja<\/strong><\/span><\/p>\n<\/td>\n<td width=\"377\">\n<p><span style=\"font-size: small\">360 grados<\/span><\/p>\n<\/td>\n<td width=\"0\">\n<p><span style=\"font-size: small\">&nbsp;<\/span><\/p>\n<\/td>\n<\/tr>\n<tr>\n<td width=\"225\">\n<p><span style=\"font-size: small\"><strong>Tipo de placa<\/strong><\/span><\/p>\n<\/td>\n<td width=\"377\">\n<p><span style=\"font-size: small\">500PLONG<\/span><\/p>\n<\/td>\n<td width=\"0\">\n<p><span style=\"font-size: small\">&nbsp;<\/span><\/p>\n<\/td>\n<\/tr>\n<tr>\n<td width=\"225\">\n<p><span style=\"font-size: small\"><strong>Liberaci\u00f3n r\u00e1pida<\/strong><\/span><\/p>\n<\/td>\n<td width=\"377\">\n<p><span style=\"font-size: small\">S\u00ed<\/span><\/p>\n<\/td>\n<td width=\"0\">\n<p><span style=\"font-size: small\">&nbsp;<\/span><\/p>\n<\/td>\n<\/tr>\n<tr>\n<td width=\"225\">\n<p><span style=\"font-size: small\"><strong>Sistema de seguridad secundario<\/strong><\/span><\/p>\n<\/td>\n<td width=\"377\">\n<p><span style=\"font-size: small\">S\u00ed<\/span><\/p>\n<\/td>\n<td width=\"0\">\n<p><span style=\"font-size: small\">&nbsp;<\/span><\/p>\n<\/td>\n<\/tr>\n<tr>\n<td width=\"225\">\n<p><span style=\"font-size: small\"><strong>contrapeso con resorte<\/strong><\/span><\/p>\n<\/td>\n<td width=\"377\">\n<p><span style=\"font-size: small\">S\u00ed<\/span><\/p>\n<\/td>\n<td width=\"0\">\n<p><span style=\"font-size: small\">&nbsp;<\/span><\/p>\n<\/td>\n<\/tr>\n<tr>\n<td width=\"225\">\n<p><span style=\"font-size: small\"><strong>Arrastre de inclinaci\u00f3n<\/strong><\/span><\/p>\n<\/td>\n<td width=\"377\">\n<p><span style=\"font-size: small\">Cartucho de fluido con freno fijo<\/span><\/p>\n<\/td>\n<td width=\"0\">\n<p><span style=\"font-size: small\">&nbsp;<\/span><\/p>\n<\/td>\n<\/tr>\n<tr>\n<td width=\"225\">\n<p><span style=\"font-size: small\"><strong>peso<\/strong><\/span><\/p>\n<\/td>\n<td width=\"377\">\n<p><span style=\"font-size: small\">0,93 kg<\/span><\/p>\n<\/td>\n<td width=\"0\">\n<p><span style=\"font-size: small\">&nbsp;<\/span><\/p>\n<\/td>\n<\/tr>\n<tr>\n<td width=\"225\">\n<p><span style=\"font-size: small\"><strong>Altura de trabajo<\/strong><\/span><\/p>\n<\/td>\n<td width=\"377\">\n<p><span style=\"font-size: small\">9,5 cm<\/span><\/p>\n<\/td>\n<td width=\"0\">\n<p><span style=\"font-size: small\">&nbsp;<\/span><\/p>\n<\/td>\n<\/tr>\n<\/tbody>\n<\/table>\n<p><span style=\"font-size: small\"> <\/span><\/p>\n<p style=\"text-align: justify\"><span style=\"font-size: small\">&nbsp;<\/span><\/p>\n<p><span style=\"font-size: small\"> <\/span><\/p>\n","protected":false},"excerpt":{"rendered":"<p>El MVH500AH es un cabezal liviano con una plataforma m\u00e1s ancha para cuerpos HDSLR que tiene una placa deslizante que<\/p>\n","protected":false},"featured_media":62743,"comment_status":"closed","ping_status":"open","template":"","meta":{"_acf_changed":false},"product_brand":[2581],"product_cat":[1079],"product_tag":[],"class_list":{"0":"post-73277","1":"product","2":"type-product","3":"status-publish","4":"has-post-thumbnail","6":"product_brand-manfrotto-es","7":"product_cat-video-rotulas","9":"first","10":"onbackorder","11":"taxable","12":"shipping-taxable","13":"purchasable","14":"product-type-simple"},"bundled_by":[],"bundle_stock_status":"onbackorder","bundle_stock_quantity":0,"bundle_virtual":false,"bundle_layout":"","bundle_add_to_cart_form_location":"","bundle_editable_in_cart":false,"bundle_sold_individually_context":"","bundle_item_grouping":"","bundle_min_size":"","bundle_max_size":"","bundle_price":[],"bundled_items":[],"bundle_sell_ids":[],"acf":[],"_links":{"self":[{"href":"https:\/\/hi-techwonder.com\/es\/wp-json\/wp\/v2\/product\/73277","targetHints":{"allow":["GET"]}}],"collection":[{"href":"https:\/\/hi-techwonder.com\/es\/wp-json\/wp\/v2\/product"}],"about":[{"href":"https:\/\/hi-techwonder.com\/es\/wp-json\/wp\/v2\/types\/product"}],"replies":[{"embeddable":true,"href":"https:\/\/hi-techwonder.com\/es\/wp-json\/wp\/v2\/comments?post=73277"}],"wp:featuredmedia":[{"embeddable":true,"href":"https:\/\/hi-techwonder.com\/es\/wp-json\/wp\/v2\/media\/62743"}],"wp:attachment":[{"href":"https:\/\/hi-techwonder.com\/es\/wp-json\/wp\/v2\/media?parent=73277"}],"wp:term":[{"taxonomy":"product_brand","embeddable":true,"href":"https:\/\/hi-techwonder.com\/es\/wp-json\/wp\/v2\/product_brand?post=73277"},{"taxonomy":"product_cat","embeddable":true,"href":"https:\/\/hi-techwonder.com\/es\/wp-json\/wp\/v2\/product_cat?post=73277"},{"taxonomy":"product_tag","embeddable":true,"href":"https:\/\/hi-techwonder.com\/es\/wp-json\/wp\/v2\/product_tag?post=73277"}],"curies":[{"name":"wp","href":"https:\/\/api.w.org\/{rel}","templated":true}]}}