{"id":73282,"date":"2025-07-29T10:43:17","date_gmt":"2025-07-29T10:43:17","guid":{"rendered":"https:\/\/fv6qoy3ls0.wpdns.site\/produto\/manfrotto-mt190xpro3\/"},"modified":"2025-09-15T17:37:40","modified_gmt":"2025-09-15T17:37:40","slug":"manfrotto-mt190xpro3","status":"publish","type":"product","link":"https:\/\/hi-techwonder.com\/es\/producto\/manfrotto-mt190xpro3\/","title":{"rendered":"MANFROTTO MT190XPRO3"},"content":{"rendered":"<p style=\"text-align: justify;\"><span style=\"font-size: small;\">El 190XPRO3 es un tr\u00edpode compacto de aluminio de 3 secciones con caracter\u00edsticas avanzadas y una excelente calidad de construcci\u00f3n.<\/p>\n<p>La caracter\u00edstica principal del 190XPRO3 es su mecanismo de columna central de 90\u00b0, que permite que la columna se extienda verticalmente normal u horizontalmente para abrir una amplia gama de posibilidades de encuadre y disparo; esto hace que el 190XPRO3 sea un tr\u00edpode extremadamente vers\u00e1til adecuado para una amplia gama de aplicaciones de fotograf\u00eda y video. El mecanismo de columna horizontal est\u00e1 alojado en la parte superior del tr\u00edpode para ser compacto, pero se extiende f\u00e1cil y r\u00e1pidamente cuando lo necesite. El cambio entre la orientaci\u00f3n vertical y horizontal de la columna no requiere desmontaje e incluso se puede hacer con una c\u00e1mara conectada.  <\/p>\n<p>Las patas del tr\u00edpode 190XPRO3 tambi\u00e9n se extienden y ajustan r\u00e1pidamente, gracias a las palancas Quick Power Lock que bloquean y desbloquean cada secci\u00f3n de la pata. El dise\u00f1o especial de las palancas QPL permite un agarre m\u00e1s c\u00f3modo y fuerte de los bloqueos de las piernas con una sola mano. Desde plegado, las secciones de cada pata del tr\u00edpode se pueden liberar en un solo movimiento. El dise\u00f1o de palanca QPL tambi\u00e9n ofrece un bloqueo m\u00e1s potente de cada secci\u00f3n, lo que significa que el tr\u00edpode es m\u00e1s estable y r\u00edgido que con los dise\u00f1os de palanca tradicionales. Los selectores de \u00e1ngulo de pierna intuitivos y ergon\u00f3micos permiten ajustar cada pata de forma independiente y s\u00f3lida a cualquiera de los \u00e1ngulos preestablecidos, lo que nuevamente permite una considerable libertad de posicionamiento.    <\/p>\n<p>Un nivel de burbuja est\u00e1 integrado en la parte superior de la columna central para un encuadre preciso. El nivel de burbuja gira libremente alrededor de la columna central, por lo que se puede colocar donde sea m\u00e1s f\u00e1cil verlo mientras ajusta el tr\u00edpode, y sin que quede oscurecido por el cabezal y la c\u00e1mara montados, ni se interponga en el camino de los controles del cabezal o la c\u00e1mara. <\/p>\n<p>La carcasa superior del 190XPRO3 cuenta con un conector Easy Link para soportar un accesorio de foto o video (como una luz LED, flash, reflector u otro equipo) en un brazo o soporte extensible, lo que convierte al tr\u00edpode en un pr\u00e1ctico mueble de estudio.<\/p>\n<p>El 190XPRO3 es fabricado en Italia por Manfrotto.<\/span><\/p>\n<p style=\"text-align: center;\"><object data=\"https:\/\/www.youtube.com\/v\/wx4XEEe0hGU\" type=\"application\/x-shockwave-flash\" width=\"425\" height=\"350\"><param name=\"src\" value=\"https:\/\/www.youtube.com\/v\/wx4XEEe0hGU\"><\/object><\/p>\n<p style=\"text-align: justify;\"><span style=\"font-size: small;\">&nbsp;<\/span><\/p>\n<p style=\"text-align: justify;\"><span style=\"font-size: small;\"><strong><span style=\"text-decoration: underline;\">Caracter\u00edsticas t\u00e9cnicas:<\/strong><\/span><\/span><\/p>\n<div><a id=\"button_back_metric\" href=\"https:\/\/www.manfrotto.com\/product\/0\/MT190XPRO3\/_\/190_aluminium_3-section_tripod%2C_with_horizontal_column\" target=\"_blank\" rel=\"noopener\"><\/a><\/div>\n<table style=\"width: 100%;\" border=\"0\">\n<tbody>\n<tr>\n<td align=\"center\" valign=\"middle\" width=\"35\"><span style=\"font-size: small;\">&nbsp;<\/span><\/td>\n<td width=\"230\">\n<h5><span style=\"font-size: small;\">Adjunto por.<\/span><\/h5>\n<\/td>\n<td><span style=\"font-size: small;\">\u2013 tipo de accesorio<\/span><\/td>\n<\/tr>\n<tr>\n<td align=\"center\" valign=\"middle\" width=\"35\"><span style=\"font-size: small;\">&nbsp;<\/span><\/td>\n<td width=\"230\">\n<h5><span style=\"font-size: small;\">columna central<\/span><\/h5>\n<\/td>\n<td><span style=\"font-size: small;\">r\u00e1pido<\/span><\/td>\n<\/tr>\n<tr>\n<td align=\"center\" valign=\"middle\" width=\"35\"><span style=\"font-size: small;\"><img decoding=\"async\" src=\"https:\/\/mediacdn.shopatron.com\/media\/mfg\/2747\/media_image\/live_2\/m_color.gif?1276650448\" alt=\"\"><\/span><\/td>\n<td width=\"230\">\n<h5><span style=\"font-size: small;\">Color<\/span><\/h5>\n<\/td>\n<td><span style=\"font-size: small;\">Negro<\/span><\/td>\n<\/tr>\n<tr>\n<td align=\"center\" valign=\"middle\" width=\"35\"><span style=\"font-size: small;\">&nbsp;<\/span><\/td>\n<td width=\"230\">\n<h5><span style=\"font-size: small;\">Secci\u00f3n transversal de la columna<\/span><\/h5>\n<\/td>\n<td><span style=\"font-size: small;\">Trifac\u00e9tico<\/span><\/td>\n<\/tr>\n<tr>\n<td align=\"center\" valign=\"middle\" width=\"35\"><span style=\"font-size: small;\"><img decoding=\"async\" src=\"https:\/\/mediacdn.shopatron.com\/media\/mfg\/2747\/media_image\/live_2\/column_tube_diameter.jpg?1339539187\" alt=\"\"><\/span><\/td>\n<td width=\"230\">\n<h5><span style=\"font-size: small;\">Di\u00e1metro del tubo de la columna<\/span><\/h5>\n<\/td>\n<td><span style=\"font-size: small;\">25 mm<\/span><\/td>\n<\/tr>\n<tr>\n<td align=\"center\" valign=\"middle\" width=\"35\"><span style=\"font-size: small;\">&nbsp;<\/span><\/td>\n<td width=\"230\">\n<h5><span style=\"font-size: small;\">\u00c1ngulos de las patas<\/span><\/h5>\n<\/td>\n<td><span style=\"font-size: small;\">25\u00b0.46\u00b0.66\u00b0.88\u00b0<\/span><\/td>\n<\/tr>\n<tr>\n<td align=\"center\" valign=\"middle\" width=\"35\"><span style=\"font-size: small;\">&nbsp;<\/span><\/td>\n<td width=\"230\">\n<h5><span style=\"font-size: small;\">Secci\u00f3n transversal de la pierna<\/span><\/h5>\n<\/td>\n<td><span style=\"font-size: small;\">Forma D<\/span><\/td>\n<\/tr>\n<tr>\n<td align=\"center\" valign=\"middle\" width=\"35\"><span style=\"font-size: small;\">&nbsp;<\/span><\/td>\n<td width=\"230\">\n<h5><span style=\"font-size: small;\">Di\u00e1metro del tubo de la pierna<\/span><\/h5>\n<\/td>\n<td><span style=\"font-size: small;\">26. 22.5. 19 mil\u00edmetros<\/span><\/td>\n<\/tr>\n<tr>\n<td align=\"center\" valign=\"middle\" width=\"35\"><span style=\"font-size: small;\">&nbsp;<\/span><\/td>\n<td width=\"230\">\n<h5><span style=\"font-size: small;\">material<\/span><\/h5>\n<\/td>\n<td><span style=\"font-size: small;\">aluminio<\/span><\/td>\n<\/tr>\n<tr>\n<td align=\"center\" valign=\"middle\" width=\"35\"><span style=\"font-size: small;\">&nbsp;<\/span><\/td>\n<td width=\"230\">\n<h5><span style=\"font-size: small;\">patente<\/span><\/h5>\n<\/td>\n<td><span style=\"font-size: small;\">palmadita. pendiente <\/span><\/td>\n<\/tr>\n<tr>\n<td align=\"center\" valign=\"middle\" width=\"35\"><span style=\"font-size: small;\">&nbsp;<\/span><\/td>\n<td width=\"230\">\n<h5><span style=\"font-size: small;\">Columna central de secci\u00f3n<\/span><\/h5>\n<\/td>\n<td><span style=\"font-size: small;\">1 n\u00famero<\/span><\/td>\n<\/tr>\n<tr>\n<td align=\"center\" valign=\"middle\" width=\"35\"><span style=\"font-size: small;\"><img decoding=\"async\" src=\"https:\/\/mediacdn.shopatron.com\/media\/mfg\/2747\/media_image\/live_2\/m_closed_length_tripod.gif?1276650448\" alt=\"\"><\/span><\/td>\n<td width=\"230\">\n<h5><span style=\"font-size: small;\">Longitud cerrada<\/span><\/h5>\n<\/td>\n<td><span style=\"font-size: small;\">59,0 cm<\/span><\/td>\n<\/tr>\n<tr>\n<td align=\"center\" valign=\"middle\" width=\"35\"><span style=\"font-size: small;\"><img decoding=\"async\" src=\"https:\/\/mediacdn.shopatron.com\/media\/mfg\/2747\/media_image\/live_2\/m_leg_sections.gif?1279320871\" alt=\"\"><\/span><\/td>\n<td width=\"230\">\n<h5><span style=\"font-size: small;\">secciones de las piernas<\/span><\/h5>\n<\/td>\n<td><span style=\"font-size: small;\">3 N\u00famero<\/span><\/td>\n<\/tr>\n<tr>\n<td align=\"center\" valign=\"middle\" width=\"35\"><span style=\"font-size: small;\"><img decoding=\"async\" src=\"https:\/\/mediacdn.shopatron.com\/media\/mfg\/2747\/media_image\/live_2\/m_max_height_colup.gif?1276650582\" alt=\"\"><\/span><\/td>\n<td width=\"230\">\n<h5><span style=\"font-size: small;\">Altura m\u00e1xima<\/span><\/h5>\n<\/td>\n<td><span style=\"font-size: small;\">160,0 cm<\/span><\/td>\n<\/tr>\n<tr>\n<td align=\"center\" valign=\"middle\" width=\"35\"><span style=\"font-size: small;\"><img decoding=\"async\" src=\"https:\/\/mediacdn.shopatron.com\/media\/mfg\/2747\/media_image\/live_2\/m_max_height_coldown.gif?1276649362\" alt=\"\"><\/span><\/td>\n<td width=\"230\">\n<h5><span style=\"font-size: small;\">Altura m\u00e1xima (con la columna central hacia abajo)<\/span><\/h5>\n<\/td>\n<td><span style=\"font-size: small;\">135,0 cm<\/span><\/td>\n<\/tr>\n<tr>\n<td align=\"center\" valign=\"middle\" width=\"35\"><span style=\"font-size: small;\"><img decoding=\"async\" src=\"https:\/\/mediacdn.shopatron.com\/media\/mfg\/2747\/media_image\/live_2\/m_min_height.gif?1276649363\" alt=\"\"><\/span><\/td>\n<td width=\"230\">\n<h5><span style=\"font-size: small;\">Altura m\u00ednima<\/span><\/h5>\n<\/td>\n<td><span style=\"font-size: small;\">9,0 cm<\/span><\/td>\n<\/tr>\n<tr>\n<td align=\"center\" valign=\"middle\" width=\"35\"><span style=\"font-size: small;\"><img decoding=\"async\" src=\"https:\/\/mediacdn.shopatron.com\/media\/mfg\/2747\/media_image\/live_2\/m_load_capacity.gif?1276650449\" alt=\"\"><\/span><\/td>\n<td width=\"230\">\n<h5><span style=\"font-size: small;\">Carga \u00fatil de seguridad<\/span><\/h5>\n<\/td>\n<td><span style=\"font-size: small;\">7kg<\/span><\/td>\n<\/tr>\n<tr>\n<td align=\"center\" valign=\"middle\" width=\"35\"><span style=\"font-size: small;\"><img decoding=\"async\" src=\"https:\/\/mediacdn.shopatron.com\/media\/mfg\/2747\/media_image\/live_2\/m_weight.gif?1276617563\" alt=\"\"><\/span><\/td>\n<td width=\"230\">\n<h5><span style=\"font-size: small;\">peso<\/span><\/h5>\n<\/td>\n<td><span style=\"font-size: small;\">2kg<\/span><\/td>\n<\/tr>\n<\/tbody>\n<\/table>\n","protected":false},"excerpt":{"rendered":"<p>El 190XPRO3 es un tr\u00edpode compacto de aluminio de 3 secciones con caracter\u00edsticas avanzadas y una excelente calidad de construcci\u00f3n.<\/p>\n","protected":false},"featured_media":66616,"comment_status":"closed","ping_status":"open","template":"","meta":{"_acf_changed":false},"product_brand":[2581],"product_cat":[1094],"product_tag":[],"class_list":{"0":"post-73282","1":"product","2":"type-product","3":"status-publish","4":"has-post-thumbnail","6":"product_brand-manfrotto-es","7":"product_cat-piernas-de-tripode","9":"first","10":"onbackorder","11":"taxable","12":"shipping-taxable","13":"purchasable","14":"product-type-simple"},"bundled_by":[],"bundle_stock_status":"onbackorder","bundle_stock_quantity":null,"bundle_virtual":false,"bundle_layout":"","bundle_add_to_cart_form_location":"","bundle_editable_in_cart":false,"bundle_sold_individually_context":"","bundle_item_grouping":"","bundle_min_size":"","bundle_max_size":"","bundle_price":[],"bundled_items":[],"bundle_sell_ids":[],"acf":[],"_links":{"self":[{"href":"https:\/\/hi-techwonder.com\/es\/wp-json\/wp\/v2\/product\/73282","targetHints":{"allow":["GET"]}}],"collection":[{"href":"https:\/\/hi-techwonder.com\/es\/wp-json\/wp\/v2\/product"}],"about":[{"href":"https:\/\/hi-techwonder.com\/es\/wp-json\/wp\/v2\/types\/product"}],"replies":[{"embeddable":true,"href":"https:\/\/hi-techwonder.com\/es\/wp-json\/wp\/v2\/comments?post=73282"}],"wp:featuredmedia":[{"embeddable":true,"href":"https:\/\/hi-techwonder.com\/es\/wp-json\/wp\/v2\/media\/66616"}],"wp:attachment":[{"href":"https:\/\/hi-techwonder.com\/es\/wp-json\/wp\/v2\/media?parent=73282"}],"wp:term":[{"taxonomy":"product_brand","embeddable":true,"href":"https:\/\/hi-techwonder.com\/es\/wp-json\/wp\/v2\/product_brand?post=73282"},{"taxonomy":"product_cat","embeddable":true,"href":"https:\/\/hi-techwonder.com\/es\/wp-json\/wp\/v2\/product_cat?post=73282"},{"taxonomy":"product_tag","embeddable":true,"href":"https:\/\/hi-techwonder.com\/es\/wp-json\/wp\/v2\/product_tag?post=73282"}],"curies":[{"name":"wp","href":"https:\/\/api.w.org\/{rel}","templated":true}]}}