{"id":73287,"date":"2025-07-29T10:43:38","date_gmt":"2025-07-29T10:43:38","guid":{"rendered":"https:\/\/fv6qoy3ls0.wpdns.site\/produto\/manfrotto-mt055cxpro4-fibra-de-carbono\/"},"modified":"2025-07-29T10:43:38","modified_gmt":"2025-07-29T10:43:38","slug":"manfrotto-mt055cxpro4-fibra-de-carbono","status":"publish","type":"product","link":"https:\/\/hi-techwonder.com\/es\/producto\/manfrotto-mt055cxpro4-fibra-de-carbono\/","title":{"rendered":"MANFROTTO MT055CXPRO4 Fibra de Carbono"},"content":{"rendered":"<p>Productos destacados:<\/p>\n<ul>\n<li><span style=\"font-size: small;\"><span style=\"font-family: arial, helvetica, sans-serif;\">Capacidad de carga: 9kg<\/span><\/span><\/li>\n<li><span style=\"font-size: small;\"><span style=\"font-family: arial, helvetica, sans-serif;\">Altura m\u00e1xima: 169,9 cm<\/span><\/span><\/li>\n<li><span style=\"font-size: small;\"><span style=\"font-family: arial, helvetica, sans-serif;\">Altura m\u00ednima: 140 cm<\/span><\/span><\/li>\n<li><span style=\"font-size: small;\"><span style=\"font-family: arial, helvetica, sans-serif;\">Longitud plegada: 54,1 cm<\/span><\/span><\/li>\n<li><span style=\"font-size: small;\"><span style=\"font-family: arial, helvetica, sans-serif;\">Secciones de piernas: 4<\/span><\/span><\/li>\n<li><span style=\"font-size: small;\"><span style=\"font-family: arial, helvetica, sans-serif;\">Peso: 2,1 kg<\/span><\/span><\/li>\n<li><span style=\"font-size: small;\"><span style=\"font-family: arial, helvetica, sans-serif;\">Bloqueos r\u00e1pidos de piernas<\/span><\/span><\/li>\n<li><span style=\"font-size: small;\"><span style=\"font-family: arial, helvetica, sans-serif;\">Altavoz central de 90\u00b0<\/span><\/span><\/li>\n<li><span style=\"font-size: small;\"><span style=\"font-family: arial, helvetica, sans-serif;\">Conexi\u00f3n Easy Link<\/span><\/span><\/li>\n<li><span style=\"font-size: small;\"><span style=\"font-family: arial, helvetica, sans-serif;\">Nivel de burbuja giratorio<\/span><\/span><\/li>\n<\/ul>\n<p><span style=\"font-size: small;\"><span style=\"font-family: arial, helvetica, sans-serif;\">&nbsp;<\/span><\/span><\/p>\n<p style=\"margin-bottom: 0cm;\"><span style=\"font-size: small;\"><span style=\"font-family: arial, helvetica, sans-serif;\">El tr\u00edpode de fibra de carbono Manfrotto MT055CXPRO4 es una montura de 4 secciones que reemplaza al tr\u00edpode 055CXPRO4. Tiene una capacidad de carga de 9 kg y se extiende desde 8,9 cm hasta 169,9 cm. Sus patas de fibra de carbono est\u00e1n protegidas por los Quick Power Locks. Estos cierres abatibles mejorados aumentan la rigidez del tr\u00edpode en un 50% en comparaci\u00f3n con su predecesor.   <\/span><\/span><\/p>\n<p style=\"margin-bottom: 0cm;\"><span style=\"font-size: small;\"><span style=\"font-family: arial, helvetica, sans-serif;\">&nbsp;<\/span><\/span><\/p>\n<p style=\"margin-bottom: 0cm;\"><span style=\"font-size: small;\"><span style=\"font-family: arial, helvetica, sans-serif;\">Una columna central redise\u00f1ada tiene una operaci\u00f3n de \u00abun dedo\u00bb e incluye un accesorio Easy Link 3\/8&#8243;-16 para conectar accesorios como una luz LED o un reflector a trav\u00e9s de un brazo compatible. La columna central se puede colocar horizontalmente, lo que permite la fotograf\u00eda macro y de \u00e1ngulo bajo. El disco superior donde se monta la cabeza del tr\u00edpode tambi\u00e9n ha sido redise\u00f1ado y ahora tiene un nivel de burbuja de ojo de buey que gira 360\u00b0 para que puedas ubicarlo donde puedas verlo. Esto le permite nivelar su c\u00e1mara tanto en el plano horizontal como en el vertical.   <\/span><\/span><\/p>\n<p style=\"margin-bottom: 0cm;\"><span style=\"font-size: small;\"><span style=\"font-family: arial, helvetica, sans-serif;\">&nbsp;<\/span><\/span><\/p>\n<table style=\"width: 485px;\" border=\"0\" cellspacing=\"0\" cellpadding=\"2\">\n<colgroup>\n<col width=\"321\">\n<col width=\"155\"><\/colgroup>\n<tbody>\n<tr>\n<th colspan=\"2\" width=\"481\">\n<p class=\"western\" style=\"border: none; padding: 0cm; font-weight: normal;\"><span style=\"font-size: small;\"><span style=\"font-family: arial, helvetica, sans-serif;\"><a name=\"166723\"><\/a><span style=\"font-size: x-large;\">Generalmente<\/span><\/span><\/span><\/p>\n<\/th>\n<\/tr>\n<tr>\n<td width=\"321\">\n<p style=\"border-top: none; border-bottom: 1px solid #e6e7e8; border-left: none; border-right: none; padding: 0cm 0cm 0.53cm 0cm;\"><span style=\"font-size: small;\"><span style=\"font-family: arial, helvetica, sans-serif;\">Capacidad de carga<\/span><\/span><\/p>\n<\/td>\n<td width=\"155\">\n<p style=\"border-top: none; border-bottom: 1px solid #e6e7e8; border-left: none; border-right: none; padding: 0cm 0cm 0.53cm 0cm;\"><span style=\"font-size: small;\"><span style=\"font-family: arial, helvetica, sans-serif;\">9kg<\/span><\/span><\/p>\n<\/td>\n<\/tr>\n<tr>\n<td width=\"321\">\n<p style=\"border-top: none; border-bottom: 1px solid #e6e7e8; border-left: none; border-right: none; padding: 0cm 0cm 0.53cm 0cm;\"><span style=\"font-size: small;\"><span style=\"font-family: arial, helvetica, sans-serif;\">Altura m\u00e1xima de trabajo<\/span><\/span><\/p>\n<\/td>\n<td width=\"155\">\n<p style=\"border-top: none; border-bottom: 1px solid #e6e7e8; border-left: none; border-right: none; padding: 0cm 0cm 0.53cm 0cm;\"><span style=\"font-size: small;\"><span style=\"font-family: arial, helvetica, sans-serif;\">169,9 cm<\/span><\/span><\/p>\n<\/td>\n<\/tr>\n<tr>\n<td width=\"321\">\n<p style=\"border-top: none; border-bottom: 1px solid #e6e7e8; border-left: none; border-right: none; padding: 0cm 0cm 0.53cm 0cm;\"><span style=\"font-size: small;\"><span style=\"font-family: arial, helvetica, sans-serif;\">Altura m\u00e1xima sin columna central<\/span><\/span><\/p>\n<\/td>\n<td width=\"155\">\n<p style=\"border-top: none; border-bottom: 1px solid #e6e7e8; border-left: none; border-right: none; padding: 0cm 0cm 0.53cm 0cm;\"><span style=\"font-size: small;\"><span style=\"font-family: arial, helvetica, sans-serif;\">140cm<\/span><\/span><\/p>\n<\/td>\n<\/tr>\n<tr>\n<td width=\"321\">\n<p style=\"border-top: none; border-bottom: 1px solid #e6e7e8; border-left: none; border-right: none; padding: 0cm 0cm 0.53cm 0cm;\"><span style=\"font-size: small;\"><span style=\"font-family: arial, helvetica, sans-serif;\">Altura m\u00ednima de trabajo<\/span><\/span><\/p>\n<\/td>\n<td width=\"155\">\n<p style=\"border-top: none; border-bottom: 1px solid #e6e7e8; border-left: none; border-right: none; padding: 0cm 0cm 0.53cm 0cm;\"><span style=\"font-size: small;\"><span style=\"font-family: arial, helvetica, sans-serif;\">8,9 cm<\/span><\/span><\/p>\n<\/td>\n<\/tr>\n<tr>\n<td width=\"321\">\n<p style=\"border-top: none; border-bottom: 1px solid #e6e7e8; border-left: none; border-right: none; padding: 0cm 0cm 0.53cm 0cm;\"><span style=\"font-size: small;\"><span style=\"font-family: arial, helvetica, sans-serif;\">Longitud plegada<\/span><\/span><\/p>\n<\/td>\n<td width=\"155\">\n<p style=\"border-top: none; border-bottom: 1px solid #e6e7e8; border-left: none; border-right: none; padding: 0cm 0cm 0.53cm 0cm;\"><span style=\"font-size: small;\"><span style=\"font-family: arial, helvetica, sans-serif;\">54,1 cm<\/span><\/span><\/p>\n<\/td>\n<\/tr>\n<tr>\n<td width=\"321\">\n<p style=\"border-top: none; border-bottom: 1px solid #e6e7e8; border-left: none; border-right: none; padding: 0cm 0cm 0.53cm 0cm;\"><span style=\"font-size: small;\"><span style=\"font-family: arial, helvetica, sans-serif;\">Tipo de montaje de la cabeza<\/span><\/span><\/p>\n<\/td>\n<td width=\"155\">\n<p style=\"border-top: none; border-bottom: 1px solid #e6e7e8; border-left: none; border-right: none; padding: 0cm 0cm 0.53cm 0cm;\"><span style=\"font-size: small;\"><span style=\"font-family: arial, helvetica, sans-serif;\">Tornillo de 3\/8&#8243;-16<\/span><\/span><\/p>\n<\/td>\n<\/tr>\n<tr>\n<td width=\"321\">\n<p style=\"border-top: none; border-bottom: 1px solid #e6e7e8; border-left: none; border-right: none; padding: 0cm 0cm 0.53cm 0cm;\"><span style=\"font-size: small;\"><span style=\"font-family: arial, helvetica, sans-serif;\">Peso<\/span><\/span><\/p>\n<\/td>\n<td width=\"155\">\n<p style=\"border-top: none; border-bottom: 1px solid #e6e7e8; border-left: none; border-right: none; padding: 0cm 0cm 0.53cm 0cm;\"><span style=\"font-size: small;\"><span style=\"font-family: arial, helvetica, sans-serif;\">2,1 kg<\/span><\/span><\/p>\n<\/td>\n<\/tr>\n<tr>\n<td width=\"321\">\n<p style=\"border-top: none; border-bottom: 1px solid #e6e7e8; border-left: none; border-right: none; padding: 0cm 0cm 0.53cm 0cm;\"><span style=\"font-size: small;\"><span style=\"font-family: arial, helvetica, sans-serif;\">Materiales<\/span><\/span><\/p>\n<\/td>\n<td width=\"155\">\n<p style=\"border-top: none; border-bottom: 1px solid #e6e7e8; border-left: none; border-right: none; padding: 0cm 0cm 0.53cm 0cm;\"><span style=\"font-size: small;\"><span style=\"font-family: arial, helvetica, sans-serif;\">Fibra de carbono<\/span><\/span><\/p>\n<\/td>\n<\/tr>\n<tr>\n<td width=\"321\">\n<p style=\"border-top: none; border-bottom: 1px solid #e6e7e8; border-left: none; border-right: none; padding: 0cm 0cm 0.53cm 0cm;\"><span style=\"font-size: small;\"><span style=\"font-family: arial, helvetica, sans-serif;\">Nivel de burbuja<\/span><\/span><\/p>\n<\/td>\n<td width=\"155\">\n<p style=\"border-top: none; border-bottom: 1px solid #e6e7e8; border-left: none; border-right: none; padding: 0cm 0cm 0.53cm 0cm;\"><span style=\"font-size: small;\"><span style=\"font-family: arial, helvetica, sans-serif;\">S\u00ed<\/span><\/span><\/p>\n<\/td>\n<\/tr>\n<\/tbody>\n<\/table>\n<table style=\"width: 317px;\" border=\"0\" cellspacing=\"0\" cellpadding=\"2\">\n<colgroup>\n<col width=\"225\">\n<col width=\"84\"><\/colgroup>\n<tbody>\n<tr>\n<th colspan=\"2\" width=\"313\">\n<p class=\"western\" style=\"border: none; padding: 0cm; font-weight: normal;\"><span style=\"font-size: small;\"><span style=\"font-family: arial, helvetica, sans-serif;\"><a name=\"166722\"><\/a><span style=\"font-size: x-large;\">Piernas<\/span><\/span><\/span><\/p>\n<\/th>\n<\/tr>\n<tr>\n<td width=\"225\">\n<p style=\"border-top: none; border-bottom: 1px solid #e6e7e8; border-left: none; border-right: none; padding: 0cm 0cm 0.53cm 0cm;\"><span style=\"font-size: small;\"><span style=\"font-family: arial, helvetica, sans-serif;\">Tipo de bloqueo de patas<\/span><\/span><\/p>\n<\/td>\n<td width=\"84\">\n<p style=\"border-top: none; border-bottom: 1px solid #e6e7e8; border-left: none; border-right: none; padding: 0cm 0cm 0.53cm 0cm;\"><span style=\"font-size: small;\"><span style=\"font-family: arial, helvetica, sans-serif;\">Bloqueo abatible<\/span><\/span><\/p>\n<\/td>\n<\/tr>\n<tr>\n<td width=\"225\">\n<p style=\"border-top: none; border-bottom: 1px solid #e6e7e8; border-left: none; border-right: none; padding: 0cm 0cm 0.53cm 0cm;\"><span style=\"font-size: small;\"><span style=\"font-family: arial, helvetica, sans-serif;\">Patas independientes<\/span><\/span><\/p>\n<\/td>\n<td width=\"84\">\n<p style=\"border-top: none; border-bottom: 1px solid #e6e7e8; border-left: none; border-right: none; padding: 0cm 0cm 0.53cm 0cm;\"><span style=\"font-size: small;\"><span style=\"font-family: arial, helvetica, sans-serif;\">S\u00ed<\/span><\/span><\/p>\n<\/td>\n<\/tr>\n<tr>\n<td width=\"225\">\n<p style=\"border-top: none; border-bottom: 1px solid #e6e7e8; border-left: none; border-right: none; padding: 0cm 0cm 0.53cm 0cm;\"><span style=\"font-size: small;\"><span style=\"font-family: arial, helvetica, sans-serif;\">Piernas<\/span><\/span><\/p>\n<\/td>\n<td width=\"84\">\n<p style=\"border-top: none; border-bottom: 1px solid #e6e7e8; border-left: none; border-right: none; padding: 0cm 0cm 0.53cm 0cm;\"><span style=\"font-size: small;\"><span style=\"font-family: arial, helvetica, sans-serif;\">4<\/span><\/span><\/p>\n<\/td>\n<\/tr>\n<\/tbody>\n<\/table>\n<table style=\"width: 385px;\" border=\"0\" cellspacing=\"0\" cellpadding=\"2\">\n<colgroup>\n<col width=\"321\">\n<col width=\"57\"><\/colgroup>\n<tbody>\n<tr>\n<th colspan=\"2\" width=\"381\">\n<p class=\"western\" style=\"border: none; padding: 0cm; font-weight: normal;\"><span style=\"font-size: small;\"><span style=\"font-family: arial, helvetica, sans-serif;\"><a name=\"166721\"><\/a><span style=\"font-size: x-large;\">Columna central<\/span><\/span><\/span><\/p>\n<\/th>\n<\/tr>\n<tr>\n<td width=\"321\">\n<p style=\"border-top: none; border-bottom: 1px solid #e6e7e8; border-left: none; border-right: none; padding: 0cm 0cm 0.53cm 0cm;\"><span style=\"font-size: small;\"><span style=\"font-family: arial, helvetica, sans-serif;\">Secciones centrales de la columna<\/span><\/span><\/p>\n<\/td>\n<td width=\"57\">\n<p style=\"border-top: none; border-bottom: 1px solid #e6e7e8; border-left: none; border-right: none; padding: 0cm 0cm 0.53cm 0cm;\"><span style=\"font-size: small;\"><span style=\"font-family: arial, helvetica, sans-serif;\">1<\/span><\/span><\/p>\n<\/td>\n<\/tr>\n<tr>\n<td width=\"321\">\n<p style=\"border-top: none; border-bottom: 1px solid #e6e7e8; border-left: none; border-right: none; padding: 0cm 0cm 0.53cm 0cm;\"><span style=\"font-size: small;\"><span style=\"font-family: arial, helvetica, sans-serif;\">Tipo de extensi\u00f3n de columna central<\/span><\/span><\/p>\n<\/td>\n<td width=\"57\">\n<p style=\"border-top: none; border-bottom: 1px solid #e6e7e8; border-left: none; border-right: none; padding: 0cm 0cm 0.53cm 0cm;\"><span style=\"font-size: small;\"><span style=\"font-family: arial, helvetica, sans-serif;\">R\u00e1pido<\/span><\/span><\/p>\n<\/td>\n<\/tr>\n<tr>\n<td width=\"321\">\n<p style=\"border-top: none; border-bottom: 1px solid #e6e7e8; border-left: none; border-right: none; padding: 0cm 0cm 0.53cm 0cm;\"><span style=\"font-size: small;\"><span style=\"font-family: arial, helvetica, sans-serif;\">Columna lateral\/central de 90 grados<\/span><\/span><\/p>\n<\/td>\n<td width=\"57\">\n<p style=\"border-top: none; border-bottom: 1px solid #e6e7e8; border-left: none; border-right: none; padding: 0cm 0cm 0.53cm 0cm;\"><span style=\"font-size: small;\"><span style=\"font-family: arial, helvetica, sans-serif;\">S\u00ed<\/span><\/span><\/p>\n<\/td>\n<\/tr>\n<\/tbody>\n<\/table>\n","protected":false},"excerpt":{"rendered":"<p>Productos destacados: Capacidad de carga: 9kg Altura m\u00e1xima: 169,9 cm Altura m\u00ednima: 140 cm Longitud plegada: 54,1 cm Secciones de<\/p>\n","protected":false},"featured_media":66655,"comment_status":"closed","ping_status":"open","template":"","meta":{"_acf_changed":false},"product_brand":[2581],"product_cat":[1094],"product_tag":[],"class_list":{"0":"post-73287","1":"product","2":"type-product","3":"status-publish","4":"has-post-thumbnail","6":"product_brand-manfrotto-es","7":"product_cat-piernas-de-tripode","9":"first","10":"onbackorder","11":"taxable","12":"shipping-taxable","13":"purchasable","14":"product-type-simple"},"bundled_by":[],"bundle_stock_status":"onbackorder","bundle_stock_quantity":0,"bundle_virtual":false,"bundle_layout":"","bundle_add_to_cart_form_location":"","bundle_editable_in_cart":false,"bundle_sold_individually_context":"","bundle_item_grouping":"","bundle_min_size":"","bundle_max_size":"","bundle_price":[],"bundled_items":[],"bundle_sell_ids":[],"acf":[],"_links":{"self":[{"href":"https:\/\/hi-techwonder.com\/es\/wp-json\/wp\/v2\/product\/73287","targetHints":{"allow":["GET"]}}],"collection":[{"href":"https:\/\/hi-techwonder.com\/es\/wp-json\/wp\/v2\/product"}],"about":[{"href":"https:\/\/hi-techwonder.com\/es\/wp-json\/wp\/v2\/types\/product"}],"replies":[{"embeddable":true,"href":"https:\/\/hi-techwonder.com\/es\/wp-json\/wp\/v2\/comments?post=73287"}],"wp:featuredmedia":[{"embeddable":true,"href":"https:\/\/hi-techwonder.com\/es\/wp-json\/wp\/v2\/media\/66655"}],"wp:attachment":[{"href":"https:\/\/hi-techwonder.com\/es\/wp-json\/wp\/v2\/media?parent=73287"}],"wp:term":[{"taxonomy":"product_brand","embeddable":true,"href":"https:\/\/hi-techwonder.com\/es\/wp-json\/wp\/v2\/product_brand?post=73287"},{"taxonomy":"product_cat","embeddable":true,"href":"https:\/\/hi-techwonder.com\/es\/wp-json\/wp\/v2\/product_cat?post=73287"},{"taxonomy":"product_tag","embeddable":true,"href":"https:\/\/hi-techwonder.com\/es\/wp-json\/wp\/v2\/product_tag?post=73287"}],"curies":[{"name":"wp","href":"https:\/\/api.w.org\/{rel}","templated":true}]}}