{"id":73291,"date":"2025-07-29T10:23:52","date_gmt":"2025-07-29T10:23:52","guid":{"rendered":"https:\/\/fv6qoy3ls0.wpdns.site\/produto\/manfrotto-mvh502ah-pro-fluid-video-base-plana\/"},"modified":"2025-07-29T10:23:52","modified_gmt":"2025-07-29T10:23:52","slug":"manfrotto-mvh502ah-pro-fluid-video-base-plana","status":"publish","type":"product","link":"https:\/\/hi-techwonder.com\/es\/producto\/manfrotto-mvh502ah-pro-fluid-video-base-plana\/","title":{"rendered":"MANFROTTO MVH502AH Pro Fluid Video Base plana"},"content":{"rendered":"<p style=\"height: 30px;\"><span style=\"font-family: verdana,geneva;\">Control total de la suavidad durante el disparo gracias a los mecanismos de fluido variable. Ideal para videoc\u00e1maras y c\u00e1maras HDSLR m\u00e1s nuevas suministradas con accesorios externos (capacidad m\u00e1xima de 4 kg). El cabezal se puede combinar con todos los tr\u00edpodes fotogr\u00e1ficos, gracias a la rosca hembra de 3\/8&#8243;.  <\/span><\/p>\n<p style=\"height: 30px;\"><span style=\"font-family: verdana,geneva;\">&nbsp;<\/span><\/p>\n<h2 style=\"height: 30px;\"><span style=\"font-family: verdana,geneva;\">CARACTER\u00cdSTICAS T\u00c9CNICAS<\/span><\/h2>\n<table style=\"width: 100%;\" border=\"0\">\n<tbody>\n<tr>\n<td align=\"center\" valign=\"middle\" width=\"35\"><span style=\"font-family: verdana,geneva;\">&nbsp;<\/span><\/td>\n<td width=\"230\">\n<h5><span style=\"font-family: verdana,geneva;\">Adjunto por<\/span><\/h5>\n<\/td>\n<td><span style=\"font-family: verdana,geneva;\">Tipo de accesorio de 1\/4&#8243; y 3\/8&#8243;<\/span><\/td>\n<\/tr>\n<tr>\n<td align=\"center\" valign=\"middle\" width=\"35\"><span style=\"font-family: verdana,geneva;\">&nbsp;<\/span><\/td>\n<td width=\"230\">\n<h5><span style=\"font-family: verdana,geneva;\">Accesorio<\/span><\/h5>\n<\/td>\n<td><span style=\"font-family: verdana,geneva;\">Tipo de conexi\u00f3n de rosca hembra de 3\/8&#8243;<\/span><\/td>\n<\/tr>\n<tr>\n<td align=\"center\" valign=\"middle\" width=\"35\"><span style=\"font-family: verdana,geneva;\">&nbsp;<\/span><\/td>\n<td width=\"230\">\n<h5><span style=\"font-family: verdana,geneva;\">Control de equilibrio<\/span><\/h5>\n<\/td>\n<td><span style=\"font-family: verdana,geneva;\">Un resorte fijo para el peso de la c\u00e1mara de 4 kg<\/span><\/td>\n<\/tr>\n<tr>\n<td align=\"center\" valign=\"middle\" width=\"35\"><span style=\"font-family: verdana,geneva;\">&nbsp;<\/span><\/td>\n<td width=\"230\">\n<h5><span style=\"font-family: verdana,geneva;\">Nivel de burbuja (No.)<\/span><\/h5>\n<\/td>\n<td><span style=\"font-family: verdana,geneva;\">1 n\u00famero<\/span><\/td>\n<\/tr>\n<tr>\n<td align=\"center\" valign=\"middle\" width=\"35\"><span style=\"font-family: verdana,geneva;\"><img decoding=\"async\" src=\"https:\/\/mediacdn.shopatron.com\/media\/mfg\/2747\/media_image\/live_2\/m_color.gif?1276650448\" alt=\"\"><\/span><\/td>\n<td width=\"230\">\n<h5><span style=\"font-family: verdana,geneva;\">Color<\/span><\/h5>\n<\/td>\n<td><span style=\"font-family: verdana,geneva;\">Color: Negro<\/span><\/td>\n<\/tr>\n<tr>\n<td align=\"center\" valign=\"middle\" width=\"35\"><span style=\"font-family: verdana,geneva;\">&nbsp;<\/span><\/td>\n<td width=\"230\">\n<h5><span style=\"font-family: verdana,geneva;\">Inclinaci\u00f3n frontal<\/span><\/h5>\n<\/td>\n<td><span style=\"font-family: verdana,geneva;\">Rango de inclinaci\u00f3n de -80\u00b0 \/ +90\u00b0<\/span><\/td>\n<\/tr>\n<tr>\n<td align=\"center\" valign=\"middle\" width=\"35\"><span style=\"font-family: verdana,geneva;\">&nbsp;<\/span><\/td>\n<td width=\"230\">\n<h5><span style=\"font-family: verdana,geneva;\">Bloqueo de bandeja independiente<\/span><\/h5>\n<\/td>\n<td><span style=\"font-family: verdana,geneva;\">S\u00ed<\/span><\/td>\n<\/tr>\n<tr>\n<td align=\"center\" valign=\"middle\" width=\"35\"><span style=\"font-family: verdana,geneva;\">&nbsp;<\/span><\/td>\n<td width=\"230\">\n<h5><span style=\"font-family: verdana,geneva;\">Bloqueo de inclinaci\u00f3n independiente<\/span><\/h5>\n<\/td>\n<td><span style=\"font-family: verdana,geneva;\">S\u00ed<\/span><\/td>\n<\/tr>\n<tr>\n<td align=\"center\" valign=\"middle\" width=\"35\"><span style=\"font-family: verdana,geneva;\">&nbsp;<\/span><\/td>\n<td width=\"230\">\n<h5><span style=\"font-family: verdana,geneva;\">Material<\/span><\/h5>\n<\/td>\n<td><span style=\"font-family: verdana,geneva;\">aluminio<\/span><\/td>\n<\/tr>\n<tr>\n<td align=\"center\" valign=\"middle\" width=\"35\"><span style=\"font-family: verdana,geneva;\">&nbsp;<\/span><\/td>\n<td width=\"230\">\n<h5><span style=\"font-family: verdana,geneva;\">Temperatura m\u00e1xima de trabajo<\/span><\/h5>\n<\/td>\n<td><span style=\"font-family: verdana,geneva;\">+60 \u00b0C<\/span><\/td>\n<\/tr>\n<tr>\n<td align=\"center\" valign=\"middle\" width=\"35\"><span style=\"font-family: verdana,geneva;\">&nbsp;<\/span><\/td>\n<td width=\"230\">\n<h5><span style=\"font-family: verdana,geneva;\">Temperatura m\u00ednima de trabajo<\/span><\/h5>\n<\/td>\n<td><span style=\"font-family: verdana,geneva;\">-20\u00b0C<\/span><\/td>\n<\/tr>\n<tr>\n<td align=\"center\" valign=\"middle\" width=\"35\"><span style=\"font-family: verdana,geneva;\">&nbsp;<\/span><\/td>\n<td width=\"230\">\n<h5><span style=\"font-family: verdana,geneva;\">Posiciones de la barra panor\u00e1mica<\/span><\/h5>\n<\/td>\n<td><span style=\"font-family: verdana,geneva;\">N\u00famero 2<\/span><\/td>\n<\/tr>\n<tr>\n<td align=\"center\" valign=\"middle\" width=\"35\"><span style=\"font-family: verdana,geneva;\">&nbsp;<\/span><\/td>\n<td width=\"230\">\n<h5><span style=\"font-family: verdana,geneva;\">Barras de sart\u00e9n incluidas (No.)<\/span><\/h5>\n<\/td>\n<td><span style=\"font-family: verdana,geneva;\">1 n\u00famero<\/span><\/td>\n<\/tr>\n<tr>\n<td align=\"center\" valign=\"middle\" width=\"35\"><span style=\"font-family: verdana,geneva;\">&nbsp;<\/span><\/td>\n<td width=\"230\">\n<h5><span style=\"font-family: verdana,geneva;\">Arrastrar panor\u00e1mica<\/span><\/h5>\n<\/td>\n<td><span style=\"font-family: verdana,geneva;\">Ajustable continuamente de 0 a nivel m\u00e1ximo<\/span><\/td>\n<\/tr>\n<tr>\n<td align=\"center\" valign=\"middle\" width=\"35\"><span style=\"font-family: verdana,geneva;\">&nbsp;<\/span><\/td>\n<td width=\"230\">\n<h5><span style=\"font-family: verdana,geneva;\">Rotaci\u00f3n de la bandeja<\/span><\/h5>\n<\/td>\n<td><span style=\"font-family: verdana,geneva;\">360 grados<\/span><\/td>\n<\/tr>\n<tr>\n<td align=\"center\" valign=\"middle\" width=\"35\"><span style=\"font-family: verdana,geneva;\">&nbsp;<\/span><\/td>\n<td width=\"230\">\n<h5><span style=\"font-family: verdana,geneva;\">Tipo de placa<\/span><\/h5>\n<\/td>\n<td><span style=\"font-family: verdana,geneva;\">504PLONG<\/span><\/td>\n<\/tr>\n<tr>\n<td align=\"center\" valign=\"middle\" width=\"35\"><span style=\"font-family: verdana,geneva;\">&nbsp;<\/span><\/td>\n<td width=\"230\">\n<h5><span style=\"font-family: verdana,geneva;\">Liberaci\u00f3n r\u00e1pida<\/span><\/h5>\n<\/td>\n<td><span style=\"font-family: verdana,geneva;\">S\u00ed<\/span><\/td>\n<\/tr>\n<tr>\n<td align=\"center\" valign=\"middle\" width=\"35\"><span style=\"font-family: verdana,geneva;\">&nbsp;<\/span><\/td>\n<td width=\"230\">\n<h5><span style=\"font-family: verdana,geneva;\">Sistema de seguridad secundario<\/span><\/h5>\n<\/td>\n<td><span style=\"font-family: verdana,geneva;\">S\u00ed<\/span><\/td>\n<\/tr>\n<tr>\n<td align=\"center\" valign=\"middle\" width=\"35\"><span style=\"font-family: verdana,geneva;\">&nbsp;<\/span><\/td>\n<td width=\"230\">\n<h5><span style=\"font-family: verdana,geneva;\">Desplazamiento de la placa<\/span><\/h5>\n<\/td>\n<td><span style=\"font-family: verdana,geneva;\">3.27 pulg.<\/span><\/td>\n<\/tr>\n<tr>\n<td align=\"center\" valign=\"middle\" width=\"35\"><span style=\"font-family: verdana,geneva;\">&nbsp;<\/span><\/td>\n<td width=\"230\">\n<h5><span style=\"font-family: verdana,geneva;\">Contrapeso con resorte<\/span><\/h5>\n<\/td>\n<td><span style=\"font-family: verdana,geneva;\">S\u00ed<\/span><\/td>\n<\/tr>\n<tr>\n<td align=\"center\" valign=\"middle\" width=\"35\"><span style=\"font-family: verdana,geneva;\">&nbsp;<\/span><\/td>\n<td width=\"230\">\n<h5><span style=\"font-family: verdana,geneva;\">Arrastre de inclinaci\u00f3n<\/span><\/h5>\n<\/td>\n<td><span style=\"font-family: verdana,geneva;\">Ajustable continuamente de 0 a nivel m\u00e1ximo<\/span><\/td>\n<\/tr>\n<tr>\n<td align=\"center\" valign=\"middle\" width=\"35\"><span style=\"font-family: verdana,geneva;\"><img decoding=\"async\" src=\"https:\/\/mediacdn.shopatron.com\/media\/mfg\/2747\/media_image\/live_2\/m_load_capacity.gif?1276650449\" alt=\"\"><\/span><\/td>\n<td width=\"230\">\n<h5><span style=\"font-family: verdana,geneva;\">Capacidad de carga<\/span><\/h5>\n<\/td>\n<td><span style=\"font-family: verdana,geneva;\">8.82 libras<\/span><\/td>\n<\/tr>\n<tr>\n<td align=\"center\" valign=\"middle\" width=\"35\"><span style=\"font-family: verdana,geneva;\"><img decoding=\"async\" src=\"https:\/\/mediacdn.shopatron.com\/media\/mfg\/2747\/media_image\/live_2\/m_weight.gif?1276617563\" alt=\"\"><\/span><\/td>\n<td width=\"230\">\n<h5><span style=\"font-family: verdana,geneva;\">Peso<\/span><\/h5>\n<\/td>\n<td><span style=\"font-family: verdana,geneva;\">3.53 libras<\/span><\/td>\n<\/tr>\n<tr>\n<td align=\"center\" valign=\"middle\" width=\"35\"><span style=\"font-family: verdana,geneva;\"><img decoding=\"async\" src=\"https:\/\/mediacdn.shopatron.com\/media\/mfg\/2747\/media_image\/live_2\/m_height.gif?1276650449\" alt=\"\"><\/span><\/td>\n<td width=\"230\">\n<h5><span style=\"font-family: verdana,geneva;\">Altura de trabajo<\/span><\/h5>\n<\/td>\n<td><span style=\"font-family: verdana,geneva;\">5.12 pulg.<\/span><\/td>\n<\/tr>\n<\/tbody>\n<\/table>\n","protected":false},"excerpt":{"rendered":"<p>Control total de la suavidad durante el disparo gracias a los mecanismos de fluido variable. Ideal para videoc\u00e1maras y c\u00e1maras<\/p>\n","protected":false},"featured_media":62738,"comment_status":"closed","ping_status":"open","template":"","meta":{"_acf_changed":false},"product_brand":[2581],"product_cat":[1079],"product_tag":[],"class_list":{"0":"post-73291","1":"product","2":"type-product","3":"status-publish","4":"has-post-thumbnail","6":"product_brand-manfrotto-es","7":"product_cat-video-rotulas","9":"first","10":"onbackorder","11":"taxable","12":"shipping-taxable","13":"purchasable","14":"product-type-simple"},"bundled_by":[],"bundle_stock_status":"onbackorder","bundle_stock_quantity":0,"bundle_virtual":false,"bundle_layout":"","bundle_add_to_cart_form_location":"","bundle_editable_in_cart":false,"bundle_sold_individually_context":"","bundle_item_grouping":"","bundle_min_size":"","bundle_max_size":"","bundle_price":[],"bundled_items":[],"bundle_sell_ids":[],"acf":[],"_links":{"self":[{"href":"https:\/\/hi-techwonder.com\/es\/wp-json\/wp\/v2\/product\/73291","targetHints":{"allow":["GET"]}}],"collection":[{"href":"https:\/\/hi-techwonder.com\/es\/wp-json\/wp\/v2\/product"}],"about":[{"href":"https:\/\/hi-techwonder.com\/es\/wp-json\/wp\/v2\/types\/product"}],"replies":[{"embeddable":true,"href":"https:\/\/hi-techwonder.com\/es\/wp-json\/wp\/v2\/comments?post=73291"}],"wp:featuredmedia":[{"embeddable":true,"href":"https:\/\/hi-techwonder.com\/es\/wp-json\/wp\/v2\/media\/62738"}],"wp:attachment":[{"href":"https:\/\/hi-techwonder.com\/es\/wp-json\/wp\/v2\/media?parent=73291"}],"wp:term":[{"taxonomy":"product_brand","embeddable":true,"href":"https:\/\/hi-techwonder.com\/es\/wp-json\/wp\/v2\/product_brand?post=73291"},{"taxonomy":"product_cat","embeddable":true,"href":"https:\/\/hi-techwonder.com\/es\/wp-json\/wp\/v2\/product_cat?post=73291"},{"taxonomy":"product_tag","embeddable":true,"href":"https:\/\/hi-techwonder.com\/es\/wp-json\/wp\/v2\/product_tag?post=73291"}],"curies":[{"name":"wp","href":"https:\/\/api.w.org\/{rel}","templated":true}]}}