{"id":73294,"date":"2025-07-29T10:39:51","date_gmt":"2025-07-29T10:39:51","guid":{"rendered":"https:\/\/fv6qoy3ls0.wpdns.site\/produto\/manfrotto-mvk500190xv\/"},"modified":"2026-04-10T16:37:29","modified_gmt":"2026-04-10T15:37:29","slug":"manfrotto-mvk500190xv","status":"publish","type":"product","link":"https:\/\/hi-techwonder.com\/es\/producto\/manfrotto-mvk500190xv\/","title":{"rendered":"MANFROTTO MVK500190XV"},"content":{"rendered":"<p>El nuevo <strong>MV500190XV<\/strong> es un sistema de video que consta de un cabezal de video de MVH500AH fluido y un tr\u00edpode de aluminio de video de 190X dedicado, que ofrece un transporte m\u00e1ximo y conveniente.<\/p>\n<p> <span style=\"color: #000000;\">&nbsp;<\/span><\/p>\n<p> <span style=\"color: #000000;\"><span style=\"font-size: small;\"><span style=\"color: #000000;\"><br \/><strong>Recursos:<\/strong><br \/><\/span><\/span><\/span><\/p>\n<ul>\n<li> <span style=\"color: #000000;\"><span style=\"font-size: small;\"><span style=\"color: #000000;\">Base plana de cabezal de video 500 para mayor versatilidad<\/span><\/span><\/span><\/li>\n<li> <span style=\"color: #000000;\"><span style=\"font-size: small;\"><span style=\"color: #000000;\">Tr\u00edpode de aluminio de una sola pata, 3 secciones con columna niveladora<\/span><\/span><\/span><\/li>\n<li> <span style=\"color: #000000;\"><span style=\"font-size: small;\"><span style=\"color: #000000;\">Conectores Easy Link para accesorios externos<\/span><\/span><\/span><\/li>\n<\/ul>\n<p> <span style=\"color: #000000;\"><span style=\"font-size: small;\"><span style=\"color: #000000;\">&nbsp;<\/span><\/span><\/span><\/p>\n<p> <span style=\"color: #000000;\"><span style=\"font-size: small;\"><span style=\"color: #000000;\">El nuevo MVK500190XV es un sistema de video que consta de un cabezal de video de MVH500AH fluido y un tr\u00edpode de aluminio de video 190X dedicado, lo que garantiza la m\u00e1xima versatilidad y comodidad de transporte.<\/span><\/span><\/span><\/p>\n<p> <span style=\"color: #000000;\"><span style=\"font-size: small;\"><span style=\"color: #000000;\">&nbsp;<\/span><\/span><\/span><\/p>\n<p> <span style=\"color: #000000;\"><span style=\"font-size: small;\"><span style=\"color: #000000;\">El cabezal 500 viene en una versi\u00f3n de cama plana, para mayor versatilidad al usarlo en combinaci\u00f3n con otros accesorios de video (como el control deslizante o el brazo). Tambi\u00e9n tiene cartuchos de fluido en los ejes de giro e inclinaci\u00f3n para garantizar que cada movimiento de la c\u00e1mara sea suave. Viene con un sistema de bloqueo lateral, lo que permite que la c\u00e1mara y la placa deslizante hagan clic r\u00e1pidamente en la cabeza desde la parte superior, en lugar de tener que alinearla y deslizarla desde atr\u00e1s. El sistema de bloqueo lateral tambi\u00e9n hace que sea r\u00e1pido y sencillo levantar la c\u00e1mara desde la cabeza por encima. El cabezal tiene un contrapeso preestablecido de 2,4 kg a 55 mm de COG, pero puede contener hasta 5 kg de equipo. Tiene un conector Easy Link de 3\/8\u00bb para adaptarse a un monitor externo u otros accesorios.     <\/span><\/span><\/span><\/p>\n<p> <span style=\"color: #000000;\"><span style=\"font-size: small;\"><span style=\"color: #000000;\">&nbsp;<\/span><\/span><\/span><\/p>\n<p> <span style=\"color: #000000;\"><span style=\"font-size: small;\"><span style=\"color: #000000;\">El tr\u00edpode de video 190X de aluminio de 3 secciones y una sola pata cuenta con una columna de nivelaci\u00f3n para una configuraci\u00f3n r\u00e1pida y f\u00e1cil, patas ajustables f\u00e1cilmente extensibles y palancas Quick Power Lock (QPL) que bloquean o desbloquean r\u00e1pidamente cada secci\u00f3n de la pata.<\/span><\/span><\/span><\/p>\n<p> <span style=\"color: #000000;\"><span style=\"font-size: small;\"><span style=\"color: #000000;\">La fundici\u00f3n del tr\u00edpode tambi\u00e9n tiene un conector Easy Link equipado con antirrotaci\u00f3n para accesorios.<\/span><\/span><\/span><\/p>\n<p> <span style=\"color: #000000;\"><span style=\"font-size: small;\"><span style=\"color: #000000;\">&nbsp;<\/span><\/span><\/span><\/p>\n<p> <strong><span style=\"color: #000000;\"><span style=\"font-size: small;\"><span style=\"color: #000000;\">El sistema puede soportar hasta 5 kg.<\/span><\/span><\/span><\/strong><\/p>\n<p style=\"margin-bottom: 0cm;\"> <span style=\"color: #000000;\"><span style=\"font-size: small;\"><span style=\"color: #000000;\">&nbsp;<\/span><\/span><\/span> <\/p>\n<table style=\"width: 617px;\" border=\"0\" cellspacing=\"0\" cellpadding=\"2\">\n<colgroup>\n<col width=\"363\">\n<col width=\"246\"><\/colgroup>\n<tbody>\n<tr bgcolor=\"#ebebeb\">\n<th width=\"363\">\n<p class=\"western\" style=\"border: none; padding: 0cm;\" align=\"LEFT\"> <span style=\"font-size: small;\"><span style=\"color: #000000;\"><span style=\"font-size: small;\"><span style=\"color: #000000;\">Peso<\/span><\/span><\/span><\/span><\/p>\n<\/th>\n<td width=\"246\">\n<p style=\"border: none; padding: 0cm;\"> <span style=\"color: #000000;\"><span style=\"font-size: small;\"><span style=\"color: #000000;\">3200g<\/span><\/span><\/span> <\/p>\n<\/td>\n<\/tr>\n<tr bgcolor=\"#f8f8f8\">\n<th width=\"363\">\n<p class=\"western\" style=\"border: none; padding: 0cm;\" align=\"LEFT\"> <span style=\"font-size: small;\"><span style=\"color: #000000;\"><span style=\"font-size: small;\"><span style=\"color: #000000;\">Material<\/span><\/span><\/span><\/span><\/p>\n<\/th>\n<td width=\"246\">\n<p style=\"border: none; padding: 0cm;\"> <span style=\"color: #000000;\"><span style=\"font-size: small;\"><span style=\"color: #000000;\">Aluminio<\/span><\/span><\/span> <\/p>\n<\/td>\n<\/tr>\n<tr bgcolor=\"#ebebeb\">\n<th width=\"363\">\n<p class=\"western\" style=\"border: none; padding: 0cm;\" align=\"LEFT\"> <span style=\"font-size: small;\"><span style=\"color: #000000;\"><span style=\"font-size: small;\"><span style=\"color: #000000;\">Peso de la carga de seguridad<\/span><\/span><\/span><\/span><\/p>\n<\/th>\n<td width=\"246\">\n<p style=\"border: none; padding: 0cm;\"> <span style=\"color: #000000;\"><span style=\"font-size: small;\"><span style=\"color: #000000;\">5kg<\/span><\/span><\/span> <\/p>\n<\/td>\n<\/tr>\n<tr bgcolor=\"#f8f8f8\">\n<th width=\"363\">\n<p class=\"western\" style=\"border: none; padding: 0cm;\" align=\"LEFT\"> <span style=\"font-size: small;\"><span style=\"color: #000000;\"><span style=\"font-size: small;\"><span style=\"color: #000000;\">Altura m\u00ednima<\/span><\/span><\/span><\/span><\/p>\n<\/th>\n<td width=\"246\">\n<p style=\"border: none; padding: 0cm;\"> <span style=\"color: #000000;\"><span style=\"font-size: small;\"><span style=\"color: #000000;\">50,3 cm<\/span><\/span><\/span> <\/p>\n<\/td>\n<\/tr>\n<tr bgcolor=\"#ebebeb\">\n<th width=\"363\">\n<p class=\"western\" style=\"border: none; padding: 0cm;\" align=\"LEFT\"> <span style=\"font-size: small;\"><span style=\"color: #000000;\"><span style=\"font-size: small;\"><span style=\"color: #000000;\">Altura m\u00e1xima<\/span><\/span><\/span><\/span><\/p>\n<\/th>\n<td width=\"246\">\n<p style=\"border: none; padding: 0cm;\"> <span style=\"color: #000000;\"><span style=\"font-size: small;\"><span style=\"color: #000000;\">173,3 cm<\/span><\/span><\/span> <\/p>\n<\/td>\n<\/tr>\n<tr bgcolor=\"#f8f8f8\">\n<th width=\"363\">\n<p class=\"western\" style=\"border: none; padding: 0cm;\" align=\"LEFT\"> <span style=\"font-size: small;\"><span style=\"color: #000000;\"><span style=\"font-size: small;\"><span style=\"color: #000000;\">Tipo de cabeza<\/span><\/span><\/span><\/span><\/p>\n<\/th>\n<td width=\"246\">\n<p style=\"border: none; padding: 0cm;\"> <span style=\"color: #000000;\"><span style=\"font-size: small;\"><span style=\"color: #000000;\">V\u00eddeo\/Cabezal fluido<\/span><\/span><\/span> <\/p>\n<\/td>\n<\/tr>\n<tr bgcolor=\"#ebebeb\">\n<th width=\"363\">\n<p class=\"western\" style=\"border: none; padding: 0cm;\" align=\"LEFT\"> <span style=\"font-size: small;\"><span style=\"color: #000000;\"><span style=\"font-size: small;\"><span style=\"color: #000000;\">Piernas<\/span><\/span><\/span><\/span><\/p>\n<\/th>\n<td width=\"246\">\n<p style=\"border: none; padding: 0cm;\"> <span style=\"color: #000000;\"><span style=\"font-size: small;\"><span style=\"color: #000000;\">3<\/span><\/span><\/span> <\/p>\n<\/td>\n<\/tr>\n<tr bgcolor=\"#f8f8f8\">\n<th width=\"363\">\n<p class=\"western\" style=\"border: none; padding: 0cm;\" align=\"LEFT\"> <span style=\"font-size: small;\"><span style=\"color: #000000;\"><span style=\"font-size: small;\"><span style=\"color: #000000;\">Liberaci\u00f3n r\u00e1pida<\/span><\/span><\/span><\/span><\/p>\n<\/th>\n<td width=\"246\">\n<p style=\"border: none; padding: 0cm;\"> <span style=\"color: #000000;\"><span style=\"font-size: small;\"><span style=\"color: #000000;\">S\u00ed<\/span><\/span><\/span> <\/p>\n<\/td>\n<\/tr>\n<tr bgcolor=\"#ebebeb\">\n<th width=\"363\">\n<p class=\"western\" style=\"border: none; padding: 0cm;\" align=\"LEFT\"> <span style=\"font-size: small;\"><span style=\"color: #000000;\"><span style=\"font-size: small;\"><span style=\"color: #000000;\">Contrapeso<\/span><\/span><\/span><\/span><\/p>\n<\/th>\n<td width=\"246\">\n<p style=\"border: none; padding: 0cm;\"> <span style=\"color: #000000;\"><span style=\"font-size: small;\"><span style=\"color: #000000;\">2,4 kg<\/span><\/span><\/span> <\/p>\n<\/td>\n<\/tr>\n<tr bgcolor=\"#f8f8f8\">\n<th width=\"363\">\n<p class=\"western\" style=\"border: none; padding: 0cm;\" align=\"LEFT\"> <span style=\"font-size: small;\"><span style=\"color: #000000;\"><span style=\"font-size: small;\"><span style=\"color: #000000;\">Longitud cerrada<\/span><\/span><\/span><\/span><\/p>\n<\/th>\n<td width=\"246\">\n<p style=\"border: none; padding: 0cm;\"> <span style=\"color: #000000;\"><span style=\"font-size: small;\"><span style=\"color: #000000;\">72,2 cm<\/span><\/span><\/span> <\/p>\n<\/td>\n<\/tr>\n<tr bgcolor=\"#ebebeb\">\n<th width=\"363\">\n<p class=\"western\" style=\"border: none; padding: 0cm;\" align=\"LEFT\"> <span style=\"font-size: small;\"><span style=\"color: #000000;\"><span style=\"font-size: small;\"><span style=\"color: #000000;\">Bola plana<\/span><\/span><\/span><\/span><\/p>\n<\/th>\n<td width=\"246\">\n<p style=\"border: none; padding: 0cm;\"> <span style=\"color: #000000;\"><span style=\"font-size: small;\"><span style=\"color: #000000;\">Plan<\/span><\/span><\/span> <\/p>\n<\/td>\n<\/tr>\n<tr bgcolor=\"#f8f8f8\">\n<th width=\"363\">\n<p class=\"western\" style=\"border: none; padding: 0cm;\" align=\"LEFT\"> <span style=\"font-size: small;\"><span style=\"color: #000000;\"><span style=\"font-size: small;\"><span style=\"color: #000000;\">Compatibilidad de accesorios<\/span><\/span><\/span><\/span><\/p>\n<\/th>\n<td width=\"246\">\n<p style=\"border: none; padding: 0cm;\"> <span style=\"color: #000000;\"><span style=\"font-size: small;\"><span style=\"color: #000000;\">500HLV<\/span><\/span><\/span> <\/p>\n<\/td>\n<\/tr>\n<tr bgcolor=\"#ebebeb\">\n<th width=\"363\">\n<p class=\"western\" style=\"border: none; padding: 0cm;\" align=\"LEFT\"> <span style=\"font-size: small;\"><span style=\"color: #000000;\"><span style=\"font-size: small;\"><span style=\"color: #000000;\">Anexo superior<\/span><\/span><\/span><\/span><\/p>\n<\/th>\n<td width=\"246\">\n<p style=\"border: none; padding: 0cm;\"> <span style=\"color: #000000;\"><span style=\"font-size: small;\"><span style=\"color: #000000;\">1\/4? tornillo, 3\/8? tornillo<\/span><\/span><\/span> <\/p>\n<\/td>\n<\/tr>\n<tr bgcolor=\"#f8f8f8\">\n<th width=\"363\">\n<p class=\"western\" style=\"border: none; padding: 0cm;\" align=\"LEFT\"> <span style=\"font-size: small;\"><span style=\"color: #000000;\"><span style=\"font-size: small;\"><span style=\"color: #000000;\">Di\u00e1metro de la base<\/span><\/span><\/span><\/span><\/p>\n<\/th>\n<td width=\"246\">\n<p style=\"border: none; padding: 0cm;\"> <span style=\"color: #000000;\"><span style=\"font-size: small;\"><span style=\"color: #000000;\">60 mil\u00edmetros<\/span><\/span><\/span> <\/p>\n<\/td>\n<\/tr>\n<tr bgcolor=\"#ebebeb\">\n<th width=\"363\">\n<p class=\"western\" style=\"border: none; padding: 0cm;\" align=\"LEFT\"> <span style=\"font-size: small;\"><span style=\"color: #000000;\"><span style=\"font-size: small;\"><span style=\"color: #000000;\">Alimentado por (bater\u00edas)<\/span><\/span><\/span><\/span><\/p>\n<\/th>\n<td width=\"246\">\n<p style=\"border: none; padding: 0cm;\"> <span style=\"color: #000000;\"><span style=\"font-size: small;\"><span style=\"color: #000000;\">0<\/span><\/span><\/span> <\/p>\n<\/td>\n<\/tr>\n<tr bgcolor=\"#f8f8f8\">\n<th width=\"363\">\n<p class=\"western\" style=\"border: none; padding: 0cm;\" align=\"LEFT\"> <span style=\"font-size: small;\"><span style=\"color: #000000;\"><span style=\"font-size: small;\"><span style=\"color: #000000;\">Nivel de burbuja (No.)<\/span><\/span><\/span><\/span><\/p>\n<\/th>\n<td width=\"246\">\n<p style=\"border: none; padding: 0cm;\"> <span style=\"color: #000000;\"><span style=\"font-size: small;\"><span style=\"color: #000000;\">1<\/span><\/span><\/span> <\/p>\n<\/td>\n<\/tr>\n<tr bgcolor=\"#ebebeb\">\n<th width=\"363\">\n<p class=\"western\" style=\"border: none; padding: 0cm;\" align=\"LEFT\"> <span style=\"font-size: small;\"><span style=\"color: #000000;\"><span style=\"font-size: small;\"><span style=\"color: #000000;\">Certificaciones<\/span><\/span><\/span><\/span><\/p>\n<\/th>\n<td width=\"246\">\n<p style=\"border: none; padding: 0cm;\"> <span style=\"color: #000000;\"><span style=\"font-size: small;\"><span style=\"color: #000000;\">Ninguno<\/span><\/span><\/span> <\/p>\n<\/td>\n<\/tr>\n<tr bgcolor=\"#f8f8f8\">\n<th width=\"363\">\n<p class=\"western\" style=\"border: none; padding: 0cm;\" align=\"LEFT\"> <span style=\"font-size: small;\"><span style=\"color: #000000;\"><span style=\"font-size: small;\"><span style=\"color: #000000;\">Color<\/span><\/span><\/span><\/span><\/p>\n<\/th>\n<td width=\"246\">\n<p style=\"border: none; padding: 0cm;\"> <span style=\"color: #000000;\"><span style=\"font-size: small;\"><span style=\"color: #000000;\">Negro<\/span><\/span><\/span> <\/p>\n<\/td>\n<\/tr>\n<tr bgcolor=\"#ebebeb\">\n<th width=\"363\">\n<p class=\"western\" style=\"border: none; padding: 0cm;\" align=\"LEFT\"> <span style=\"font-size: small;\"><span style=\"color: #000000;\"><span style=\"font-size: small;\"><span style=\"color: #000000;\">Enlace f\u00e1cil<\/span><\/span><\/span><\/span><\/p>\n<\/th>\n<td width=\"246\">\n<p style=\"border: none; padding: 0cm;\"> <span style=\"color: #000000;\"><span style=\"font-size: small;\"><span style=\"color: #000000;\">S\u00ed<\/span><\/span><\/span> <\/p>\n<\/td>\n<\/tr>\n<tr bgcolor=\"#f8f8f8\">\n<th width=\"363\">\n<p class=\"western\" style=\"border: none; padding: 0cm;\" align=\"LEFT\"> <span style=\"font-size: small;\"><span style=\"color: #000000;\"><span style=\"font-size: small;\"><span style=\"color: #000000;\">Inclinaci\u00f3n frontal<\/span><\/span><\/span><\/span><\/p>\n<\/th>\n<td width=\"246\">\n<p style=\"border: none; padding: 0cm;\"> <span style=\"color: #000000;\"><span style=\"font-size: small;\"><span style=\"color: #000000;\">-70\u00b0 \/ +90\u00b0<\/span><\/span><\/span> <\/p>\n<\/td>\n<\/tr>\n<tr bgcolor=\"#ebebeb\">\n<th width=\"363\">\n<p class=\"western\" style=\"border: none; padding: 0cm;\" align=\"LEFT\"> <span style=\"font-size: small;\"><span style=\"color: #000000;\"><span style=\"font-size: small;\"><span style=\"color: #000000;\">Tipo de pata<\/span><\/span><\/span><\/span><\/p>\n<\/th>\n<td width=\"246\">\n<p style=\"border: none; padding: 0cm;\"> <span style=\"color: #000000;\"><span style=\"font-size: small;\"><span style=\"color: #000000;\">Soltero<\/span><\/span><\/span> <\/p>\n<\/td>\n<\/tr>\n<tr bgcolor=\"#f8f8f8\">\n<th width=\"363\">\n<p class=\"western\" style=\"border: none; padding: 0cm;\" align=\"LEFT\"> <span style=\"font-size: small;\"><span style=\"color: #000000;\"><span style=\"font-size: small;\"><span style=\"color: #000000;\">\u00c1ngulos de patas<\/span><\/span><\/span><\/span><\/p>\n<\/th>\n<td width=\"246\">\n<p style=\"border: none; padding: 0cm;\"> <span style=\"color: #000000;\"><span style=\"font-size: small;\"><span style=\"color: #000000;\">25\u00b0,46\u00b0,66\u00b0,88\u00b0<\/span><\/span><\/span> <\/p>\n<\/td>\n<\/tr>\n<tr bgcolor=\"#ebebeb\">\n<th width=\"363\">\n<p class=\"western\" style=\"border: none; padding: 0cm;\" align=\"LEFT\"> <span style=\"font-size: small;\"><span style=\"color: #000000;\"><span style=\"font-size: small;\"><span style=\"color: #000000;\">Tipo de bloqueo de patas<\/span><\/span><\/span><\/span><\/p>\n<\/th>\n<td width=\"246\">\n<p style=\"border: none; padding: 0cm;\"> <span style=\"color: #000000;\"><span style=\"font-size: small;\"><span style=\"color: #000000;\">Bloqueo abatible<\/span><\/span><\/span> <\/p>\n<\/td>\n<\/tr>\n<tr bgcolor=\"#f8f8f8\">\n<th width=\"363\">\n<p class=\"western\" style=\"border: none; padding: 0cm;\" align=\"LEFT\"> <span style=\"font-size: small;\"><span style=\"color: #000000;\"><span style=\"font-size: small;\"><span style=\"color: #000000;\">Altura m\u00e1xima (con la columna central hacia abajo)<\/span><\/span><\/span><\/span><\/p>\n<\/th>\n<td width=\"246\">\n<p style=\"border: none; padding: 0cm;\"> <span style=\"color: #000000;\"><span style=\"font-size: small;\"><span style=\"color: #000000;\">149,3 cm<\/span><\/span><\/span> <\/p>\n<\/td>\n<\/tr>\n<tr bgcolor=\"#ebebeb\">\n<th width=\"363\">\n<p class=\"western\" style=\"border: none; padding: 0cm;\" align=\"LEFT\"> <span style=\"font-size: small;\"><span style=\"color: #000000;\"><span style=\"font-size: small;\"><span style=\"color: #000000;\">Temperatura m\u00e1xima de trabajo<\/span><\/span><\/span><\/span><\/p>\n<\/th>\n<td width=\"246\">\n<p style=\"border: none; padding: 0cm;\"> <span style=\"color: #000000;\"><span style=\"font-size: small;\"><span style=\"color: #000000;\">60<\/span><\/span><\/span> <\/p>\n<\/td>\n<\/tr>\n<tr bgcolor=\"#f8f8f8\">\n<th width=\"363\">\n<p class=\"western\" style=\"border: none; padding: 0cm;\" align=\"LEFT\"> <span style=\"font-size: small;\"><span style=\"color: #000000;\"><span style=\"font-size: small;\"><span style=\"color: #000000;\">Temperatura m\u00ednima de trabajo<\/span><\/span><\/span><\/span><\/p>\n<\/th>\n<td width=\"246\">\n<p style=\"border: none; padding: 0cm;\"> <span style=\"color: #000000;\"><span style=\"font-size: small;\"><span style=\"color: #000000;\">-20<\/span><\/span><\/span> <\/p>\n<\/td>\n<\/tr>\n<tr bgcolor=\"#ebebeb\">\n<th width=\"363\">\n<p class=\"western\" style=\"border: none; padding: 0cm;\" align=\"LEFT\"> <span style=\"font-size: small;\"><span style=\"color: #000000;\"><span style=\"font-size: small;\"><span style=\"color: #000000;\">Barra de pan incluida<\/span><\/span><\/span><\/span><\/p>\n<\/th>\n<td width=\"246\">\n<p style=\"border: none; padding: 0cm;\"> <span style=\"color: #000000;\"><span style=\"font-size: small;\"><span style=\"color: #000000;\">S\u00ed<\/span><\/span><\/span> <\/p>\n<\/td>\n<\/tr>\n<tr bgcolor=\"#f8f8f8\">\n<th width=\"363\">\n<p class=\"western\" style=\"border: none; padding: 0cm;\" align=\"LEFT\"> <span style=\"font-size: small;\"><span style=\"color: #000000;\"><span style=\"font-size: small;\"><span style=\"color: #000000;\">Arrastrar panor\u00e1mica<\/span><\/span><\/span><\/span><\/p>\n<\/th>\n<td width=\"246\">\n<p style=\"border: none; padding: 0cm;\"> <span style=\"color: #000000;\"><span style=\"font-size: small;\"><span style=\"color: #000000;\">Cartucho de fluido con freno fijo<\/span><\/span><\/span> <\/p>\n<\/td>\n<\/tr>\n<tr bgcolor=\"#ebebeb\">\n<th width=\"363\">\n<p class=\"western\" style=\"border: none; padding: 0cm;\" align=\"LEFT\"> <span style=\"font-size: small;\"><span style=\"color: #000000;\"><span style=\"font-size: small;\"><span style=\"color: #000000;\">Rotaci\u00f3n de la bandeja<\/span><\/span><\/span><\/span><\/p>\n<\/th>\n<td width=\"246\">\n<p style=\"border: none; padding: 0cm;\"> <span style=\"color: #000000;\"><span style=\"font-size: small;\"><span style=\"color: #000000;\">360<\/span><\/span><\/span> <\/p>\n<\/td>\n<\/tr>\n<tr bgcolor=\"#f8f8f8\">\n<th width=\"363\">\n<p class=\"western\" style=\"border: none; padding: 0cm;\" align=\"LEFT\"> <span style=\"font-size: small;\"><span style=\"color: #000000;\"><span style=\"font-size: small;\"><span style=\"color: #000000;\">Tipo de placa<\/span><\/span><\/span><\/span><\/p>\n<\/th>\n<td width=\"246\">\n<p style=\"border: none; padding: 0cm;\"> <span style=\"color: #000000;\"><span style=\"font-size: small;\"><span style=\"color: #000000;\">500PLONG<\/span><\/span><\/span> <\/p>\n<\/td>\n<\/tr>\n<tr bgcolor=\"#ebebeb\">\n<th width=\"363\">\n<p class=\"western\" style=\"border: none; padding: 0cm;\" align=\"LEFT\"> <span style=\"font-size: small;\"><span style=\"color: #000000;\"><span style=\"font-size: small;\"><span style=\"color: #000000;\">Arrastre de inclinaci\u00f3n<\/span><\/span><\/span><\/span><\/p>\n<\/th>\n<td width=\"246\">\n<p style=\"border: none; padding: 0cm;\"> <span style=\"color: #000000;\"><span style=\"font-size: small;\"><span style=\"color: #000000;\">Cartucho de fluido con freno fijo<\/span><\/span><\/span> <\/p>\n<\/td>\n<\/tr>\n<tr bgcolor=\"#f8f8f8\">\n<th width=\"363\">\n<p class=\"western\" style=\"border: none; padding: 0cm;\" align=\"LEFT\"> <span style=\"font-size: small;\"><span style=\"color: #000000;\"><span style=\"font-size: small;\"><span style=\"color: #000000;\">Di\u00e1metro del disco superior<\/span><\/span><\/span><\/span><\/p>\n<\/th>\n<td width=\"246\">\n<p style=\"border: none; padding: 0cm;\"> <span style=\"color: #000000;\"><span style=\"font-size: small;\"><span style=\"color: #000000;\">60 mil\u00edmetros<\/span><\/span><\/span><\/p>\n<\/td>\n<\/tr>\n<\/tbody>\n<\/table>\n<p> <strong><span style=\"color: #000000;\"><br \/>En la caja<\/span><\/strong><\/p>\n<ul>\n<li> <span style=\"color: #000000;\">Manfrotto 500 Cabezal de video fluido con tr\u00edpode de aluminio de video 190X y kit de columna niveladora<\/span><\/li>\n<li> <span style=\"color: #000000;\">Cabezal de v\u00eddeo de MVH500AH fluido con base plana<\/span><\/li>\n<li> <span style=\"color: #000000;\">Patas de aluminio de 3 secciones de 190X con columna central niveladora<\/span><\/li>\n<\/ul>\n","protected":false},"excerpt":{"rendered":"<p>El nuevo MV500190XV es un sistema de video que consta de un cabezal de video de MVH500AH fluido y un<\/p>\n","protected":false},"featured_media":65857,"comment_status":"closed","ping_status":"open","template":"","meta":{"_acf_changed":false},"product_brand":[2581],"product_cat":[1091],"product_tag":[],"class_list":{"0":"post-73294","1":"product","2":"type-product","3":"status-publish","4":"has-post-thumbnail","6":"product_brand-manfrotto-es","7":"product_cat-kits-de-video-es","9":"first","10":"pre-order","11":"taxable","12":"shipping-taxable","13":"purchasable","14":"product-type-simple"},"bundled_by":[],"bundle_stock_status":"pre-order","bundle_stock_quantity":null,"bundle_virtual":false,"bundle_layout":"","bundle_add_to_cart_form_location":"","bundle_editable_in_cart":false,"bundle_sold_individually_context":"","bundle_item_grouping":"","bundle_min_size":"","bundle_max_size":"","bundle_price":[],"bundled_items":[],"bundle_sell_ids":[],"acf":[],"_links":{"self":[{"href":"https:\/\/hi-techwonder.com\/es\/wp-json\/wp\/v2\/product\/73294","targetHints":{"allow":["GET"]}}],"collection":[{"href":"https:\/\/hi-techwonder.com\/es\/wp-json\/wp\/v2\/product"}],"about":[{"href":"https:\/\/hi-techwonder.com\/es\/wp-json\/wp\/v2\/types\/product"}],"replies":[{"embeddable":true,"href":"https:\/\/hi-techwonder.com\/es\/wp-json\/wp\/v2\/comments?post=73294"}],"wp:featuredmedia":[{"embeddable":true,"href":"https:\/\/hi-techwonder.com\/es\/wp-json\/wp\/v2\/media\/65857"}],"wp:attachment":[{"href":"https:\/\/hi-techwonder.com\/es\/wp-json\/wp\/v2\/media?parent=73294"}],"wp:term":[{"taxonomy":"product_brand","embeddable":true,"href":"https:\/\/hi-techwonder.com\/es\/wp-json\/wp\/v2\/product_brand?post=73294"},{"taxonomy":"product_cat","embeddable":true,"href":"https:\/\/hi-techwonder.com\/es\/wp-json\/wp\/v2\/product_cat?post=73294"},{"taxonomy":"product_tag","embeddable":true,"href":"https:\/\/hi-techwonder.com\/es\/wp-json\/wp\/v2\/product_tag?post=73294"}],"curies":[{"name":"wp","href":"https:\/\/api.w.org\/{rel}","templated":true}]}}