{"id":73335,"date":"2025-07-29T10:02:49","date_gmt":"2025-07-29T10:02:49","guid":{"rendered":"https:\/\/fv6qoy3ls0.wpdns.site\/produto\/iluminador-de-anillo-de-luz-led-nanlite-halo10-bicolor\/"},"modified":"2026-03-13T10:23:03","modified_gmt":"2026-03-13T10:23:03","slug":"nanlite-iluminador-de-anillo-de-luz-led-nanlite-halo10-bicolor","status":"publish","type":"product","link":"https:\/\/hi-techwonder.com\/es\/producto\/nanlite-iluminador-de-anillo-de-luz-led-nanlite-halo10-bicolor\/","title":{"rendered":"Iluminador de anillo de luz LED NANLITE HALO10 (bicolor)"},"content":{"rendered":"<p><strong>Iluminador de anillo de luz LED NANLITE HALO10 (bicolor)<\/strong><\/p>\n<p><strong>Contenido del paquete:<\/strong><\/p>\n<ul>\n<li>1 x Anillo de luz HALO10<\/li>\n<li>1 x Espejo<\/li>\n<li>1 x Soporte para tel\u00e9fono.<\/li>\n<\/ul>\n<p><iframe loading=\"lazy\" src=\"https:\/\/www.youtube.com\/embed\/kF4iCt9yfBg\" width=\"560\" height=\"314\" allowfullscreen=\"allowfullscreen\"><\/iframe><\/p>\n<p><strong>Iluminador LED HALO10<\/strong> &#8211; Ofrece una luz suave, bicolor, de alto CRI y f\u00e1cil de configurar.<\/p>\n<p>El iluminador Halo10 es ultra delgado y bicolor entre colores c\u00e1lidos y fr\u00edos.<\/p>\n<p>Tiene un \u00e1ngulo de ajuste de 180\u00ba.<\/p>\n<p>Alimentado por cualquier fuente de alimentaci\u00f3n USB, como cargadores de tel\u00e9fonos inteligentes y bancos de energ\u00eda (no incluidos).<\/p>\n<p><strong>Especificaciones t\u00e9cnicas:<\/strong><\/p>\n<ul>\n<li><strong>Fuente de alimentaci\u00f3n:<\/strong> USB 5V<\/li>\n<li><strong>CRI (Ra):<\/strong> 95<\/li>\n<li><strong>Temperatura de color:<\/strong> 2700K &#8211; 6500K<\/li>\n<li><strong>Atenuaci\u00f3n:<\/strong> 0 a 100%<\/li>\n<li><b>Dimensiones: <\/b>Di\u00e1metro exterior: 25,5 cm , Di\u00e1metro interior: 18,5 cm<\/li>\n<\/ul>\n","protected":false},"excerpt":{"rendered":"<p>Iluminador de anillo de luz LED NANLITE HALO10 (bicolor) Contenido del paquete: 1 x Anillo de luz HALO10 1 x<\/p>\n","protected":false},"featured_media":57474,"comment_status":"closed","ping_status":"closed","template":"","meta":{"_acf_changed":false},"product_brand":[2592],"product_cat":[993],"product_tag":[],"class_list":{"0":"post-73335","1":"product","2":"type-product","3":"status-publish","4":"has-post-thumbnail","6":"product_brand-nanlite-es","7":"product_cat-anulares","9":"first","10":"instock","11":"sold-individually","12":"taxable","13":"shipping-taxable","14":"purchasable","15":"product-type-simple"},"bundled_by":[],"bundle_stock_status":"instock","bundle_stock_quantity":11,"bundle_virtual":false,"bundle_layout":"","bundle_add_to_cart_form_location":"","bundle_editable_in_cart":false,"bundle_sold_individually_context":"","bundle_item_grouping":"","bundle_min_size":"","bundle_max_size":"","bundle_price":[],"bundled_items":[],"bundle_sell_ids":[],"acf":[],"_links":{"self":[{"href":"https:\/\/hi-techwonder.com\/es\/wp-json\/wp\/v2\/product\/73335","targetHints":{"allow":["GET"]}}],"collection":[{"href":"https:\/\/hi-techwonder.com\/es\/wp-json\/wp\/v2\/product"}],"about":[{"href":"https:\/\/hi-techwonder.com\/es\/wp-json\/wp\/v2\/types\/product"}],"replies":[{"embeddable":true,"href":"https:\/\/hi-techwonder.com\/es\/wp-json\/wp\/v2\/comments?post=73335"}],"wp:featuredmedia":[{"embeddable":true,"href":"https:\/\/hi-techwonder.com\/es\/wp-json\/wp\/v2\/media\/57474"}],"wp:attachment":[{"href":"https:\/\/hi-techwonder.com\/es\/wp-json\/wp\/v2\/media?parent=73335"}],"wp:term":[{"taxonomy":"product_brand","embeddable":true,"href":"https:\/\/hi-techwonder.com\/es\/wp-json\/wp\/v2\/product_brand?post=73335"},{"taxonomy":"product_cat","embeddable":true,"href":"https:\/\/hi-techwonder.com\/es\/wp-json\/wp\/v2\/product_cat?post=73335"},{"taxonomy":"product_tag","embeddable":true,"href":"https:\/\/hi-techwonder.com\/es\/wp-json\/wp\/v2\/product_tag?post=73335"}],"curies":[{"name":"wp","href":"https:\/\/api.w.org\/{rel}","templated":true}]}}