{"id":73373,"date":"2025-07-29T08:53:36","date_gmt":"2025-07-29T08:53:36","guid":{"rendered":"https:\/\/fv6qoy3ls0.wpdns.site\/produto\/nice-disparador-canon-ne-c3-rs-80-1m\/"},"modified":"2025-07-29T08:53:36","modified_gmt":"2025-07-29T08:53:36","slug":"nice-disparador-canon-ne-c3-rs-80-1m","status":"publish","type":"product","link":"https:\/\/hi-techwonder.com\/es\/producto\/nice-disparador-canon-ne-c3-rs-80-1m\/","title":{"rendered":"NICE Disparador Canon NE-C3 (RS-80) &#8211; 1m"},"content":{"rendered":"<p><strong><span style=\"font-family: helvetica, arial, sans-serif; font-size: 12pt;\">NICE Canon NE-C3 \/ RS-80 Disparador &#8211; 1m<\/strong><\/span><\/p>\n<p>Un mando a distancia compacto que contiene todas las funciones del disparador de tu c\u00e1mara. Particularmente importante para evitar el movimiento de la c\u00e1mara, lo hace conveniente y f\u00e1cil de usar al tomar fotos de larga exposici\u00f3n.<br \/>Presionar el bot\u00f3n hasta la mitad har\u00e1 que la c\u00e1mara enfoque, presionarlo activar\u00e1 el obturador y har\u00e1 que la c\u00e1mara tome una foto. Para realizar exposiciones largas, pulse el bot\u00f3n por completo y desl\u00edcelo en la direcci\u00f3n de la flecha para bloquear el bot\u00f3n en la posici\u00f3n pulsada. Para desbloquear el bot\u00f3n, desl\u00edcelo de nuevo a su posici\u00f3n original   <\/p>\n<p><strong><span style=\"color: #6f6f6f;\"><span style=\"font-family: helvetica, arial, sans-serif;\"><span style=\"font-size: medium;\">Caracter\u00edsticas t\u00e9cnicas:  <\/span><\/span><\/strong> <\/span><\/p>\n<table border=\"0\" width=\"100%\" cellspacing=\"0\" cellpadding=\"2\">\n<colgroup>\n<col width=\"97*\">\n<col width=\"159*\"> <\/colgroup>\n<tbody>\n<tr>\n<td width=\"38%\"><span style=\"color: #6f6f6f;\"><span style=\"font-family: helvetica, arial, sans-serif;\"><span style=\"font-size: medium;\">Modelo:<\/span><\/span> <\/span><\/td>\n<td width=\"62%\"> <span style=\"color: #6f6f6f;\"><span style=\"font-family: helvetica, arial, sans-serif;\"><span style=\"font-size: medium;\">NE-C3 \/ RS-80<\/span><\/span> <\/span><\/td>\n<\/tr>\n<tr>\n<td width=\"38%\"><span style=\"color: #6f6f6f;\"><span style=\"font-family: helvetica, arial, sans-serif;\"><span style=\"font-size: medium;\">Longitud del cable:<\/span><\/span> <\/span><\/td>\n<td width=\"62%\"> <span style=\"color: #6f6f6f;\"><span style=\"font-family: helvetica, arial, sans-serif;\"><span style=\"font-size: medium;\">1 m<\/span><\/span> <\/span><\/td>\n<\/tr>\n<tr>\n<td width=\"38%\"><span style=\"color: #6f6f6f;\"><span style=\"font-family: helvetica, arial, sans-serif;\"><span style=\"font-size: medium;\">Peso: <\/span><\/span> <\/span><\/td>\n<td width=\"62%\"> <span style=\"color: #6f6f6f;\"><span style=\"font-family: helvetica, arial, sans-serif;\"><span style=\"font-size: medium;\">75 gramos<\/span><\/span> <\/span><\/td>\n<\/tr>\n<tr>\n<td width=\"38%\">&nbsp;<\/td>\n<td width=\"62%\">&nbsp;<\/td>\n<\/tr>\n<tr>\n<td width=\"38%\"><span style=\"color: #6f6f6f;\"><span style=\"font-family: helvetica, arial, sans-serif;\"><span style=\"font-size: medium;\">Compatibilidad:<\/span><\/span> <\/span><\/td>\n<td width=\"62%\"><span style=\"color: #6f6f6f;\"><span style=\"font-family: helvetica, arial, sans-serif;\"><span style=\"font-size: medium;\">Can\u00f3nigo:<\/span><\/span><\/span><br \/><span style=\"color: #6f6f6f;\"><span style=\"font-family: helvetica, arial, sans-serif;\"><span style=\"font-size: medium;\">EOS 1D, 1D Mark III, 1D Mark IV, 1D Mark II N, 1Ds, 1Ds Mark III, 5D, 5D Mark II, 7D, 10D, 20D, 30D, 40D, 50D, D30, D60, D2000, 1v hS, 1v3<\/span><\/span> <\/span><\/td>\n<\/tr>\n<\/tbody>\n<\/table>\n","protected":false},"excerpt":{"rendered":"<p>NICE Canon NE-C3 \/ RS-80 Disparador &#8211; 1m Un mando a distancia compacto que contiene todas las funciones del disparador<\/p>\n","protected":false},"featured_media":42436,"comment_status":"closed","ping_status":"open","template":"","meta":{"_acf_changed":false},"product_brand":[2663],"product_cat":[919],"product_tag":[],"class_list":{"0":"post-73373","1":"product","2":"type-product","3":"status-publish","4":"has-post-thumbnail","6":"product_brand-nice-es","7":"product_cat-disparadores-es","9":"first","10":"instock","11":"taxable","12":"shipping-taxable","13":"purchasable","14":"product-type-simple"},"bundled_by":[],"bundle_stock_status":"instock","bundle_stock_quantity":2,"bundle_virtual":false,"bundle_layout":"","bundle_add_to_cart_form_location":"","bundle_editable_in_cart":false,"bundle_sold_individually_context":"","bundle_item_grouping":"","bundle_min_size":"","bundle_max_size":"","bundle_price":[],"bundled_items":[],"bundle_sell_ids":[],"acf":[],"_links":{"self":[{"href":"https:\/\/hi-techwonder.com\/es\/wp-json\/wp\/v2\/product\/73373","targetHints":{"allow":["GET"]}}],"collection":[{"href":"https:\/\/hi-techwonder.com\/es\/wp-json\/wp\/v2\/product"}],"about":[{"href":"https:\/\/hi-techwonder.com\/es\/wp-json\/wp\/v2\/types\/product"}],"replies":[{"embeddable":true,"href":"https:\/\/hi-techwonder.com\/es\/wp-json\/wp\/v2\/comments?post=73373"}],"wp:featuredmedia":[{"embeddable":true,"href":"https:\/\/hi-techwonder.com\/es\/wp-json\/wp\/v2\/media\/42436"}],"wp:attachment":[{"href":"https:\/\/hi-techwonder.com\/es\/wp-json\/wp\/v2\/media?parent=73373"}],"wp:term":[{"taxonomy":"product_brand","embeddable":true,"href":"https:\/\/hi-techwonder.com\/es\/wp-json\/wp\/v2\/product_brand?post=73373"},{"taxonomy":"product_cat","embeddable":true,"href":"https:\/\/hi-techwonder.com\/es\/wp-json\/wp\/v2\/product_cat?post=73373"},{"taxonomy":"product_tag","embeddable":true,"href":"https:\/\/hi-techwonder.com\/es\/wp-json\/wp\/v2\/product_tag?post=73373"}],"curies":[{"name":"wp","href":"https:\/\/api.w.org\/{rel}","templated":true}]}}