{"id":73374,"date":"2025-07-28T23:33:05","date_gmt":"2025-07-28T23:33:05","guid":{"rendered":"https:\/\/fv6qoy3ls0.wpdns.site\/produto\/cargador-dual-newell-para-dmw-blj31\/"},"modified":"2026-01-31T03:49:47","modified_gmt":"2026-01-31T03:49:47","slug":"newell-cargador-dual-newell-para-dmw-blj31","status":"publish","type":"product","link":"https:\/\/hi-techwonder.com\/es\/producto\/newell-cargador-dual-newell-para-dmw-blj31\/","title":{"rendered":"NEWELL Cargador dual para DMW-BLJ31"},"content":{"rendered":"<p><strong>Cargador dual NEWELL para DMW-BLJ31<\/strong><\/p>\n<p>Cuando tiene acceso limitado a la red el\u00e9ctrica, el Newell DL-USB-C viene al rescate: un cargador profesional compacto alimentado por USB con dos canales de carga y una pantalla.<\/p>\n<p><strong>Dimensiones compactas<\/strong><\/p>\n<p>El Newell DL-USB-C tiene aproximadamente el tama\u00f1o de una tarjeta de cr\u00e9dito y solo tiene 2 pulgadas de grosor. Sus dimensiones compactas de 45 gramos hacen que sea f\u00e1cil de guardar con el resto de tu equipo y se convierta en un compa\u00f1ero para cualquier viaje. <\/p>\n<p><strong>M\u00faltiples opciones de alimentaci\u00f3n<\/strong><\/p>\n<p>Con la capacidad de alimentarse desde cualquier puerto USB, puede usar el dispositivo con su computadora port\u00e1til, banco de energ\u00eda, cargador de tel\u00e9fono inteligente o mientras conduce.<\/p>\n<p><strong>Dos canales de carga y seguridad<\/strong><\/p>\n<p>El cargador Newell tiene dos canales de carga independientes, para que pueda cargar sus bater\u00edas m\u00e1s r\u00e1pido. Los controladores avanzados regulan los par\u00e1metros del proceso de carga, protegiendo contra el sobrecalentamiento y la sobrecarga, asegurando la m\u00e1xima duraci\u00f3n de la bater\u00eda. <\/p>\n<p><strong>Informaci\u00f3n sobre el estado de carga<\/strong><\/p>\n<p>Gracias a la pantalla integrada, es f\u00e1cil ver el estado de carga de las bater\u00edas individuales en cualquier momento.<\/p>\n<p><strong>Muchos a\u00f1os de experiencia<\/strong><\/p>\n<p>La marca Newell ha estado en el negocio durante muchos a\u00f1os y tiene una larga lista de clientes satisfechos entre fot\u00f3grafos profesionales y aficionados.<\/p>\n<p><strong>Compatibilidad<\/strong><\/p>\n<ul>\n<li>Bater\u00eda DMW-BLJ31<\/li>\n<\/ul>\n<p><strong>C\u00e1maras compatibles:<\/strong><\/p>\n<ul>\n<li>Panasonic DMW-BGS1<\/li>\n<li>Panasonic Lumix DC-S1<\/li>\n<li>Panasonic Lumix DC-S1H<\/li>\n<li>Panasonic Lumix DC-S1R<\/li>\n<li>Panasonic Lumix S1<\/li>\n<li>Panasonic Lumix S1H<\/li>\n<li>Panasonic Lumix S1R<\/li>\n<\/ul>\n<p><strong>Especificaci\u00f3n<\/strong><\/p>\n<ul>\n<li>Fuente de alimentaci\u00f3n: micro USB\/USB-C 5V; 2.1 A<\/li>\n<li>corriente de carga: 8,4 V; 1 x 700 mA \/ 2 x 500 mA<\/li>\n<li>Dimensiones del cargador: 9 x 5,5 x 2,2 cm<\/li>\n<li>Peso: 45 g (sin cable)<\/li>\n<\/ul>\n<p><strong>Contenido del kit<\/strong><\/p>\n<ul>\n<li>cargador<\/li>\n<li>USB: cable de alimentaci\u00f3n microUSB (no se incluye adaptador de corriente)<\/li>\n<\/ul>\n","protected":false},"excerpt":{"rendered":"<p>Cargador dual NEWELL para DMW-BLJ31 Cuando tiene acceso limitado a la red el\u00e9ctrica, el Newell DL-USB-C viene al rescate: un<\/p>\n","protected":false},"featured_media":23740,"comment_status":"closed","ping_status":"closed","template":"","meta":{"_acf_changed":false},"product_brand":[2563],"product_cat":[873],"product_tag":[],"class_list":{"0":"post-73374","1":"product","2":"type-product","3":"status-publish","4":"has-post-thumbnail","6":"product_brand-newell-es","7":"product_cat-panasonic-cargadores","9":"first","10":"instock","11":"taxable","12":"shipping-taxable","13":"purchasable","14":"product-type-simple"},"bundled_by":[],"bundle_stock_status":"instock","bundle_stock_quantity":1,"bundle_virtual":false,"bundle_layout":"","bundle_add_to_cart_form_location":"","bundle_editable_in_cart":false,"bundle_sold_individually_context":"","bundle_item_grouping":"","bundle_min_size":"","bundle_max_size":"","bundle_price":[],"bundled_items":[],"bundle_sell_ids":[],"acf":[],"_links":{"self":[{"href":"https:\/\/hi-techwonder.com\/es\/wp-json\/wp\/v2\/product\/73374","targetHints":{"allow":["GET"]}}],"collection":[{"href":"https:\/\/hi-techwonder.com\/es\/wp-json\/wp\/v2\/product"}],"about":[{"href":"https:\/\/hi-techwonder.com\/es\/wp-json\/wp\/v2\/types\/product"}],"replies":[{"embeddable":true,"href":"https:\/\/hi-techwonder.com\/es\/wp-json\/wp\/v2\/comments?post=73374"}],"wp:featuredmedia":[{"embeddable":true,"href":"https:\/\/hi-techwonder.com\/es\/wp-json\/wp\/v2\/media\/23740"}],"wp:attachment":[{"href":"https:\/\/hi-techwonder.com\/es\/wp-json\/wp\/v2\/media?parent=73374"}],"wp:term":[{"taxonomy":"product_brand","embeddable":true,"href":"https:\/\/hi-techwonder.com\/es\/wp-json\/wp\/v2\/product_brand?post=73374"},{"taxonomy":"product_cat","embeddable":true,"href":"https:\/\/hi-techwonder.com\/es\/wp-json\/wp\/v2\/product_cat?post=73374"},{"taxonomy":"product_tag","embeddable":true,"href":"https:\/\/hi-techwonder.com\/es\/wp-json\/wp\/v2\/product_tag?post=73374"}],"curies":[{"name":"wp","href":"https:\/\/api.w.org\/{rel}","templated":true}]}}