{"id":73376,"date":"2025-07-28T23:34:45","date_gmt":"2025-07-28T23:34:45","guid":{"rendered":"https:\/\/fv6qoy3ls0.wpdns.site\/produto\/estudio-portatil-newell-m20-24x23x22cm\/"},"modified":"2026-01-31T03:46:26","modified_gmt":"2026-01-31T03:46:26","slug":"newell-estudio-portatil-newell-m20-24x23x22cm","status":"publish","type":"product","link":"https:\/\/hi-techwonder.com\/es\/producto\/newell-estudio-portatil-newell-m20-24x23x22cm\/","title":{"rendered":"Estudio port\u00e1til NEWELL M20 24x23x22cm"},"content":{"rendered":"<p>El Newell Portable Studio 24x23x22cm es una gran herramienta para la fotograf\u00eda de productos. Ha sido un retrato pensando en la movilidad y es perfecto para fotografiar sujetos peque\u00f1os. El conjunto de fondos LED e iluminaci\u00f3n incluidos en el conjunto le permite comenzar r\u00e1pidamente en cualquier lugar.  <\/p>\n<p>La carpa sin sombras Newell es una gran herramienta para la fotograf\u00eda de productos. Fue dise\u00f1ado pensando en la movilidad y es perfecto para fotografiar objetos m\u00e1s peque\u00f1os. El conjunto de fondos e iluminaci\u00f3n LED incluidos en el conjunto le permiten comenzar a trabajar de inmediato.  <\/p>\n<p><strong>Dimensiones compactas<\/strong><\/p>\n<p>La alta funcionalidad est\u00e1 garantizada por un dise\u00f1o bien pensado que le permite preparar la posici\u00f3n en solo unos minutos. La producci\u00f3n utiliza materiales de la mejor calidad, y el acabado mate de las paredes ayuda a conseguir la suavidad deseada de la iluminaci\u00f3n. <\/p>\n<p><strong>Muchas opciones de arreglos<\/strong><\/p>\n<p>El conjunto contiene fondos en seis colores. Esto permite una disposici\u00f3n creativa de la composici\u00f3n en funci\u00f3n del producto que se est\u00e9 fotografiando. <\/p>\n<p><strong>Iluminaci\u00f3n necesaria<\/strong><\/p>\n<p>La carpa est\u00e1 equipada con dos tiras de LED, montadas para garantizar una iluminaci\u00f3n uniforme del objeto fotografiado.<\/p>\n<p><strong>Especificaci\u00f3n<\/strong><\/p>\n<ul>\n<li>Temperatura de color: 6200 K (+\/- 200 K)<\/li>\n<li>LED: 2 x 20<\/li>\n<li>Potencia: 2 x 3,5 W<\/li>\n<li>Lumen: 1100LM<\/li>\n<li>Fuente de alimentaci\u00f3n: 5 V 1 A (no se admite voltaje superior a 5 V)<\/li>\n<li>Dimensiones: 24 x 23 x 22 cm (despu\u00e9s de desplegar)<\/li>\n<\/ul>\n<p><strong>En la caja<\/strong><\/p>\n<ul>\n<li>Tienda sin sombra<\/li>\n<li>Fondos en 6 colores<\/li>\n<li>Manual de usuario<\/li>\n<li>Cable USB<\/li>\n<li>Caso<\/li>\n<\/ul>\n","protected":false},"excerpt":{"rendered":"<p>El Newell Portable Studio 24x23x22cm es una gran herramienta para la fotograf\u00eda de productos. Ha sido un retrato pensando en<\/p>\n","protected":false},"featured_media":24304,"comment_status":"closed","ping_status":"open","template":"","meta":{"_acf_changed":false},"product_brand":[2563],"product_cat":[940],"product_tag":[],"class_list":{"0":"post-73376","1":"product","2":"type-product","3":"status-publish","4":"has-post-thumbnail","6":"product_brand-newell-es","7":"product_cat-cicloramas-cajas-de-luz","9":"first","10":"instock","11":"taxable","12":"shipping-taxable","13":"purchasable","14":"product-type-simple"},"bundled_by":[],"bundle_stock_status":"instock","bundle_stock_quantity":3,"bundle_virtual":false,"bundle_layout":"","bundle_add_to_cart_form_location":"","bundle_editable_in_cart":false,"bundle_sold_individually_context":"","bundle_item_grouping":"","bundle_min_size":"","bundle_max_size":"","bundle_price":[],"bundled_items":[],"bundle_sell_ids":[],"acf":[],"_links":{"self":[{"href":"https:\/\/hi-techwonder.com\/es\/wp-json\/wp\/v2\/product\/73376","targetHints":{"allow":["GET"]}}],"collection":[{"href":"https:\/\/hi-techwonder.com\/es\/wp-json\/wp\/v2\/product"}],"about":[{"href":"https:\/\/hi-techwonder.com\/es\/wp-json\/wp\/v2\/types\/product"}],"replies":[{"embeddable":true,"href":"https:\/\/hi-techwonder.com\/es\/wp-json\/wp\/v2\/comments?post=73376"}],"wp:featuredmedia":[{"embeddable":true,"href":"https:\/\/hi-techwonder.com\/es\/wp-json\/wp\/v2\/media\/24304"}],"wp:attachment":[{"href":"https:\/\/hi-techwonder.com\/es\/wp-json\/wp\/v2\/media?parent=73376"}],"wp:term":[{"taxonomy":"product_brand","embeddable":true,"href":"https:\/\/hi-techwonder.com\/es\/wp-json\/wp\/v2\/product_brand?post=73376"},{"taxonomy":"product_cat","embeddable":true,"href":"https:\/\/hi-techwonder.com\/es\/wp-json\/wp\/v2\/product_cat?post=73376"},{"taxonomy":"product_tag","embeddable":true,"href":"https:\/\/hi-techwonder.com\/es\/wp-json\/wp\/v2\/product_tag?post=73376"}],"curies":[{"name":"wp","href":"https:\/\/api.w.org\/{rel}","templated":true}]}}