{"id":73385,"date":"2025-07-29T09:34:23","date_gmt":"2025-07-29T09:34:23","guid":{"rendered":"https:\/\/fv6qoy3ls0.wpdns.site\/produto\/nikon-z-50mm-f-1-8-s\/"},"modified":"2026-04-08T12:29:07","modified_gmt":"2026-04-08T11:29:07","slug":"nikon-z-50mm-f-1-8-s","status":"publish","type":"product","link":"https:\/\/hi-techwonder.com\/es\/producto\/nikon-z-50mm-f-1-8-s\/","title":{"rendered":"NIKON Z 50mm f\/1.8 S"},"content":{"rendered":"<p>Baila con la luz. El excepcional rendimiento \u00f3ptico de este objetivo <strong>NIKKOR Z de fotograma completo de la l\u00ednea S<\/strong> redefine el est\u00e1ndar de calidad de los objetivos f\/1,8. Con detalles superiores a los objetivos de distancia focal f\/1.4 de luminosidades anteriores, no son simplemente un nuevo tipo de objetivo de 50 mm. Es un nuevo futuro incre\u00edble para la fotograf\u00eda.     <\/p>\n<p><object width=\"425\" height=\"350\" data=\"https:\/\/www.youtube.com\/v\/NeW508j7Zm0\" type=\"application\/x-shockwave-flash\"><param name=\"src\" value=\"https:\/\/www.youtube.com\/v\/NeW508j7Zm0\"><\/object><\/p>\n<p> <strong><span style=\"color: #000000;\">Productos destacados:<\/span><\/strong><\/p>\n<ul>\n<li> <span style=\"color: #000000;\">Lente de montura Z\/formato FX<\/span><\/li>\n<li> <span style=\"color: #000000;\">Rango de apertura: f\/1.8 a f\/16<\/span><\/li>\n<li> <span style=\"color: #000000;\">Dos elementos ED y dos asf\u00e9ricos<\/span><\/li>\n<li> <span style=\"color: #000000;\">Nanocristales y recubrimientos s\u00faper integrados<\/span><\/li>\n<li> <span style=\"color: #000000;\">Sistema AF de motor paso a paso<\/span><\/li>\n<li> <span style=\"color: #000000;\">Anillo de control programable<\/span><\/li>\n<li> <span style=\"color: #000000;\">Construcci\u00f3n resistente a la intemperie<\/span><\/li>\n<li> <span style=\"color: #000000;\">Diafragma redondeado de 9 hojas<\/span><\/li>\n<\/ul>\n<p><span style=\"color: #000000;\"><br \/><\/span><\/p>\n<p> <span style=\"color: #000000;\">Un lente fijo compacto y completo, el NIKKOR Z 50mm f\/1.8 S de Nikon ofrece un campo de visi\u00f3n completo junto con una apertura m\u00e1xima brillante de f\/1.8. La c\u00f3moda perspectiva se combina con el dise\u00f1o f\/1.8 para adaptarse al trabajo en condiciones de iluminaci\u00f3n dif\u00edciles, al tiempo que le brinda un mayor control sobre la profundidad de campo. El dise\u00f1o \u00f3ptico incluye dos elementos asf\u00e9ricos y dos elementos de dispersi\u00f3n extra baja, que reducen en gran medida las aberraciones esf\u00e9ricas y crom\u00e1ticas para una mayor nitidez y claridad. Los recubrimientos Nano Crystal y Super Integrated tambi\u00e9n se utilizan para suprimir los destellos y las im\u00e1genes fantasma para una mayor fidelidad de color y un mayor contraste.   <\/span><\/p>\n<p>  En t\u00e9rminos de manejo, un motor paso a paso proporciona un rendimiento de enfoque autom\u00e1tico r\u00e1pido, silencioso y preciso, junto con el reemplazo de enfoque manual a tiempo completo para adaptarse a aplicaciones fijas y de video. Adem\u00e1s, se puede configurar un anillo de control programable para un ajuste intuitivo en una variedad de configuraciones de c\u00e1mara y exposici\u00f3n. <\/p>\n<ul>\n<li> <span style=\"color: #000000;\">La lente principal de longitud completa est\u00e1 dise\u00f1ada para c\u00e1maras sin espejo con montura Z de formato FX.<\/span><\/li>\n<li> <span style=\"color: #000000;\">La brillante apertura m\u00e1xima de f\/1.8 funciona en condiciones de iluminaci\u00f3n dif\u00edciles y tambi\u00e9n le brinda un mayor control sobre la profundidad de campo para aislar sujetos y trabajar con enfoque selectivo.<\/span><\/li>\n<li> <span style=\"color: #000000;\">Se utilizan dos elementos asf\u00e9ricos para reducir las aberraciones y distorsiones esf\u00e9ricas para lograr im\u00e1genes n\u00edtidas con una representaci\u00f3n precisa.<\/span><\/li>\n<li> <span style=\"color: #000000;\">Dos elementos de dispersi\u00f3n extra baja reducen en gran medida las franjas de color y las aberraciones crom\u00e1ticas para producir una mayor claridad y reproducci\u00f3n del color.<\/span><\/li>\n<li> <span style=\"color: #000000;\">Se ha aplicado un recubrimiento de nanocristales, junto con un recubrimiento s\u00faper integrado, a los elementos de la lente para minimizar los reflejos internos y de superficie para una marcada reducci\u00f3n en el destello de la lente y las im\u00e1genes fantasma.<\/span><\/li>\n<li> <span style=\"color: #000000;\">El motor paso a paso ofrece un rendimiento de enfoque autom\u00e1tico impresionantemente suave, silencioso y r\u00e1pido que es adecuado tanto para aplicaciones fijas como de video. Tambi\u00e9n es posible el reemplazo de enfoque manual a tiempo completo y se utiliza un dise\u00f1o de enfoque interno, donde solo se mueven los grupos de lentes internos durante el enfoque, para mantener la longitud total de la lente durante el uso y promover velocidades de enfoque m\u00e1s r\u00e1pidas. <\/span><\/li>\n<li> <span style=\"color: #000000;\">El anillo de control programable se puede utilizar para ajustar intuitivamente una variedad de configuraciones de c\u00e1mara y exposici\u00f3n.<\/span><\/li>\n<li> <span style=\"color: #000000;\">El mecanismo de apertura electromagn\u00e9tico especializado proporciona una mayor estabilidad en el control de la exposici\u00f3n, lo que es especialmente beneficioso cuando se trabaja con altas velocidades de disparo continuo.<\/span><\/li>\n<li> <span style=\"color: #000000;\">El diafragma redondeado de nueve hojas promueve una agradable calidad de desenfoque que beneficia el uso de t\u00e9cnicas de enfoque selectivo y poca profundidad de campo.<\/span><\/li>\n<li> <span style=\"color: #000000;\">El cilindro de lente resistente al polvo y la humedad beneficia el uso de la lente en condiciones adversas.<\/span><\/li>\n<\/ul>\n<h2 class=\"western\"> <span style=\"font-size: small;\"><span style=\"color: #000000;\">Especificaciones de Nikon NIKKOR Z 50mm f\/1.8 S<\/span><\/span> <\/h2>\n<table style=\"width: 484px;\" border=\"0\" cellspacing=\"0\" cellpadding=\"2\">\n<colgroup>\n<col width=\"228\"><\/col>\n<col width=\"248\"><\/col>\n<\/colgroup>\n<tbody>\n<tr>\n<td width=\"228\">\n<p style=\"border-top: none; border-bottom: 1px solid #e6e7e8; border-left: none; border-right: none; padding-top: 0cm; padding-bottom: 0.53cm; padding-left: 0cm; padding-right: 0cm;\"> <span style=\"color: #000000;\">Distancia focal<\/span> <\/p>\n<\/td>\n<td width=\"248\">\n<p style=\"border-top: none; border-bottom: 1px solid #e6e7e8; border-left: none; border-right: none; padding-top: 0cm; padding-bottom: 0.53cm; padding-left: 0cm; padding-right: 0cm;\"> <span style=\"color: #000000;\">50 mil\u00edmetros<\/span> <\/p>\n<\/td>\n<\/tr>\n<tr>\n<td width=\"228\">\n<p style=\"border-top: none; border-bottom: 1px solid #e6e7e8; border-left: none; border-right: none; padding-top: 0cm; padding-bottom: 0.53cm; padding-left: 0cm; padding-right: 0cm;\"> <span style=\"color: #000000;\">M\u00e1xima apertura<\/span> <\/p>\n<\/td>\n<td width=\"248\">\n<p style=\"border-top: none; border-bottom: 1px solid #e6e7e8; border-left: none; border-right: none; padding-top: 0cm; padding-bottom: 0.53cm; padding-left: 0cm; padding-right: 0cm;\"> <span style=\"color: #000000;\">f\/1.8<\/span> <\/p>\n<\/td>\n<\/tr>\n<tr>\n<td width=\"228\">\n<p style=\"border-top: none; border-bottom: 1px solid #e6e7e8; border-left: none; border-right: none; padding-top: 0cm; padding-bottom: 0.53cm; padding-left: 0cm; padding-right: 0cm;\"> <span style=\"color: #000000;\">Apertura m\u00ednima<\/span> <\/p>\n<\/td>\n<td width=\"248\">\n<p style=\"border-top: none; border-bottom: 1px solid #e6e7e8; border-left: none; border-right: none; padding-top: 0cm; padding-bottom: 0.53cm; padding-left: 0cm; padding-right: 0cm;\"> <span style=\"color: #000000;\">f\/16<\/span> <\/p>\n<\/td>\n<\/tr>\n<tr>\n<td width=\"228\">\n<p style=\"border-top: none; border-bottom: 1px solid #e6e7e8; border-left: none; border-right: none; padding-top: 0cm; padding-bottom: 0.53cm; padding-left: 0cm; padding-right: 0cm;\"> <span style=\"color: #000000;\">Montura de lente<\/span> <\/p>\n<\/td>\n<td width=\"248\">\n<p style=\"border-top: none; border-bottom: 1px solid #e6e7e8; border-left: none; border-right: none; padding-top: 0cm; padding-bottom: 0.53cm; padding-left: 0cm; padding-right: 0cm;\"> <span style=\"color: #000000;\">Nikon Z<\/span> <\/p>\n<\/td>\n<\/tr>\n<tr>\n<td width=\"228\">\n<p style=\"border-top: none; border-bottom: 1px solid #e6e7e8; border-left: none; border-right: none; padding-top: 0cm; padding-bottom: 0.53cm; padding-left: 0cm; padding-right: 0cm;\"> <span style=\"color: #000000;\">Compatibilidad de formatos<\/span> <\/p>\n<\/td>\n<td width=\"248\">\n<p style=\"border-top: none; border-bottom: 1px solid #e6e7e8; border-left: none; border-right: none; padding-top: 0cm; padding-bottom: 0.53cm; padding-left: 0cm; padding-right: 0cm;\"> <span style=\"color: #000000;\">Imagen completa<\/span> <\/p>\n<\/td>\n<\/tr>\n<tr>\n<td width=\"228\">\n<p style=\"border-top: none; border-bottom: 1px solid #e6e7e8; border-left: none; border-right: none; padding-top: 0cm; padding-bottom: 0.53cm; padding-left: 0cm; padding-right: 0cm;\"> <span style=\"color: #000000;\">\u00c1ngulo<\/span> <\/p>\n<\/td>\n<td width=\"248\">\n<p style=\"border-top: none; border-bottom: 1px solid #e6e7e8; border-left: none; border-right: none; padding-top: 0cm; padding-bottom: 0.53cm; padding-left: 0cm; padding-right: 0cm;\"> <span style=\"color: #000000;\">47\u00b0<\/span> <\/p>\n<\/td>\n<\/tr>\n<tr>\n<td width=\"228\">\n<p style=\"border-top: none; border-bottom: 1px solid #e6e7e8; border-left: none; border-right: none; padding-top: 0cm; padding-bottom: 0.53cm; padding-left: 0cm; padding-right: 0cm;\"> <span style=\"color: #000000;\">Aumento m\u00e1ximo<\/span> <\/p>\n<\/td>\n<td width=\"248\">\n<p style=\"border-top: none; border-bottom: 1px solid #e6e7e8; border-left: none; border-right: none; padding-top: 0cm; padding-bottom: 0.53cm; padding-left: 0cm; padding-right: 0cm;\"> <span style=\"color: #000000;\">0,15 veces<\/span> <\/p>\n<\/td>\n<\/tr>\n<tr>\n<td width=\"228\">\n<p style=\"border-top: none; border-bottom: 1px solid #e6e7e8; border-left: none; border-right: none; padding-top: 0cm; padding-bottom: 0.53cm; padding-left: 0cm; padding-right: 0cm;\"> <span style=\"color: #000000;\">Distancia m\u00ednima de enfoque<\/span> <\/p>\n<\/td>\n<td width=\"248\">\n<p style=\"border-top: none; border-bottom: 1px solid #e6e7e8; border-left: none; border-right: none; padding-top: 0cm; padding-bottom: 0.53cm; padding-left: 0cm; padding-right: 0cm;\"> <span style=\"color: #000000;\">40 cm<\/span> <\/p>\n<\/td>\n<\/tr>\n<tr>\n<td width=\"228\">\n<p style=\"border-top: none; border-bottom: 1px solid #e6e7e8; border-left: none; border-right: none; padding-top: 0cm; padding-bottom: 0.53cm; padding-left: 0cm; padding-right: 0cm;\"> <span style=\"color: #000000;\">Dise\u00f1o \u00f3ptico<\/span> <\/p>\n<\/td>\n<td width=\"248\">\n<p style=\"border-top: none; border-bottom: 1px solid #e6e7e8; border-left: none; border-right: none; padding-top: 0cm; padding-bottom: 0.53cm; padding-left: 0cm; padding-right: 0cm;\"> <span style=\"color: #000000;\">12 elementos en 9 grupos<\/span> <\/p>\n<\/td>\n<\/tr>\n<tr>\n<td width=\"228\">\n<p style=\"border-top: none; border-bottom: 1px solid #e6e7e8; border-left: none; border-right: none; padding-top: 0cm; padding-bottom: 0.53cm; padding-left: 0cm; padding-right: 0cm;\"> <span style=\"color: #000000;\">Hojas de diafragma<\/span> <\/p>\n<\/td>\n<td width=\"248\">\n<p style=\"border-top: none; border-bottom: 1px solid #e6e7e8; border-left: none; border-right: none; padding-top: 0cm; padding-bottom: 0.53cm; padding-left: 0cm; padding-right: 0cm;\"> <span style=\"color: #000000;\">9, redondeado<\/span> <\/p>\n<\/td>\n<\/tr>\n<tr>\n<td width=\"228\">\n<p style=\"border-top: none; border-bottom: 1px solid #e6e7e8; border-left: none; border-right: none; padding-top: 0cm; padding-bottom: 0.53cm; padding-left: 0cm; padding-right: 0cm;\"> <span style=\"color: #000000;\">Tipo de enfoque<\/span> <\/p>\n<\/td>\n<td width=\"248\">\n<p style=\"border-top: none; border-bottom: 1px solid #e6e7e8; border-left: none; border-right: none; padding-top: 0cm; padding-bottom: 0.53cm; padding-left: 0cm; padding-right: 0cm;\"> <span style=\"color: #000000;\">Autom\u00e1tico<\/span> <\/p>\n<\/td>\n<\/tr>\n<tr>\n<td width=\"228\">\n<p style=\"border-top: none; border-bottom: 1px solid #e6e7e8; border-left: none; border-right: none; padding-top: 0cm; padding-bottom: 0.53cm; padding-left: 0cm; padding-right: 0cm;\"> <span style=\"color: #000000;\">Estabilizaci\u00f3n de imagen<\/span><\/p>\n<\/td>\n<td width=\"248\">\n<p style=\"border: none; padding: 0cm;\"> <em><span style=\"color: #000000;\">Ninguno<\/em><\/span> <\/p>\n<\/td>\n<\/tr>\n<tr>\n<td width=\"228\">\n<p style=\"border-top: none; border-bottom: 1px solid #e6e7e8; border-left: none; border-right: none; padding-top: 0cm; padding-bottom: 0.53cm; padding-left: 0cm; padding-right: 0cm;\"> <span style=\"color: #000000;\">Tama\u00f1o del filtro<\/span> <\/p>\n<\/td>\n<td width=\"248\">\n<p style=\"border-top: none; border-bottom: 1px solid #e6e7e8; border-left: none; border-right: none; padding-top: 0cm; padding-bottom: 0.53cm; padding-left: 0cm; padding-right: 0cm;\"> <span style=\"color: #000000;\">62 mm (frontal)<\/span> <\/p>\n<\/td>\n<\/tr>\n<tr>\n<td width=\"228\">\n<p style=\"border-top: none; border-bottom: 1px solid #e6e7e8; border-left: none; border-right: none; padding-top: 0cm; padding-bottom: 0.53cm; padding-left: 0cm; padding-right: 0cm;\"> <span style=\"color: #000000;\">Dimensiones (\u00f8 x L)<\/span> <\/p>\n<\/td>\n<td width=\"248\">\n<p style=\"border-top: none; border-bottom: 1px solid #e6e7e8; border-left: none; border-right: none; padding-top: 0cm; padding-bottom: 0.53cm; padding-left: 0cm; padding-right: 0cm;\"> <span style=\"color: #000000;\">76 x 86,5 mm<\/span> <\/p>\n<\/td>\n<\/tr>\n<tr>\n<td width=\"228\">\n<p style=\"border-top: none; border-bottom: 1px solid #e6e7e8; border-left: none; border-right: none; padding-top: 0cm; padding-bottom: 0.53cm; padding-left: 0cm; padding-right: 0cm;\"> <span style=\"color: #000000;\">Peso<\/span> <\/p>\n<\/td>\n<td width=\"248\">\n<p style=\"border-top: none; border-bottom: 1px solid #e6e7e8; border-left: none; border-right: none; padding-top: 0cm; padding-bottom: 0.53cm; padding-left: 0cm; padding-right: 0cm;\"> <span style=\"color: #000000;\">415 gramos<\/span><\/p>\n<\/td>\n<\/tr>\n<\/tbody>\n<\/table>\n<p>  En la caja:<\/p>\n<ul>\n<li> <span style=\"color: #000000;\">Lente Nikon NIKKOR Z 50mm f\/1.8 S<\/span><\/li>\n<li> <span style=\"color: #000000;\">LC-62B Tapa frontal de lente a presi\u00f3n de 62 mm<\/span><\/li>\n<li> <span style=\"color: #000000;\">Tapa trasera del objetivo LF-N1<\/span><\/li>\n<li> <span style=\"color: #000000;\">Parasol HB-90<\/span><\/li>\n<li> <span style=\"color: #000000;\">CL-C1 Estuche para lentes<\/span><\/li>\n<\/ul>\n","protected":false},"excerpt":{"rendered":"<p>Baila con la luz. El excepcional rendimiento \u00f3ptico de este objetivo NIKKOR Z de fotograma completo de la l\u00ednea S<\/p>\n","protected":false},"featured_media":50916,"comment_status":"closed","ping_status":"closed","template":"","meta":{"_acf_changed":false},"product_brand":[2541],"product_cat":[1062],"product_tag":[],"class_list":{"0":"post-73385","1":"product","2":"type-product","3":"status-publish","4":"has-post-thumbnail","6":"product_brand-nikon-es","7":"product_cat-mirrorless-objectivos","8":"pa_abertura-maxima-f-1-8-es","9":"pa_cor-negro","10":"pa_diametro-62mm-es","11":"pa_estabilizacao-de-imagem-no","12":"pa_montagem-da-objetiva-nikon-z-es","13":"pa_sensor-fotograma-completo","14":"pa_tipo-de-foco-enfoque-automatico","15":"pa_tipo-de-objetiva-estandar","16":"pa_zoom-fixa-fijo","18":"first","19":"pre-order","20":"taxable","21":"shipping-taxable","22":"purchasable","23":"product-type-simple"},"bundled_by":[],"bundle_stock_status":"pre-order","bundle_stock_quantity":null,"bundle_virtual":false,"bundle_layout":"","bundle_add_to_cart_form_location":"","bundle_editable_in_cart":false,"bundle_sold_individually_context":"","bundle_item_grouping":"","bundle_min_size":"","bundle_max_size":"","bundle_price":[],"bundled_items":[],"bundle_sell_ids":[],"acf":[],"_links":{"self":[{"href":"https:\/\/hi-techwonder.com\/es\/wp-json\/wp\/v2\/product\/73385","targetHints":{"allow":["GET"]}}],"collection":[{"href":"https:\/\/hi-techwonder.com\/es\/wp-json\/wp\/v2\/product"}],"about":[{"href":"https:\/\/hi-techwonder.com\/es\/wp-json\/wp\/v2\/types\/product"}],"replies":[{"embeddable":true,"href":"https:\/\/hi-techwonder.com\/es\/wp-json\/wp\/v2\/comments?post=73385"}],"wp:featuredmedia":[{"embeddable":true,"href":"https:\/\/hi-techwonder.com\/es\/wp-json\/wp\/v2\/media\/50916"}],"wp:attachment":[{"href":"https:\/\/hi-techwonder.com\/es\/wp-json\/wp\/v2\/media?parent=73385"}],"wp:term":[{"taxonomy":"product_brand","embeddable":true,"href":"https:\/\/hi-techwonder.com\/es\/wp-json\/wp\/v2\/product_brand?post=73385"},{"taxonomy":"product_cat","embeddable":true,"href":"https:\/\/hi-techwonder.com\/es\/wp-json\/wp\/v2\/product_cat?post=73385"},{"taxonomy":"product_tag","embeddable":true,"href":"https:\/\/hi-techwonder.com\/es\/wp-json\/wp\/v2\/product_tag?post=73385"}],"curies":[{"name":"wp","href":"https:\/\/api.w.org\/{rel}","templated":true}]}}