{"id":73387,"date":"2025-07-29T09:34:29","date_gmt":"2025-07-29T09:34:29","guid":{"rendered":"https:\/\/fv6qoy3ls0.wpdns.site\/produto\/nikon-z-24-70mm-f-4-s\/"},"modified":"2026-01-21T16:55:51","modified_gmt":"2026-01-21T16:55:51","slug":"nikon-z-24-70mm-f-4-s","status":"publish","type":"product","link":"https:\/\/hi-techwonder.com\/es\/producto\/nikon-z-24-70mm-f-4-s\/","title":{"rendered":"NIKON Z 24-70mm f\/4 S (BULK)"},"content":{"rendered":"<p>Lente nueva sin uso, con una garant\u00eda de 3 a\u00f1os. Procedente de un kit de c\u00e1maras con objetivo, separados para venta individual.<\/p>\n<p>&nbsp;<\/p>\n<p><span style=\"color: #000000;\">Encuentra el \u00e1ngulo perfecto y cons\u00e9rvalo. El objetivo zoom compacto<strong> NIKKOR Z 24-70mm f\/4 S<\/strong> produce verdaderas fotos de imagen completa. Ya sea que est\u00e9 tomando fotograf\u00edas o filmando con su c\u00e1mara Nikon Z, los detalles capturados son incre\u00edbles. Del centro a la periferia. <\/span><\/p>\n<p><span style=\"color: #000000;\">\u00a0<\/span><\/p>\n<p><strong><span style=\"color: #000000;\">Mucho m\u00e1s que versatilidad<\/span><\/strong><\/p>\n<p><span style=\"color: #000000;\">Si buscas versatilidad para aprovechar cualquier oportunidad de capturar im\u00e1genes, este objetivo zoom de 24-70 mm con una apertura fija de f\/4 es ideal. Ya sea que se trate de escenas con poca luz o acci\u00f3n de alta velocidad, obtendr\u00e1 m\u00e1s detalles, m\u00e1s profundidad y m\u00e1s color en cualquier foto o sesi\u00f3n. <\/span><\/p>\n<p><strong><span style=\"color: #000000;\">Nitidez en toda la imagen, de cerca o de lejos<\/span><\/strong><\/p>\n<p><span style=\"color: #000000;\">La montura Z ultra gran angular de Nikon permite que el objetivo NIKKOR Z capture m\u00e1s luz en todo el encuadre. En combinaci\u00f3n con la distancia reducida entre el soporte y el sensor, la atenuaci\u00f3n de la luz en la periferia del marco se reduce significativamente. El resultado es una nitidez incre\u00edble en toda la imagen y en todo el rango de zoom. <\/span><\/p>\n<p><strong><span style=\"color: #000000;\">Verdadero esplendor. Del centro a la periferia. <\/span><\/strong><\/p>\n<p><span style=\"color: #000000;\">El excepcional poder de resoluci\u00f3n de este objetivo zoom permite una reproducci\u00f3n fiel de todos los componentes de una escena. La atenuaci\u00f3n de la luz en la periferia se controla para preservar el brillo en todo el encuadre. Esto da como resultado nitidez desde el centro hasta la periferia, colores vivos y contrastes profundos. <\/span><\/p>\n<p><strong><span style=\"color: #000000;\">Toma el control<\/span><\/strong><\/p>\n<p><span style=\"color: #000000;\">El anillo de control moleteado garantiza un uso admirablemente preciso e intuitivo. Al disparar en modo AF, los par\u00e1metros de compensaci\u00f3n de exposici\u00f3n se pueden asignar al anillo de control. En modo manual, este anillo se puede utilizar como anillo de enfoque. El enfoque cambia dependiendo de la rapidez con la que se gira el anillo, lo que permite un control preciso sobre el punto de enfoque. <\/span><\/p>\n<p><strong><span style=\"color: #000000;\">Perspectivas din\u00e1micas. Im\u00e1genes fascinantes. <\/span><\/strong><\/p>\n<p><span style=\"color: #000000;\">La configuraci\u00f3n \u00f3ptica permite una captura de video de imagen completa excepcional que aprovecha al m\u00e1ximo el amplio rango din\u00e1mico de la c\u00e1mara Nikon Z. Ac\u00e9rcate a los momentos que crean la historia. <\/span><\/p>\n<p><strong><span style=\"color: #000000;\">Inspiraci\u00f3n en cualquier lugar<\/span><\/strong><\/p>\n<p><span style=\"color: #000000;\">Junto con la c\u00e1mara Z de Nikon, este objetivo zoom compacto y ligero le da la libertad de dar vida a sus ideas dondequiera que est\u00e9. Todas las partes m\u00f3viles del cilindro del objetivo est\u00e1n selladas, lo que proporciona protecci\u00f3n contra el polvo y las gotas de agua. El revestimiento de fl\u00faor repele activamente el agua, el polvo y la suciedad, sin comprometer la calidad de la imagen. <\/span><\/p>\n<p><span style=\"color: #000000;\"><img decoding=\"async\" src=\"https:\/\/cdn.nikoneurope.com\/imported\/images\/web\/EU\/products\/lenses\/nikkor-z\/24-70mm\/24-70mm_F4_S_fh11--original.jpg\" alt=\"\" width=\"NaN\" height=\"auto\"><\/span><\/p>\n<p><strong><span style=\"color: #000000;\">Productos destacados:<\/span><\/strong><\/p>\n<ul>\n<li><span style=\"color: #000000;\">Lente con montura Z\/formato FX<\/span><\/li>\n<li><span style=\"color: #000000;\">Rango de apertura: f\/4 a f\/22<\/span><\/li>\n<li><span style=\"color: #000000;\">Elemento asf\u00e9rico de dispersi\u00f3n extra baja<\/span><\/li>\n<li><span style=\"color: #000000;\">Tres elementos asf\u00e9ricos<\/span><\/li>\n<li><span style=\"color: #000000;\">Nano Crystal y Super Integrated Coatings<\/span><\/li>\n<li><span style=\"color: #000000;\">Sistema AF de motor paso a paso<\/span><\/li>\n<li><span style=\"color: #000000;\">Anillo de control programable<\/span><\/li>\n<li><span style=\"color: #000000;\">Dise\u00f1o sellado contra la intemperie, revestimiento de fl\u00faor<\/span><\/li>\n<li><span style=\"color: #000000;\">Diafragma redondeado de 7 hojas<\/span><\/li>\n<li><span style=\"color: #000000;\">Dise\u00f1o retr\u00e1ctil<\/span><\/li>\n<\/ul>\n<p><span style=\"color: #000000;\">\u00a0<\/span><\/p>\n<p><span style=\"color: #000000;\">Cubriendo una gama \u00fatil de distancias focales, el NIKKOR Z 24-70mm f\/4 S es un zoom vers\u00e1til, que abarca desde perspectivas de gran angular hasta retrato. Su apertura m\u00e1xima constante de f\/4 mantiene una exposici\u00f3n constante en todo el rango de zoom y tambi\u00e9n ayuda a realizar una alternativa m\u00e1s compacta y liviana a un zoom f\/2.8. En cuanto al dise\u00f1o \u00f3ptico, se utiliza un elemento asf\u00e9rico \u00fanico de dispersi\u00f3n extra baja, adem\u00e1s de tres elementos asf\u00e9ricos, para ayudar a reducir las aberraciones crom\u00e1ticas y las distorsiones en todo el rango del zoom con el fin de lograr una alta nitidez y claridad de la imagen. Tambi\u00e9n se han aplicado recubrimientos de nanocristal y s\u00faper integrados para controlar los destellos y las im\u00e1genes fantasma para un mayor contraste y reproducci\u00f3n del color en condiciones brillantes y de contraluz. <\/span><\/p>\n<p><span style=\"color: #000000;\">\u00a0<\/span><\/p>\n<p><span style=\"color: #000000;\">Como complemento de la \u00f3ptica, un motor paso a paso proporciona un rendimiento de enfoque autom\u00e1tico r\u00e1pido, silencioso y preciso junto con la anulaci\u00f3n del enfoque manual a tiempo completo para adaptarse tanto a aplicaciones fijas como de video. Se puede configurar un anillo de control programable para un ajuste intuitivo en una variedad de configuraciones de c\u00e1mara y exposici\u00f3n. Adem\u00e1s, la lente tiene un cilindro retr\u00e1ctil sin botones para lograr un factor de forma m\u00e1s compacto cuando no est\u00e1 en uso. <\/span><\/p>\n<ul>\n<li><span style=\"color: #000000;\">El zoom est\u00e1ndar cubre un rango de gran angular a longitud de retrato y est\u00e1 dise\u00f1ado para c\u00e1maras sin espejo con montura Z de formato FX.<\/span><\/li>\n<li><span style=\"color: #000000;\">La apertura m\u00e1xima constante de f\/4 ofrece un rendimiento constante en todo el rango de zoom y tambi\u00e9n contribuye al dise\u00f1o relativamente liviano y al factor de forma compacto.<\/span><\/li>\n<li><span style=\"color: #000000;\">Se incorpora un elemento \u00fanico de dispersi\u00f3n asf\u00e9rica extra baja en el dise\u00f1o \u00f3ptico, junto con tres elementos asf\u00e9ricos adicionales, para reducir en gran medida las aberraciones crom\u00e1ticas y esf\u00e9ricas, la distorsi\u00f3n, el coma (aberraci\u00f3n com\u00e1tica) y el destello para una nitidez e iluminaci\u00f3n consistentes de borde a borde.<\/span><\/li>\n<li><span style=\"color: #000000;\">Se ha aplicado un recubrimiento de nanocristal, junto con un recubrimiento s\u00faper integrado, a los elementos de la lente para minimizar los reflejos internos y de la superficie para una marcada reducci\u00f3n en los destellos de la lente y las im\u00e1genes fantasma.<\/span><\/li>\n<li><span style=\"color: #000000;\">El motor paso a paso ofrece un rendimiento de enfoque autom\u00e1tico impresionantemente suave, silencioso y r\u00e1pido que se adapta bien a aplicaciones fijas y de video. Tambi\u00e9n es posible la anulaci\u00f3n del enfoque manual a tiempo completo y se utiliza un dise\u00f1o de enfoque interno, donde solo se mueven los grupos de lentes internos durante el enfoque, para mantener la longitud total de la lente durante el uso y promover velocidades de enfoque m\u00e1s r\u00e1pidas. <\/span><\/li>\n<li><span style=\"color: #000000;\">El anillo de control programable est\u00e1, de forma predeterminada, configurado para ajustar el enfoque manual, pero tambi\u00e9n se puede usar para controlar la apertura o la compensaci\u00f3n de exposici\u00f3n.<\/span><\/li>\n<li><span style=\"color: #000000;\">El mecanismo de apertura electromagn\u00e9tico especializado proporciona una mayor estabilidad en el control de la exposici\u00f3n, lo que es especialmente beneficioso cuando se trabaja con velocidades de disparo continuo r\u00e1pidas.<\/span><\/li>\n<li><span style=\"color: #000000;\">El diafragma redondeado de siete hojas promueve una agradable calidad de desenfoque que beneficia el uso de t\u00e9cnicas de enfoque selectivo y poca profundidad de campo.<\/span><\/li>\n<li><span style=\"color: #000000;\">Los elementos expuestos cuentan con un revestimiento de fl\u00faor que brinda protecci\u00f3n al sistema \u00f3ptico contra el polvo, la grasa y las gotas de agua.<\/span><\/li>\n<li><span style=\"color: #000000;\">El cilindro de lente resistente al polvo y la humedad beneficia el uso de la lente en condiciones adversas.<\/span><\/li>\n<li><span style=\"color: #000000;\">El dise\u00f1o retr\u00e1ctil sin botones mantiene un factor de forma compacto cuando la lente no est\u00e1 en uso.<\/span><\/li>\n<\/ul>\n<h2 class=\"western\" style=\"font-weight: normal;\"><span style=\"font-family: OpenSans,;\"><span style=\"font-size: small;\"><span style=\"color: #000000;\">Nikon NIKKOR Z 24-70mm f\/4 S Ficha Tecnica<\/span><\/span><\/span><\/h2>\n<table style=\"width: 490px;\" border=\"0\" cellspacing=\"0\" cellpadding=\"2\">\n<colgroup>\n<col width=\"228\" \/>\n<col width=\"254\" \/> <\/colgroup>\n<tbody>\n<tr>\n<td width=\"228\">\n<p style=\"border-top: none; border-bottom: 1px solid #e6e7e8; border-left: none; border-right: none; padding: 0cm 0cm 0.53cm 0cm;\"><span style=\"font-size: small;\"><span style=\"color: #000000;\">Distancia focal<\/span><\/span><\/p>\n<\/td>\n<td width=\"254\">\n<p style=\"border-top: none; border-bottom: 1px solid #e6e7e8; border-left: none; border-right: none; padding: 0cm 0cm 0.53cm 0cm;\"><span style=\"font-size: small;\"><span style=\"color: #000000;\">De 24 a 70 mm<\/span><\/span><\/p>\n<\/td>\n<\/tr>\n<tr>\n<td width=\"228\">\n<p style=\"border-top: none; border-bottom: 1px solid #e6e7e8; border-left: none; border-right: none; padding: 0cm 0cm 0.53cm 0cm;\"><span style=\"font-size: small;\"><span style=\"color: #000000;\">Apertura m\u00e1xima<\/span><\/span><\/p>\n<\/td>\n<td width=\"254\">\n<p style=\"border-top: none; border-bottom: 1px solid #e6e7e8; border-left: none; border-right: none; padding: 0cm 0cm 0.53cm 0cm;\"><span style=\"font-size: small;\"><span style=\"color: #000000;\">f\/4<\/span><\/span><\/p>\n<\/td>\n<\/tr>\n<tr>\n<td width=\"228\">\n<p style=\"border-top: none; border-bottom: 1px solid #e6e7e8; border-left: none; border-right: none; padding: 0cm 0cm 0.53cm 0cm;\"><span style=\"font-size: small;\"><span style=\"color: #000000;\">Apertura m\u00ednima<\/span><\/span><\/p>\n<\/td>\n<td width=\"254\">\n<p style=\"border-top: none; border-bottom: 1px solid #e6e7e8; border-left: none; border-right: none; padding: 0cm 0cm 0.53cm 0cm;\"><span style=\"font-size: small;\"><span style=\"color: #000000;\">f\/22<\/span><\/span><\/p>\n<\/td>\n<\/tr>\n<tr>\n<td width=\"228\">\n<p style=\"border-top: none; border-bottom: 1px solid #e6e7e8; border-left: none; border-right: none; padding: 0cm 0cm 0.53cm 0cm;\"><span style=\"font-size: small;\"><span style=\"color: #000000;\">Montura de lente<\/span><\/span><\/p>\n<\/td>\n<td width=\"254\">\n<p style=\"border-top: none; border-bottom: 1px solid #e6e7e8; border-left: none; border-right: none; padding: 0cm 0cm 0.53cm 0cm;\"><span style=\"font-size: small;\"><span style=\"color: #000000;\">Nikon Z<\/span><\/span><\/p>\n<\/td>\n<\/tr>\n<tr>\n<td width=\"228\">\n<p style=\"border-top: none; border-bottom: 1px solid #e6e7e8; border-left: none; border-right: none; padding: 0cm 0cm 0.53cm 0cm;\"><span style=\"font-size: small;\"><span style=\"color: #000000;\">Compatibilidad de formatos<\/span><\/span><\/p>\n<\/td>\n<td width=\"254\">\n<p style=\"border-top: none; border-bottom: 1px solid #e6e7e8; border-left: none; border-right: none; padding: 0cm 0cm 0.53cm 0cm;\"><span style=\"font-size: small;\"><span style=\"color: #000000;\">Fotograma completo<\/span><\/span><\/p>\n<\/td>\n<\/tr>\n<tr>\n<td width=\"228\">\n<p style=\"border-top: none; border-bottom: 1px solid #e6e7e8; border-left: none; border-right: none; padding: 0cm 0cm 0.53cm 0cm;\"><span style=\"font-size: small;\"><span style=\"color: #000000;\">\u00c1ngulo de visi\u00f3n<\/span><\/span><\/p>\n<\/td>\n<td width=\"254\">\n<p style=\"border-top: none; border-bottom: 1px solid #e6e7e8; border-left: none; border-right: none; padding: 0cm 0cm 0.53cm 0cm;\"><span style=\"font-size: small;\"><span style=\"color: #000000;\">De 84\u00b0 a 34\u00b0 20&#8242;<\/span><\/span><\/p>\n<\/td>\n<\/tr>\n<tr>\n<td width=\"228\">\n<p style=\"border-top: none; border-bottom: 1px solid #e6e7e8; border-left: none; border-right: none; padding: 0cm 0cm 0.53cm 0cm;\"><span style=\"font-size: small;\"><span style=\"color: #000000;\">Aumento m\u00e1ximo<\/span><\/span><\/p>\n<\/td>\n<td width=\"254\">\n<p style=\"border-top: none; border-bottom: 1px solid #e6e7e8; border-left: none; border-right: none; padding: 0cm 0cm 0.53cm 0cm;\"><span style=\"font-size: small;\"><span style=\"color: #000000;\">0,3 veces<\/span><\/span><\/p>\n<\/td>\n<\/tr>\n<tr>\n<td width=\"228\">\n<p style=\"border-top: none; border-bottom: 1px solid #e6e7e8; border-left: none; border-right: none; padding: 0cm 0cm 0.53cm 0cm;\"><span style=\"font-size: small;\"><span style=\"color: #000000;\">Distancia m\u00ednima de enfoque<\/span><\/span><\/p>\n<\/td>\n<td width=\"254\">\n<p style=\"border-top: none; border-bottom: 1px solid #e6e7e8; border-left: none; border-right: none; padding: 0cm 0cm 0.53cm 0cm;\"><span style=\"font-size: small;\"><span style=\"color: #000000;\">30 cm<\/span><\/span><\/p>\n<\/td>\n<\/tr>\n<tr>\n<td width=\"228\">\n<p style=\"border-top: none; border-bottom: 1px solid #e6e7e8; border-left: none; border-right: none; padding: 0cm 0cm 0.53cm 0cm;\"><span style=\"font-size: small;\"><span style=\"color: #000000;\">Dise\u00f1o \u00f3ptico<\/span><\/span><\/p>\n<\/td>\n<td width=\"254\">\n<p style=\"border-top: none; border-bottom: 1px solid #e6e7e8; border-left: none; border-right: none; padding: 0cm 0cm 0.53cm 0cm;\"><span style=\"font-size: small;\"><span style=\"color: #000000;\">14 elementos en 11 grupos<\/span><\/span><\/p>\n<\/td>\n<\/tr>\n<tr>\n<td width=\"228\">\n<p style=\"border-top: none; border-bottom: 1px solid #e6e7e8; border-left: none; border-right: none; padding: 0cm 0cm 0.53cm 0cm;\"><span style=\"font-size: small;\"><span style=\"color: #000000;\">Hojas de diafragma<\/span><\/span><\/p>\n<\/td>\n<td width=\"254\">\n<p style=\"border-top: none; border-bottom: 1px solid #e6e7e8; border-left: none; border-right: none; padding: 0cm 0cm 0.53cm 0cm;\"><span style=\"font-size: small;\"><span style=\"color: #000000;\">7, redondeado<\/span><\/span><\/p>\n<\/td>\n<\/tr>\n<tr>\n<td width=\"228\">\n<p style=\"border-top: none; border-bottom: 1px solid #e6e7e8; border-left: none; border-right: none; padding: 0cm 0cm 0.53cm 0cm;\"><span style=\"font-size: small;\"><span style=\"color: #000000;\">Tipo de enfoque<\/span><\/span><\/p>\n<\/td>\n<td width=\"254\">\n<p style=\"border-top: none; border-bottom: 1px solid #e6e7e8; border-left: none; border-right: none; padding: 0cm 0cm 0.53cm 0cm;\"><span style=\"font-size: small;\"><span style=\"color: #000000;\">Enfoque autom\u00e1tico<\/span><\/span><\/p>\n<\/td>\n<\/tr>\n<tr>\n<td width=\"228\">\n<p style=\"border-top: none; border-bottom: 1px solid #e6e7e8; border-left: none; border-right: none; padding: 0cm 0cm 0.53cm 0cm;\"><span style=\"font-size: small;\"><span style=\"color: #000000;\">Estabilizaci\u00f3n de imagen<\/span><\/span><\/p>\n<\/td>\n<td width=\"254\">\n<p style=\"border: none; padding: 0cm;\"><span style=\"font-size: 13pt;\"><em><span style=\"font-size: small;\"><span style=\"color: #000000;\">Ninguno<\/span><\/span><\/em><\/span><\/p>\n<\/td>\n<\/tr>\n<tr>\n<td width=\"228\">\n<p style=\"border-top: none; border-bottom: 1px solid #e6e7e8; border-left: none; border-right: none; padding: 0cm 0cm 0.53cm 0cm;\"><span style=\"font-size: small;\"><span style=\"color: #000000;\">Tama\u00f1o del filtro<\/span><\/span><\/p>\n<\/td>\n<td width=\"254\">\n<p style=\"border-top: none; border-bottom: 1px solid #e6e7e8; border-left: none; border-right: none; padding: 0cm 0cm 0.53cm 0cm;\"><span style=\"font-size: small;\"><span style=\"color: #000000;\">72 mm (Frontal)<\/span><\/span><\/p>\n<\/td>\n<\/tr>\n<tr>\n<td width=\"228\">\n<p style=\"border-top: none; border-bottom: 1px solid #e6e7e8; border-left: none; border-right: none; padding: 0cm 0cm 0.53cm 0cm;\"><span style=\"font-size: small;\"><span style=\"color: #000000;\">Dimensiones (\u00f8 x L)<\/span><\/span><\/p>\n<\/td>\n<td width=\"254\">\n<p style=\"border-top: none; border-bottom: 1px solid #e6e7e8; border-left: none; border-right: none; padding: 0cm 0cm 0.53cm 0cm;\"><span style=\"font-size: small;\"><span style=\"color: #000000;\">77,5 x 88,5 mil\u00edmetros<\/span><\/span><\/p>\n<\/td>\n<\/tr>\n<tr>\n<td width=\"228\">\n<p style=\"border-top: none; border-bottom: 1px solid #e6e7e8; border-left: none; border-right: none; padding: 0cm 0cm 0.53cm 0cm;\"><span style=\"font-size: small;\"><span style=\"color: #000000;\">Peso<\/span><\/span><\/p>\n<\/td>\n<td width=\"254\">\n<p style=\"border-top: none; border-bottom: 1px solid #e6e7e8; border-left: none; border-right: none; padding: 0cm 0cm 0.53cm 0cm;\"><span style=\"font-size: small;\"><span style=\"color: #000000;\">500 gramos<\/span><\/span><\/p>\n<\/td>\n<\/tr>\n<\/tbody>\n<\/table>\n<p><strong><span style=\"color: #000000;\"><br \/>\nEn la caja:<\/span><\/strong><\/p>\n<ul>\n<li><span style=\"color: #000000;\">Lente Nikon NIKKOR Z 24-70mm f\/4 S<\/span><\/li>\n<li><span style=\"color: #000000;\">LC-72B Tapa frontal de lente a presi\u00f3n de 72 mm<\/span><\/li>\n<li><span style=\"color: #000000;\">Tapa trasera del objetivo LF-N1<\/span><\/li>\n<li><span style=\"color: #000000;\">Parasol HB-85<\/span><\/li>\n<li><span style=\"color: #000000;\">CL-C1 Estuche para lentes<\/span><\/li>\n<\/ul>\n","protected":false},"excerpt":{"rendered":"<p>Lente nueva sin uso, con una garant\u00eda de 3 a\u00f1os. Procedente de un kit de c\u00e1maras con objetivo, separados para<\/p>\n","protected":false},"featured_media":50925,"comment_status":"closed","ping_status":"closed","template":"","meta":{"_acf_changed":false},"product_brand":[2541],"product_cat":[1062],"product_tag":[],"class_list":{"0":"post-73387","1":"product","2":"type-product","3":"status-publish","4":"has-post-thumbnail","6":"product_brand-nikon-es","7":"product_cat-mirrorless-objectivos","8":"pa_abertura-maxima-f-4-es","9":"pa_cor-negro","10":"pa_diametro-72mm-es","11":"pa_estabilizacao-de-imagem-no","12":"pa_montagem-da-objetiva-nikon-z-es","13":"pa_sensor-fotograma-completo","14":"pa_tipo-de-foco-enfoque-automatico","15":"pa_tipo-de-objetiva-estandar","16":"pa_zoom-fixa-zoom-externo-es","18":"first","19":"instock","20":"taxable","21":"shipping-taxable","22":"purchasable","23":"product-type-simple"},"bundled_by":[],"bundle_stock_status":"instock","bundle_stock_quantity":1,"bundle_virtual":false,"bundle_layout":"","bundle_add_to_cart_form_location":"","bundle_editable_in_cart":false,"bundle_sold_individually_context":"","bundle_item_grouping":"","bundle_min_size":"","bundle_max_size":"","bundle_price":[],"bundled_items":[],"bundle_sell_ids":[],"acf":[],"_links":{"self":[{"href":"https:\/\/hi-techwonder.com\/es\/wp-json\/wp\/v2\/product\/73387","targetHints":{"allow":["GET"]}}],"collection":[{"href":"https:\/\/hi-techwonder.com\/es\/wp-json\/wp\/v2\/product"}],"about":[{"href":"https:\/\/hi-techwonder.com\/es\/wp-json\/wp\/v2\/types\/product"}],"replies":[{"embeddable":true,"href":"https:\/\/hi-techwonder.com\/es\/wp-json\/wp\/v2\/comments?post=73387"}],"wp:featuredmedia":[{"embeddable":true,"href":"https:\/\/hi-techwonder.com\/es\/wp-json\/wp\/v2\/media\/50925"}],"wp:attachment":[{"href":"https:\/\/hi-techwonder.com\/es\/wp-json\/wp\/v2\/media?parent=73387"}],"wp:term":[{"taxonomy":"product_brand","embeddable":true,"href":"https:\/\/hi-techwonder.com\/es\/wp-json\/wp\/v2\/product_brand?post=73387"},{"taxonomy":"product_cat","embeddable":true,"href":"https:\/\/hi-techwonder.com\/es\/wp-json\/wp\/v2\/product_cat?post=73387"},{"taxonomy":"product_tag","embeddable":true,"href":"https:\/\/hi-techwonder.com\/es\/wp-json\/wp\/v2\/product_tag?post=73387"}],"curies":[{"name":"wp","href":"https:\/\/api.w.org\/{rel}","templated":true}]}}