{"id":73389,"date":"2025-07-29T09:34:29","date_gmt":"2025-07-29T09:34:29","guid":{"rendered":"https:\/\/fv6qoy3ls0.wpdns.site\/produto\/nikon-z-14-30mm-f-4-s\/"},"modified":"2025-12-30T10:05:19","modified_gmt":"2025-12-30T10:05:19","slug":"nikon-z-14-30mm-f-4-s","status":"publish","type":"product","link":"https:\/\/hi-techwonder.com\/es\/producto\/nikon-z-14-30mm-f-4-s\/","title":{"rendered":"NIKON Z 14-30mm f\/4 S"},"content":{"rendered":"<p>Captura la escena y da rienda suelta a tu creatividad con un objetivo zoom ultra gran angular de fotograma completo. El objetivo <strong>NIKKOR Z 14\u201330mm f\/4 S-Line<\/strong> ocupa poco espacio y tiene un elemento frontal plano. Permite el uso de filtros de 82 mm y cabe en peque\u00f1as bolsas de transporte. Fotos fijas y secuencias inmersivas, en cualquier lugar.   <\/p>\n<p><span style=\"color: #000000;\"><br \/><\/span><\/p>\n<p> <strong><span style=\"color: #000000;\">Fotos fijas y secuencias inmersivas<\/span><\/strong><\/p>\n<p> <span style=\"color: #000000;\">Aumentar las perspectivas. Crea retratos \u00edntimos. El amplio Z-lift de Nikon le permite apuntar a capturar m\u00e1s luz en la configuraci\u00f3n de encuadre. El zoom ultra gran angular y el tama\u00f1o reducido se adaptan a cualquier momento y lugar. Captura todo tipo de escenas de forma brillante.    <\/span><\/p>\n<p> <strong><span style=\"color: #000000;\">Paisajes. Ciudades. <\/span><\/strong><\/p>\n<p> <span style=\"color: #000000;\">Mostrar m\u00e1s. Ciudades con cielos infinitos, los motivos se presentan con una claridad y un nivel de detalle perfectos. Las estrellas y la iluminaci\u00f3n se reproducen como hermosos lugares p\u00fablicos.  <\/span><\/p>\n<p> <strong><span style=\"color: #000000;\">Arquitectura. Interior <\/span><\/strong><\/p>\n<p> <span style=\"color: #000000;\">L\u00edneas principales. \u00c1ngulos extremos. Capture a los sujetos en espacios peque\u00f1os o calles estrechas con facilidad. La distancia m\u00ednima de enfoque de solo 0,28 m en todo el rango de zoom le brinda un control total sobre el marco, desde primeros planos hasta el infinito.   <\/span><\/p>\n<p> <strong><span style=\"color: #000000;\">Im\u00e1genes espectaculares. Del centro a la periferia. <\/span><\/strong><\/p>\n<p> <span style=\"color: #000000;\">El excepcional poder de resoluci\u00f3n de este objetivo zoom permite una reproducci\u00f3n fiel de todos los componentes de una escena. La atenuaci\u00f3n de la luz en la periferia se controla para preservar el brillo en todo el encuadre. Esto da como resultado nitidez desde el centro hasta la periferia, colores vivos y contrastes profundos.  <\/span> <\/p>\n<p><object width=\"425\" height=\"350\" data=\"https:\/\/www.youtube.com\/v\/TTzPToc7CDI\" type=\"application\/x-shockwave-flash\"><param name=\"src\" value=\"https:\/\/www.youtube.com\/v\/TTzPToc7CDI\"><\/object><\/p>\n<p> <strong><span style=\"color: #000000;\">Productos destacados:<\/span><\/strong><\/p>\n<ul>\n<li> <span style=\"color: #000000;\">Lente de montura Z\/formato FX<\/span><\/li>\n<li> <span style=\"color: #000000;\">Apertura m\u00e1xima constante de f\/4<\/span><\/li>\n<li> <span style=\"color: #000000;\">Cuatro elementos ED y cuatro asf\u00e9ricos<\/span><\/li>\n<li> <span style=\"color: #000000;\">Nanocristales y recubrimientos s\u00faper integrados<\/span><\/li>\n<li> <span style=\"color: #000000;\">Sistema AF de motor paso a paso<\/span><\/li>\n<li> <span style=\"color: #000000;\">Anillo de control programable<\/span><\/li>\n<li> <span style=\"color: #000000;\">Dise\u00f1o resistente a la intemperie, revestimiento de fl\u00faor<\/span><\/li>\n<li> <span style=\"color: #000000;\">Diafragma redondeado de 7 hojas<\/span><\/li>\n<li> <span style=\"color: #000000;\">Dise\u00f1o retr\u00e1ctil<\/span><\/li>\n<\/ul>\n<p><span style=\"color: #000000;\"><br \/><\/span><\/p>\n<p> <span style=\"color: #000000;\">Con un impresionante rango de gran angular, el NIKKOR Z 14-30 mm f\/4 S es un zoom ultra gran angular para el sistema sin espejo de la serie Z de formato FX de Nikon. El amplio campo de visi\u00f3n es especialmente adecuado para aplicaciones de paisaje, arquitectura y astrofotograf\u00eda, y la apertura m\u00e1xima constante de f\/4 mantiene una exposici\u00f3n constante en todo el rango del zoom. En cuanto al dise\u00f1o \u00f3ptico, la lente tiene cuatro elementos de dispersi\u00f3n extra baja y cuatro elementos asf\u00e9ricos, que reducen una variedad de aberraciones y distorsiones para producir im\u00e1genes con alta nitidez, claridad y reproducci\u00f3n de color precisa. Los recubrimientos Nano Crystal y Super Integrated tambi\u00e9n se utilizan para suprimir los destellos y las im\u00e1genes fantasma para una mayor fidelidad de color y un mayor contraste.   <\/span><\/p>\n<p><span style=\"color: #000000;\"><br \/><\/span><\/p>\n<p> <span style=\"color: #000000;\">Como complemento de la \u00f3ptica, un motor paso a paso proporciona un rendimiento de enfoque autom\u00e1tico r\u00e1pido, silencioso y preciso, junto con un reemplazo de enfoque manual a tiempo completo para adaptarse a aplicaciones fijas y de video. Se puede configurar un anillo de control programable para un ajuste intuitivo en una variedad de configuraciones de c\u00e1mara y exposici\u00f3n. Adem\u00e1s, el objetivo cuenta con un cilindro retr\u00e1ctil sin botones para conseguir un formato m\u00e1s compacto cuando no se utiliza.  <\/span><\/p>\n<ul>\n<li> <span style=\"color: #000000;\">El zoom ultra gran angular cubre un rango desde gran angular hasta retrato y est\u00e1 dise\u00f1ado para c\u00e1maras sin espejo con montura Z de formato FX.<\/span><\/li>\n<li> <span style=\"color: #000000;\">La apertura m\u00e1xima constante de f\/4 proporciona un rendimiento constante en todo el rango de zoom y tambi\u00e9n contribuye al dise\u00f1o relativamente ligero y al factor de forma compacto.<\/span><\/li>\n<li> <span style=\"color: #000000;\">Se utilizan cuatro elementos asf\u00e9ricos para reducir las aberraciones y distorsiones esf\u00e9ricas para lograr im\u00e1genes n\u00edtidas con una representaci\u00f3n precisa.<\/span><\/li>\n<li> <span style=\"color: #000000;\">Cuatro elementos de dispersi\u00f3n extra baja reducen en gran medida las franjas de color y las aberraciones crom\u00e1ticas para producir una mayor claridad y reproducci\u00f3n del color.<\/span><\/li>\n<li> <span style=\"color: #000000;\">Se ha aplicado un recubrimiento de nanocristales, junto con un recubrimiento s\u00faper integrado, a los elementos de la lente para minimizar los reflejos internos y de superficie para una marcada reducci\u00f3n en el destello de la lente y las im\u00e1genes fantasma.<\/span><\/li>\n<li> <span style=\"color: #000000;\">El motor paso a paso ofrece un rendimiento de enfoque autom\u00e1tico impresionantemente suave, silencioso y r\u00e1pido, adecuado para aplicaciones de fotograf\u00eda y video. Tambi\u00e9n es posible el reemplazo de enfoque manual a tiempo completo y se utiliza un dise\u00f1o de enfoque interno, donde solo se mueven los grupos de lentes internos durante el enfoque, para mantener la longitud total de la lente durante el uso y promover velocidades de enfoque m\u00e1s r\u00e1pidas. <\/span><\/li>\n<li> <span style=\"color: #000000;\">El anillo de control programable est\u00e1 configurado de forma predeterminada para ajustar el enfoque manual, pero tambi\u00e9n se puede usar para controlar la apertura o la compensaci\u00f3n de exposici\u00f3n.<\/span><\/li>\n<li> <span style=\"color: #000000;\">El mecanismo de apertura electromagn\u00e9tico especializado proporciona una mayor estabilidad en el control de la exposici\u00f3n, lo que es especialmente beneficioso cuando se trabaja con altas velocidades de disparo continuo.<\/span><\/li>\n<li> <span style=\"color: #000000;\">El diafragma redondeado de siete hojas promueve una agradable calidad de desenfoque que beneficia el uso de t\u00e9cnicas de poca profundidad de campo.<\/span><\/li>\n<li> <span style=\"color: #000000;\">Los elementos expuestos cuentan con un revestimiento de fl\u00faor que protege el sistema \u00f3ptico del polvo, la grasa y las gotas de agua.<\/span><\/li>\n<li> <span style=\"color: #000000;\">El cilindro de lente resistente al polvo y la humedad beneficia el uso de la lente en condiciones adversas.<\/span><\/li>\n<li> <span style=\"color: #000000;\">El dise\u00f1o retr\u00e1ctil sin botones mantiene un factor de forma compacto cuando la lente no est\u00e1 en uso.<\/span><\/li>\n<\/ul>\n<h2 class=\"western\"> <span style=\"font-size: small;\"><span style=\"color: #000000;\">Especificaciones Nikon NIKKOR Z 14-30mm f\/4 S<\/span><\/span> <\/h2>\n<table style=\"width: 478px;\" border=\"0\" cellspacing=\"0\" cellpadding=\"2\">\n<colgroup>\n<col width=\"228\"><\/col>\n<col width=\"242\"><\/col>\n<\/colgroup>\n<tbody>\n<tr>\n<td width=\"228\">\n<p style=\"border-top: none; border-bottom: 1px solid #e6e7e8; border-left: none; border-right: none; padding-top: 0cm; padding-bottom: 0.53cm; padding-left: 0cm; padding-right: 0cm;\"> <span style=\"color: #000000;\">Distancia focal<\/span> <\/p>\n<\/td>\n<td width=\"242\">\n<p style=\"border-top: none; border-bottom: 1px solid #e6e7e8; border-left: none; border-right: none; padding-top: 0cm; padding-bottom: 0.53cm; padding-left: 0cm; padding-right: 0cm;\"> <span style=\"color: #000000;\">De 14 a 30 mm<\/span> <\/p>\n<\/td>\n<\/tr>\n<tr>\n<td width=\"228\">\n<p style=\"border-top: none; border-bottom: 1px solid #e6e7e8; border-left: none; border-right: none; padding-top: 0cm; padding-bottom: 0.53cm; padding-left: 0cm; padding-right: 0cm;\"> <span style=\"color: #000000;\">M\u00e1xima apertura<\/span> <\/p>\n<\/td>\n<td width=\"242\">\n<p style=\"border-top: none; border-bottom: 1px solid #e6e7e8; border-left: none; border-right: none; padding-top: 0cm; padding-bottom: 0.53cm; padding-left: 0cm; padding-right: 0cm;\"> <span style=\"color: #000000;\">f\/4<\/span> <\/p>\n<\/td>\n<\/tr>\n<tr>\n<td width=\"228\">\n<p style=\"border-top: none; border-bottom: 1px solid #e6e7e8; border-left: none; border-right: none; padding-top: 0cm; padding-bottom: 0.53cm; padding-left: 0cm; padding-right: 0cm;\"> <span style=\"color: #000000;\">Apertura m\u00ednima<\/span> <\/p>\n<\/td>\n<td width=\"242\">\n<p style=\"border-top: none; border-bottom: 1px solid #e6e7e8; border-left: none; border-right: none; padding-top: 0cm; padding-bottom: 0.53cm; padding-left: 0cm; padding-right: 0cm;\"> <span style=\"color: #000000;\">f\/22<\/span> <\/p>\n<\/td>\n<\/tr>\n<tr>\n<td width=\"228\">\n<p style=\"border-top: none; border-bottom: 1px solid #e6e7e8; border-left: none; border-right: none; padding-top: 0cm; padding-bottom: 0.53cm; padding-left: 0cm; padding-right: 0cm;\"> <span style=\"color: #000000;\">Montura de lente<\/span> <\/p>\n<\/td>\n<td width=\"242\">\n<p style=\"border-top: none; border-bottom: 1px solid #e6e7e8; border-left: none; border-right: none; padding-top: 0cm; padding-bottom: 0.53cm; padding-left: 0cm; padding-right: 0cm;\"> <span style=\"color: #000000;\">Nikon Z<\/span> <\/p>\n<\/td>\n<\/tr>\n<tr>\n<td width=\"228\">\n<p style=\"border-top: none; border-bottom: 1px solid #e6e7e8; border-left: none; border-right: none; padding-top: 0cm; padding-bottom: 0.53cm; padding-left: 0cm; padding-right: 0cm;\"> <span style=\"color: #000000;\">Compatibilidad de formatos<\/span> <\/p>\n<\/td>\n<td width=\"242\">\n<p style=\"border-top: none; border-bottom: 1px solid #e6e7e8; border-left: none; border-right: none; padding-top: 0cm; padding-bottom: 0.53cm; padding-left: 0cm; padding-right: 0cm;\"> <span style=\"color: #000000;\">Imagen completa<\/span> <\/p>\n<\/td>\n<\/tr>\n<tr>\n<td width=\"228\">\n<p style=\"border-top: none; border-bottom: 1px solid #e6e7e8; border-left: none; border-right: none; padding-top: 0cm; padding-bottom: 0.53cm; padding-left: 0cm; padding-right: 0cm;\"> <span style=\"color: #000000;\">\u00c1ngulo<\/span> <\/p>\n<\/td>\n<td width=\"242\">\n<p style=\"border-top: none; border-bottom: 1px solid #e6e7e8; border-left: none; border-right: none; padding-top: 0cm; padding-bottom: 0.53cm; padding-left: 0cm; padding-right: 0cm;\"> <span style=\"color: #000000;\">De 114\u00b0 a 72\u00b0<\/span> <\/p>\n<\/td>\n<\/tr>\n<tr>\n<td width=\"228\">\n<p style=\"border-top: none; border-bottom: 1px solid #e6e7e8; border-left: none; border-right: none; padding-top: 0cm; padding-bottom: 0.53cm; padding-left: 0cm; padding-right: 0cm;\"> <span style=\"color: #000000;\">Aumento m\u00e1ximo<\/span> <\/p>\n<\/td>\n<td width=\"242\">\n<p style=\"border-top: none; border-bottom: 1px solid #e6e7e8; border-left: none; border-right: none; padding-top: 0cm; padding-bottom: 0.53cm; padding-left: 0cm; padding-right: 0cm;\"> <span style=\"color: #000000;\">0,16 veces<\/span> <\/p>\n<\/td>\n<\/tr>\n<tr>\n<td width=\"228\">\n<p style=\"border-top: none; border-bottom: 1px solid #e6e7e8; border-left: none; border-right: none; padding-top: 0cm; padding-bottom: 0.53cm; padding-left: 0cm; padding-right: 0cm;\"> <span style=\"color: #000000;\">Distancia m\u00ednima de enfoque<\/span> <\/p>\n<\/td>\n<td width=\"242\">\n<p style=\"border-top: none; border-bottom: 1px solid #e6e7e8; border-left: none; border-right: none; padding-top: 0cm; padding-bottom: 0.53cm; padding-left: 0cm; padding-right: 0cm;\"> <span style=\"color: #000000;\">28 cm<\/span> <\/p>\n<\/td>\n<\/tr>\n<tr>\n<td width=\"228\">\n<p style=\"border-top: none; border-bottom: 1px solid #e6e7e8; border-left: none; border-right: none; padding-top: 0cm; padding-bottom: 0.53cm; padding-left: 0cm; padding-right: 0cm;\"> <span style=\"color: #000000;\">Dise\u00f1o \u00f3ptico<\/span> <\/p>\n<\/td>\n<td width=\"242\">\n<p style=\"border-top: none; border-bottom: 1px solid #e6e7e8; border-left: none; border-right: none; padding-top: 0cm; padding-bottom: 0.53cm; padding-left: 0cm; padding-right: 0cm;\"> <span style=\"color: #000000;\">14 elementos en 12 grupos<\/span> <\/p>\n<\/td>\n<\/tr>\n<tr>\n<td width=\"228\">\n<p style=\"border-top: none; border-bottom: 1px solid #e6e7e8; border-left: none; border-right: none; padding-top: 0cm; padding-bottom: 0.53cm; padding-left: 0cm; padding-right: 0cm;\"> <span style=\"color: #000000;\">Hojas de diafragma<\/span> <\/p>\n<\/td>\n<td width=\"242\">\n<p style=\"border-top: none; border-bottom: 1px solid #e6e7e8; border-left: none; border-right: none; padding-top: 0cm; padding-bottom: 0.53cm; padding-left: 0cm; padding-right: 0cm;\"> <span style=\"color: #000000;\">7, redondeado<\/span> <\/p>\n<\/td>\n<\/tr>\n<tr>\n<td width=\"228\">\n<p style=\"border-top: none; border-bottom: 1px solid #e6e7e8; border-left: none; border-right: none; padding-top: 0cm; padding-bottom: 0.53cm; padding-left: 0cm; padding-right: 0cm;\"> <span style=\"color: #000000;\">Tipo de enfoque<\/span> <\/p>\n<\/td>\n<td width=\"242\">\n<p style=\"border-top: none; border-bottom: 1px solid #e6e7e8; border-left: none; border-right: none; padding-top: 0cm; padding-bottom: 0.53cm; padding-left: 0cm; padding-right: 0cm;\"> <span style=\"color: #000000;\">Autom\u00e1tico<\/span> <\/p>\n<\/td>\n<\/tr>\n<tr>\n<td width=\"228\">\n<p style=\"border-top: none; border-bottom: 1px solid #e6e7e8; border-left: none; border-right: none; padding-top: 0cm; padding-bottom: 0.53cm; padding-left: 0cm; padding-right: 0cm;\"> <span style=\"color: #000000;\">Estabilizaci\u00f3n de imagen<\/span><\/p>\n<\/td>\n<td width=\"242\">\n<p style=\"border: none; padding: 0cm;\"> <em><span style=\"color: #000000;\">Ninguno<\/em><\/span> <\/p>\n<\/td>\n<\/tr>\n<tr>\n<td width=\"228\">\n<p style=\"border-top: none; border-bottom: 1px solid #e6e7e8; border-left: none; border-right: none; padding-top: 0cm; padding-bottom: 0.53cm; padding-left: 0cm; padding-right: 0cm;\"> <span style=\"color: #000000;\">Tama\u00f1o del filtro<\/span> <\/p>\n<\/td>\n<td width=\"242\">\n<p style=\"border-top: none; border-bottom: 1px solid #e6e7e8; border-left: none; border-right: none; padding-top: 0cm; padding-bottom: 0.53cm; padding-left: 0cm; padding-right: 0cm;\"> <span style=\"color: #000000;\">82 mm (delantero)<\/span> <\/p>\n<\/td>\n<\/tr>\n<tr>\n<td width=\"228\">\n<p style=\"border-top: none; border-bottom: 1px solid #e6e7e8; border-left: none; border-right: none; padding-top: 0cm; padding-bottom: 0.53cm; padding-left: 0cm; padding-right: 0cm;\"> <span style=\"color: #000000;\">Dimensiones (\u00f8 x L)<\/span> <\/p>\n<\/td>\n<td width=\"242\">\n<p style=\"border-top: none; border-bottom: 1px solid #e6e7e8; border-left: none; border-right: none; padding-top: 0cm; padding-bottom: 0.53cm; padding-left: 0cm; padding-right: 0cm;\"> <span style=\"color: #000000;\">89 x 85 mm<\/span> <\/p>\n<\/td>\n<\/tr>\n<tr>\n<td width=\"228\">\n<p style=\"border-top: none; border-bottom: 1px solid #e6e7e8; border-left: none; border-right: none; padding-top: 0cm; padding-bottom: 0.53cm; padding-left: 0cm; padding-right: 0cm;\"> <span style=\"color: #000000;\">Peso<\/span> <\/p>\n<\/td>\n<td width=\"242\">\n<p style=\"border-top: none; border-bottom: 1px solid #e6e7e8; border-left: none; border-right: none; padding-top: 0cm; padding-bottom: 0.53cm; padding-left: 0cm; padding-right: 0cm;\"> <span style=\"color: #000000;\">485 gramos<\/span><\/p>\n<\/td>\n<\/tr>\n<\/tbody>\n<\/table>\n<p> <strong><span style=\"color: #000000;\"><br \/>En la caja:<\/span><\/strong><\/p>\n<ul>\n<li> <span style=\"color: #000000;\">Lente Nikon NIKKOR Z 14-30mm f\/4 S<\/span><\/li>\n<li> <span style=\"color: #000000;\">LC-82B 82mm Tapa frontal de lente a presi\u00f3n<\/span><\/li>\n<li> <span style=\"color: #000000;\">Tapa trasera del objetivo LF-N1<\/span><\/li>\n<li> <span style=\"color: #000000;\">Parasol HB-86<\/span><\/li>\n<li> <span style=\"color: #000000;\">CL-C1 Estuche para lentes<\/span><\/li>\n<\/ul>\n","protected":false},"excerpt":{"rendered":"<p>Captura la escena y da rienda suelta a tu creatividad con un objetivo zoom ultra gran angular de fotograma completo.<\/p>\n","protected":false},"featured_media":50928,"comment_status":"closed","ping_status":"closed","template":"","meta":{"_acf_changed":false},"product_brand":[2541],"product_cat":[1062],"product_tag":[],"class_list":{"0":"post-73389","1":"product","2":"type-product","3":"status-publish","4":"has-post-thumbnail","6":"product_brand-nikon-es","7":"product_cat-mirrorless-objectivos","8":"pa_abertura-maxima-f-4-es","9":"pa_cor-negro","10":"pa_diametro-82mm-es","11":"pa_estabilizacao-de-imagem-no","12":"pa_montagem-da-objetiva-nikon-z-es","13":"pa_sensor-fotograma-completo","14":"pa_tipo-de-foco-enfoque-automatico","15":"pa_tipo-de-objetiva-gran-angular","16":"pa_zoom-fixa-zoom-externo-es","18":"first","19":"onbackorder","20":"taxable","21":"shipping-taxable","22":"purchasable","23":"product-type-simple"},"bundled_by":[],"bundle_stock_status":"onbackorder","bundle_stock_quantity":null,"bundle_virtual":false,"bundle_layout":"","bundle_add_to_cart_form_location":"","bundle_editable_in_cart":false,"bundle_sold_individually_context":"","bundle_item_grouping":"","bundle_min_size":"","bundle_max_size":"","bundle_price":[],"bundled_items":[],"bundle_sell_ids":[],"acf":[],"_links":{"self":[{"href":"https:\/\/hi-techwonder.com\/es\/wp-json\/wp\/v2\/product\/73389","targetHints":{"allow":["GET"]}}],"collection":[{"href":"https:\/\/hi-techwonder.com\/es\/wp-json\/wp\/v2\/product"}],"about":[{"href":"https:\/\/hi-techwonder.com\/es\/wp-json\/wp\/v2\/types\/product"}],"replies":[{"embeddable":true,"href":"https:\/\/hi-techwonder.com\/es\/wp-json\/wp\/v2\/comments?post=73389"}],"wp:featuredmedia":[{"embeddable":true,"href":"https:\/\/hi-techwonder.com\/es\/wp-json\/wp\/v2\/media\/50928"}],"wp:attachment":[{"href":"https:\/\/hi-techwonder.com\/es\/wp-json\/wp\/v2\/media?parent=73389"}],"wp:term":[{"taxonomy":"product_brand","embeddable":true,"href":"https:\/\/hi-techwonder.com\/es\/wp-json\/wp\/v2\/product_brand?post=73389"},{"taxonomy":"product_cat","embeddable":true,"href":"https:\/\/hi-techwonder.com\/es\/wp-json\/wp\/v2\/product_cat?post=73389"},{"taxonomy":"product_tag","embeddable":true,"href":"https:\/\/hi-techwonder.com\/es\/wp-json\/wp\/v2\/product_tag?post=73389"}],"curies":[{"name":"wp","href":"https:\/\/api.w.org\/{rel}","templated":true}]}}