{"id":73391,"date":"2025-07-29T09:35:04","date_gmt":"2025-07-29T09:35:04","guid":{"rendered":"https:\/\/fv6qoy3ls0.wpdns.site\/produto\/om-system-m-zuiko-digital-25mm-f-1-8-negro\/"},"modified":"2026-01-30T09:07:56","modified_gmt":"2026-01-30T09:07:56","slug":"om-system-m-zuiko-digital-25mm-f-1-8-negro","status":"publish","type":"product","link":"https:\/\/hi-techwonder.com\/es\/producto\/om-system-m-zuiko-digital-25mm-f-1-8-negro\/","title":{"rendered":"OM SYSTEM M.Zuiko Digital 25mm f\/1.8 Negro"},"content":{"rendered":"<div>\n<p>El objetivo plateado <strong>Olympus M.Zuiko Digital 25mm f\/1.8<\/strong> es un objetivo prime est\u00e1ndar con una distancia focal equivalente al formato de 35 mm de 50 mm, dise\u00f1ado para c\u00e1maras Micro Cuatro Tercios. Este objetivo tiene una apertura m\u00e1xima r\u00e1pida de f\/1.8, ideal para trabajar en situaciones de poca luz y para separar al sujeto del fondo. Contribuye a la calidad de la imagen el uso de dos elementos asf\u00e9ricos que ayudan a eliminar las aberraciones y distorsiones esf\u00e9ricas.  <\/p>\n<p>Durante el rodaje, un sistema de enfoque autom\u00e1tico (MSC) compatible con pel\u00edculas e im\u00e1genes fijas de alta velocidad le permite lograr el enfoque de forma silenciosa y r\u00e1pida. Este sistema de enfoque tambi\u00e9n permite que la lente de 25 mm enfoque a una distancia de hasta 9.4 \u00abpara tomas bien encuadradas. Adem\u00e1s, cuenta con un diafragma circular de siete hojas para suavizar las \u00e1reas desenfocadas, as\u00ed como una rosca de filtro frontal de 46 mm.  <\/p>\n<p>Con la lente se incluyen las tapas de la lente delantera y trasera, el parasol de la lente LH-49B y el anillo de decoraci\u00f3n DR-49. Est\u00e1n disponibles accesorios opcionales como lente de conversi\u00f3n macro y estuche. <\/p>\n<div>\n<dl>\n<dd>Rango de apertura de f\/1.8 a f\/22<\/dd>\n<\/dl>\n<dl>\n<dd>La distancia focal equivalente a 50 mm proporciona un campo de visi\u00f3n normal de 47\u00b0<\/dd>\n<\/dl>\n<dl>\n<dd>Construcci\u00f3n de lentes de 9 elementos en 7 grupos<\/dd>\n<\/dl>\n<dl>\n<dd>El sistema de enfoque autom\u00e1tico MSC es perfecto para grabar videos de alta definici\u00f3n sin que el ruido de la lente se interponga en el camino de sus tomas<\/dd>\n<\/dl>\n<dl>\n<dd>El aumento m\u00e1ximo de la imagen es de 0,12x o equivalente a 0,24x 35 mm<\/dd>\n<\/dl>\n<dl>\n<dd>Pesa 4.8 onzas<\/dd>\n<\/dl>\n<dl>\n<dd>El convertidor de macros MCON-P02 opcional le permite enfocar primeros planos en sus sujetos<\/dd>\n<\/dl>\n<\/div>\n<\/div>\n<table border=\"1\">\n<tbody>\n<tr>\n<th colspan=\"2\"><a id=\"11011\" name=\"11011\"><\/a>interino<\/th>\n<\/tr>\n<tr>\n<td>Distancia focal<\/td>\n<td>25 mm<br \/>Distancia focal comparable de 35 mm: 50 mm<\/td>\n<\/tr>\n<tr>\n<td>Abertura<\/td>\n<td>M\u00e1ximo: f\/1.8 &#8211; 22<\/td>\n<\/tr>\n<tr>\nTipo de montaje de <\/p>\n<td>la c\u00e1mara<\/td>\n<td>Micro Cuatro Tercios<\/td>\n<\/tr>\n<tr>\n<td>Compatibilidad de formatos<\/td>\n<td>Micro Cuatro Tercios<\/td>\n<\/tr>\n<tr>\n<td>\u00c1ngulo de visi\u00f3n<\/td>\n<td>47\u00b0<\/td>\n<\/tr>\n<tr>\n<td>Distancia m\u00ednima de enfoque<\/td>\n<td>9,4&#8243; (23,88 cm)<\/td>\n<\/tr>\n<tr>\n<td>Ampliaci\u00f3n<\/td>\n<td>0,12 veces<\/td>\n<\/tr>\n<tr>\n<td>Elementos\/Grupos<\/td>\n<td>07\/09<\/td>\n<\/tr>\n<tr>\n<td>Hojas de diafragma<\/td>\n<td>7<\/td>\n<\/tr>\n<\/tbody>\n<\/table>\n<table border=\"1\">\n<tbody>\n<tr>\n<th colspan=\"2\"><a id=\"23001\" name=\"23001\"><\/a>Caracter\u00edsticas<\/th>\n<\/tr>\n<tr>\n<td>Enfoque<\/td>\n<p> autom\u00e1tico<\/p>\n<td>S\u00ed<\/td>\n<\/tr>\n<\/tbody>\n<\/table>\n<table border=\"1\">\n<tbody>\n<tr>\n<th colspan=\"2\"><a id=\"11501\" name=\"11501\"><\/a>F\u00edsico<\/th>\n<\/tr>\n<tr>\n<td>Tema de<\/td>\n<p> filtro<\/p>\n<td>46 mil\u00edmetros<\/td>\n<\/tr>\n<tr>\n<td>Dimensiones (DxL)<\/td>\n<td>Aproximadamente. 2,2 x 1,6&#8243; (5,59 x 4,06 cm) <\/td>\n<\/tr>\n<tr>\n<td>Peso<\/td>\n<td>4,8 onzas (136 g)<\/td>\n<\/tr>\n<\/tbody>\n<\/table>\n","protected":false},"excerpt":{"rendered":"<p>El objetivo plateado Olympus M.Zuiko Digital 25mm f\/1.8 es un objetivo prime est\u00e1ndar con una distancia focal equivalente al formato<\/p>\n","protected":false},"featured_media":51111,"comment_status":"closed","ping_status":"open","template":"","meta":{"_acf_changed":false},"product_brand":[2540],"product_cat":[1062],"product_tag":[],"class_list":{"0":"post-73391","1":"product","2":"type-product","3":"status-publish","4":"has-post-thumbnail","6":"product_brand-om-system-es","7":"product_cat-mirrorless-objectivos","8":"pa_abertura-maxima-f-1-8-es","10":"first","11":"onbackorder","12":"taxable","13":"shipping-taxable","14":"purchasable","15":"product-type-simple"},"bundled_by":[],"bundle_stock_status":"onbackorder","bundle_stock_quantity":null,"bundle_virtual":false,"bundle_layout":"","bundle_add_to_cart_form_location":"","bundle_editable_in_cart":false,"bundle_sold_individually_context":"","bundle_item_grouping":"","bundle_min_size":"","bundle_max_size":"","bundle_price":[],"bundled_items":[],"bundle_sell_ids":[],"acf":[],"_links":{"self":[{"href":"https:\/\/hi-techwonder.com\/es\/wp-json\/wp\/v2\/product\/73391","targetHints":{"allow":["GET"]}}],"collection":[{"href":"https:\/\/hi-techwonder.com\/es\/wp-json\/wp\/v2\/product"}],"about":[{"href":"https:\/\/hi-techwonder.com\/es\/wp-json\/wp\/v2\/types\/product"}],"replies":[{"embeddable":true,"href":"https:\/\/hi-techwonder.com\/es\/wp-json\/wp\/v2\/comments?post=73391"}],"wp:featuredmedia":[{"embeddable":true,"href":"https:\/\/hi-techwonder.com\/es\/wp-json\/wp\/v2\/media\/51111"}],"wp:attachment":[{"href":"https:\/\/hi-techwonder.com\/es\/wp-json\/wp\/v2\/media?parent=73391"}],"wp:term":[{"taxonomy":"product_brand","embeddable":true,"href":"https:\/\/hi-techwonder.com\/es\/wp-json\/wp\/v2\/product_brand?post=73391"},{"taxonomy":"product_cat","embeddable":true,"href":"https:\/\/hi-techwonder.com\/es\/wp-json\/wp\/v2\/product_cat?post=73391"},{"taxonomy":"product_tag","embeddable":true,"href":"https:\/\/hi-techwonder.com\/es\/wp-json\/wp\/v2\/product_tag?post=73391"}],"curies":[{"name":"wp","href":"https:\/\/api.w.org\/{rel}","templated":true}]}}