{"id":73393,"date":"2025-07-29T09:35:58","date_gmt":"2025-07-29T09:35:58","guid":{"rendered":"https:\/\/fv6qoy3ls0.wpdns.site\/produto\/om-system-m-zuiko-digital-17mm-f-1-8-ii\/"},"modified":"2026-04-06T17:56:47","modified_gmt":"2026-04-06T16:56:47","slug":"om-system-m-zuiko-digital-17mm-f-1-8-ii","status":"publish","type":"product","link":"https:\/\/hi-techwonder.com\/es\/producto\/om-system-m-zuiko-digital-17mm-f-1-8-ii\/","title":{"rendered":"OM SYSTEM M.Zuiko Digital 17mm f\/1.8 II"},"content":{"rendered":"<h3>M.Zuiko Digital 17mm f\/1.8 II \u2013 Versatilidad, rendimiento y dise\u00f1o resistente<\/h3>\n<p><img decoding=\"async\" src=\"https:\/\/emea.explore.omsystem.com\/media\/wysiwyg\/17mm-II-pristine-primes.webp\" style=\"width: 50%;\" alt=\"\"><\/p>\n<hr>\n<h4>El <strong style=\"font-family: sans-serif; font-size: 14px;\">M.Zuiko Digital 17mm f\/1.8 II<\/strong> destaca por ser un objetivo gran angular de alta velocidad para el formato Micro Cuatro Tercios, que ofrece un \u00e1ngulo de visi\u00f3n de 34 mm (equivalente a fotograma completo de 35 mm). Dise\u00f1ado para ofrecer un hermoso bokeh y permitir una amplia versatilidad en una variedad de escenarios, desde paisajes y fotograf\u00eda urbana hasta retratos m\u00e1s ambientales. Su cuerpo liviano y compacto se combina con una construcci\u00f3n resistente con clasificaci\u00f3n IPX1, lo que permite disparar en condiciones clim\u00e1ticas adversas sin preocupaciones.  <\/h4>\n<p>Gracias a un dise\u00f1o \u00f3ptico que integra elementos DSA y HR, este objetivo minimiza la distorsi\u00f3n y las aberraciones, lo que garantiza una alta claridad en todo el encuadre. El revestimiento ZERO (Zuiko Extra-low Reflection Optical) reduce los destellos y las im\u00e1genes fantasma, lo que garantiza im\u00e1genes claras incluso con luz brillante o contraluz. Su sistema AF compatible con foto y video (MSC) es r\u00e1pido, preciso y silencioso, ideal para aplicaciones profesionales o amateur.  <\/p>\n<p><img decoding=\"async\" src=\"https:\/\/emea.explore.omsystem.com\/media\/catalog\/product\/1\/7\/17mm-ii-keypanel-02.webp?optimize=medium&amp;fit=bounds&amp;height=1080&amp;width=1920&amp;canvas=1920:1080\" style=\"width: 50%;\" alt=\"\"><\/p>\n<hr>\n<h4>Caracter\u00edsticas principales<\/h4>\n<ul>\n<li>\n<p><strong>Apertura amplia de F1.8<\/strong><br \/>Rendimiento mejorado con poca luz, adem\u00e1s de un hermoso desenfoque de fondo que mejora el sujeto.<\/p>\n<\/li>\n<li>\n<p><strong>Distancia focal equivalente a 34 mm<\/strong><br \/>Amplio campo de visi\u00f3n, perfecto para fotograf\u00eda urbana, retratos ambientales y paisajes.<\/p>\n<\/li>\n<li>\n<p><strong>Construcci\u00f3n sellada IPX1<\/strong><br \/>Resistente a las salpicaduras y a la intemperie, lo que permite la tranquilidad al disparar en las condiciones m\u00e1s exigentes.<\/p>\n<\/li>\n<li>\n<p><strong>Dise\u00f1o \u00f3ptico avanzado<\/strong><br \/>Incluye DSA (Dual Super Aspheric), HR (High Refractive Index) y elementos asf\u00e9ricos, lo que reduce las aberraciones y distorsiones.<\/p>\n<\/li>\n<li>\n<p><strong>Recubrimiento CERO<\/strong><br \/>Minimiza las im\u00e1genes fantasma y los destellos, lo que garantiza la claridad y la fidelidad del color incluso en escenarios de luz dif\u00edciles.<\/p>\n<\/li>\n<li>\n<p><strong>AF compatible con foto y video (MSC)<\/strong><br \/>Enfoque r\u00e1pido, silencioso y preciso, ideal para usuarios h\u00edbridos (foto\/video).<\/p>\n<\/li>\n<li>\n<p><strong>Ligero y compacto<\/strong><br \/>Solo 112 g y 37,6 mm de largo, f\u00e1cil de transportar y guardar en su bolsa de fotos en todo momento.<\/p>\n<\/li>\n<li>\n<p><strong>Distancia m\u00ednima de enfoque de 0,25 m<\/strong><br \/>Ofrece una mayor versatilidad para primeros planos manteniendo la nitidez y el desenfoque est\u00e9tico.<\/p>\n<\/li>\n<\/ul>\n<hr>\n<h4>Contenido<\/h4>\n<ul>\n<li>1 Un. Lente M.Zuiko Digital 17mm f\/1.8 II <\/li>\n<li>1 Un. Cubierta frontal (46 mm) <\/li>\n<li>1 Un. Contraportada (Micro Cuatro Tercios) <\/li>\n<li>Manual de usuario<\/li>\n<\/ul>\n<p><em>(Nota: C\u00e1mara y otros accesorios no incluidos).<\/em><\/p>\n<p><img decoding=\"async\" src=\"https:\/\/emea.explore.omsystem.com\/media\/catalog\/product\/1\/7\/17mm-ii-keypanel-08.webp?optimize=medium&amp;fit=bounds&amp;height=1080&amp;width=1920&amp;canvas=1920:1080\" style=\"width: 50%;\" alt=\"\"><em><br \/><\/em><\/p>\n<hr>\n<h4>Especificaciones t\u00e9cnicas<\/h4>\n<ul>\n<li><strong>Montaje<\/strong>: Micro Cuatro Tercios<\/li>\n<li><strong>Distancia focal equivalente<\/strong>: 34 mm (fotograma completo)<\/li>\n<li><strong>Apertura m\u00e1xima\/m\u00ednima<\/strong>: f\/1.8 a f\/22<\/li>\n<li><strong>\u00c1ngulo de visi\u00f3n<\/strong>: 65\u00b0<\/li>\n<li><strong>Elementos\/Grupos<\/strong>: 9 elementos en 6 grupos (incl. 1 DSA, 2 Asf\u00e9ricos, 1 HR)<\/li>\n<li><strong>Recubrimiento<\/strong>: ZERO (Zuiko Extra-low Reflection Optical)<\/li>\n<li><strong>Enfoque:<\/strong> MSC (Compatible con pel\u00edculas y fotograf\u00edas) Enfoque autom\u00e1tico<\/li>\n<li><strong>Estabilizaci\u00f3n<\/strong>: No tiene; Utiliza estabilizaci\u00f3n en el cuerpo si est\u00e1 disponible<\/li>\n<li><strong>Distancia m\u00ednima. Focalizaci\u00f3n <\/strong>: 0,25 m (aumento m\u00e1ximo 0,08x)<\/li>\n<li><strong>Diafragma<\/strong>: 7 hojas redondeadas<\/li>\n<li><strong>Filtro frontal<\/strong>: 46 mm<\/li>\n<li><strong>Dimensiones (di\u00e1metro x largo):<\/strong> 57,6 x 37,6 mm<\/li>\n<li><strong>Peso<\/strong>: 112 g<\/li>\n<li><strong>Sellado<\/strong>: IPX1 (resistente a salpicaduras y polvo)<\/li>\n<\/ul>\n","protected":false},"excerpt":{"rendered":"<p>M.Zuiko Digital 17mm f\/1.8 II \u2013 Versatilidad, rendimiento y dise\u00f1o resistente El M.Zuiko Digital 17mm f\/1.8 II destaca por ser<\/p>\n","protected":false},"featured_media":51262,"comment_status":"closed","ping_status":"open","template":"","meta":{"_acf_changed":false},"product_brand":[2540],"product_cat":[1062],"product_tag":[],"class_list":{"0":"post-73393","1":"product","2":"type-product","3":"status-publish","4":"has-post-thumbnail","6":"product_brand-om-system-es","7":"product_cat-mirrorless-objectivos","8":"pa_abertura-maxima-f-1-8-es","10":"first","11":"instock","12":"taxable","13":"shipping-taxable","14":"purchasable","15":"product-type-simple"},"bundled_by":[],"bundle_stock_status":"instock","bundle_stock_quantity":1,"bundle_virtual":false,"bundle_layout":"","bundle_add_to_cart_form_location":"","bundle_editable_in_cart":false,"bundle_sold_individually_context":"","bundle_item_grouping":"","bundle_min_size":"","bundle_max_size":"","bundle_price":[],"bundled_items":[],"bundle_sell_ids":[],"acf":[],"_links":{"self":[{"href":"https:\/\/hi-techwonder.com\/es\/wp-json\/wp\/v2\/product\/73393","targetHints":{"allow":["GET"]}}],"collection":[{"href":"https:\/\/hi-techwonder.com\/es\/wp-json\/wp\/v2\/product"}],"about":[{"href":"https:\/\/hi-techwonder.com\/es\/wp-json\/wp\/v2\/types\/product"}],"replies":[{"embeddable":true,"href":"https:\/\/hi-techwonder.com\/es\/wp-json\/wp\/v2\/comments?post=73393"}],"wp:featuredmedia":[{"embeddable":true,"href":"https:\/\/hi-techwonder.com\/es\/wp-json\/wp\/v2\/media\/51262"}],"wp:attachment":[{"href":"https:\/\/hi-techwonder.com\/es\/wp-json\/wp\/v2\/media?parent=73393"}],"wp:term":[{"taxonomy":"product_brand","embeddable":true,"href":"https:\/\/hi-techwonder.com\/es\/wp-json\/wp\/v2\/product_brand?post=73393"},{"taxonomy":"product_cat","embeddable":true,"href":"https:\/\/hi-techwonder.com\/es\/wp-json\/wp\/v2\/product_cat?post=73393"},{"taxonomy":"product_tag","embeddable":true,"href":"https:\/\/hi-techwonder.com\/es\/wp-json\/wp\/v2\/product_tag?post=73393"}],"curies":[{"name":"wp","href":"https:\/\/api.w.org\/{rel}","templated":true}]}}