{"id":73394,"date":"2025-07-29T09:01:38","date_gmt":"2025-07-29T09:01:38","guid":{"rendered":"https:\/\/fv6qoy3ls0.wpdns.site\/produto\/om-system-prismaticos-8-16x40-s\/"},"modified":"2025-07-29T09:01:38","modified_gmt":"2025-07-29T09:01:38","slug":"om-system-prismaticos-8-16x40-s","status":"publish","type":"product","link":"https:\/\/hi-techwonder.com\/es\/producto\/om-system-prismaticos-8-16x40-s\/","title":{"rendered":"OM SYSTEM Prism\u00e1ticos 8-16&#215;40 S"},"content":{"rendered":"<p><strong>OLYMPUS Prism\u00e1ticos 8-16&#215;40 S<\/strong><\/p>\n<p><strong>Funciones:<\/strong><\/p>\n<ul>\n<li>Potente capacidad de zoom 8-16x<\/li>\n<li>Aumento: 8 &#8211; 16 x<\/li>\n<li>\u00c1ngulo de visi\u00f3n aparente: 38,5 &#8211; 50,8\u00b0<\/li>\n<li>Campo de visi\u00f3n a 100 m: 8,7 &#8211; 5,9 m<\/li>\n<li>Ideal para viajar<\/li>\n<li>Ideal para la naturaleza<\/li>\n<li>Ideal para caminar<\/li>\n<li>Ideal para la observaci\u00f3n de aves<\/li>\n<\/ul>\n<p><strong>En el embalaje:<\/strong><\/p>\n<ul>\n<li>Prism\u00e1ticos 8-16&#215;40 S<\/li>\n<li>Tapas protectoras de lentes<\/li>\n<li>Correa para el cuello<\/li>\n<li>Caso<\/li>\n<\/ul>\n<p>Los prism\u00e1ticos est\u00e1ndar de Olympus son el compa\u00f1ero perfecto para la observaci\u00f3n de la naturaleza, los eventos deportivos y de aves. El amplio di\u00e1metro de la lente del objetivo ofrece im\u00e1genes de alta resoluci\u00f3n incluso con poca luz. Las tecnolog\u00edas \u00f3pticas avanzadas, incluidas las lentes asf\u00e9ricas y las lentes y prismas recubiertos, garantizan un alto nivel de rendimiento \u00f3ptico al reducir la distorsi\u00f3n de la imagen y la aberraci\u00f3n crom\u00e1tica, creando im\u00e1genes n\u00edtidas y un campo de visi\u00f3n claro con una excelente transmitancia. Una distancia de enfoque cercana de hasta 10 m le permite seguir a los animales casi quietos a medida que se acercan. Con un acabado duradero, de alta calidad y resistente a la intemperie y un agarre de buen agarre, estos prism\u00e1ticos est\u00e1n bien equipados para su uso en exteriores. La m\u00e1xima comodidad, funcionalidad y portabilidad est\u00e1n garantizadas gracias al dise\u00f1o elegante y simple y a los controles ergon\u00f3micos. Todos los elementos se han dispuesto con precisi\u00f3n para adaptarse a un tama\u00f1o compacto, lo que da como resultado una impresi\u00f3n n\u00edtida y un cuerpo ligero. Con el potente zoom, puedes acercarte a\u00fan m\u00e1s a tu sujeto y observarlo con mayor detalle.       <\/p>\n<p><strong>Calidad de la lente<\/strong><\/p>\n<p>Elementos de lente esf\u00e9ricos para una distorsi\u00f3n m\u00ednima.<\/p>\n<p><strong>Comodidad en la visi\u00f3n<\/strong><\/p>\n<p>Reposaojos y gafas ajustables (articulados hacia abajo y hacia arriba).<\/p>\n<p>Conveniente perilla de enfoque central para un enfoque r\u00e1pido y f\u00e1cil.<\/p>\n<p>Correcci\u00f3n di\u00f3ptrica integrada ajustable a la visi\u00f3n individual.<\/p>\n<p><strong>Recubrimiento \u00f3ptico<\/strong><\/p>\n<p>Recubrimiento de una sola capa para im\u00e1genes claras.<\/p>\n<p><strong>Idoneidad para el uso<\/strong><\/p>\n<p>Recubrimiento de pol\u00edmero el\u00e1stico especial para suprimir los reflejos.<\/p>\n<p>Dise\u00f1o texturizado en el pu\u00f1o para una sujeci\u00f3n segura.<\/p>\n<p><strong>Caracter\u00edsticas t\u00e9cnicas:<\/strong><\/p>\n<div id=\"collapse0\" class=\"panel-collapse collapse in\" style=\"box-sizing: border-box; color: #333333; font-family: HelveticaNeue, Helvetica, Arial, sans-serif; font-size: 15px;\" aria-expanded=\"true\">\n<div class=\"detailslist\" style=\"box-sizing: border-box; margin-left: -34.75px; margin-right: -34.75px; display: flex; flex-wrap: wrap; place-content: stretch flex-start;\">\n<div style=\"box-sizing: border-box; margin-left: 34.75px; margin-right: 34.75px; width: 225px; margin-bottom: 35px; padding-top: 10px; border-top: 1px solid #787878;\">\n<h3 style=\"box-sizing: border-box; font-weight: 400; line-height: 1.1; color: #787878; margin: 22px 0px 24px; font-size: 18px; text-transform: uppercase; pointer-events: none;\"><strong><span style=\"font-size: 12pt;\">\u00d3ptica<\/strong><\/span><\/h3>\n<dl style=\"box-sizing: border-box; margin-top: 0px; margin-bottom: 20px;\">\n<dt style=\"box-sizing: border-box; line-height: 1.42857; font-weight: bold;\">\n<h4 style=\"box-sizing: border-box; line-height: inherit; color: inherit; margin: 0px; font-size: inherit;\">Amable<\/h4>\n<\/dt>\n<dd style=\"box-sizing: border-box; line-height: 1.42857; margin-left: 0px;\">Serie de prismas de porro<\/dd>\n<dt style=\"box-sizing: border-box; line-height: 1.42857; font-weight: bold; margin-top: 20px;\">\n<h4 style=\"box-sizing: border-box; line-height: inherit; color: inherit; margin: 0px; font-size: inherit;\">Rango de ajuste di\u00f3ptrico<\/h4>\n<\/dt>\n<dd style=\"box-sizing: border-box; line-height: 1.42857; margin-left: 0px;\">Por encima de +\/- 1 1\/m<\/dd>\n<dt style=\"box-sizing: border-box; line-height: 1.42857; font-weight: bold; margin-top: 20px;\">\n<h4 style=\"box-sizing: border-box; line-height: inherit; color: inherit; margin: 0px; font-size: inherit;\">Rango de ajuste del rango de ojos<\/h4>\n<\/dt>\n<dd style=\"box-sizing: border-box; line-height: 1.42857; margin-left: 0px;\">60 &#8211; 70 mm<\/dd>\n<dt style=\"box-sizing: border-box; line-height: 1.42857; font-weight: bold; margin-top: 20px;\">\n<h4 style=\"box-sizing: border-box; line-height: inherit; color: inherit; margin: 0px; font-size: inherit;\">Di\u00e1metro de la lente<\/h4>\n<\/dt>\n<dd style=\"box-sizing: border-box; line-height: 1.42857; margin-left: 0px;\">40 mil\u00edmetros<\/dd>\n<dt style=\"box-sizing: border-box; line-height: 1.42857; font-weight: bold; margin-top: 20px;\">\n<h4 style=\"box-sizing: border-box; line-height: inherit; color: inherit; margin: 0px; font-size: inherit;\">Punto de enfoque m\u00e1s cercano<\/h4>\n<\/dt>\n<dd style=\"box-sizing: border-box; line-height: 1.42857; margin-left: 0px;\">10 m<\/dd>\n<dt style=\"box-sizing: border-box; line-height: 1.42857; font-weight: bold; margin-top: 20px;\">\n<h4 style=\"box-sizing: border-box; line-height: inherit; color: inherit; margin: 0px; font-size: inherit;\">Reposaojos<\/h4>\n<\/dt>\n<dd style=\"box-sizing: border-box; line-height: 1.42857; margin-left: 0px;\">10 &#8211; 12 mm<\/dd>\n<dt style=\"box-sizing: border-box; line-height: 1.42857; font-weight: bold; margin-top: 20px;\">\n<h4 style=\"box-sizing: border-box; line-height: inherit; color: inherit; margin: 0px; font-size: inherit;\">Configuraci\u00f3n de la lente<\/h4>\n<\/dt>\n<dd style=\"box-sizing: border-box; line-height: 1.42857; margin-left: 0px;\">6 elementos \/ 4 grupos<\/dd>\n<dt style=\"box-sizing: border-box; line-height: 1.42857; font-weight: bold; margin-top: 20px;\">\n<h4 style=\"box-sizing: border-box; line-height: inherit; color: inherit; margin: 0px; font-size: inherit;\">Ampliaci\u00f3n<\/h4>\n<\/dt>\n<dd style=\"box-sizing: border-box; line-height: 1.42857; margin-left: 0px;\">8 &#8211; 16 x<\/dd>\n<dt style=\"box-sizing: border-box; line-height: 1.42857; font-weight: bold; margin-top: 20px;\">\n<h4 style=\"box-sizing: border-box; line-height: inherit; color: inherit; margin: 0px; font-size: inherit;\">Di\u00e1metro de salida de la pupila<\/h4>\n<\/dt>\n<dd style=\"box-sizing: border-box; line-height: 1.42857; margin-left: 0px;\">5 &#8211; 2,5 mil\u00edmetros<\/dd>\n<dt style=\"box-sizing: border-box; line-height: 1.42857; font-weight: bold; margin-top: 20px;\">\n<h4 style=\"box-sizing: border-box; line-height: inherit; color: inherit; margin: 0px; font-size: inherit;\">Campo de visi\u00f3n real<\/h4>\n<\/dt>\n<dd style=\"box-sizing: border-box; line-height: 1.42857; margin-left: 0px;\">5,0 &#8211; 3,4\u00b0<\/dd>\n<dt style=\"box-sizing: border-box; line-height: 1.42857; font-weight: bold; margin-top: 20px;\">\n<h4 style=\"box-sizing: border-box; line-height: inherit; color: inherit; margin: 0px; font-size: inherit;\">\u00c1ngulo de visi\u00f3n aparente<\/h4>\n<\/dt>\n<dd style=\"box-sizing: border-box; line-height: 1.42857; margin-left: 0px;\">38,5 &#8211; 50,8\u00b0<\/dd>\n<dt style=\"box-sizing: border-box; line-height: 1.42857; font-weight: bold; margin-top: 20px;\">\n<h4 style=\"box-sizing: border-box; line-height: inherit; color: inherit; margin: 0px; font-size: inherit;\">Campo de visi\u00f3n a 100 m<\/h4>\n<\/dt>\n<dd style=\"box-sizing: border-box; line-height: 1.42857; margin-left: 0px;\">8,7 &#8211; 5,9 m<\/dd>\n<dt style=\"box-sizing: border-box; line-height: 1.42857; font-weight: bold; margin-top: 20px;\">\n<h4 style=\"box-sizing: border-box; line-height: inherit; color: inherit; margin: 0px; font-size: inherit;\">Brillo relativo<\/h4>\n<\/dt>\n<dd style=\"box-sizing: border-box; line-height: 1.42857; margin-left: 0px;\">25 &#8211; 6.3<\/dd>\n<\/dl>\n<\/div>\n<div style=\"box-sizing: border-box; margin-left: 34.75px; margin-right: 34.75px; width: 225px; margin-bottom: 35px; padding-top: 10px; border-top: 1px solid #787878;\">\n<h3 style=\"box-sizing: border-box; font-weight: 400; line-height: 1.1; color: #787878; margin: 22px 0px 24px; font-size: 18px; text-transform: uppercase; pointer-events: none;\"><strong><span style=\"font-size: 12pt;\">DIMENSIONES<\/strong><\/span><\/h3>\n<dl style=\"box-sizing: border-box; margin-top: 0px; margin-bottom: 20px;\">\n<dt style=\"box-sizing: border-box; line-height: 1.42857; font-weight: bold;\">\n<h4 style=\"box-sizing: border-box; line-height: inherit; color: inherit; margin: 0px; font-size: inherit;\">Peso<\/h4>\n<\/dt>\n<dd style=\"box-sizing: border-box; line-height: 1.42857; margin-left: 0px;\">795 gramos<\/dd>\n<dt style=\"box-sizing: border-box; line-height: 1.42857; font-weight: bold; margin-top: 20px;\">\n<h4 style=\"box-sizing: border-box; line-height: inherit; color: inherit; margin: 0px; font-size: inherit;\">{Width}<\/h4>\n<\/dt>\n<dd style=\"box-sizing: border-box; line-height: 1.42857; margin-left: 0px;\">154 mil\u00edmetros<\/dd>\n<dt style=\"box-sizing: border-box; line-height: 1.42857; font-weight: bold; margin-top: 20px;\">\n<h4 style=\"box-sizing: border-box; line-height: inherit; color: inherit; margin: 0px; font-size: inherit;\">&nbsp;<\/h4>\n<\/dt>\n<dd style=\"box-sizing: border-box; line-height: 1.42857; margin-left: 0px;\">(extensi\u00f3n completa)<\/dd>\n<dt style=\"box-sizing: border-box; line-height: 1.42857; font-weight: bold; margin-top: 20px;\">\n<h4 style=\"box-sizing: border-box; line-height: inherit; color: inherit; margin: 0px; font-size: inherit;\">Largura<\/h4>\n<\/dt>\n<dd style=\"box-sizing: border-box; line-height: 1.42857; margin-left: 0px;\">183 mil\u00edmetros<\/dd>\n<dt style=\"box-sizing: border-box; line-height: 1.42857; font-weight: bold; margin-top: 20px;\">\n<h4 style=\"box-sizing: border-box; line-height: inherit; color: inherit; margin: 0px; font-size: inherit;\">Espesor<\/h4>\n<\/dt>\n<dd style=\"box-sizing: border-box; line-height: 1.42857; margin-left: 0px;\">60 mil\u00edmetros<\/dd>\n<\/dl>\n<\/div>\n<\/div>\n<\/div>\n","protected":false},"excerpt":{"rendered":"<p>OLYMPUS Prism\u00e1ticos 8-16&#215;40 S Funciones: Potente capacidad de zoom 8-16x Aumento: 8 &#8211; 16 x \u00c1ngulo de visi\u00f3n aparente: 38,5<\/p>\n","protected":false},"featured_media":44228,"comment_status":"closed","ping_status":"open","template":"","meta":{"_acf_changed":false},"product_brand":[2540],"product_cat":[1066],"product_tag":[],"class_list":{"0":"post-73394","1":"product","2":"type-product","3":"status-publish","4":"has-post-thumbnail","6":"product_brand-om-system-es","7":"product_cat-prismaticos","9":"first","10":"onbackorder","11":"taxable","12":"shipping-taxable","13":"purchasable","14":"product-type-simple"},"bundled_by":[],"bundle_stock_status":"onbackorder","bundle_stock_quantity":0,"bundle_virtual":false,"bundle_layout":"","bundle_add_to_cart_form_location":"","bundle_editable_in_cart":false,"bundle_sold_individually_context":"","bundle_item_grouping":"","bundle_min_size":"","bundle_max_size":"","bundle_price":[],"bundled_items":[],"bundle_sell_ids":[],"acf":[],"_links":{"self":[{"href":"https:\/\/hi-techwonder.com\/es\/wp-json\/wp\/v2\/product\/73394","targetHints":{"allow":["GET"]}}],"collection":[{"href":"https:\/\/hi-techwonder.com\/es\/wp-json\/wp\/v2\/product"}],"about":[{"href":"https:\/\/hi-techwonder.com\/es\/wp-json\/wp\/v2\/types\/product"}],"replies":[{"embeddable":true,"href":"https:\/\/hi-techwonder.com\/es\/wp-json\/wp\/v2\/comments?post=73394"}],"wp:featuredmedia":[{"embeddable":true,"href":"https:\/\/hi-techwonder.com\/es\/wp-json\/wp\/v2\/media\/44228"}],"wp:attachment":[{"href":"https:\/\/hi-techwonder.com\/es\/wp-json\/wp\/v2\/media?parent=73394"}],"wp:term":[{"taxonomy":"product_brand","embeddable":true,"href":"https:\/\/hi-techwonder.com\/es\/wp-json\/wp\/v2\/product_brand?post=73394"},{"taxonomy":"product_cat","embeddable":true,"href":"https:\/\/hi-techwonder.com\/es\/wp-json\/wp\/v2\/product_cat?post=73394"},{"taxonomy":"product_tag","embeddable":true,"href":"https:\/\/hi-techwonder.com\/es\/wp-json\/wp\/v2\/product_tag?post=73394"}],"curies":[{"name":"wp","href":"https:\/\/api.w.org\/{rel}","templated":true}]}}